{"id":1031,"date":"2017-11-01T18:24:26","date_gmt":"2017-11-01T20:24:26","guid":{"rendered":"http:\/\/www.ifbaiano.edu.br\/unidades\/alagoinhas\/?page_id=1031"},"modified":"2017-11-01T18:24:26","modified_gmt":"2017-11-01T20:24:26","slug":"resultado-minicursos-i-feira-de-agroindustria-e-meio-ambiente","status":"publish","type":"page","link":"https:\/\/www.ifbaiano.edu.br\/unidades\/alagoinhas\/resultado-minicursos-i-feira-de-agroindustria-e-meio-ambiente\/","title":{"rendered":"Resultado &#8211; Minicursos &#8211; I Feira de Agroind\u00fastria e Meio Ambiente"},"content":{"rendered":"<p style=\"padding-left: 30px;text-align: justify\">\n<p><a href=\"http:\/\/www.ifbaiano.edu.br\/unidades\/alagoinhas\/files\/2017\/11\/Libras-\u2013-A-l\u00edngua-Brasileira-falada-pelas-m\u00e3os.pdf\">Libras \u2013 A l\u00edngua Brasileira falada pelas m\u00e3os<\/a><\/p>\n<p><a href=\"http:\/\/www.ifbaiano.edu.br\/unidades\/alagoinhas\/files\/2017\/11\/Limpeza-Consciente.pdf\">Limpeza Consciente<\/a><\/p>\n<p><a href=\"http:\/\/www.ifbaiano.edu.br\/unidades\/alagoinhas\/files\/2017\/11\/No\u00e7\u00f5es-de-Computa\u00e7\u00e3o-Gr\u00e1fica.pdf\">No\u00e7\u00f5es de Computa\u00e7\u00e3o Gr\u00e1fica<\/a><\/p>\n<p><a href=\"http:\/\/www.ifbaiano.edu.br\/unidades\/alagoinhas\/files\/2017\/11\/T\u00e9cnicas-Biotecnol\u00f3gicas-para-manejo-de-vegetais.pdf\">T\u00e9cnicas Biotecnol\u00f3gicas para manejo de vegetais<\/a><\/p>\n<p><a href=\"http:\/\/www.ifbaiano.edu.br\/unidades\/alagoinhas\/files\/2017\/11\/Controle-de-qualidade-em-laborat\u00f3rios-de-an\u00e1lise-de-alimentos.pdf\">Controle de qualidade em laborat\u00f3rios de an\u00e1lise de alimentos<\/a><\/p>\n","protected":false},"excerpt":{"rendered":"<p>Libras \u2013 A l\u00edngua Brasileira falada pelas m\u00e3os Limpeza Consciente No\u00e7\u00f5es de Computa\u00e7\u00e3o Gr\u00e1fica T\u00e9cnicas Biotecnol\u00f3gicas para manejo de vegetais Controle de qualidade em laborat\u00f3rios de an\u00e1lise de alimentos<\/p>\n","protected":false},"author":76,"featured_media":0,"parent":0,"menu_order":102,"comment_status":"closed","ping_status":"closed","template":"","meta":[],"_links":{"self":[{"href":"https:\/\/www.ifbaiano.edu.br\/unidades\/alagoinhas\/wp-json\/wp\/v2\/pages\/1031"}],"collection":[{"href":"https:\/\/www.ifbaiano.edu.br\/unidades\/alagoinhas\/wp-json\/wp\/v2\/pages"}],"about":[{"href":"https:\/\/www.ifbaiano.edu.br\/unidades\/alagoinhas\/wp-json\/wp\/v2\/types\/page"}],"author":[{"embeddable":true,"href":"https:\/\/www.ifbaiano.edu.br\/unidades\/alagoinhas\/wp-json\/wp\/v2\/users\/76"}],"replies":[{"embeddable":true,"href":"https:\/\/www.ifbaiano.edu.br\/unidades\/alagoinhas\/wp-json\/wp\/v2\/comments?post=1031"}],"version-history":[{"count":1,"href":"https:\/\/www.ifbaiano.edu.br\/unidades\/alagoinhas\/wp-json\/wp\/v2\/pages\/1031\/revisions"}],"predecessor-version":[{"id":1038,"href":"https:\/\/www.ifbaiano.edu.br\/unidades\/alagoinhas\/wp-json\/wp\/v2\/pages\/1031\/revisions\/1038"}],"wp:attachment":[{"href":"https:\/\/www.ifbaiano.edu.br\/unidades\/alagoinhas\/wp-json\/wp\/v2\/media?parent=1031"}],"curies":[{"name":"wp","href":"https:\/\/api.w.org\/{rel}","templated":true}]}}