{"id":1182,"date":"2018-02-20T14:37:10","date_gmt":"2018-02-20T17:37:10","guid":{"rendered":"http:\/\/www.ifbaiano.edu.br\/unidades\/alagoinhas\/?page_id=1182"},"modified":"2018-09-25T16:08:30","modified_gmt":"2018-09-25T19:08:30","slug":"fic2018","status":"publish","type":"page","link":"https:\/\/www.ifbaiano.edu.br\/unidades\/alagoinhas\/fic2018\/","title":{"rendered":"Cursos FIC 2018"},"content":{"rendered":"<p>Os cursos de Forma\u00e7\u00e3o Inicial e Continuada (FIC) t\u00eam a finalidade de\u00a0capacitar, aperfei\u00e7oar e atualizar o estudante que deseja entrar ou\u00a0retornar ao mercado de trabalho de maneira r\u00e1pida e eficiente.\u00a0Essa\u00a0modalidade de ensino tem como caracter\u00edstica a constante\u00a0moderniza\u00e7\u00e3o das programa\u00e7\u00f5es e grades curriculares. Com isso, os\u00a0alunos aprendem novas compet\u00eancias e atualizam saberes com foco no\u00a0desempenho de uma fun\u00e7\u00e3o\/atividade espec\u00edfica.<\/p>\n<p>&nbsp;<\/p>\n<hr \/>\n<p>&nbsp;<\/p>\n<h2><strong>Cursos De Qualifica\u00e7\u00e3o Profissional (40 cursos | 857 vagas)<\/strong><\/h2>\n<p><a href=\"http:\/\/www.ifbaiano.edu.br\/unidades\/alagoinhas\/files\/2018\/02\/III-CRONOGRAMA-DE-IN\u00cdCIO-DE-AULAS-2018-1.pdf\">III-CRONOGRAMA-DE-IN\u00cdCIO-DE-AULAS-2018<\/a> <span style=\"color: #993300\"><strong>(Atualizado)<\/strong><\/span><\/p>\n<p><a href=\"http:\/\/www.ifbaiano.edu.br\/unidades\/alagoinhas\/files\/2018\/02\/EDITAL-DE-CHAMADA-P\u00daBLICA-10-2018-1.pdf\">EDITAL DE CHAMADA P\u00daBLICA 10-2018<\/a><\/p>\n<p><del><a href=\"#\">CRONOGRAMA DE IN\u00cdCIO DE AULAS 02<\/a><\/del><\/p>\n<p><a href=\"http:\/\/www.ifbaiano.edu.br\/unidades\/alagoinhas\/files\/2018\/02\/EDITAL-DE-CHAMADA-P\u00daBLICA-09-2018-1.pdf\">EDITAL DE CHAMADA P\u00daBLICA 09-2018<\/a><\/p>\n<p><del><a href=\"#\">I\u00a0Cronograma de In\u00edcio das aulas\u00a0&#8211; retifica\u00e7\u00e3o<\/a> (03\/09\/2018)<\/del><\/p>\n<p><del><a href=\"#\">I\u00a0<\/a><a href=\"http:\/\/www.ifbaiano.edu.br\/unidades\/alagoinhas\/files\/2018\/02\/CRONOGRAMA-DE-IN\u00cdCIO-01.pdf\">C<\/a><a href=\"#\">ronograma de In\u00edcio das aulas<\/a>\u00a0(03\/09\/2018)<\/del><\/p>\n<p><a href=\"http:\/\/www.ifbaiano.edu.br\/unidades\/alagoinhas\/files\/2018\/02\/EDITAL-DE-CHAMADA-P\u00daBLICA-09-2018.pdf\">EDITAL DE CHAMADA P\u00daBLICA 08-2018<\/a><\/p>\n<p><a href=\"http:\/\/www.ifbaiano.edu.br\/unidades\/alagoinhas\/files\/2018\/02\/8\u00ba-Chamada-de-Matr\u00edcula.pdf\">8\u00ba Chamada de Matr\u00edcula<\/a><\/p>\n<p><a href=\"http:\/\/www.ifbaiano.edu.br\/unidades\/alagoinhas\/files\/2018\/08\/EDITAL-DE-CHAMADA-P\u00daBLICA-07-2018.pdf\">EDITAL DE CHAMADA P\u00daBLICA 07-2018<\/a><\/p>\n<p><a href=\"http:\/\/www.ifbaiano.edu.br\/unidades\/alagoinhas\/files\/2018\/02\/7\u00ba-Chamada-de-Matr\u00edcula.pdf\">7\u00ba Chamada de Matr\u00edcula<\/a><\/p>\n<p><a href=\"http:\/\/www.ifbaiano.edu.br\/unidades\/alagoinhas\/files\/2018\/02\/EDITAL-DE-CHAMADA-P\u00daBLICA-06-2018.pdf\">EDITAL DE CHAMADA P\u00daBLICA 06-2018<\/a><\/p>\n<p><a href=\"http:\/\/www.ifbaiano.edu.br\/unidades\/alagoinhas\/files\/2018\/02\/EDITAL-DE-CHAMADA-P\u00daBLICA-05-2018.pdf\">EDITAL DE CHAMADA P\u00daBLICA 05<\/a><a href=\"http:\/\/www.ifbaiano.edu.br\/unidades\/alagoinhas\/files\/2018\/02\/EDITAL-DE-CHAMADA-P\u00daBLICA-05-2018.pdf\">-2018<\/a><\/p>\n<p><a href=\"http:\/\/www.ifbaiano.edu.br\/unidades\/alagoinhas\/files\/2018\/02\/6\u00ba-Chamada-de-Matr\u00edcula.pdf\">6\u00ba Chamada de Matr\u00edcula<\/a><\/p>\n<p><a href=\"http:\/\/www.ifbaiano.edu.br\/unidades\/alagoinhas\/files\/2018\/02\/5\u00ba-Chamada-de-Matr\u00edcula.pdf\">5\u00ba Chamada de Matr\u00edcula<\/a><\/p>\n<p><a href=\"http:\/\/www.ifbaiano.edu.br\/unidades\/alagoinhas\/files\/2018\/08\/EDITAL-DE-CHAMADA-P\u00daBLICA-04-2018.pdf\">EDITAL DE CHAMADA P\u00daBLICA 04-2018<\/a><\/p>\n<p><a href=\"http:\/\/www.ifbaiano.edu.br\/unidades\/alagoinhas\/files\/2018\/02\/EDITAL-DE-CHAMADA-P\u00daBLICA-03-2018.pdf\">EDITAL DE CHAMADA P\u00daBLICA 03-2018<\/a><\/p>\n<p><a href=\"http:\/\/www.ifbaiano.edu.br\/unidades\/alagoinhas\/files\/2018\/02\/4\u00ba-Chamada-de-Matr\u00edcula.pdf\">4\u00ba Chamada de Matr\u00edcula<\/a><\/p>\n<p><a href=\"http:\/\/www.ifbaiano.edu.br\/unidades\/alagoinhas\/files\/2018\/02\/EDITAL-DE-CHAMADA-P\u00daBLICA-02-2018.pdf\">EDITAL DE CHAMADA P\u00daBLICA 02-2018<\/a><\/p>\n<p><a href=\"http:\/\/www.ifbaiano.edu.br\/unidades\/alagoinhas\/files\/2018\/02\/3\u00ba-Chamada-de-Matr\u00edcula.pdf\">3\u00ba Chamada de Matr\u00edcula<\/a><\/p>\n<p><a href=\"http:\/\/www.ifbaiano.edu.br\/unidades\/alagoinhas\/files\/2018\/02\/2\u00ba-Chamada-de-Matr\u00edcula.pdf\">2\u00ba Chamada de Matr\u00edcula<\/a><\/p>\n<p><a href=\"http:\/\/www.ifbaiano.edu.br\/unidades\/alagoinhas\/files\/2018\/02\/RESULTADO-FINAL-SORTEIO-ELETR\u00d4NICO.pdf\">RESULTADO FINAL &#8211; SORTEIO ELETR\u00d4NICO<\/a>\u00a0(06\/08\/2018)<\/p>\n<p><a href=\"http:\/\/www.ifbaiano.edu.br\/unidades\/alagoinhas\/files\/2018\/02\/INSCRI\u00c7\u00d5ES-HOMOLOGADAS-RETIFICA\u00c7\u00c3O.pdf\">INSCRI\u00c7\u00d5ES HOMOLOGADAS &#8211; RETIFICA\u00c7\u00c3O<\/a>\u00a0(06\/08\/2018)<\/p>\n<p><a href=\"http:\/\/www.ifbaiano.edu.br\/unidades\/alagoinhas\/files\/2018\/08\/INSCRI\u00c7\u00d5ES-HOMOLOGADAS-P\u00d3S-RECURSOS.pdf\">Inscri\u00e7\u00f5es Homologadas P\u00f3s Recursos<\/a>\u00a0 (03\/08\/2018)<\/p>\n<p><a href=\"http:\/\/www.ifbaiano.edu.br\/unidades\/alagoinhas\/files\/2018\/02\/INSCRI\u00c7\u00d5ES-HOMOLOGADAS.pdf\">Inscri\u00e7\u00f5es Homologadas<\/a> &#8211; (01\/08\/2018)<\/p>\n<p><a href=\"http:\/\/www.ifbaiano.edu.br\/unidades\/alagoinhas\/files\/2018\/02\/2\u00aa-Retifica\u00e7\u00e3o-do-Edital-n\u00ba-04.pdf\" target=\"_blank\">2\u00aa Retifica\u00e7\u00e3o do Edital n\u00ba 04<\/a>\u00a0&#8211; (25\/07\/2018)<\/p>\n<p><a href=\"http:\/\/www.ifbaiano.edu.br\/unidades\/alagoinhas\/files\/2018\/02\/Retifica\u00e7\u00e3o-do-Edital-n\u00ba-04-Cursos-FIC.pdf\">Retifica\u00e7\u00e3o do Edital n\u00ba 04 &#8211; Cursos FIC<\/a>\u00a0&#8211; (20\/07\/2018)<\/p>\n<p><a href=\"http:\/\/concurso.ifbaiano.edu.br\/portal\/fic-alagoinhas-julho-2018\/\" target=\"_blank\">Edital 004\/2018 \u2013 Cursos FIC<\/a>\u00a0\u2013 (09\/07\/2018)<\/p>\n<p><a href=\"http:\/\/opinanovo.ifbaiano.edu.br\/index.php\/642872?lang=pt-BR\" target=\"_blank\">Inscri\u00e7<\/a><a href=\"http:\/\/opinanovo.ifbaiano.edu.br\/index.php\/642872?lang=pt-BR\">\u00f5es<\/a>\u00a0(Encerradas)<\/p>\n<p>&nbsp;<\/p>\n<hr \/>\n<p>&nbsp;<\/p>\n<h2><strong>Curso de Qualifica\u00e7\u00e3o Profissional em L\u00edngua Brasileira de Sinais (120 vagas)<\/strong><\/h2>\n<p><a href=\"http:\/\/www.ifbaiano.edu.br\/unidades\/alagoinhas\/files\/2018\/02\/5\u00aa-CHAMADA.pdf\">5\u00aa CHAMADA<\/a><\/p>\n<p><a href=\"http:\/\/www.ifbaiano.edu.br\/unidades\/alagoinhas\/files\/2018\/02\/nota-informativa-5\u00aa-chamada.pdf\">Nota informativa 5\u00aa chamada<\/a><\/p>\n<p><a href=\"http:\/\/www.ifbaiano.edu.br\/unidades\/alagoinhas\/files\/2018\/02\/RETIFICA\u00c7\u00c3O-EDITAL-VAGAS-REMANESCENTES.pdf\">RETIFICA\u00c7\u00c3O EDITAL VAGAS REMANESCENTES<\/a><\/p>\n<p><a href=\"http:\/\/www.ifbaiano.edu.br\/unidades\/alagoinhas\/files\/2018\/02\/Nota-informativa-das-matr\u00edculas-da-4\u00aa-CHAMADA-para-o-b\u00e1sico-I-de-Libras-1.pdf\">Nota informativa das matr\u00edculas da 4\u00aa CHAMADA para o b\u00e1sico I de Libras<\/a><\/p>\n<p><a href=\"http:\/\/www.ifbaiano.edu.br\/unidades\/alagoinhas\/files\/2018\/02\/EDITAL-VAGAS-REMANESCENTES-M\u00d3DULO-II-de-Libras.pdf\">EDITAL VAGAS REMANESCENTES M\u00d3DULO II de Libras<\/a><\/p>\n<p><a href=\"http:\/\/www.ifbaiano.edu.br\/unidades\/alagoinhas\/files\/2018\/02\/4\u00aa-CHAMADA-I-MANH\u00c3439.pdf\">4\u00aa CHAMADA I MANH\u00c3<\/a><\/p>\n<p><a href=\"http:\/\/www.ifbaiano.edu.br\/unidades\/alagoinhas\/files\/2018\/02\/3\u00aa-chamada-nota-informativa.pdf\">3\u00aa chamada nota informativa<\/a><\/p>\n<p><a href=\"http:\/\/www.ifbaiano.edu.br\/unidades\/alagoinhas\/files\/2018\/02\/3\u00aa-CHAMADA-CURSO-NIVEL-II-TARDE-1.pdf\">3\u00aa CHAMADA CURSO NIVEL II TARDE<\/a><\/p>\n<p><a href=\"http:\/\/www.ifbaiano.edu.br\/unidades\/alagoinhas\/files\/2018\/02\/3\u00aa-CHAMADA-CURSO-N\u00cdVEL-I-MANHA.pdf\">3\u00aa CHAMADA CURSO N\u00cdVEL I MANHA<\/a><\/p>\n<p><a href=\"http:\/\/www.ifbaiano.edu.br\/unidades\/alagoinhas\/files\/2018\/02\/2\u00aa-CHAMADA-II-TARDE.pdf\">2\u00aa CHAMADA II TARDE<\/a><\/p>\n<p><a href=\"http:\/\/www.ifbaiano.edu.br\/unidades\/alagoinhas\/files\/2018\/02\/2\u00aa-CHAMADA-I-MANH\u00c3.pdf\">2\u00aa CHAMADA I MANH\u00c3<\/a><\/p>\n<p>Resultado dos sorteios:<\/p>\n<ul>\n<li><a href=\"http:\/\/www.ifbaiano.edu.br\/unidades\/alagoinhas\/files\/2018\/02\/Resultado-Sorteio-CURSO-B\u00c1SICO-N\u00cdVEL-I-Segunda-de-Manh\u00e3-para-quem-n\u00e3o-domina-a-Libras.pdf\" target=\"_blank\">Resultado Sorteio &#8211; CURSO B\u00c1SICO &#8211; N\u00cdVEL I (Segunda de Manh\u00e3, para quem n\u00e3o domina a Libras)<\/a><\/li>\n<li><a href=\"http:\/\/www.ifbaiano.edu.br\/unidades\/alagoinhas\/files\/2018\/02\/Resultado-Sorteio-CURSO-B\u00c1SICO-N\u00cdVEL-II-TER\u00c7A-\u00c0-TARDE-Somente-para-quem-possui-N\u00edvel-I.pdf\" target=\"_blank\">Resultado Sorteio &#8211; CURSO B\u00c1SICO &#8211; N\u00cdVEL II &#8211; TER\u00c7A \u00c0 TARDE (Somente para quem possui N\u00edvel I)<\/a><\/li>\n<li><a href=\"http:\/\/www.ifbaiano.edu.br\/unidades\/alagoinhas\/files\/2018\/02\/Resultado-Sorteio-CURSO-B\u00c1SICO-N\u00cdVEL-II-TER\u00c7A-DE-MANH\u00c3Somente-para-quem-possui-N\u00edvel-I.pdf\" target=\"_blank\">Resultado Sorteio &#8211; CURSO B\u00c1SICO &#8211; N\u00cdVEL II &#8211; TER\u00c7A DE MANH\u00c3(Somente para quem possui N\u00edvel I)<\/a><\/li>\n<\/ul>\n<p>Homologa\u00e7\u00e3o das inscri\u00e7\u00f5es p\u00f3s recursos:<\/p>\n<ul>\n<li><a href=\"http:\/\/www.ifbaiano.edu.br\/unidades\/alagoinhas\/files\/2018\/02\/INSCRI\u00c7\u00d5ES-HOMOLOGADAS-P\u00d3S-RECURSOS-CURSO-B\u00c1SICO-N\u00cdVEL-I-SEGUNDA-DE-MANH\u00c3-PARA-QUEM-N\u00c3O-DOMINA-A-LIBRAS.pdf\" target=\"_blank\">INSCRI\u00c7\u00d5ES HOMOLOGADAS P\u00d3S-RECURSOS &#8211; CURSO B\u00c1SICO &#8211; N\u00cdVEL I (SEGUNDA DE MANH\u00c3, PARA QUEM N\u00c3O DOMINA A LIBRAS)<\/a><\/li>\n<li><a href=\"http:\/\/www.ifbaiano.edu.br\/unidades\/alagoinhas\/files\/2018\/02\/INSCRI\u00c7\u00d5ES-HOMOLOGADAS-P\u00d3S-RECURSOS-CURSO-B\u00c1SICO-N\u00cdVEL-II-TER\u00c7A-\u00c0-TARDE-Somente-para-quem-possui-N\u00edvel-I.pdf\" target=\"_blank\">INSCRI\u00c7\u00d5ES HOMOLOGADAS P\u00d3S-RECURSOS &#8211; CURSO B\u00c1SICO &#8211; N\u00cdVEL II &#8211; TER\u00c7A \u00c0 TARDE (Somente para quem possui N\u00edvel I)<\/a><\/li>\n<li><a href=\"http:\/\/www.ifbaiano.edu.br\/unidades\/alagoinhas\/files\/2018\/02\/INSCRI\u00c7\u00d5ES-HOMOLOGADAS-P\u00d3S_RECURSOS-CURSO-B\u00c1SICO-N\u00cdVEL-II-TER\u00c7A-DE-MANH\u00c3Somente-para-quem-possui-N\u00edvel-I.pdf\" target=\"_blank\">INSCRI\u00c7\u00d5ES HOMOLOGADAS P\u00d3S_RECURSOS &#8211; CURSO B\u00c1SICO &#8211; N\u00cdVEL II &#8211; TER\u00c7A DE MANH\u00c3(Somente para quem possui N\u00edvel I)<\/a><\/li>\n<\/ul>\n<p>Homologa\u00e7\u00e3o das inscri\u00e7\u00f5es:<\/p>\n<ul>\n<li><a href=\"http:\/\/www.ifbaiano.edu.br\/unidades\/alagoinhas\/files\/2018\/02\/INSCRI\u00c7\u00d5ES-HOMOLOGADAS-CURSO-B\u00c1SICO-N\u00cdVEL-I-SEGUNDA-DE-MANH\u00c3-PARA-QUEM-N\u00c3O-DOMINA-A-LIBRAS.pdf\" target=\"_blank\">INSCRI\u00c7\u00d5ES HOMOLOGADAS &#8211; CURSO B\u00c1SICO &#8211; N\u00cdVEL I (SEGUNDA DE MANH\u00c3, PARA QUEM N\u00c3O DOMINA A LIBRAS)<\/a><\/li>\n<li><a href=\"http:\/\/www.ifbaiano.edu.br\/unidades\/alagoinhas\/files\/2018\/02\/INSCRI\u00c7\u00d5ES-HOMOLOGADAS-CURSO-B\u00c1SICO-N\u00cdVEL-II-TER\u00c7A-DE-MANH\u00c3Somente-para-quem-possui-N\u00edvel-I-.pdf\" target=\"_blank\">INSCRI\u00c7\u00d5ES HOMOLOGADAS &#8211; CURSO B\u00c1SICO &#8211; N\u00cdVEL II &#8211; TER\u00c7A DE MANH\u00c3(Somente para quem possui N\u00edvel I)<\/a><\/li>\n<li><a href=\"http:\/\/www.ifbaiano.edu.br\/unidades\/alagoinhas\/files\/2018\/02\/INSCRI\u00c7\u00d5ES-HOMOLOGADAS-CURSO-B\u00c1SICO-N\u00cdVEL-II-TER\u00c7A-\u00c0-TARDE-Somente-para-quem-possui-N\u00edvel-I.pdf\" target=\"_blank\">INSCRI\u00c7\u00d5ES HOMOLOGADAS &#8211; CURSO B\u00c1SICO &#8211; N\u00cdVEL II &#8211; TER\u00c7A \u00c0 TARDE (Somente para quem possui N\u00edvel I)<\/a><\/li>\n<\/ul>\n<p><a href=\"http:\/\/www.ifbaiano.edu.br\/unidades\/alagoinhas\/files\/2018\/02\/EDITAL-FC-de-Libras.pdf\" target=\"_blank\">Edital 003\/2018 &#8211; Libras<\/a>\u00a0 (29\/06\/2018)<\/p>\n<p><a href=\"https:\/\/opinanovo.ifbaiano.edu.br\/index.php\/334865?lang=pt-BR\">Inscri\u00e7\u00e3o<\/a>\u00a0(encerrada)<\/p>\n<ul>\n<li><a href=\"http:\/\/concurso.ifbaiano.edu.br\/portal\/fic-alagoinhas-junho-2018\/\" target=\"_blank\">Clique aqui para acessar a p\u00e1gina do processo seletivo<\/a><\/li>\n<\/ul>\n<p>&nbsp;<\/p>\n<hr \/>\n<p>&nbsp;<\/p>\n<h2><strong>Desenvolvimento Pessoal para o Mundo do Trabalho<\/strong><em> (encerrado)<\/em><\/h2>\n<p><a href=\"http:\/\/www.ifbaiano.edu.br\/unidades\/alagoinhas\/fic2018\/mundo-do-trabalho\/\" target=\"_blank\">Consulte aqui a p\u00e1gina do Edital.<\/a><\/p>\n<p>&nbsp;<\/p>\n","protected":false},"excerpt":{"rendered":"<p>Os cursos de Forma\u00e7\u00e3o Inicial e Continuada (FIC) t\u00eam a finalidade de\u00a0capacitar, aperfei\u00e7oar e atualizar o estudante que deseja entrar ou\u00a0retornar ao mercado de trabalho de maneira r\u00e1pida e eficiente.\u00a0Essa\u00a0modalidade de ensino tem como caracter\u00edstica a constante\u00a0moderniza\u00e7\u00e3o das programa\u00e7\u00f5es e grades curriculares. Com isso, os\u00a0alunos aprendem novas compet\u00eancias e atualizam saberes com foco no\u00a0desempenho de [&hellip;]<\/p>\n","protected":false},"author":76,"featured_media":0,"parent":0,"menu_order":36,"comment_status":"closed","ping_status":"closed","template":"","meta":[],"_links":{"self":[{"href":"https:\/\/www.ifbaiano.edu.br\/unidades\/alagoinhas\/wp-json\/wp\/v2\/pages\/1182"}],"collection":[{"href":"https:\/\/www.ifbaiano.edu.br\/unidades\/alagoinhas\/wp-json\/wp\/v2\/pages"}],"about":[{"href":"https:\/\/www.ifbaiano.edu.br\/unidades\/alagoinhas\/wp-json\/wp\/v2\/types\/page"}],"author":[{"embeddable":true,"href":"https:\/\/www.ifbaiano.edu.br\/unidades\/alagoinhas\/wp-json\/wp\/v2\/users\/76"}],"replies":[{"embeddable":true,"href":"https:\/\/www.ifbaiano.edu.br\/unidades\/alagoinhas\/wp-json\/wp\/v2\/comments?post=1182"}],"version-history":[{"count":108,"href":"https:\/\/www.ifbaiano.edu.br\/unidades\/alagoinhas\/wp-json\/wp\/v2\/pages\/1182\/revisions"}],"predecessor-version":[{"id":1776,"href":"https:\/\/www.ifbaiano.edu.br\/unidades\/alagoinhas\/wp-json\/wp\/v2\/pages\/1182\/revisions\/1776"}],"wp:attachment":[{"href":"https:\/\/www.ifbaiano.edu.br\/unidades\/alagoinhas\/wp-json\/wp\/v2\/media?parent=1182"}],"curies":[{"name":"wp","href":"https:\/\/api.w.org\/{rel}","templated":true}]}}