{"id":1282,"date":"2018-04-10T14:23:17","date_gmt":"2018-04-10T17:23:17","guid":{"rendered":"http:\/\/www.ifbaiano.edu.br\/unidades\/alagoinhas\/?page_id=1282"},"modified":"2022-03-10T10:29:12","modified_gmt":"2022-03-10T13:29:12","slug":"paise-2018-1","status":"publish","type":"page","link":"https:\/\/www.ifbaiano.edu.br\/unidades\/alagoinhas\/paise-2018-1\/","title":{"rendered":"Paise 2018.1"},"content":{"rendered":"<p>O Reitor Pro Tempore do Instituto Federal de Educa\u00e7\u00e3o, Ci\u00eancia e Tecnologia Baiano &#8211; IF Baiano, no uso de suas atribui\u00e7\u00f5es legais na forma do que disp\u00f5e a Lei n\u00ba. 11.892\/2008, considerando ainda a Lei n\u00ba 12.155\/2009, o Decreto n\u00ba 7.234\/2010, o Decreto n\u00ba 7.416\/2010 e a Resolu\u00e7\u00e3o N\u00ba 64, de 30 de novembro de 2016, que institui a Pol\u00edtica de Assist\u00eancia Estudantil no \u00e2mbito do IF Baiano, torna p\u00fablico o presente Edital que estabelece as normas e crit\u00e9rios para sele\u00e7\u00e3o de estudantes em vulnerabilidade socioecon\u00f4mica, de cursos presenciais e a dist\u00e2ncia, com a finalidade de participa\u00e7\u00e3o na Pol\u00edtica de Assist\u00eancia Estudantil deste Instituto, por meio do PAISE.<\/p>\n<ul>\n<li><a href=\"http:\/\/www.ifbaiano.edu.br\/unidades\/alagoinhas\/files\/2018\/04\/Edital-n\u00ba-15-2018-PAISE.pdf\">Edital-n\u00ba-15-2018-PAISE<\/a><br \/>\n<a style=\"font-size: revert\" href=\"http:\/\/www.ifbaiano.edu.br\/unidades\/alagoinhas\/files\/2018\/04\/Cronograma-PAISE-2018.1.pdf\">Cronograma PAISE 2018.1<\/a><\/li>\n<li><a href=\"http:\/\/www.ifbaiano.edu.br\/unidades\/alagoinhas\/files\/2018\/04\/Quadro-de-benef\u00edcios-PAISE-2018.1-1.pdf\">Quadro de benef\u00edcios PAISE-2018.1<\/a><\/li>\n<li><a href=\"http:\/\/www.ifbaiano.edu.br\/unidades\/alagoinhas\/files\/2018\/04\/Cronograma-Retificado-PAISE-2018.pdf\">Cronograma Retificado PAISE 2018<\/a>.1<\/li>\n<li><a href=\"http:\/\/www.ifbaiano.edu.br\/unidades\/alagoinhas\/files\/2018\/04\/Cronograma-das-entrevistas-PAISE-2018.1-1.pdf\">Cronograma das entrevistas PAISE 2018.1<\/a><\/li>\n<li><a href=\"http:\/\/www.ifbaiano.edu.br\/unidades\/alagoinhas\/files\/2018\/04\/Inscri\u00e7\u00f5es-Homologadas-PAISE-2018.pdf\">Inscri\u00e7\u00f5es Homologadas&#8211;PAISE 2018<\/a><\/li>\n<li><a href=\"http:\/\/www.ifbaiano.edu.br\/unidades\/alagoinhas\/files\/2018\/04\/Aditamento-entrevistas-PAISE-pdf.pdf\">Aditamento &#8211; entrevistas PAISE pdf<\/a><\/li>\n<li><a href=\"http:\/\/www.ifbaiano.edu.br\/unidades\/alagoinhas\/files\/2018\/04\/Segunda-retifica\u00e7\u00e3o-Cronograma-PAISE-2018.1-pdf.pdf\">Segunda retifica\u00e7\u00e3o Cronograma PAISE 2018.1 pdf<\/a><\/li>\n<li><a href=\"http:\/\/www.ifbaiano.edu.br\/unidades\/alagoinhas\/files\/2018\/05\/2\u00ba-Aditamento-entrevistas-PAISE-corrigido.pdf\">2\u00ba Aditamento entrevistas PAISE corrigido<\/a><\/li>\n<li><a href=\"http:\/\/www.ifbaiano.edu.br\/unidades\/alagoinhas\/files\/2018\/05\/Terceira-retifica\u00e7\u00e3o-Cronograma-PAISE-2018.1-C\u00f3pia.pdf\">Terceira retifica\u00e7\u00e3o Cronograma PAISE 2018.1<\/a><\/li>\n<li><a href=\"http:\/\/www.ifbaiano.edu.br\/unidades\/alagoinhas\/files\/2018\/04\/3\u00ba-Aditamento-entrevistas-PAISE.pdf\">3\u00ba Aditamento &#8211; entrevistas PAISE<\/a><\/li>\n<li><a href=\"http:\/\/www.ifbaiano.edu.br\/unidades\/alagoinhas\/files\/2018\/04\/Inscri\u00e7\u00f5es-Homologadas-Retifica\u00e7\u00e3o-PAISE-2018.pdf\">Inscri\u00e7\u00f5es Homologadas Retifica\u00e7\u00e3o&#8211;PAISE 2018<\/a><\/li>\n<li><a href=\"http:\/\/www.ifbaiano.edu.br\/unidades\/alagoinhas\/files\/2018\/04\/Retifica\u00e7\u00e3o-Quadro-de-benef\u00edcios-PAISE-2018.pdf\">Retifica\u00e7\u00e3o-Quadro de benef\u00edcios PAISE-2018<\/a><\/li>\n<li><a href=\"http:\/\/www.ifbaiano.edu.br\/unidades\/alagoinhas\/files\/2018\/04\/Quarta-retifica\u00e7\u00e3o-do-Cronograma-PAISE-2018.1.pdf\">Quarta retifica\u00e7\u00e3o do Cronograma PAISE 2018.1<\/a><\/li>\n<li><a href=\"http:\/\/www.ifbaiano.edu.br\/unidades\/alagoinhas\/files\/2018\/04\/ERRATA-Quadro-de-benef\u00edcios-Pol\u00edtica-2018.pdf\">ERRATA &#8211; Quadro de benef\u00edcios Pol\u00edtica 2018<\/a><\/li>\n<li><a href=\"http:\/\/www.ifbaiano.edu.br\/unidades\/alagoinhas\/files\/2018\/04\/AUX\u00cdLIO-CRECHE-EDITAL15-2018.pdf\">AUX\u00cdLIO CRECHE &#8211; EDITAL15-2018<\/a><\/li>\n<li><a href=\"http:\/\/www.ifbaiano.edu.br\/unidades\/alagoinhas\/files\/2018\/04\/AUX\u00cdLIO-MORADIA-EDITAL15-2018.pdf\">AUX\u00cdLIO MORADIA &#8211; EDITAL15-2018<\/a><\/li>\n<li><a href=\"http:\/\/www.ifbaiano.edu.br\/unidades\/alagoinhas\/files\/2018\/04\/AUX\u00cdLIO-PERMAN\u00caNCIA-EDITAL15-2018.pdf\">AUX\u00cdLIO PERMAN\u00caNCIA &#8211; EDITAL15-2018<\/a><\/li>\n<li><a href=\"http:\/\/www.ifbaiano.edu.br\/unidades\/alagoinhas\/files\/2018\/04\/AUX\u00cdLIO-TRANSPORTE-EAD-EDITAL15-2018.pdf\">AUX\u00cdLIO TRANSPORTE EAD &#8211; EDITAL15-2018<\/a><\/li>\n<li><a href=\"http:\/\/www.ifbaiano.edu.br\/unidades\/alagoinhas\/files\/2018\/04\/AUX\u00cdLIO-TRANSPORTE-I-EDITAL15-2018.pdf\">AUX\u00cdLIO TRANSPORTE I &#8211; EDITAL15-2018<\/a><\/li>\n<li><a href=\"http:\/\/www.ifbaiano.edu.br\/unidades\/alagoinhas\/files\/2018\/04\/AUX\u00cdLIO-TRANSPORTE-II-EDITAL15-2018.pdf\">AUX\u00cdLIO TRANSPORTE II &#8211; EDITAL15-2018<\/a><\/li>\n<li><a href=\"http:\/\/www.ifbaiano.edu.br\/unidades\/alagoinhas\/files\/2018\/04\/C\u00d3PIA-E-IMPRESS\u00c3O-EDITAL15-2018-.pdf\">C\u00d3PIA E IMPRESS\u00c3O &#8211; EDITAL15-2018 &#8211;<\/a><\/li>\n<li><a href=\"http:\/\/www.ifbaiano.edu.br\/unidades\/alagoinhas\/files\/2018\/04\/Quinta-retifica\u00e7\u00e3o-do-Cronograma-PAISE-2018.1.pdf\">Quinta retifica\u00e7\u00e3o do Cronograma PAISE 2018.1<\/a><\/li>\n<li><a href=\"http:\/\/www.ifbaiano.edu.br\/unidades\/alagoinhas\/files\/2018\/04\/Sexta-retifica\u00e7\u00e3o-do-Cronograma-PAISE-2018.1.pdf\">Sexta retifica\u00e7\u00e3o do Cronograma PAISE 2018.1<\/a><\/li>\n<li><a href=\"http:\/\/www.ifbaiano.edu.br\/unidades\/alagoinhas\/files\/2018\/05\/RESULTADOS-DOS-RECURSOS-PAISE-2018.pdf\">RESULTADOS DOS RECURSOS-PAISE 2018<\/a><\/li>\n<li><a href=\"http:\/\/www.ifbaiano.edu.br\/unidades\/alagoinhas\/files\/2018\/05\/DESCLASSIFICA\u00c7\u00c3O-RETIFICA\u00c7\u00c3O-PAISE-2018.pdf\">DESCLASSIFICA\u00c7\u00c3O-RETIFICA\u00c7\u00c3O-PAISE 2018<\/a><\/li>\n<li><a href=\"http:\/\/www.ifbaiano.edu.br\/unidades\/alagoinhas\/files\/2018\/05\/RESULTADO-FINAL-AUX\u00cdLIO-MORADIA-EDITAL15-2018.pdf\">RESULTADO FINAL-AUX\u00cdLIO MORADIA &#8211; EDITAL15-2018<\/a><\/li>\n<li><a href=\"http:\/\/www.ifbaiano.edu.br\/unidades\/alagoinhas\/files\/2018\/05\/RES.-FINAL-AUX\u00cdLIO-TRANSPORTE-I-EDITAL15-2018.pdf\">RES. FINAL-AUX\u00cdLIO TRANSPORTE I &#8211; EDITAL15-2018<\/a><\/li>\n<li><a href=\"http:\/\/www.ifbaiano.edu.br\/unidades\/alagoinhas\/files\/2018\/05\/RES.-FINAL-AUX\u00cdLIO-TRANSPORTE-II-EDITAL15-2018.pdf\">RES. FINAL-AUX\u00cdLIO TRANSPORTE II &#8211; EDITAL15-2018<\/a><\/li>\n<li><a href=\"http:\/\/www.ifbaiano.edu.br\/unidades\/alagoinhas\/files\/2018\/05\/RESULTADO-FINAL-AUX\u00cdLIO-CRECHE-EDITAL15-2018.pdf\">RESULTADO FINAL-AUX\u00cdLIO CRECHE &#8211; EDITAL15-2018<\/a><\/li>\n<li><a href=\"http:\/\/www.ifbaiano.edu.br\/unidades\/alagoinhas\/files\/2018\/05\/RES.-FINAL-AUX\u00cdLIO-TRANSPORTE-EAD-EDITAL15-2018.pdf\">RES. FINAL-AUX\u00cdLIO TRANSPORTE EAD &#8211; EDITAL15-2018<\/a><\/li>\n<li><a href=\"http:\/\/www.ifbaiano.edu.br\/unidades\/alagoinhas\/files\/2018\/05\/2\u00aa-ERRATA-Quadro-de-benef\u00edcios-Pol\u00edtica-2018.pdf\">2\u00aa ERRATA &#8211; Quadro de benef\u00edcios Pol\u00edtica 2018<\/a><\/li>\n<li><a href=\"http:\/\/www.ifbaiano.edu.br\/unidades\/alagoinhas\/files\/2018\/04\/RESULTADO-FINAL-AUX\u00cdLIO-PERMAN\u00caNCIA-EDITAL15-2018.pdf\">RESULTADO FINAL-AUX\u00cdLIO PERMAN\u00caNCIA &#8211; EDITAL15-2018<\/a><\/li>\n<li><a href=\"http:\/\/www.ifbaiano.edu.br\/unidades\/alagoinhas\/files\/2018\/04\/RESULTADO-FINAL-C\u00d3PIA-E-IMPRESS\u00c3O-EDITAL15-2018.pdf\">RESULTADO FINAL-C\u00d3PIA E IMPRESS\u00c3O &#8211; EDITAL15-2018<\/a><\/li>\n<li><a href=\"http:\/\/www.ifbaiano.edu.br\/unidades\/alagoinhas\/files\/2018\/05\/3\u00aa-ERRATA-N\u00famero-de-Portaria.pdf\">3\u00aa ERRATA &#8211; N\u00famero de Portaria<\/a><\/li>\n<li><a href=\"http:\/\/www.ifbaiano.edu.br\/unidades\/alagoinhas\/files\/2018\/04\/4\u00aa-ERRATA-Resultado-Final-Aux\u00edlio-C\u00f3pia-e-Impress\u00e3o.pdf\">4\u00aa ERRATA-Resultado Final &#8211; Aux\u00edlio C\u00f3pia e Impress\u00e3o<\/a><\/li>\n<li><strong>2\u00ba Convoca\u00e7\u00e3o &#8211; Paise 2018<\/strong><\/li>\n<li><a href=\"http:\/\/www.ifbaiano.edu.br\/unidades\/alagoinhas\/files\/2018\/04\/Cronograma-PAISE-2018.1-1.pdf\">Cronograma PAISE 2018.1<\/a><\/li>\n<li><a href=\"http:\/\/www.ifbaiano.edu.br\/unidades\/alagoinhas\/files\/2018\/04\/Quadro-de-benef\u00edcios-Pol\u00edtica-2018-atualizado.pdf\">Quadro de benef\u00edcios Pol\u00edtica 2018 atualizado<\/a><\/li>\n<li><a href=\"http:\/\/www.ifbaiano.edu.br\/unidades\/alagoinhas\/files\/2018\/04\/RES.-FINAL-AUX\u00cdLIO-TRANSPORTE-I-EDITAL15-2018.pdf\">RES. FINAL-AUX\u00cdLIO TRANSPORTE I &#8211; EDITAL15-2018<\/a><\/li>\n<li><a href=\"http:\/\/www.ifbaiano.edu.br\/unidades\/alagoinhas\/files\/2018\/04\/RESULTADO-FINAL-AUX\u00cdLIO-PERMAN\u00caNCIA-EDITAL15-2018-1.pdf\">RESULTADO FINAL-AUX\u00cdLIO PERMAN\u00caNCIA &#8211; EDITAL15-2018<\/a><\/li>\n<li><a href=\"http:\/\/www.ifbaiano.edu.br\/unidades\/alagoinhas\/files\/2018\/04\/RESULTADO-FINAL-C\u00d3PIA-E-IMPRESS\u00c3O-EDITAL15-2018-1.pdf\">RESULTADO FINAL-C\u00d3PIA E IMPRESS\u00c3O &#8211; EDITAL15-2018<\/a><\/li>\n<li><a href=\"http:\/\/www.ifbaiano.edu.br\/unidades\/alagoinhas\/files\/2018\/04\/3-CONVOCA\u00c7\u00c3O-AUX\u00cdLIO-TRANSPORTE-I-EDITAL15-2018-pdf.pdf\">3\u00ba CONVOCA\u00c7\u00c3O &#8211; AUX\u00cdLIO TRANSPORTE I &#8211; EDITAL15-2018-pdf<\/a><\/li>\n<\/ul>\n","protected":false},"excerpt":{"rendered":"<p>O Reitor Pro Tempore do Instituto Federal de Educa\u00e7\u00e3o, Ci\u00eancia e Tecnologia Baiano &#8211; IF Baiano, no uso de suas atribui\u00e7\u00f5es legais na forma do que disp\u00f5e a Lei n\u00ba. 11.892\/2008, considerando ainda a Lei n\u00ba 12.155\/2009, o Decreto n\u00ba 7.234\/2010, o Decreto n\u00ba 7.416\/2010 e a Resolu\u00e7\u00e3o N\u00ba 64, de 30 de novembro de [&hellip;]<\/p>\n","protected":false},"author":76,"featured_media":0,"parent":0,"menu_order":80,"comment_status":"closed","ping_status":"closed","template":"","meta":[],"_links":{"self":[{"href":"https:\/\/www.ifbaiano.edu.br\/unidades\/alagoinhas\/wp-json\/wp\/v2\/pages\/1282"}],"collection":[{"href":"https:\/\/www.ifbaiano.edu.br\/unidades\/alagoinhas\/wp-json\/wp\/v2\/pages"}],"about":[{"href":"https:\/\/www.ifbaiano.edu.br\/unidades\/alagoinhas\/wp-json\/wp\/v2\/types\/page"}],"author":[{"embeddable":true,"href":"https:\/\/www.ifbaiano.edu.br\/unidades\/alagoinhas\/wp-json\/wp\/v2\/users\/76"}],"replies":[{"embeddable":true,"href":"https:\/\/www.ifbaiano.edu.br\/unidades\/alagoinhas\/wp-json\/wp\/v2\/comments?post=1282"}],"version-history":[{"count":27,"href":"https:\/\/www.ifbaiano.edu.br\/unidades\/alagoinhas\/wp-json\/wp\/v2\/pages\/1282\/revisions"}],"predecessor-version":[{"id":4069,"href":"https:\/\/www.ifbaiano.edu.br\/unidades\/alagoinhas\/wp-json\/wp\/v2\/pages\/1282\/revisions\/4069"}],"wp:attachment":[{"href":"https:\/\/www.ifbaiano.edu.br\/unidades\/alagoinhas\/wp-json\/wp\/v2\/media?parent=1282"}],"curies":[{"name":"wp","href":"https:\/\/api.w.org\/{rel}","templated":true}]}}