{"id":1702,"date":"2018-09-13T16:07:45","date_gmt":"2018-09-13T19:07:45","guid":{"rendered":"http:\/\/www.ifbaiano.edu.br\/unidades\/alagoinhas\/?page_id=1702"},"modified":"2018-10-16T15:59:29","modified_gmt":"2018-10-16T18:59:29","slug":"snct2018","status":"publish","type":"page","link":"https:\/\/www.ifbaiano.edu.br\/unidades\/alagoinhas\/snct2018\/","title":{"rendered":"Semana Nacional de Ci\u00eancia e Tecnologia e II IF MAIS"},"content":{"rendered":"<p><img decoding=\"async\" loading=\"lazy\" class=\" wp-image-1725 alignleft\" src=\"http:\/\/www.ifbaiano.edu.br\/unidades\/alagoinhas\/files\/2018\/09\/TIRA.png\" alt=\"TIRA\" width=\"572\" height=\"227\" \/><\/p>\n<h3><\/h3>\n<h3><\/h3>\n<h3><\/h3>\n<h3><\/h3>\n<h3><\/h3>\n<h3 style=\"text-align: center\">Seja bem vindo \u00e0 Semana Nacional de Ci\u00eancia e Tecnologia e II IF MAIS!<\/h3>\n<p style=\"text-align: justify\">A Semana Nacional de Ci\u00eancia e Tecnologia &#8211; SNCT &#8211; foi estabelecida pelo Decreto de\u00a0<span id=\"OBJ_PREFIX_DWT427_com_zimbra_date\" class=\"Object\"><span id=\"OBJ_PREFIX_DWT434_com_zimbra_date\" class=\"Object\">9 de Junho<\/span><\/span>\u00a0de 2004. Ela \u00e9 realizada sempre no m\u00eas<span id=\"OBJ_PREFIX_DWT428_com_zimbra_date\" class=\"Object\">\u00a0de outubro<\/span>\u00a0sob a coordena\u00e7\u00e3o do MCTIC, por meio da Coordena\u00e7\u00e3o-Geral de Populariza\u00e7\u00e3o e Divulga\u00e7\u00e3o da Ci\u00eancia (CGPC\/SEPED) e conta com a colabora\u00e7\u00e3o de secretarias estaduais e municipais, ag\u00eancias de fomento, espa\u00e7os cient\u00edfico-culturais, institui\u00e7\u00f5es de ensino e pesquisa, sociedades cient\u00edficas, escolas, \u00f3rg\u00e3os governamentais, empresas de base tecnol\u00f3gica e entidades da sociedade civil. A SNCT tem o objetivo de aproximar a Ci\u00eancia e Tecnologia da popula\u00e7\u00e3o, promovendo eventos que congregam centenas de institui\u00e7\u00f5es a fim de realizarem atividades de divulga\u00e7\u00e3o cient\u00edfica em todo o Pa\u00eds. A ideia \u00e9 criar uma linguagem acess\u00edvel \u00e0 popula\u00e7\u00e3o, por meios inovadores que estimulem a curiosidade e motivem a popula\u00e7\u00e3o a discutir as implica\u00e7\u00f5es sociais da Ci\u00eancia, al\u00e9m de aprofundarem seus conhecimentos sobre o tema.\u00a0O per\u00edodo oficial da 15\u00aa SNCT vai de 15 a\u00a0<span id=\"OBJ_PREFIX_DWT429_com_zimbra_date\" class=\"Object\"><span id=\"OBJ_PREFIX_DWT435_com_zimbra_date\" class=\"Object\">21 de outubro<\/span><\/span>\u00a0de 2018.<br \/>\nAqui no IF Baiano\/<em>Campus\u00a0<\/em>Alagoinhas\u00a0 a SNCT ser\u00e1 realizada nos dias 17 e\u00a0<span id=\"OBJ_PREFIX_DWT430_com_zimbra_date\" class=\"Object\"><span id=\"OBJ_PREFIX_DWT436_com_zimbra_date\" class=\"Object\">18 de outubro<\/span><\/span>\u00a0com mesas-redondas, oficinas, apresenta\u00e7\u00f5es acad\u00eamicas e culturais. Confira nossa Programa\u00e7\u00e3o!<\/p>\n<div id=\"content\">\n<h3 class=\"post-462 page type-page status-publish hentry\"><img decoding=\"async\" loading=\"lazy\" class=\"alignleft wp-image-1863 \" src=\"http:\/\/www.ifbaiano.edu.br\/unidades\/alagoinhas\/files\/2018\/09\/PROGRAMA\u00c7\u00c3O-OFICIAL-01-red-site.png\" width=\"815\" height=\"893\" \/><\/h3>\n<h3 class=\"post-462 page type-page status-publish hentry\"><\/h3>\n<h3 class=\"post-462 page type-page status-publish hentry\"><\/h3>\n<h3 class=\"post-462 page type-page status-publish hentry\"><\/h3>\n<\/div>\n<p>&nbsp;<\/p>\n<div id=\"content\">\n<h3 id=\"post\" class=\"post-462 page type-page status-publish hentry\"><span style=\"color: #003366\">Submiss\u00e3o de Trabalhos<\/span><\/h3>\n<ul>\n<li><a href=\"#\">Submeter Trabalho<\/a><a href=\"#\">s<\/a><\/li>\n<li><a href=\"https:\/\/meudrive.ifbaiano.edu.br\/owncloud\/index.php\/s\/ZhXlrqB9zmlqlE6\">Trabalhos aceitos<\/a><\/li>\n<\/ul>\n<p>Datas para submiss\u00e3o dos trabalhos: 20\/09 at\u00e9 07\/10<\/p>\n<h3><strong><span style=\"color: #003366\">Modelo de Poster<\/span><\/strong><\/h3>\n<ul>\n<li><span style=\"color: #003366\"><a href=\"https:\/\/meudrive.ifbaiano.edu.br\/owncloud\/index.php\/s\/cmIKEilpZOmEBz2\">Formato ODP<\/a><\/span><\/li>\n<li><span style=\"color: #003366\"><a href=\"https:\/\/meudrive.ifbaiano.edu.br\/owncloud\/index.php\/s\/8q2cZ4WPWkr3Ad4\">Formato PPT<\/a><\/span><\/li>\n<\/ul>\n<h3><strong><span style=\"color: #003366\">Certificados<\/span><\/strong><\/h3>\n<p><a href=\"https:\/\/docs.google.com\/presentation\/d\/162Xe4S7qjD33NnsnGEsu7dpcLCsFQ4BzfxqHsB1TlnQ\/present?slide=id.p\">Acesse aqui<\/a><\/p>\n<hr \/>\n<h3><span style=\"color: #003366\">Informa\u00e7\u00f5es<\/span><\/h3>\n<p><span style=\"color: #003366\"><strong>Email<\/strong>:<\/span> eventos@alagoinhas.ifbaiano.edu.br<\/p>\n<p><strong>Telefones<\/strong>: 75 3421-4511 | 75 99708-0977 (whatsapp)<\/p>\n<hr \/>\n<h3><\/h3>\n<\/div>\n","protected":false},"excerpt":{"rendered":"<p>Seja bem vindo \u00e0 Semana Nacional de Ci\u00eancia e Tecnologia e II IF MAIS! A Semana Nacional de Ci\u00eancia e Tecnologia &#8211; SNCT &#8211; foi estabelecida pelo Decreto de\u00a09 de Junho\u00a0de 2004. Ela \u00e9 realizada sempre no m\u00eas\u00a0de outubro\u00a0sob a coordena\u00e7\u00e3o do MCTIC, por meio da Coordena\u00e7\u00e3o-Geral de Populariza\u00e7\u00e3o e Divulga\u00e7\u00e3o da Ci\u00eancia (CGPC\/SEPED) e [&hellip;]<\/p>\n","protected":false},"author":76,"featured_media":0,"parent":0,"menu_order":106,"comment_status":"closed","ping_status":"closed","template":"","meta":[],"_links":{"self":[{"href":"https:\/\/www.ifbaiano.edu.br\/unidades\/alagoinhas\/wp-json\/wp\/v2\/pages\/1702"}],"collection":[{"href":"https:\/\/www.ifbaiano.edu.br\/unidades\/alagoinhas\/wp-json\/wp\/v2\/pages"}],"about":[{"href":"https:\/\/www.ifbaiano.edu.br\/unidades\/alagoinhas\/wp-json\/wp\/v2\/types\/page"}],"author":[{"embeddable":true,"href":"https:\/\/www.ifbaiano.edu.br\/unidades\/alagoinhas\/wp-json\/wp\/v2\/users\/76"}],"replies":[{"embeddable":true,"href":"https:\/\/www.ifbaiano.edu.br\/unidades\/alagoinhas\/wp-json\/wp\/v2\/comments?post=1702"}],"version-history":[{"count":106,"href":"https:\/\/www.ifbaiano.edu.br\/unidades\/alagoinhas\/wp-json\/wp\/v2\/pages\/1702\/revisions"}],"predecessor-version":[{"id":1869,"href":"https:\/\/www.ifbaiano.edu.br\/unidades\/alagoinhas\/wp-json\/wp\/v2\/pages\/1702\/revisions\/1869"}],"wp:attachment":[{"href":"https:\/\/www.ifbaiano.edu.br\/unidades\/alagoinhas\/wp-json\/wp\/v2\/media?parent=1702"}],"curies":[{"name":"wp","href":"https:\/\/api.w.org\/{rel}","templated":true}]}}