{"id":18,"date":"2017-02-08T16:27:20","date_gmt":"2017-02-08T18:27:20","guid":{"rendered":"http:\/\/www.ifbaiano.edu.br\/unidades\/xique-xique\/?page_id=18"},"modified":"2019-07-28T23:30:46","modified_gmt":"2019-07-29T02:30:46","slug":"convenios","status":"publish","type":"page","link":"https:\/\/www.ifbaiano.edu.br\/unidades\/alagoinhas\/convenios\/","title":{"rendered":"Conv\u00eanios"},"content":{"rendered":"<p><strong><em>Nesta se\u00e7\u00e3o ser\u00e3o divulgadas, periodicamente, informa\u00e7\u00f5es sobre os repasses e transfer\u00eancias de recursos financeiros efetuados pelo Campus\u00a0Alagoinhas.<\/em><\/strong><\/p>\n","protected":false},"excerpt":{"rendered":"<p>Nesta se\u00e7\u00e3o ser\u00e3o divulgadas, periodicamente, informa\u00e7\u00f5es sobre os repasses e transfer\u00eancias de recursos financeiros efetuados pelo Campus\u00a0Alagoinhas.<\/p>\n","protected":false},"author":74,"featured_media":0,"parent":0,"menu_order":31,"comment_status":"closed","ping_status":"closed","template":"","meta":[],"_links":{"self":[{"href":"https:\/\/www.ifbaiano.edu.br\/unidades\/alagoinhas\/wp-json\/wp\/v2\/pages\/18"}],"collection":[{"href":"https:\/\/www.ifbaiano.edu.br\/unidades\/alagoinhas\/wp-json\/wp\/v2\/pages"}],"about":[{"href":"https:\/\/www.ifbaiano.edu.br\/unidades\/alagoinhas\/wp-json\/wp\/v2\/types\/page"}],"author":[{"embeddable":true,"href":"https:\/\/www.ifbaiano.edu.br\/unidades\/alagoinhas\/wp-json\/wp\/v2\/users\/74"}],"replies":[{"embeddable":true,"href":"https:\/\/www.ifbaiano.edu.br\/unidades\/alagoinhas\/wp-json\/wp\/v2\/comments?post=18"}],"version-history":[{"count":11,"href":"https:\/\/www.ifbaiano.edu.br\/unidades\/alagoinhas\/wp-json\/wp\/v2\/pages\/18\/revisions"}],"predecessor-version":[{"id":3476,"href":"https:\/\/www.ifbaiano.edu.br\/unidades\/alagoinhas\/wp-json\/wp\/v2\/pages\/18\/revisions\/3476"}],"wp:attachment":[{"href":"https:\/\/www.ifbaiano.edu.br\/unidades\/alagoinhas\/wp-json\/wp\/v2\/media?parent=18"}],"curies":[{"name":"wp","href":"https:\/\/api.w.org\/{rel}","templated":true}]}}