{"id":20,"date":"2017-02-08T16:27:51","date_gmt":"2017-02-08T18:27:51","guid":{"rendered":"http:\/\/www.ifbaiano.edu.br\/unidades\/xique-xique\/?page_id=20"},"modified":"2020-11-06T16:12:30","modified_gmt":"2020-11-06T19:12:30","slug":"despesas","status":"publish","type":"page","link":"https:\/\/www.ifbaiano.edu.br\/unidades\/alagoinhas\/despesas\/","title":{"rendered":"Despesas"},"content":{"rendered":"<p><strong><em>Nesta se\u00e7\u00e3o ser\u00e3o divulgadas informa\u00e7\u00f5es sobre a execu\u00e7\u00e3o or\u00e7ament\u00e1ria e financeira do Campus Alagoinhas.<\/em><\/strong><\/p>\n\n\n<p><strong>DI\u00c1RIAS<\/strong><\/p>\n\n\n\n<div class=\"wp-block-file\"><a href=\"http:\/\/www.ifbaiano.edu.br\/unidades\/alagoinhas\/files\/2019\/12\/Fluxo-Di\u00e1rias-Passagens-e-Despesas.pdf\">Fluxo &#8211; Di\u00e1rias, Passagens e Despesas<\/a><a href=\"http:\/\/www.ifbaiano.edu.br\/unidades\/alagoinhas\/files\/2019\/12\/Fluxo-Di\u00e1rias-Passagens-e-Despesas.pdf\" class=\"wp-block-file__button\" download>Baixar<\/a><\/div>\n\n\n\n<div class=\"wp-block-file\"><a href=\"https:\/\/www.ifbaiano.edu.br\/unidades\/alagoinhas\/files\/2020\/11\/Relatorio-de-viagens_SCDP-2019.pdf\">Relat\u00f3rio de viagens SCDP 2019<\/a><a href=\"https:\/\/www.ifbaiano.edu.br\/unidades\/alagoinhas\/files\/2020\/11\/Relatorio-de-viagens_SCDP-2019.pdf\" class=\"wp-block-file__button\" download>Baixar<\/a><\/div>\n\n\n\n<div class=\"wp-block-file\"><a href=\"https:\/\/www.ifbaiano.edu.br\/unidades\/alagoinhas\/files\/2020\/11\/Relatorio-de-viagens_SCDP-2020.pdf\">Relat\u00f3rio de viagens_SCDP 2020<\/a><a href=\"https:\/\/www.ifbaiano.edu.br\/unidades\/alagoinhas\/files\/2020\/11\/Relatorio-de-viagens_SCDP-2020.pdf\" class=\"wp-block-file__button\" download>Baixar<\/a><\/div>\n","protected":false},"excerpt":{"rendered":"<p>Nesta se\u00e7\u00e3o ser\u00e3o divulgadas informa\u00e7\u00f5es sobre a execu\u00e7\u00e3o or\u00e7ament\u00e1ria e financeira do Campus Alagoinhas. DI\u00c1RIAS<\/p>\n","protected":false},"author":74,"featured_media":0,"parent":0,"menu_order":38,"comment_status":"closed","ping_status":"closed","template":"","meta":[],"_links":{"self":[{"href":"https:\/\/www.ifbaiano.edu.br\/unidades\/alagoinhas\/wp-json\/wp\/v2\/pages\/20"}],"collection":[{"href":"https:\/\/www.ifbaiano.edu.br\/unidades\/alagoinhas\/wp-json\/wp\/v2\/pages"}],"about":[{"href":"https:\/\/www.ifbaiano.edu.br\/unidades\/alagoinhas\/wp-json\/wp\/v2\/types\/page"}],"author":[{"embeddable":true,"href":"https:\/\/www.ifbaiano.edu.br\/unidades\/alagoinhas\/wp-json\/wp\/v2\/users\/74"}],"replies":[{"embeddable":true,"href":"https:\/\/www.ifbaiano.edu.br\/unidades\/alagoinhas\/wp-json\/wp\/v2\/comments?post=20"}],"version-history":[{"count":7,"href":"https:\/\/www.ifbaiano.edu.br\/unidades\/alagoinhas\/wp-json\/wp\/v2\/pages\/20\/revisions"}],"predecessor-version":[{"id":2980,"href":"https:\/\/www.ifbaiano.edu.br\/unidades\/alagoinhas\/wp-json\/wp\/v2\/pages\/20\/revisions\/2980"}],"wp:attachment":[{"href":"https:\/\/www.ifbaiano.edu.br\/unidades\/alagoinhas\/wp-json\/wp\/v2\/media?parent=20"}],"curies":[{"name":"wp","href":"https:\/\/api.w.org\/{rel}","templated":true}]}}