{"id":223,"date":"2017-05-08T16:49:55","date_gmt":"2017-05-08T19:49:55","guid":{"rendered":"http:\/\/www.ifbaiano.edu.br\/unidades\/alagoinhas\/?page_id=223"},"modified":"2017-09-06T11:40:49","modified_gmt":"2017-09-06T14:40:49","slug":"fic2017","status":"publish","type":"page","link":"https:\/\/www.ifbaiano.edu.br\/unidades\/alagoinhas\/fic2017\/","title":{"rendered":"Processo para Ingresso de Estudantes &#8211; Cursos FIC 2017"},"content":{"rendered":"<p style=\"text-align: justify\"><a href=\"http:\/\/concurso.ifbaiano.edu.br\/portal\/fic-alagoinhas-2017\/wp-content\/uploads\/sites\/88\/2017\/05\/Edital-n09-2017-Processo-Seletivo-FIC-Campus-Alagoinhas.pdf\">Edital N\u00ba 9\/2017\u00a0&#8211; Processo Seletivo FIC &#8211; Campus Alagoinhas<\/a><\/p>\n<p><a href=\"http:\/\/www.ifbaiano.edu.br\/unidades\/alagoinhas\/inscricoes-homologadas-2\/\"><strong>INSCRI\u00c7\u00d5ES HOMOLOGADAS<\/strong><\/a><\/p>\n<p><strong><a href=\"http:\/\/www.ifbaiano.edu.br\/unidades\/alagoinhas\/1a-chamada-de-matricula\/\">RESULTADO &#8211; 1\u00aa CHAMADA<\/a>\u00a0<span style=\"color: #800000\">(Matr\u00edculas Encerradas)<\/span><\/strong><\/p>\n<p><strong><a href=\"http:\/\/www.ifbaiano.edu.br\/unidades\/alagoinhas\/2a-chamada-de-matricula\/\">RESULTADO &#8211; 2\u00aa CHAMADA<\/a>\u00a0<span style=\"color: #800000\">(Matr\u00edculas Encerradas)<\/span><\/strong><\/p>\n<p><span style=\"color: #008000\"><a style=\"color: #008000\" href=\"http:\/\/www.ifbaiano.edu.br\/unidades\/alagoinhas\/3-a-chamada-de-matricula\/\"><strong>RESULTADO &#8211; 3\u00aa CHAMADA<\/strong><\/a><\/span><strong> \u00a0<span style=\"color: #800000\">(Matr\u00edculas Encerradas)<\/span><\/strong><\/p>\n<p><span style=\"color: #008000\"><a style=\"color: #008000\" href=\"http:\/\/www.ifbaiano.edu.br\/unidades\/alagoinhas\/4a-chamada-de-matricula\/\"><strong>RESULTADO &#8211; 4\u00aa CHAMADA<\/strong><\/a><\/span><strong> <span style=\"color: #800000\">(Matr\u00edculas Encerradas)<\/span><\/strong><\/p>\n<p><a href=\"http:\/\/www.ifbaiano.edu.br\/unidades\/alagoinhas\/5a-chamada-de-matricula\/\"><span style=\"color: #008000\"><strong>RESULTADO &#8211; 5\u00aa CHAMADA<\/strong><\/span><strong> <span style=\"color: #800000\">(Matr\u00edculas Encerradas)<\/span><\/strong><\/a><\/p>\n<p><a href=\"http:\/\/www.ifbaiano.edu.br\/unidades\/alagoinhas\/5a-chamada-de-matricula\/\"><span style=\"color: #008000\"><strong>RESULTADO &#8211; 5\u00aa CHAMADA<\/strong><\/span><strong>\u00a0<span style=\"color: #800000\">(Matr\u00edculas Encerradas)<\/span><\/strong><\/a><\/p>\n<p><a href=\"http:\/\/www.ifbaiano.edu.br\/unidades\/alagoinhas\/6a-chamada-de-matricula\/\"><span style=\"color: #008000\"><strong>RESULTADO &#8211; 6\u00aa CHAMADA<\/strong><\/span><strong>\u00a0<span style=\"color: #800000\">(Matr\u00edculas Encerradas)<\/span><\/strong><\/a><\/p>\n<p><a href=\"http:\/\/www.ifbaiano.edu.br\/unidades\/alagoinhas\/7a-chamada-de-matricula\/\"><span style=\"color: #008000\"><strong>RESULTADO &#8211; 7\u00aa CHAMADA<\/strong><\/span> <\/a><strong><a href=\"http:\/\/www.ifbaiano.edu.br\/unidades\/alagoinhas\/8a-chamada-de-matricula\/\"><span style=\"color: #800000\">(Matr\u00edculas Encerradas)<\/span><\/a><\/strong><\/p>\n<p><a href=\"http:\/\/www.ifbaiano.edu.br\/unidades\/alagoinhas\/8a-chamada-de-matricula\/\"><span style=\"color: #008000\"><strong>RESULTADO &#8211; 8\u00aa CHAMADA<\/strong><\/span>\u00a0<\/a><strong><a href=\"http:\/\/www.ifbaiano.edu.br\/unidades\/alagoinhas\/8a-chamada-de-matricula\/\"><span style=\"color: #800000\">(Matr\u00edculas Encerradas)<\/span><\/a><\/strong><\/p>\n<p><a href=\"http:\/\/www.ifbaiano.edu.br\/unidades\/alagoinhas\/9-a-chamada-de-matricula\/\"><span style=\"color: #008000\"><strong>RESULTADO &#8211; 9\u00aa CHAMADA<\/strong><\/span>\u00a0<strong><span style=\"color: #800000\">(Inscri\u00e7\u00f5es dias 26\/07 a 04\/08 )<\/span><\/strong><\/a><\/p>\n<h3 style=\"text-align: justify\"><a href=\"http:\/\/www.ifbaiano.edu.br\/unidades\/alagoinhas\/10-a-chamada-de-matricula\/\"><span style=\"color: #008000\"><strong>RESULTADO &#8211; 10\u00aa CHAMADA<\/strong><\/span>\u00a0<strong><span style=\"color: #800000\">(Inscri\u00e7\u00f5es at\u00e9 15\/09\/2017)<\/span><\/strong><\/a><\/h3>\n","protected":false},"excerpt":{"rendered":"<p>Edital N\u00ba 9\/2017\u00a0&#8211; Processo Seletivo FIC &#8211; Campus Alagoinhas INSCRI\u00c7\u00d5ES HOMOLOGADAS RESULTADO &#8211; 1\u00aa CHAMADA\u00a0(Matr\u00edculas Encerradas) RESULTADO &#8211; 2\u00aa CHAMADA\u00a0(Matr\u00edculas Encerradas) RESULTADO &#8211; 3\u00aa CHAMADA \u00a0(Matr\u00edculas Encerradas) RESULTADO &#8211; 4\u00aa CHAMADA (Matr\u00edculas Encerradas) RESULTADO &#8211; 5\u00aa CHAMADA (Matr\u00edculas Encerradas) RESULTADO &#8211; 5\u00aa CHAMADA\u00a0(Matr\u00edculas Encerradas) RESULTADO &#8211; 6\u00aa CHAMADA\u00a0(Matr\u00edculas Encerradas) RESULTADO &#8211; 7\u00aa CHAMADA (Matr\u00edculas Encerradas) [&hellip;]<\/p>\n","protected":false},"author":76,"featured_media":0,"parent":0,"menu_order":90,"comment_status":"closed","ping_status":"closed","template":"","meta":[],"_links":{"self":[{"href":"https:\/\/www.ifbaiano.edu.br\/unidades\/alagoinhas\/wp-json\/wp\/v2\/pages\/223"}],"collection":[{"href":"https:\/\/www.ifbaiano.edu.br\/unidades\/alagoinhas\/wp-json\/wp\/v2\/pages"}],"about":[{"href":"https:\/\/www.ifbaiano.edu.br\/unidades\/alagoinhas\/wp-json\/wp\/v2\/types\/page"}],"author":[{"embeddable":true,"href":"https:\/\/www.ifbaiano.edu.br\/unidades\/alagoinhas\/wp-json\/wp\/v2\/users\/76"}],"replies":[{"embeddable":true,"href":"https:\/\/www.ifbaiano.edu.br\/unidades\/alagoinhas\/wp-json\/wp\/v2\/comments?post=223"}],"version-history":[{"count":72,"href":"https:\/\/www.ifbaiano.edu.br\/unidades\/alagoinhas\/wp-json\/wp\/v2\/pages\/223\/revisions"}],"predecessor-version":[{"id":882,"href":"https:\/\/www.ifbaiano.edu.br\/unidades\/alagoinhas\/wp-json\/wp\/v2\/pages\/223\/revisions\/882"}],"wp:attachment":[{"href":"https:\/\/www.ifbaiano.edu.br\/unidades\/alagoinhas\/wp-json\/wp\/v2\/media?parent=223"}],"curies":[{"name":"wp","href":"https:\/\/api.w.org\/{rel}","templated":true}]}}