{"id":2231,"date":"2019-05-30T11:02:08","date_gmt":"2019-05-30T14:02:08","guid":{"rendered":"http:\/\/www.ifbaiano.edu.br\/unidades\/alagoinhas\/?page_id=2231"},"modified":"2022-03-10T10:17:02","modified_gmt":"2022-03-10T13:17:02","slug":"voce-sabe-estudar","status":"publish","type":"page","link":"https:\/\/www.ifbaiano.edu.br\/unidades\/alagoinhas\/voce-sabe-estudar\/","title":{"rendered":"Voc\u00ea sabe estudar?"},"content":{"rendered":"\n<p class=\"has-vivid-red-color has-text-color has-medium-font-size\"><strong>CRIE SUA ROTINA DE ESTUDOS<\/strong><\/p>\n\n\n<p>Rotina de estudos \u00e9 o h\u00e1bito de estudar quando voc\u00ea n\u00e3o est\u00e1 em sala de aula. Crie seu plano de estudos e sua rotina di\u00e1ria de estudos em casa ou biblioteca, de prefer\u00eancia com hor\u00e1rios fixos. Comece com vinte minutos di\u00e1rios e depois estenda aos poucos. Estabele\u00e7a rotinas tamb\u00e9m para acordar, comer e descansar nos mesmos hor\u00e1rios, para que o cansa\u00e7o e a fome n\u00e3o distraiam os seus estudos.<\/p>\n<p><!--StartFragment--><\/p>\n\n\n<p class=\"has-vivid-red-color has-text-color has-medium-font-size\"><strong>ORGANIZE SEU TEMPO DE ESTUDO<\/strong><\/p>\n\n\n\n<p>Organize o tempo de estudo em blocos com pausas. Por exemplo, estude por 25 minutos e pare 5 minutos para descanso, banheiro, comida, distra\u00e7\u00e3o. Ou estude durante 50 minutos e pare 10 minutos. Assim n\u00e3o fica cansativo para o c\u00e9rebro e para seu corpo. S\u00f3 n\u00e3o vale passar muito tempo nas pausas, fique atento(a)!<\/p>\n\n\n\n<p class=\"has-vivid-red-color has-text-color has-medium-font-size\"><strong>ORGANIZE SUAS ATIVIDADES<\/strong><\/p>\n\n\n\n<p class=\"has-black-color has-text-color\">N\u00e3o deixe tudo para \u00faltima hora! N\u00e3o deixe para estudar apenas na v\u00e9spera da avalia\u00e7\u00e3o! Organize sua agenda, anote as datas das avalia\u00e7\u00f5es, semin\u00e1rios, pesquisas, anote os temas das atividades e os nomes dos colegas do trabalho em grupo. Lembre-se: fazer as coisas \u00e0s pressas n\u00e3o \u00e9 a melhor maneira de estudar.  <\/p>\n\n\n\n<p class=\"has-vivid-red-color has-text-color has-medium-font-size\"><strong>DESCUBRA COMO VOC\u00ca APRENDE<\/strong><\/p>\n\n\n\n<p>Aprendemos de formas diferentes. Uns aprendem mais ao ouvir, outros preferem ler ou falar sobre o conte\u00fado da disciplina. H\u00e1 v\u00e1rias t\u00e9cnicas de estudo que voc\u00ea pode utilizar para otimizar sua aprendizagem. Descubra quais s\u00e3o aquelas que geram os melhores resultados para voc\u00ea!<\/p>\n\n\n\n<p class=\"has-vivid-red-color has-text-color has-medium-font-size\"><strong>TENHA FOCO<\/strong><\/p>\n\n\n\n<p>A qualidade do tempo que voc\u00ea dedica os estudos \u00e9 fundamental por isso se concentre. Evite distra\u00e7\u00f5es, n\u00e3o fique checando o celular ou o computador a toda instante. Estudo primeiro, lazer depois, sem preocupa\u00e7\u00f5es ou dor na consci\u00eancia.  <\/p>\n\n\n\n<p class=\"has-vivid-red-color has-text-color has-medium-font-size\"><strong>T\u00c9CNICAS DE ESTUDOS<\/strong><\/p>\n\n\n\n<p>Anota\u00e7\u00f5es, resumos, esquemas, mapas conceituais e question\u00e1rios s\u00e3o boas ferramentas indicadas para voc\u00ea aprender os temas das disciplinas pois mobilizam seu processo de leitura e escrita. Descubra quais delas voc\u00ea mais gosta de usar.  <\/p>\n\n\n\n<p class=\"has-vivid-red-color has-text-color has-medium-font-size\"><strong>LEIA E ESCREVA<\/strong><\/p>\n\n\n\n<p>Pratique leitura e produ\u00e7\u00e3o de textos semanalmente. Busque apoio dos professores nessa tarefa. <strong>Ao estudar provoque seu c\u00e9rebro. Escreva \u00e0 m\u00e3o resumos com suas pr\u00f3prias palavras, fa\u00e7a anota\u00e7\u00f5es e <\/strong>explique o conte\u00fado para voc\u00ea mesmo.<\/p>\n\n\n\n<p class=\"has-vivid-red-color has-text-color has-medium-font-size\"><strong>PARTICIPE DAS AULAS<\/strong><\/p>\n\n\n\n<p>Participar \u00e9 mais do que sua presen\u00e7a f\u00edsica na sala de aula. Fique atento \u00e0s falas dos professores e colegas, fa\u00e7a perguntas, use o livro did\u00e1tico e outros textos indicados pelos professores. As mem\u00f3rias visuais e verbais que s\u00e3o vivenciadas durante as aulas com professores e colegas podem ser associadas aos conte\u00fados das disciplinas quando voc\u00ea est\u00e1 estudando.  <\/p>\n\n\n\n<p class=\"has-vivid-red-color has-text-color has-medium-font-size\"><strong>POSTURA DO CORPO<\/strong><\/p>\n\n\n\n<p>Evite estudar na cama ou deitado no sof\u00e1 pois voc\u00ea pode acabar dormindo. Procure estudar sentado em cadeira apoiando bra\u00e7os e material de estudo em mesa, de prefer\u00eancia em local bem iluminado, ventilado e silencioso.<\/p>\n\n\n\n<p class=\"has-vivid-red-color has-text-color has-medium-font-size\"><strong>BOM DESCANSO<\/strong><\/p>\n\n\n\n<p>Evite dormir muito tarde e respeite seus hor\u00e1rios de sono para se sentir renovado(a) no dia seguinte.<\/p>\n\n\n\n<p><strong>REFER\u00caNCIAS<\/strong><br>COELHO, Marcela. <strong>Roteiro de organiza\u00e7\u00e3o de estudos para quem faz ensino m\u00e9dio.<\/strong> Dispon\u00edvel em https:\/\/blog.mettzer.com\/referencia-de-sites-e-artigos-online\/. Acesso em: 04 out 2018<br>GOVERNO DO ESTADO DE S\u00c3O PAULO. <strong>Aulas de Estudo Orientado Ensino M\u00e9dio<\/strong>. s\/d<br>UNIVERSIDADE TECNOL\u00d3GICA FEDERAL DO PARAN\u00c1. <strong>Dicas e t\u00e9cnicas de estudo.<\/strong> s\/d<\/p>\n\n\n<p><!--EndFragment--><\/p>\n\n\n<p>Baixe o v\u00eddeo da tradu\u00e7\u00e3o em LIBRAS para esta orienta\u00e7\u00e3o <a rel=\"noreferrer noopener\" aria-label=\"aqui (abre numa nova aba)\" href=\"http:\/\/meudrive.ifbaiano.edu.br\/owncloud\/index.php\/s\/xhxJUX11FAVgpsw\/download\" target=\"_blank\">aqui<\/a>.<br>Baixe o \u00e1udio da audiodescri\u00e7\u00e3o para esta orienta\u00e7\u00e3o <a href=\"https:\/\/meudrive.ifbaiano.edu.br\/owncloud\/index.php\/s\/4F8O1UnQ82gyZ3q\" target=\"_blank\" rel=\"noreferrer noopener\" aria-label=\"aqui (abre numa nova aba)\">aqui<\/a>.<\/p>\n","protected":false},"excerpt":{"rendered":"<p>CRIE SUA ROTINA DE ESTUDOS Rotina de estudos \u00e9 o h\u00e1bito de estudar quando voc\u00ea n\u00e3o est\u00e1 em sala de aula. Crie seu plano de estudos e sua rotina di\u00e1ria de estudos em casa ou biblioteca, de prefer\u00eancia com hor\u00e1rios fixos. Comece com vinte minutos di\u00e1rios e depois estenda aos poucos. Estabele\u00e7a rotinas tamb\u00e9m para [&hellip;]<\/p>\n","protected":false},"author":117,"featured_media":0,"parent":0,"menu_order":116,"comment_status":"closed","ping_status":"closed","template":"","meta":[],"_links":{"self":[{"href":"https:\/\/www.ifbaiano.edu.br\/unidades\/alagoinhas\/wp-json\/wp\/v2\/pages\/2231"}],"collection":[{"href":"https:\/\/www.ifbaiano.edu.br\/unidades\/alagoinhas\/wp-json\/wp\/v2\/pages"}],"about":[{"href":"https:\/\/www.ifbaiano.edu.br\/unidades\/alagoinhas\/wp-json\/wp\/v2\/types\/page"}],"author":[{"embeddable":true,"href":"https:\/\/www.ifbaiano.edu.br\/unidades\/alagoinhas\/wp-json\/wp\/v2\/users\/117"}],"replies":[{"embeddable":true,"href":"https:\/\/www.ifbaiano.edu.br\/unidades\/alagoinhas\/wp-json\/wp\/v2\/comments?post=2231"}],"version-history":[{"count":3,"href":"https:\/\/www.ifbaiano.edu.br\/unidades\/alagoinhas\/wp-json\/wp\/v2\/pages\/2231\/revisions"}],"predecessor-version":[{"id":4064,"href":"https:\/\/www.ifbaiano.edu.br\/unidades\/alagoinhas\/wp-json\/wp\/v2\/pages\/2231\/revisions\/4064"}],"wp:attachment":[{"href":"https:\/\/www.ifbaiano.edu.br\/unidades\/alagoinhas\/wp-json\/wp\/v2\/media?parent=2231"}],"curies":[{"name":"wp","href":"https:\/\/api.w.org\/{rel}","templated":true}]}}