{"id":2335,"date":"2019-06-10T15:43:37","date_gmt":"2019-06-10T18:43:37","guid":{"rendered":"http:\/\/www.ifbaiano.edu.br\/unidades\/alagoinhas\/?page_id=2335"},"modified":"2019-07-29T00:03:41","modified_gmt":"2019-07-29T03:03:41","slug":"comunidade-interna","status":"publish","type":"page","link":"https:\/\/www.ifbaiano.edu.br\/unidades\/alagoinhas\/comunidade-interna\/","title":{"rendered":"Comunidade Interna"},"content":{"rendered":"\n<p> <br><em><strong>Nesta se\u00e7\u00e3o ser\u00e3o divulgados  os documentos referentes \u00e0 concursos e sele\u00e7\u00f5es destinados \u00e0 comunidade interna do Campus Alagoinhas. <\/strong><\/em><\/p>\n","protected":false},"excerpt":{"rendered":"<p>Nesta se\u00e7\u00e3o ser\u00e3o divulgados os documentos referentes \u00e0 concursos e sele\u00e7\u00f5es destinados \u00e0 comunidade interna do Campus Alagoinhas.<\/p>\n","protected":false},"author":117,"featured_media":0,"parent":0,"menu_order":27,"comment_status":"closed","ping_status":"closed","template":"","meta":[],"_links":{"self":[{"href":"https:\/\/www.ifbaiano.edu.br\/unidades\/alagoinhas\/wp-json\/wp\/v2\/pages\/2335"}],"collection":[{"href":"https:\/\/www.ifbaiano.edu.br\/unidades\/alagoinhas\/wp-json\/wp\/v2\/pages"}],"about":[{"href":"https:\/\/www.ifbaiano.edu.br\/unidades\/alagoinhas\/wp-json\/wp\/v2\/types\/page"}],"author":[{"embeddable":true,"href":"https:\/\/www.ifbaiano.edu.br\/unidades\/alagoinhas\/wp-json\/wp\/v2\/users\/117"}],"replies":[{"embeddable":true,"href":"https:\/\/www.ifbaiano.edu.br\/unidades\/alagoinhas\/wp-json\/wp\/v2\/comments?post=2335"}],"version-history":[{"count":5,"href":"https:\/\/www.ifbaiano.edu.br\/unidades\/alagoinhas\/wp-json\/wp\/v2\/pages\/2335\/revisions"}],"predecessor-version":[{"id":2441,"href":"https:\/\/www.ifbaiano.edu.br\/unidades\/alagoinhas\/wp-json\/wp\/v2\/pages\/2335\/revisions\/2441"}],"wp:attachment":[{"href":"https:\/\/www.ifbaiano.edu.br\/unidades\/alagoinhas\/wp-json\/wp\/v2\/media?parent=2335"}],"curies":[{"name":"wp","href":"https:\/\/api.w.org\/{rel}","templated":true}]}}