{"id":2458,"date":"2019-08-15T16:07:40","date_gmt":"2019-08-15T19:07:40","guid":{"rendered":"http:\/\/www.ifbaiano.edu.br\/unidades\/alagoinhas\/?page_id=2458"},"modified":"2019-08-15T19:41:05","modified_gmt":"2019-08-15T22:41:05","slug":"realizando-eventos","status":"publish","type":"page","link":"https:\/\/www.ifbaiano.edu.br\/unidades\/alagoinhas\/realizando-eventos\/","title":{"rendered":"Realizando Eventos"},"content":{"rendered":"\n<p><em><strong>Nesta se\u00e7\u00e3o s\u00e3o divulgadas informa\u00e7\u00f5es acerca da organiza\u00e7\u00e3o de eventos.<\/strong><\/em><\/p>\n\n\n\n<p><strong>FLUXO DE SOLICITA\u00c7\u00c3O<\/strong><br><\/p>\n\n\n\n<p>1. Not\u00edcias, acontecimentos, a\u00e7\u00f5es e eventos do Campus Alagoinhas devem ser comunicados ao NCE assim que confirmada sua realiza\u00e7\u00e3o, atrav\u00e9s do e-mail comunicacao@alagoinhas.ifbaiano.edu.br. Informes e solicita\u00e7\u00f5es de servi\u00e7os do N\u00facleo devem tamb\u00e9m ser enviadas para este e-mail. <br><\/p>\n\n\n\n<p>2. Em caso de eventos, o proponente\/comiss\u00e3o deve solicitar a participa\u00e7\u00e3o do NCE e da CUEC atrav\u00e9s de portaria expedida pelo Gabinete do Campus Alagoinhas para tornarem mais s\u00f3lidas as rela\u00e7\u00f5es;<br>a) Na primeira reuni\u00e3o da comiss\u00e3o ou atrav\u00e9s de of\u00edcio\/email, o proponente deve:<br>&#8211; apresentar suas demandas destinadas ao NCE e \u00e0 CUEC;<br>&#8211; responder ao <em>briefing<\/em>, identificando o evento, local, dia e hor\u00e1rio, objetivos, p\u00fablico-alvo, os modos de inscri\u00e7\u00e3o\/participa\u00e7\u00e3o, dentre outras informa\u00e7\u00f5es relevantes;<br>b) A solicita\u00e7\u00e3o \u00e9 verificada e \u00e9 dado o retorno com as possibilidades de execu\u00e7\u00e3o das demandas;<br>c) O evento \u00e9 agendado em calend\u00e1rio de controle do setor;<br>d) S\u00e3o iniciadas as execu\u00e7\u00f5es das demandas.<br><\/p>\n\n\n\n<p><em><strong>Pr\u00e9-produ\u00e7\u00e3o<\/strong>: Organizar, orientar e planejar a\u00e7\u00f5es para a execu\u00e7\u00e3o do evento (disponibiliza\u00e7\u00e3o de material, confec\u00e7\u00e3o de material gr\u00e1fico, divulga\u00e7\u00e3o de chamada para o evento nas m\u00eddias sociais, orienta\u00e7\u00e3o para o cerimonial e etc).<\/em><br>a) A Coordena\u00e7\u00e3o de Comunica\u00e7\u00e3o (Reitoria) pode criar logotipo e materiais de divulga\u00e7\u00e3o (cartazes, panfletos e convites para impress\u00e3o, cards e v\u00eddeos para as redes sociais);<br>b) O N\u00facleo de Comunica\u00e7\u00e3o e Eventos do Campus Alagoinhas:<br>&#8211; convida servidores e estudantes a colaborarem como Cerimonialista, Mestre de Cerim\u00f4nia, Fot\u00f3grafo, Decorador e Operador de M\u00eddias (som, luz e proje\u00e7\u00e3o);<br>&#8211; estabelece parcerias com organismos p\u00fablicos para oferta de equipamentos necess\u00e1rios aos procedimentos do evento (porta-bandeiras, arranjo de flores, toalhas de mesa, ta\u00e7as de cristais, becas, capelos etc.);<br>&#8211; elabora o roteiro de cerim\u00f4nia;<br>&#8211; organiza um ensaio com os participantes do evento e orienta-os acerca dos procedimentos para uma melhor performance do evento;<br>&#8211; publiciza materiais de divulga\u00e7\u00e3o previamente, quando disponibilizados os documentos e as m\u00eddias.<br><\/p>\n\n\n\n<p><em><strong>Produ\u00e7\u00e3o<\/strong>: Orientar e executar a\u00e7\u00f5es no evento (capta\u00e7\u00e3o de dados, imagens e voz; orientar na execu\u00e7\u00e3o do cerimonial, entre outros). <\/em>O NCE:<br>&#8211; orienta os servidores, estudantes e convidados na execu\u00e7\u00e3o de seus pap\u00e9is durante o evento (Cerimonialista, Mestre de Cerim\u00f4nia, Fot\u00f3grafo, Decorador, Operador de M\u00eddias, Formandos\/Concluintes, Convidados);<br>&#8211; adapta o Roteiro de Cerim\u00f4nia \u00e0s necessidades conjunturais;<br>&#8211; organiza a Mesa de Honra;<br>&#8211; monta e desmonta os equipamentos eletr\u00f4nicos.<br><\/p>\n\n\n\n<p><em><strong>P\u00f3s produ\u00e7\u00e3o<\/strong>: Divulgar os resultados do evento (not\u00edcias, fotos, pesquisas de satisfa\u00e7\u00e3o e etc). <\/em>O NCE:<br>&#8211; disponibiliza os arquivos de m\u00eddia na pasta compartilhada na intranet;<br>&#8211; publiciza fotos, v\u00eddeos e resultados de eventos, quando disponibilizados os documentos e as m\u00eddias.<\/p>\n\n\n\n<p><strong>PRAZOS<\/strong><br><\/p>\n\n\n\n<p>COMUNICA\u00c7\u00c3O<br>&#8211; A produ\u00e7\u00e3o de pe\u00e7as de publicidade de eventos institucionais s\u00e3o produzidas pela Coordena\u00e7\u00e3o de Comunica\u00e7\u00e3o, localizada na Reitoria. O setor respons\u00e1vel pela atividade deve entrar em contato com a coordena\u00e7\u00e3o e copiar o NCE na comunica\u00e7\u00e3o, atentando-se para os prazos e procedimentos constantes no Guia de Solicita\u00e7\u00f5es. Sua publica\u00e7\u00e3o na p\u00e1gina e nas redes sociais do <em>Campus<\/em> deve ser solicitada ao NCE do <em>Campus<\/em> Alagoinhas atrav\u00e9s do e-mail comunicacao@alagoinhas.ifbaiano.edu.br.<br>&#8211; Imagens e suas legendas para publiciza\u00e7\u00e3o em redes sociais devem ser enviadas ao celular do publicizador, com anteced\u00eancia m\u00ednima de 2 dias \u00fateis. Caso sejam enviados por e-mail (comunicacao@alagoinhas.ifbaiano.edu.br), com anteced\u00eancia m\u00ednima de 5 dias \u00fateis.<br>&#8211; Postagens, imagens e reda\u00e7\u00e3o na p\u00e1ginas do Campus Alagoinhas devem ser enviados ao e-mail, com anteced\u00eancia m\u00ednima de 5 dias \u00fateis.<br><\/p>\n\n\n\n<p>EVENTOS<br>&#8211; A organiza\u00e7\u00e3o de eventos \u00e9 realizada pelos n\u00facleos e coordena\u00e7\u00f5es do Campus Alagoinhas em parceria com o NCE, comunicando ao N\u00facleo de Comunica\u00e7\u00e3o e Eventos com anteced\u00eancia m\u00ednima de 10 dias \u00fateis.<br>&#8211; A cobertura de eventos tamb\u00e9m \u00e9 realizada pelo NCE, comunicando com anteced\u00eancia m\u00ednima de 5 dias \u00fateis.<br>* Os prazos e procedimentos ser\u00e3o deliberados em reuni\u00e3o administrativa.<\/p>\n\n\n\n<p><strong>COORDENA\u00c7\u00c3O DE COMUNICA\u00c7\u00c3O<br><\/strong>Acesse a p\u00e1gina da Coordena\u00e7\u00e3o de Comunica\u00e7\u00e3o e aproveite para conhecer os documentos referentes \u00e0 comunica\u00e7\u00e3o social do IF Baiano, acesse <a rel=\"noreferrer noopener\" aria-label=\"aqui (abre numa nova aba)\" href=\"http:\/\/ifbaiano.edu.br\/portal\/comunicacaosala-de-imprensa\/\" target=\"_blank\">aqui<\/a>.<\/p>\n","protected":false},"excerpt":{"rendered":"<p>Nesta se\u00e7\u00e3o s\u00e3o divulgadas informa\u00e7\u00f5es acerca da organiza\u00e7\u00e3o de eventos. FLUXO DE SOLICITA\u00c7\u00c3O 1. Not\u00edcias, acontecimentos, a\u00e7\u00f5es e eventos do Campus Alagoinhas devem ser comunicados ao NCE assim que confirmada sua realiza\u00e7\u00e3o, atrav\u00e9s do e-mail comunicacao@alagoinhas.ifbaiano.edu.br. Informes e solicita\u00e7\u00f5es de servi\u00e7os do N\u00facleo devem tamb\u00e9m ser enviadas para este e-mail. 2. Em caso de eventos, [&hellip;]<\/p>\n","protected":false},"author":117,"featured_media":0,"parent":0,"menu_order":100,"comment_status":"closed","ping_status":"closed","template":"","meta":[],"_links":{"self":[{"href":"https:\/\/www.ifbaiano.edu.br\/unidades\/alagoinhas\/wp-json\/wp\/v2\/pages\/2458"}],"collection":[{"href":"https:\/\/www.ifbaiano.edu.br\/unidades\/alagoinhas\/wp-json\/wp\/v2\/pages"}],"about":[{"href":"https:\/\/www.ifbaiano.edu.br\/unidades\/alagoinhas\/wp-json\/wp\/v2\/types\/page"}],"author":[{"embeddable":true,"href":"https:\/\/www.ifbaiano.edu.br\/unidades\/alagoinhas\/wp-json\/wp\/v2\/users\/117"}],"replies":[{"embeddable":true,"href":"https:\/\/www.ifbaiano.edu.br\/unidades\/alagoinhas\/wp-json\/wp\/v2\/comments?post=2458"}],"version-history":[{"count":13,"href":"https:\/\/www.ifbaiano.edu.br\/unidades\/alagoinhas\/wp-json\/wp\/v2\/pages\/2458\/revisions"}],"predecessor-version":[{"id":2476,"href":"https:\/\/www.ifbaiano.edu.br\/unidades\/alagoinhas\/wp-json\/wp\/v2\/pages\/2458\/revisions\/2476"}],"wp:attachment":[{"href":"https:\/\/www.ifbaiano.edu.br\/unidades\/alagoinhas\/wp-json\/wp\/v2\/media?parent=2458"}],"curies":[{"name":"wp","href":"https:\/\/api.w.org\/{rel}","templated":true}]}}