{"id":2568,"date":"2019-12-02T19:40:55","date_gmt":"2019-12-02T21:40:55","guid":{"rendered":"http:\/\/www.ifbaiano.edu.br\/unidades\/alagoinhas\/?page_id=2568"},"modified":"2019-12-02T19:40:56","modified_gmt":"2019-12-02T21:40:56","slug":"solicitando-diarias","status":"publish","type":"page","link":"https:\/\/www.ifbaiano.edu.br\/unidades\/alagoinhas\/solicitando-diarias\/","title":{"rendered":"Solicitando Di\u00e1rias"},"content":{"rendered":"\n<p><strong>DI\u00c1RIAS<\/strong><br>Para solicita\u00e7\u00e3o de di\u00e1rias, o(a) servidor(a) dever\u00e1 consultar o Manual abaixo. <\/p>\n\n\n\n<div class=\"wp-block-file\"><a href=\"http:\/\/www.ifbaiano.edu.br\/unidades\/alagoinhas\/files\/2019\/12\/MANUAL-PARA-SOLICITA\u00c7\u00c3O-DE-DI\u00c1RIAS-ALAGOINHAS-3.pdf\">Manual para Solicita\u00e7\u00e3o de Di\u00e1rias<\/a><a href=\"http:\/\/www.ifbaiano.edu.br\/unidades\/alagoinhas\/files\/2019\/12\/MANUAL-PARA-SOLICITA\u00c7\u00c3O-DE-DI\u00c1RIAS-ALAGOINHAS-3.pdf\" class=\"wp-block-file__button\" download>Baixar<\/a><\/div>\n\n\n\n<div class=\"wp-block-file\"><a href=\"http:\/\/www.ifbaiano.edu.br\/unidades\/alagoinhas\/files\/2019\/12\/Fluxo-Di\u00e1rias-Passagens-e-Despesas-2.pdf\">Fluxo &#8211; Di\u00e1rias, Passagens e Despesas<\/a><a href=\"http:\/\/www.ifbaiano.edu.br\/unidades\/alagoinhas\/files\/2019\/12\/Fluxo-Di\u00e1rias-Passagens-e-Despesas-2.pdf\" class=\"wp-block-file__button\" download>Baixar<\/a><\/div>\n","protected":false},"excerpt":{"rendered":"<p>DI\u00c1RIASPara solicita\u00e7\u00e3o de di\u00e1rias, o(a) servidor(a) dever\u00e1 consultar o Manual abaixo.<\/p>\n","protected":false},"author":117,"featured_media":0,"parent":0,"menu_order":111,"comment_status":"closed","ping_status":"closed","template":"","meta":[],"_links":{"self":[{"href":"https:\/\/www.ifbaiano.edu.br\/unidades\/alagoinhas\/wp-json\/wp\/v2\/pages\/2568"}],"collection":[{"href":"https:\/\/www.ifbaiano.edu.br\/unidades\/alagoinhas\/wp-json\/wp\/v2\/pages"}],"about":[{"href":"https:\/\/www.ifbaiano.edu.br\/unidades\/alagoinhas\/wp-json\/wp\/v2\/types\/page"}],"author":[{"embeddable":true,"href":"https:\/\/www.ifbaiano.edu.br\/unidades\/alagoinhas\/wp-json\/wp\/v2\/users\/117"}],"replies":[{"embeddable":true,"href":"https:\/\/www.ifbaiano.edu.br\/unidades\/alagoinhas\/wp-json\/wp\/v2\/comments?post=2568"}],"version-history":[{"count":1,"href":"https:\/\/www.ifbaiano.edu.br\/unidades\/alagoinhas\/wp-json\/wp\/v2\/pages\/2568\/revisions"}],"predecessor-version":[{"id":2572,"href":"https:\/\/www.ifbaiano.edu.br\/unidades\/alagoinhas\/wp-json\/wp\/v2\/pages\/2568\/revisions\/2572"}],"wp:attachment":[{"href":"https:\/\/www.ifbaiano.edu.br\/unidades\/alagoinhas\/wp-json\/wp\/v2\/media?parent=2568"}],"curies":[{"name":"wp","href":"https:\/\/api.w.org\/{rel}","templated":true}]}}