{"id":2619,"date":"2020-02-17T13:28:00","date_gmt":"2020-02-17T16:28:00","guid":{"rendered":"http:\/\/www.ifbaiano.edu.br\/unidades\/alagoinhas\/?page_id=2619"},"modified":"2022-03-10T10:20:46","modified_gmt":"2022-03-10T13:20:46","slug":"solicitando-almoco","status":"publish","type":"page","link":"https:\/\/www.ifbaiano.edu.br\/unidades\/alagoinhas\/solicitando-almoco\/","title":{"rendered":"Solicitando almo\u00e7o"},"content":{"rendered":"\n<p class=\"has-medium-font-size\"><strong><em>Abaixo est\u00e1 descrito o fluxo de procedimentos para solicita\u00e7\u00e3o de refei\u00e7\u00f5es extraordin\u00e1rias para estudantes:<\/em><\/strong><\/p>\n\n\n\n<p><strong>1.<\/strong> Ser\u00e1 necess\u00e1rio que o servidor obtenha junto \u00e0 Dire\u00e7\u00e3o Acad\u00eamica via e-mail com c\u00f3pia para CAE a anu\u00eancia para as atividades que planeja executar com anteced\u00eancia m\u00ednima de 04 dias de efetivo expediente administrativo antes da data do evento ou programa de atividades, pois a empresa exige que seja enviada uma previs\u00e3o semanal para efeitos de planejamento;<\/p>\n\n\n\n<p><strong>2.<\/strong> No e-mail deve constar informa\u00e7\u00f5es b\u00e1sicas sobre o programa das a\u00e7\u00f5es, objetivos da atividade, tempo de dura\u00e7\u00e3o, data\/per\u00edodo, nome completo, turma, s\u00e9rie, semestre e quantidade de alunos que dever\u00e3o acessar o refeit\u00f3rio;<\/p>\n\n\n\n<p><strong>3.<\/strong> Ap\u00f3s a anu\u00eancia da Dire\u00e7\u00e3o Acad\u00eamica para a\u00e7\u00e3o pontual ou para o programa de atividades a ser executado em certo per\u00edodo\/data, a CAE, que foi copiada no e.mail e est\u00e1 acompanhando a solicita\u00e7\u00e3o, realizar\u00e1 os devidos encaminhamentos;<\/p>\n\n\n\n<p><strong>4.<\/strong> O servidor dever\u00e1 aguardar a an\u00e1lise das condi\u00e7\u00f5es do servi\u00e7o na unidade de alimenta\u00e7\u00e3o escolar para\u00a0ter\u00a0a demanda de refei\u00e7\u00f5es confirmada pela CAE;<\/p>\n\n\n\n<p><strong>5.<\/strong> No intuito de evitar o desperd\u00edcio, ap\u00f3s a confirma\u00e7\u00e3o do pedido, \u00e9 responsabilidade do(a) solicitante acompanhar junto aos (\u00e0s) discentes a confirma\u00e7\u00e3o pr\u00e9via dos almo\u00e7os . Dependendo da quantidade, a CAE verifica com o restaurante a possibilidade de cancelamento do almo\u00e7o at\u00e9 24 horas de anteced\u00eancia do dia em que est\u00e1 agendado o fornecimento da refei\u00e7\u00e3o.<\/p>\n","protected":false},"excerpt":{"rendered":"<p>Abaixo est\u00e1 descrito o fluxo de procedimentos para solicita\u00e7\u00e3o de refei\u00e7\u00f5es extraordin\u00e1rias para estudantes: 1. Ser\u00e1 necess\u00e1rio que o servidor obtenha junto \u00e0 Dire\u00e7\u00e3o Acad\u00eamica via e-mail com c\u00f3pia para CAE a anu\u00eancia para as atividades que planeja executar com anteced\u00eancia m\u00ednima de 04 dias de efetivo expediente administrativo antes da data do evento ou [&hellip;]<\/p>\n","protected":false},"author":117,"featured_media":0,"parent":0,"menu_order":110,"comment_status":"closed","ping_status":"closed","template":"","meta":[],"_links":{"self":[{"href":"https:\/\/www.ifbaiano.edu.br\/unidades\/alagoinhas\/wp-json\/wp\/v2\/pages\/2619"}],"collection":[{"href":"https:\/\/www.ifbaiano.edu.br\/unidades\/alagoinhas\/wp-json\/wp\/v2\/pages"}],"about":[{"href":"https:\/\/www.ifbaiano.edu.br\/unidades\/alagoinhas\/wp-json\/wp\/v2\/types\/page"}],"author":[{"embeddable":true,"href":"https:\/\/www.ifbaiano.edu.br\/unidades\/alagoinhas\/wp-json\/wp\/v2\/users\/117"}],"replies":[{"embeddable":true,"href":"https:\/\/www.ifbaiano.edu.br\/unidades\/alagoinhas\/wp-json\/wp\/v2\/comments?post=2619"}],"version-history":[{"count":3,"href":"https:\/\/www.ifbaiano.edu.br\/unidades\/alagoinhas\/wp-json\/wp\/v2\/pages\/2619\/revisions"}],"predecessor-version":[{"id":4066,"href":"https:\/\/www.ifbaiano.edu.br\/unidades\/alagoinhas\/wp-json\/wp\/v2\/pages\/2619\/revisions\/4066"}],"wp:attachment":[{"href":"https:\/\/www.ifbaiano.edu.br\/unidades\/alagoinhas\/wp-json\/wp\/v2\/media?parent=2619"}],"curies":[{"name":"wp","href":"https:\/\/api.w.org\/{rel}","templated":true}]}}