{"id":28,"date":"2017-02-08T16:28:12","date_gmt":"2017-02-08T18:28:12","guid":{"rendered":"http:\/\/www.ifbaiano.edu.br\/unidades\/xique-xique\/?page_id=22"},"modified":"2026-02-03T09:48:07","modified_gmt":"2026-02-03T12:48:07","slug":"licitacoes-e-contratos","status":"publish","type":"page","link":"https:\/\/www.ifbaiano.edu.br\/unidades\/alagoinhas\/licitacoes-e-contratos\/","title":{"rendered":"Licita\u00e7\u00f5es e Contratos"},"content":{"rendered":"\n<p><strong>Nesta se\u00e7\u00e3o s\u00e3o divulgadas as licita\u00e7\u00f5es e contratos realizados pelo<em> Campus<\/em> Alagoinhas.<\/strong><\/p>\n\n\n\n<h4 class=\"wp-block-heading\">NORMAS LEGAIS<\/h4>\n\n\n\n<hr class=\"wp-block-separator has-alpha-channel-opacity\" \/>\n\n\n\n<p><span style=\"color: #003366\"><strong>MODELOS DE DOCUMENTOS DE COMPRAS E LICITA\u00c7\u00d5ES<\/strong><\/span><\/p>\n\n\n\n<p><span style=\"color: #003366\"><strong><a href=\"https:\/\/www.ifbaiano.edu.br\/unidades\/alagoinhas\/r3aj\">Documentos Padronizados ( Templates)<\/a><\/strong><\/span><\/p>\n\n\n\n<p><span style=\"color: #808080\"><a style=\"color: #808080\" href=\"https:\/\/www.ifbaiano.edu.br\/unidades\/alagoinhas\/files\/2021\/03\/IN-40-2020-SEGES-ME-ESTUDO-TECNICO-PRELIMINAR.pdf\">IN 40-2020 SEGES-ME ESTUDO T\u00c9CNICO PRELIMINAR<\/a><\/span><\/p>\n\n\n\n<p><span style=\"color: #003366\"><strong> <a href=\"https:\/\/www.ifbaiano.edu.br\/unidades\/alagoinhas\/files\/2021\/03\/IN-73-ME-Pesquisa-de-Precos.odt\">IN 73 ME Pesquisa de Pre\u00e7os<\/a>&nbsp;<\/strong><\/span><\/p>\n\n\n\n<div class=\"wp-block-file aligncenter\"><a id=\"wp-block-file--media-242eae2b-901f-4c28-9d4f-8cfa12f3c4da\" href=\"https:\/\/www.ifbaiano.edu.br\/unidades\/alagoinhas\/files\/2021\/01\/Portaria-01-2021-Gestor-e-Fiscal-de-Contratos-1.pdf\"><strong>Portaria 01\/2021 &#8211;<\/strong>&nbsp; Disp\u00f5e sobre os procedimentos a serem adotados no acompanhamento e fiscaliza\u00e7\u00e3o da execu\u00e7\u00e3o dos contratos firmados no Campus Alagoinhas.<\/a><a href=\"https:\/\/www.ifbaiano.edu.br\/unidades\/alagoinhas\/files\/2021\/01\/Portaria-01-2021-Gestor-e-Fiscal-de-Contratos-1.pdf\" class=\"wp-block-file__button wp-element-button\" download aria-describedby=\"wp-block-file--media-242eae2b-901f-4c28-9d4f-8cfa12f3c4da\">Baixar<\/a><\/div>\n\n\n\n<hr class=\"wp-block-separator has-alpha-channel-opacity\" \/>\n\n\n\n<p><strong>LICITA\u00c7\u00d5ES 2025<\/strong><\/p>\n\n\n\n<div class=\"wp-block-file\"><a id=\"wp-block-file--media-7a3b1a84-c1a4-48c9-8840-107b670d2d5f\" href=\"https:\/\/www.ifbaiano.edu.br\/unidades\/alagoinhas\/files\/2026\/02\/Caronas-e-IRPs.pdf\">Caronas-e-IRPs<\/a><a href=\"https:\/\/www.ifbaiano.edu.br\/unidades\/alagoinhas\/files\/2026\/02\/Caronas-e-IRPs.pdf\" class=\"wp-block-file__button wp-element-button\" download aria-describedby=\"wp-block-file--media-7a3b1a84-c1a4-48c9-8840-107b670d2d5f\">Baixar<\/a><\/div>\n\n\n\n<div class=\"wp-block-file\"><a id=\"wp-block-file--media-68cb85d3-66ba-4021-9094-73a2cb3b5828\" href=\"https:\/\/www.ifbaiano.edu.br\/unidades\/alagoinhas\/files\/2026\/02\/Dispensas-tradicionais-e-eletronica.pdf\">Dispensas-tradicionais-e-eletronica<\/a><a href=\"https:\/\/www.ifbaiano.edu.br\/unidades\/alagoinhas\/files\/2026\/02\/Dispensas-tradicionais-e-eletronica.pdf\" class=\"wp-block-file__button wp-element-button\" download aria-describedby=\"wp-block-file--media-68cb85d3-66ba-4021-9094-73a2cb3b5828\">Baixar<\/a><\/div>\n\n\n\n<div class=\"wp-block-file\"><a id=\"wp-block-file--media-2879fd3d-add2-46e4-95a3-93d6dc8e33bc\" href=\"https:\/\/www.ifbaiano.edu.br\/unidades\/alagoinhas\/files\/2026\/02\/Pregoes-eletronico.pdf\">Pregoes-eletronico<\/a><a href=\"https:\/\/www.ifbaiano.edu.br\/unidades\/alagoinhas\/files\/2026\/02\/Pregoes-eletronico.pdf\" class=\"wp-block-file__button wp-element-button\" download aria-describedby=\"wp-block-file--media-2879fd3d-add2-46e4-95a3-93d6dc8e33bc\">Baixar<\/a><\/div>\n\n\n\n<div class=\"wp-block-file\"><a id=\"wp-block-file--media-968c078e-f49a-4d50-b33b-1d5d94305a5e\" href=\"https:\/\/www.ifbaiano.edu.br\/unidades\/alagoinhas\/files\/2026\/02\/Pregoes-presenciais.pdf\">Pregoes-presenciais<\/a><a href=\"https:\/\/www.ifbaiano.edu.br\/unidades\/alagoinhas\/files\/2026\/02\/Pregoes-presenciais.pdf\" class=\"wp-block-file__button wp-element-button\" download aria-describedby=\"wp-block-file--media-968c078e-f49a-4d50-b33b-1d5d94305a5e\">Baixar<\/a><\/div>\n\n\n\n<p><strong>LICITA\u00c7\u00d5ES 2024<\/strong><\/p>\n\n\n\n\n\n<div class=\"wp-block-file\"><a id=\"wp-block-file--media-9534f437-4147-4e2e-a0d4-1e96bf291f86\" href=\"https:\/\/www.ifbaiano.edu.br\/unidades\/alagoinhas\/files\/2025\/01\/Dispensas-tradicionais-e-eletronica.pdf\">Dispensas-tradicionais-e-eletr\u00f4nica<\/a><a href=\"https:\/\/www.ifbaiano.edu.br\/unidades\/alagoinhas\/files\/2025\/01\/Dispensas-tradicionais-e-eletronica.pdf\" class=\"wp-block-file__button wp-element-button\" download aria-describedby=\"wp-block-file--media-9534f437-4147-4e2e-a0d4-1e96bf291f86\">Baixar<\/a><\/div>\n\n\n\n<div class=\"wp-block-file\"><a id=\"wp-block-file--media-c0a4683d-ac2d-4928-a429-1337bf7345a4\" href=\"https:\/\/www.ifbaiano.edu.br\/unidades\/alagoinhas\/files\/2025\/01\/Caronas-e-IRPS-2024.pdf\">Caronas-e-IRPS-2024<\/a><a href=\"https:\/\/www.ifbaiano.edu.br\/unidades\/alagoinhas\/files\/2025\/01\/Caronas-e-IRPS-2024.pdf\" class=\"wp-block-file__button wp-element-button\" download aria-describedby=\"wp-block-file--media-c0a4683d-ac2d-4928-a429-1337bf7345a4\">Baixar<\/a><\/div>\n\n\n\n<div class=\"wp-block-file\"><a id=\"wp-block-file--media-4d4a729d-1e92-4d3c-926f-dd85c19f9eaf\" href=\"https:\/\/www.ifbaiano.edu.br\/unidades\/alagoinhas\/files\/2025\/01\/Pregoes-SRP-2024.pdf\">Pregoes-SRP-2024<\/a><a href=\"https:\/\/www.ifbaiano.edu.br\/unidades\/alagoinhas\/files\/2025\/01\/Pregoes-SRP-2024.pdf\" class=\"wp-block-file__button wp-element-button\" download aria-describedby=\"wp-block-file--media-4d4a729d-1e92-4d3c-926f-dd85c19f9eaf\">Baixar<\/a><\/div>\n\n\n\n<p><strong>LICITA\u00c7\u00d5ES 2023<\/strong><\/p>\n\n\n\n<p><a href=\"https:\/\/drive.google.com\/file\/d\/1eCSm9qEXCRry7GjtkyTsaOjNPIg_B0ht\/view\">Controle de preg\u00f5es 2023<\/a><\/p>\n\n\n\n<p><strong>LICITA\u00c7\u00d5ES 2022<\/strong><\/p>\n\n\n\n<p><a href=\"https:\/\/www.ifbaiano.edu.br\/unidades\/alagoinhas\/controle-de-pregoes-2022\/\" target=\"_blank\" rel=\"noreferrer noopener\">Controle Preg\u00f5es 2022<\/a><\/p>\n\n\n\n<div class=\"wp-block-file\"><a id=\"wp-block-file--media-a461e194-4af8-4f96-93a9-7ad46e14b2c4\" href=\"https:\/\/www.ifbaiano.edu.br\/unidades\/alagoinhas\/files\/2024\/01\/Dispensas-tradicionais-e-eletronica.pdf\" target=\"_blank\" rel=\"noreferrer noopener\">Controle de Dispensa &#8211; Tradicional e eletr\u00f4nica 2022<\/a><\/div>\n\n\n\n<p><strong>LICITA\u00c7\u00d5ES 2021<\/strong><\/p>\n\n\n\n<p><a href=\"https:\/\/www.ifbaiano.edu.br\/unidades\/alagoinhas\/pregao-eletronico\/\">Preg\u00f5es Eletr\u00f4nicos<\/a><br><a href=\"https:\/\/www.ifbaiano.edu.br\/unidades\/alagoinhas\/files\/2022\/03\/TABELA-DE-PROCESSOS.pdf\">Compras Diretas&nbsp;&nbsp;<\/a><\/p>\n\n\n\n<p><strong>LICITA\u00c7\u00d5ES 2020<\/strong><br><a href=\"https:\/\/www.ifbaiano.edu.br\/unidades\/alagoinhas\/files\/2021\/01\/Controle-de-Contratos-2020-\u2013-Vigencia-1.pdf\">Controle de Contratos (2020) \u2013 Vig\u00eancia<\/a><br><a href=\"https:\/\/www.ifbaiano.edu.br\/unidades\/alagoinhas\/files\/2021\/01\/Controle-de-Dispensa-2020-2.pdf\">Controle de Dispensa 2020<\/a><br><a href=\"https:\/\/www.ifbaiano.edu.br\/unidades\/alagoinhas\/files\/2021\/01\/Controle-de-Inegibilidade-2020.pdf\">Controle de Inexigibilidade 2020<\/a><br><a href=\"https:\/\/www.ifbaiano.edu.br\/unidades\/alagoinhas\/files\/2021\/01\/Pregoes-Eletronico-e-Presencial-2020.pdf\">Preg\u00f5es Eletr\u00f4nico e Presencial 2020<\/a><br><a href=\"https:\/\/www.ifbaiano.edu.br\/unidades\/alagoinhas\/files\/2021\/01\/Pregoes-CARONAS-2020.pdf\">Preg\u00f5es CARONAS 2020<\/a><\/p>\n\n\n\n<p><strong><a href=\"https:\/\/www.ifbaiano.edu.br\/unidades\/alagoinhas\/files\/2021\/01\/PAC-2020-Alagoinhas.pdf\">PAC-2020-Alagoinhas<\/a><br><a href=\"https:\/\/www.ifbaiano.edu.br\/unidades\/alagoinhas\/files\/2021\/01\/PAC-2021-EXECUCAO-RELATORIO.pdf\">PAC 2021 EXECU\u00c7\u00c3O RELAT\u00d3RIO<\/a><br><\/strong><\/p>\n\n\n\n<p><strong>LICITA\u00c7\u00d5ES 2019<\/strong><br><a href=\"https:\/\/www.ifbaiano.edu.br\/unidades\/alagoinhas\/files\/2020\/10\/Controle-de-Contratos-2019-Vigencia.pdf\">Controle de Contratos (2019) &#8211; Vig\u00eancia<\/a><br><a href=\"https:\/\/www.ifbaiano.edu.br\/unidades\/alagoinhas\/files\/2020\/10\/Controle-de-Dispensa-2019.pdf\">Controle de Dispensa (2019)<\/a><br><a href=\"https:\/\/www.ifbaiano.edu.br\/unidades\/alagoinhas\/files\/2020\/10\/Controle-de-Inegibilidade-2019.pdf\">Controle de Inexigibilidade (2019)<\/a><br><a href=\"https:\/\/www.ifbaiano.edu.br\/unidades\/alagoinhas\/files\/2020\/10\/Pregoes-Caronas-2019.pdf\">Preg\u00f5es Caronas (2019)<\/a><br><a href=\"https:\/\/www.ifbaiano.edu.br\/unidades\/alagoinhas\/files\/2020\/10\/Pregoes-SRP-2019.pdf\">Preg\u00f5es SRP (2019)<\/a><\/p>\n\n\n\n<p><a href=\"https:\/\/www.ifbaiano.edu.br\/unidades\/alagoinhas\/pregoes\/\"><strong>PREG\u00d5ES ELETR\u00d4NICOS 2018<br><\/strong><\/a><\/p>\n\n\n\n<p><strong>OUTROS DOCUMENTOS<br><\/strong><a href=\"http:\/\/www.ifbaiano.edu.br\/unidades\/alagoinhas\/files\/2017\/02\/2018.zip\">2018<\/a><br><a href=\"http:\/\/www.ifbaiano.edu.br\/unidades\/alagoinhas\/files\/2017\/02\/2017.zip\">2017<\/a><\/p>\n\n\n\n\n\n<div class=\"wp-block-file\"><a id=\"wp-block-file--media-fd99a5ac-7aee-462a-8b1a-4a4c04a4cc35\">Portaria-01-2021-Gestor-e-Fiscal-de-Contratos<\/a><a href=\"https:\/\/www.ifbaiano.edu.br\/unidades\/alagoinhas\/files\/2021\/01\/Portaria-01-2021-Gestor-e-Fiscal-de-Contratos.pdf\" class=\"wp-block-file__button wp-element-button\" download aria-describedby=\"wp-block-file--media-fd99a5ac-7aee-462a-8b1a-4a4c04a4cc35\">Baixar<\/a><\/div>\n\n\n\n<figure class=\"wp-block-gallery has-nested-images columns-default is-cropped wp-block-gallery-1 is-layout-flex\"><\/figure>\n","protected":false},"excerpt":{"rendered":"<p>Nesta se\u00e7\u00e3o s\u00e3o divulgadas as licita\u00e7\u00f5es e contratos realizados pelo Campus Alagoinhas. NORMAS LEGAIS MODELOS DE DOCUMENTOS DE COMPRAS E LICITA\u00c7\u00d5ES Documentos Padronizados ( Templates) IN 40-2020 SEGES-ME ESTUDO T\u00c9CNICO PRELIMINAR IN 73 ME Pesquisa de Pre\u00e7os&nbsp; LICITA\u00c7\u00d5ES 2025 LICITA\u00c7\u00d5ES 2024 LICITA\u00c7\u00d5ES 2023 Controle de preg\u00f5es 2023 LICITA\u00c7\u00d5ES 2022 Controle Preg\u00f5es 2022 LICITA\u00c7\u00d5ES 2021 Preg\u00f5es [&hellip;]<\/p>\n","protected":false},"author":74,"featured_media":0,"parent":0,"menu_order":66,"comment_status":"closed","ping_status":"closed","template":"","meta":[],"_links":{"self":[{"href":"https:\/\/www.ifbaiano.edu.br\/unidades\/alagoinhas\/wp-json\/wp\/v2\/pages\/28"}],"collection":[{"href":"https:\/\/www.ifbaiano.edu.br\/unidades\/alagoinhas\/wp-json\/wp\/v2\/pages"}],"about":[{"href":"https:\/\/www.ifbaiano.edu.br\/unidades\/alagoinhas\/wp-json\/wp\/v2\/types\/page"}],"author":[{"embeddable":true,"href":"https:\/\/www.ifbaiano.edu.br\/unidades\/alagoinhas\/wp-json\/wp\/v2\/users\/74"}],"replies":[{"embeddable":true,"href":"https:\/\/www.ifbaiano.edu.br\/unidades\/alagoinhas\/wp-json\/wp\/v2\/comments?post=28"}],"version-history":[{"count":35,"href":"https:\/\/www.ifbaiano.edu.br\/unidades\/alagoinhas\/wp-json\/wp\/v2\/pages\/28\/revisions"}],"predecessor-version":[{"id":7010,"href":"https:\/\/www.ifbaiano.edu.br\/unidades\/alagoinhas\/wp-json\/wp\/v2\/pages\/28\/revisions\/7010"}],"wp:attachment":[{"href":"https:\/\/www.ifbaiano.edu.br\/unidades\/alagoinhas\/wp-json\/wp\/v2\/media?parent=28"}],"curies":[{"name":"wp","href":"https:\/\/api.w.org\/{rel}","templated":true}]}}