{"id":2851,"date":"2020-06-19T14:25:04","date_gmt":"2020-06-19T17:25:04","guid":{"rendered":"https:\/\/www.ifbaiano.edu.br\/unidades\/alagoinhas\/?page_id=2851"},"modified":"2020-06-19T14:50:39","modified_gmt":"2020-06-19T17:50:39","slug":"covid-19-atividades-remotas-da-agroindustria","status":"publish","type":"page","link":"https:\/\/www.ifbaiano.edu.br\/unidades\/alagoinhas\/covid-19-atividades-remotas-da-agroindustria\/","title":{"rendered":"COVID-19: atividades remotas da Agroind\u00fastria"},"content":{"rendered":"\n<figure class=\"wp-block-table is-style-stripes\"><table class=\"\"><tbody><tr><td><strong>DIA<\/strong> <\/td><td><strong>HOR\u00c1RIO<\/strong> <\/td><td><strong>DISCIPLINA\/ N\u00daCLEO<\/strong> <\/td><td><strong>ATIVIDADE<\/strong> <\/td><td>\n\t\t\t<strong>RESPONS\u00c1VEL<\/strong>\n\t\t<\/td><\/tr><tr><td> <br><strong>Segunda<\/strong> (13\/07) <br> <\/td><td>14:00   &#8211; 16:00 <\/td><td>Matem\u00e1tica <\/td><td>Live Link para ingressar na reuni\u00e3o: https:\/\/m.teamlink.co\/6091099451 <\/td><td>\n\t\t\tProfessora Tania\n\t\t<\/td><\/tr><tr><td> <br><strong>Ter\u00e7a<\/strong> (14\/07) <br> <\/td><td>\n\t\t\t<br>\n\n\t\t\t\n\t\t<\/td><td>Matem\u00e1tica <\/td><td>Atividade Programada SUAP <\/td><td>\n\t\t\tProfessora Tania\n\t\t<\/td><\/tr><tr><td> <br><strong>Quarta<\/strong> (15\/07) <br> <\/td><td>09:00  &#8211; 11:00 <\/td><td>Matem\u00e1tica <\/td><td>Live Link para ingressar na reuni\u00e3o: https:\/\/m.teamlink.co\/6091099451 <\/td><td>\n\t\t\tProfessora Tania\n\t\t<\/td><\/tr><tr><td> <br><strong>Quinta<\/strong> (16\/07) <br> <\/td><td>\n\t\t\t<br>\n\n\t\t\t\n\t\t<\/td><td>Matem\u00e1tica <\/td><td>Atividade Programada SUAP <\/td><td>\n\t\t\tProfessora Tania\n\t\t<\/td><\/tr><tr><td> <br><strong>Sexta <\/strong> (17\/07) <br> <\/td><td>14:00   &#8211; 16:00 <\/td><td>Matem\u00e1tica <\/td><td>Live Link para ingressar na reuni\u00e3o: https:\/\/m.teamlink.co\/6091099451 <\/td><td>\n\t\t\tProfessora Tania\n\t\t<\/td><\/tr><\/tbody><\/table><\/figure>\n\n\n\n<p>. . .<br><em>Consulte outras informa\u00e7\u00f5es destinadas aos educandos na aba <strong>Espa\u00e7o do Estudante <\/strong>em nossa p\u00e1gina <a rel=\"noreferrer noopener\" aria-label=\" (abre numa nova aba)\" href=\"https:\/\/www.ifbaiano.edu.br\/unidades\/alagoinhas\/\" target=\"_blank\">ifbaiano.edu.br\/unidades\/alagoinhas<\/a><\/em>.<em> Esta aba estar\u00e1 sempre em reforma e ser\u00e1 nosso ponto de encontro privilegiado. Caso tenha alguma proposta, cr\u00edtica ou elogio para contribuir com a p\u00e1gina ou com a comunica\u00e7\u00e3o social do Campus Alagoinhas, contate-nos pelo e-mail  <a rel=\"noreferrer noopener\" aria-label=\"comunicacao@alagoinhas.ifbaiano.edu.br  (abre numa nova aba)\" href=\"comunicacao@alagoinhas.ifbaiano.edu.br\" target=\"_blank\">comunicacao@alagoinhas.ifbaiano.edu.br <\/a>.<\/em><\/p>\n","protected":false},"excerpt":{"rendered":"<p>DIA HOR\u00c1RIO DISCIPLINA\/ N\u00daCLEO ATIVIDADE RESPONS\u00c1VEL Segunda (13\/07) 14:00 &#8211; 16:00 Matem\u00e1tica Live Link para ingressar na reuni\u00e3o: https:\/\/m.teamlink.co\/6091099451 Professora Tania Ter\u00e7a (14\/07) Matem\u00e1tica Atividade Programada SUAP Professora Tania Quarta (15\/07) 09:00 &#8211; 11:00 Matem\u00e1tica Live Link para ingressar na reuni\u00e3o: https:\/\/m.teamlink.co\/6091099451 Professora Tania Quinta (16\/07) Matem\u00e1tica Atividade Programada SUAP Professora Tania Sexta (17\/07) 14:00 [&hellip;]<\/p>\n","protected":false},"author":117,"featured_media":0,"parent":0,"menu_order":33,"comment_status":"closed","ping_status":"closed","template":"","meta":[],"_links":{"self":[{"href":"https:\/\/www.ifbaiano.edu.br\/unidades\/alagoinhas\/wp-json\/wp\/v2\/pages\/2851"}],"collection":[{"href":"https:\/\/www.ifbaiano.edu.br\/unidades\/alagoinhas\/wp-json\/wp\/v2\/pages"}],"about":[{"href":"https:\/\/www.ifbaiano.edu.br\/unidades\/alagoinhas\/wp-json\/wp\/v2\/types\/page"}],"author":[{"embeddable":true,"href":"https:\/\/www.ifbaiano.edu.br\/unidades\/alagoinhas\/wp-json\/wp\/v2\/users\/117"}],"replies":[{"embeddable":true,"href":"https:\/\/www.ifbaiano.edu.br\/unidades\/alagoinhas\/wp-json\/wp\/v2\/comments?post=2851"}],"version-history":[{"count":5,"href":"https:\/\/www.ifbaiano.edu.br\/unidades\/alagoinhas\/wp-json\/wp\/v2\/pages\/2851\/revisions"}],"predecessor-version":[{"id":2861,"href":"https:\/\/www.ifbaiano.edu.br\/unidades\/alagoinhas\/wp-json\/wp\/v2\/pages\/2851\/revisions\/2861"}],"wp:attachment":[{"href":"https:\/\/www.ifbaiano.edu.br\/unidades\/alagoinhas\/wp-json\/wp\/v2\/media?parent=2851"}],"curies":[{"name":"wp","href":"https:\/\/api.w.org\/{rel}","templated":true}]}}