{"id":3302,"date":"2021-06-01T20:00:45","date_gmt":"2021-06-01T23:00:45","guid":{"rendered":"https:\/\/www.ifbaiano.edu.br\/unidades\/alagoinhas\/?page_id=3302"},"modified":"2021-11-25T15:38:24","modified_gmt":"2021-11-25T18:38:24","slug":"pregao-eletronico","status":"publish","type":"page","link":"https:\/\/www.ifbaiano.edu.br\/unidades\/alagoinhas\/pregao-eletronico\/","title":{"rendered":"Preg\u00e3o Eletr\u00f4nico"},"content":{"rendered":"\n<p><\/p>\n\n\n\n<div class=\"wp-block-group has-black-color has-very-light-gray-to-cyan-bluish-gray-gradient-background has-text-color has-background is-layout-flow\"><div class=\"wp-block-group__inner-container\">\n<p class=\"has-text-align-center has-text-color\" style=\"color:#1a651a\"><strong><em> Preg\u00e3o Eletr\u00f4nico N\u00ba 01.2021 Aquisi\u00e7\u00e3o de Livros  <\/em><\/strong><\/p>\n<\/div><\/div>\n\n\n\n<div class=\"wp-block-columns has-vivid-green-cyan-color has-text-color is-layout-flex wp-container-3\">\n<div class=\"wp-block-column is-layout-flow\" style=\"flex-basis:100%\">\n<div class=\"wp-block-file\"><a href=\"https:\/\/www.ifbaiano.edu.br\/unidades\/alagoinhas\/files\/2021\/06\/PREGAO-ELETRONICO-No-01.2021-Aquisicao-de-Livros.pdf\">Edital de Preg\u00e3o Eletr\u00f4nico N\u00b0 01.2021 Aquisi\u00e7\u00e3o de Livros<\/a><\/div>\n\n\n\n<p> <a href=\"https:\/\/www.ifbaiano.edu.br\/unidades\/alagoinhas\/files\/2021\/07\/Resultado-por-fornecedor.pdf\" data-type=\"URL\" data-id=\"https:\/\/www.ifbaiano.edu.br\/unidades\/alagoinhas\/files\/2021\/07\/Resultado-por-fornecedor.pdf\">Resultado por Fornecedor Preg\u00e3o N\u00ba 01.2021 Aquisi\u00e7\u00e3o de Livros<\/a><\/p>\n<\/div>\n<\/div>\n\n\n\n<div class=\"wp-block-group has-black-color has-text-color has-background is-layout-flow\" style=\"background:linear-gradient(135deg,rgb(238,238,238) 15%,rgb(169,184,195) 100%)\"><div class=\"wp-block-group__inner-container\">\n<p class=\"has-text-align-center has-text-color\" style=\"color:#15581d\"><strong><em>  Preg\u00e3o Eletr\u00f4nico N\u00b002.2021 Aquisi\u00e7\u00e3o de materiais, reagentes e equipamentos para laborat\u00f3rio did\u00e1tico <\/em><\/strong><\/p>\n<\/div><\/div>\n\n\n\n<p><a href=\"https:\/\/www.ifbaiano.edu.br\/unidades\/alagoinhas\/files\/2021\/08\/Edital-de-Pregao-Eletronico-n.02.2021-SRP.pdf\">Edital de Preg\u00e3o Eletr\u00f4nico N\u00b002.2021 Aquisi\u00e7\u00e3o de materiais, reagentes e equipamentos para laborat\u00f3rio did\u00e1tico<\/a><\/p>\n\n\n\n<div class=\"wp-block-file\"><a href=\"https:\/\/www.ifbaiano.edu.br\/unidades\/alagoinhas\/files\/2021\/10\/Resultado-por-fornecedor.pdf\">Resultado por fornecedor Preg\u00e3o Eletr\u00f4nico N\u00b0 02.2021<br><\/a><\/div>\n\n\n\n<div class=\"wp-block-group has-black-color has-text-color has-background is-layout-flow\" style=\"background:linear-gradient(135deg,rgb(238,238,238) 15%,rgb(169,184,195) 100%)\"><div class=\"wp-block-group__inner-container\">\n<p class=\"has-text-align-center has-text-color\" style=\"color:#1c5d21\"><strong><em>Preg\u00e3o Eletr\u00f4nico N\u00b003.2021 Aquisi\u00e7\u00e3o de Sistema de Detec\u00e7\u00e3o Antifurto <\/em><\/strong><\/p>\n<\/div><\/div>\n\n\n\n<p> <a href=\"https:\/\/www.ifbaiano.edu.br\/unidades\/alagoinhas\/files\/2021\/08\/Edital-de-Pregao-Eletronico-n.-03.2021-SRP-Aquisicao-de.pdf\">Edital de Preg\u00e3o Eletr\u00f4nico N\u00b003.2021 Aquisi\u00e7\u00e3o de Sistema de Detec\u00e7\u00e3o Antifurto<\/a> <\/p>\n\n\n\n<div class=\"wp-block-file\"><a href=\"https:\/\/www.ifbaiano.edu.br\/unidades\/alagoinhas\/files\/2021\/11\/Resultado-por-fornecedor-Pregao-03.2021.pdf\">Resultado por Fornecedor do Preg\u00e3o Eletr\u00f4nico N\u00b0 03.2021 (SRP)<br><\/a><\/div>\n\n\n\n<div class=\"wp-block-group has-black-color has-text-color has-background is-layout-flow\" style=\"background:linear-gradient(135deg,rgb(238,238,238) 15%,rgb(169,184,195) 100%)\"><div class=\"wp-block-group__inner-container\">\n<p class=\"has-text-align-center has-text-color\" style=\"color:#1c5d21\"><strong><em>Preg\u00e3o Eletr\u00f4nico N\u00b004.2021 Contrata\u00e7\u00e3o de Servi\u00e7os de Manuten\u00e7\u00e3o Corretiva e Preventiva nas Plataformas Elevat\u00f3rias <\/em><\/strong><\/p>\n<\/div><\/div>\n\n\n\n<div class=\"wp-block-file\"><a href=\"https:\/\/www.ifbaiano.edu.br\/unidades\/alagoinhas\/files\/2021\/11\/EDITAL-Manutencao-de-Plataformas-Elevatoria-ATUALIZADO.pdf\">Edital de Preg\u00e3o Eletr\u00f4nico n\u00b0 04.2021 &#8211; Manuten\u00e7\u00e3o de Plataformas Elevat\u00f3rias (SRP)<\/a><\/div>\n\n\n\n<div class=\"wp-block-file\"><a href=\"https:\/\/www.ifbaiano.edu.br\/unidades\/alagoinhas\/files\/2021\/11\/Resultado-por-fornecedor-Pregao-Eletronico-04.pdf\">Resultado por Fornecedor do Preg\u00e3o Eletr\u00f4nico n\u00b004.2021<\/a><\/div>\n","protected":false},"excerpt":{"rendered":"<p>Preg\u00e3o Eletr\u00f4nico N\u00ba 01.2021 Aquisi\u00e7\u00e3o de Livros Resultado por Fornecedor Preg\u00e3o N\u00ba 01.2021 Aquisi\u00e7\u00e3o de Livros Preg\u00e3o Eletr\u00f4nico N\u00b002.2021 Aquisi\u00e7\u00e3o de materiais, reagentes e equipamentos para laborat\u00f3rio did\u00e1tico Edital de Preg\u00e3o Eletr\u00f4nico N\u00b002.2021 Aquisi\u00e7\u00e3o de materiais, reagentes e equipamentos para laborat\u00f3rio did\u00e1tico Preg\u00e3o Eletr\u00f4nico N\u00b003.2021 Aquisi\u00e7\u00e3o de Sistema de Detec\u00e7\u00e3o Antifurto Edital de Preg\u00e3o Eletr\u00f4nico [&hellip;]<\/p>\n","protected":false},"author":133,"featured_media":0,"parent":0,"menu_order":87,"comment_status":"closed","ping_status":"closed","template":"","meta":[],"_links":{"self":[{"href":"https:\/\/www.ifbaiano.edu.br\/unidades\/alagoinhas\/wp-json\/wp\/v2\/pages\/3302"}],"collection":[{"href":"https:\/\/www.ifbaiano.edu.br\/unidades\/alagoinhas\/wp-json\/wp\/v2\/pages"}],"about":[{"href":"https:\/\/www.ifbaiano.edu.br\/unidades\/alagoinhas\/wp-json\/wp\/v2\/types\/page"}],"author":[{"embeddable":true,"href":"https:\/\/www.ifbaiano.edu.br\/unidades\/alagoinhas\/wp-json\/wp\/v2\/users\/133"}],"replies":[{"embeddable":true,"href":"https:\/\/www.ifbaiano.edu.br\/unidades\/alagoinhas\/wp-json\/wp\/v2\/comments?post=3302"}],"version-history":[{"count":18,"href":"https:\/\/www.ifbaiano.edu.br\/unidades\/alagoinhas\/wp-json\/wp\/v2\/pages\/3302\/revisions"}],"predecessor-version":[{"id":3734,"href":"https:\/\/www.ifbaiano.edu.br\/unidades\/alagoinhas\/wp-json\/wp\/v2\/pages\/3302\/revisions\/3734"}],"wp:attachment":[{"href":"https:\/\/www.ifbaiano.edu.br\/unidades\/alagoinhas\/wp-json\/wp\/v2\/media?parent=3302"}],"curies":[{"name":"wp","href":"https:\/\/api.w.org\/{rel}","templated":true}]}}