{"id":4092,"date":"2022-03-15T11:34:36","date_gmt":"2022-03-15T14:34:36","guid":{"rendered":"https:\/\/www.ifbaiano.edu.br\/unidades\/alagoinhas\/?page_id=4092"},"modified":"2022-03-15T11:40:21","modified_gmt":"2022-03-15T14:40:21","slug":"paise-2021","status":"publish","type":"page","link":"https:\/\/www.ifbaiano.edu.br\/unidades\/alagoinhas\/paise-2021\/","title":{"rendered":"PAISE 2021"},"content":{"rendered":"\n<p>A Comiss\u00e3o Local de Implementa\u00e7\u00e3o da Pol\u00edtica de Assist\u00eancia Estudantil torna p\u00fablico o edital 21\/2017 do Programa de Assist\u00eancia e Inclus\u00e3o Social do Estudante (PAISE).<\/p>\n\n\n\n<div class=\"wp-block-file\"><\/div>\n\n\n\n<ul><li>16\/06\/2021 &#8211; <a href=\"https:\/\/www.ifbaiano.edu.br\/unidades\/alagoinhas\/files\/2021\/06\/Edital-Paise.pdf\">Edital n\u00b006\/2021 &#8211; Paise<\/a><\/li><li>30\/06\/2021 &#8211; <a href=\"https:\/\/www.ifbaiano.edu.br\/unidades\/alagoinhas\/files\/2021\/06\/Resultado-Preliminar-PAISE-2021.pdf\">Resultado Preliminar PAISE 06\/2021<\/a><\/li><li>07\/07\/2021 &#8211; <a href=\"https:\/\/www.ifbaiano.edu.br\/unidades\/alagoinhas\/files\/2021\/07\/Resultado-Final-PAISE-2021.pdf\">Resultado Final PAISE 06\/2021<\/a><\/li><li>26\/11\/2021 &#8211; <a href=\"https:\/\/www.ifbaiano.edu.br\/unidades\/alagoinhas\/files\/2021\/11\/Edital-143-PAISE-2021.2.pdf\">Edital n\u00b0143 PAISE 2021.2<\/a><\/li><li>15\/12\/2021 &#8211; <a href=\"https:\/\/www.ifbaiano.edu.br\/unidades\/alagoinhas\/files\/2021\/12\/PRE-SELECIONADOS-Auxilio-Aquisicao-Manutencao-PAISE-2021.2.pdf\">PR\u00c9-SELECIONADOS Aux\u00edlio Aquisi\u00e7\u00e3o e Manuten\u00e7\u00e3o PAISE 2021.2<\/a><\/li><li>15\/12\/2021 &#8211; <a href=\"https:\/\/www.ifbaiano.edu.br\/unidades\/alagoinhas\/files\/2021\/12\/PRE-SELECIONADOS-Auxilio-Dados-Moveis-PAISE-2021.2.pdf\">PR\u00c9-SELECIONADOS Aux\u00edlio Dados M\u00f3veis PAISE- 2021.2<\/a><\/li><li>15\/12\/2021-  <a href=\"https:\/\/www.ifbaiano.edu.br\/unidades\/alagoinhas\/files\/2021\/12\/PRE-SELECIONADOS-Auxilio-Creche-PAISE-2021.2.pdf\">PR\u00c9- SELECIONADOS Aux\u00edlio-Creche PAISE-2021.2<\/a><\/li><li>15\/12\/2021 &#8211; <a href=\"https:\/\/www.ifbaiano.edu.br\/unidades\/alagoinhas\/files\/2021\/12\/1a-Retificacao-edital-143-PAISE-2021.pdf\">1\u00aa Retifica\u00e7\u00e3o Edital n\u00b0143 PAISE-2021.2<\/a><\/li><li>18\/12\/2021 &#8211; <a href=\"https:\/\/www.ifbaiano.edu.br\/unidades\/alagoinhas\/files\/2021\/12\/SELECIONADOS-Auxilio-Aquisicao-Manutencao-PAISE-2021.2.pdf\">SELECIONADOS- Aux\u00edlio Aquisi\u00e7\u00e3o Manuten\u00e7\u00e3o PAISE-2021.2<\/a><\/li><li>18\/12\/2021 &#8211; <a href=\"https:\/\/www.ifbaiano.edu.br\/unidades\/alagoinhas\/files\/2021\/12\/SELECIONADOS-Auxilio-Creche-PAISE-2021.2.pdf\">SELECIONADOS- Aux\u00edlio-Creche-PAISE-2021.2<\/a><\/li><li>18\/12\/2021 &#8211; <a href=\"https:\/\/www.ifbaiano.edu.br\/unidades\/alagoinhas\/files\/2021\/12\/SELECIONADOS-Auxilio-Dados-Moveis-PAISE-2021.2.pdf\">SELECIONADOS-Aux\u00edlio-Dados M\u00f3veis-PAISE-2021.2<\/a><\/li><li>18\/12\/2021 &#8211; <a href=\"https:\/\/www.ifbaiano.edu.br\/unidades\/alagoinhas\/files\/2021\/12\/Retificacao-SELECIONADOS-Auxilio-Aquisicao-Manutencao-PAISE-2021.2.pdf\">Retifica\u00e7\u00e3o SELECIONADOS-Aux\u00edlio Aquisi\u00e7\u00e3o-Manuten\u00e7\u00e3o-PAISE-2021.2<\/a><\/li><\/ul>\n","protected":false},"excerpt":{"rendered":"<p>A Comiss\u00e3o Local de Implementa\u00e7\u00e3o da Pol\u00edtica de Assist\u00eancia Estudantil torna p\u00fablico o edital 21\/2017 do Programa de Assist\u00eancia e Inclus\u00e3o Social do Estudante (PAISE). 16\/06\/2021 &#8211; Edital n\u00b006\/2021 &#8211; Paise 30\/06\/2021 &#8211; Resultado Preliminar PAISE 06\/2021 07\/07\/2021 &#8211; Resultado Final PAISE 06\/2021 26\/11\/2021 &#8211; Edital n\u00b0143 PAISE 2021.2 15\/12\/2021 &#8211; PR\u00c9-SELECIONADOS Aux\u00edlio Aquisi\u00e7\u00e3o e [&hellip;]<\/p>\n","protected":false},"author":133,"featured_media":0,"parent":0,"menu_order":81,"comment_status":"closed","ping_status":"closed","template":"","meta":[],"_links":{"self":[{"href":"https:\/\/www.ifbaiano.edu.br\/unidades\/alagoinhas\/wp-json\/wp\/v2\/pages\/4092"}],"collection":[{"href":"https:\/\/www.ifbaiano.edu.br\/unidades\/alagoinhas\/wp-json\/wp\/v2\/pages"}],"about":[{"href":"https:\/\/www.ifbaiano.edu.br\/unidades\/alagoinhas\/wp-json\/wp\/v2\/types\/page"}],"author":[{"embeddable":true,"href":"https:\/\/www.ifbaiano.edu.br\/unidades\/alagoinhas\/wp-json\/wp\/v2\/users\/133"}],"replies":[{"embeddable":true,"href":"https:\/\/www.ifbaiano.edu.br\/unidades\/alagoinhas\/wp-json\/wp\/v2\/comments?post=4092"}],"version-history":[{"count":2,"href":"https:\/\/www.ifbaiano.edu.br\/unidades\/alagoinhas\/wp-json\/wp\/v2\/pages\/4092\/revisions"}],"predecessor-version":[{"id":4095,"href":"https:\/\/www.ifbaiano.edu.br\/unidades\/alagoinhas\/wp-json\/wp\/v2\/pages\/4092\/revisions\/4095"}],"wp:attachment":[{"href":"https:\/\/www.ifbaiano.edu.br\/unidades\/alagoinhas\/wp-json\/wp\/v2\/media?parent=4092"}],"curies":[{"name":"wp","href":"https:\/\/api.w.org\/{rel}","templated":true}]}}