{"id":4136,"date":"2022-04-11T09:25:19","date_gmt":"2022-04-11T12:25:19","guid":{"rendered":"https:\/\/www.ifbaiano.edu.br\/unidades\/alagoinhas\/?page_id=4136"},"modified":"2022-10-26T09:54:48","modified_gmt":"2022-10-26T12:54:48","slug":"procedimentos-e-requerimentos","status":"publish","type":"page","link":"https:\/\/www.ifbaiano.edu.br\/unidades\/alagoinhas\/secretaria-academica\/procedimentos-e-requerimentos\/","title":{"rendered":"Procedimentos e Requerimentos"},"content":{"rendered":"\n<p class=\"has-medium-font-size\"><strong>FORMUL\u00c1RIOS DE REQUERIMENTOS<\/strong><\/p>\n\n\n\n<div class=\"wp-block-file\"><a href=\"https:\/\/www.ifbaiano.edu.br\/unidades\/alagoinhas\/files\/2022\/10\/Diversos.pdf\">Requerimento &#8211; Diversos<\/a><\/div>\n\n\n\n<div class=\"wp-block-file\"><a href=\"https:\/\/www.ifbaiano.edu.br\/unidades\/alagoinhas\/files\/2022\/10\/2a-chamada-1.pdf\">Requerimento de 2\u00aa Chamada<br><\/a><\/div>\n\n\n\n<div class=\"wp-block-file\"><a href=\"https:\/\/www.ifbaiano.edu.br\/unidades\/alagoinhas\/files\/2022\/10\/REQUERIMENTO-CERTICACAO-TECNICA-COLACAO-DE-GRAU.pdf\">REQUERIMENTO PARA CERTIFICA\u00c7\u00c3O T\u00c9CNICA\/ COLA\u00c7\u00c3O DE GRAU E EXPEDI\u00c7\u00c3O E REGISTRO DE DIPLOMA<\/a><\/div>\n\n\n\n<p class=\"has-medium-font-size\"><strong>SOLICITA\u00c7\u00c3O DE CERTIFICADO\/DIPLOMA<\/strong> (documentos)<\/p>\n\n\n\n<p>A expedi\u00e7\u00e3o de Diploma deve ser requerida pelo estudante ou seu representante legal, ap\u00f3s a conclus\u00e3o do curso, em observ\u00e2ncia as defini\u00e7\u00f5es curriculares expressas no Projeto Pedag\u00f3gico do Curso \u2013 PPC e nas Normas do Instituto.<\/p>\n\n\n\n<p>O estudante ou seu representante legal poder\u00e1 requerer o diploma em qualquer tempo, desde que tenha sido aprovado em todos os componentes curriculares, conclu\u00eddo o est\u00e1gio supervisionado (quando obrigat\u00f3rio) e\/ou o Trabalho de Conclus\u00e3o de Curso e\/ou Atividade Complementar, conforme determinado no PPC.<\/p>\n\n\n\n<p>Documenta\u00e7\u00e3o obrigat\u00f3ria que dever\u00e1 ser apresentada pelo aluno no ato do requerimento<\/p>\n\n\n\n<p><strong>Ensino m\u00e9dio integrado &#8211; original (todos os documentos solicitados) e c\u00f3pia (dos documentos com validade)<\/strong><\/p>\n\n\n\n<ul><li>Certid\u00e3o de Nascimento ou casamento;<\/li><li>Documento de Identidade com foto;<\/li><li>Cadastro de Pessoa F\u00edsica &#8211; cpf;<\/li><li>Hist\u00f3rico Escolar e Certificado de Conclus\u00e3o do Ensino Fundamental ou equivalente (ensino integrado);<\/li><li>T\u00edtulo de Eleitor;<\/li><li>Comprovante de quita\u00e7\u00e3o eleitoral;<\/li><li>Comprovante de quita\u00e7\u00e3o do servi\u00e7o militar, para os estudantes\/concluintes do sexo masculino, maiores de 18 anos.<\/li><\/ul>\n\n\n\n<p><strong>Ensino p\u00f3s m\u00e9dio &#8211; subsequente &#8211; original (todos os documentos solicitados) e c\u00f3pia (dos documentos com validade)<\/strong> <\/p>\n\n\n\n<ul><li>Certid\u00e3o de Nascimento ou casamento;<\/li><li>Documento de Identidade com foto;<\/li><li>Cadastro de Pessoa F\u00edsica &#8211; cpf;<\/li><li>Hist\u00f3rico Escolar e Certificado de Conclus\u00e3o do Ensino M\u00e9dio ou equivalente (curso superior ou subsequente);<\/li><li>T\u00edtulo de Eleitor;<\/li><li>Comprovante de quita\u00e7\u00e3o eleitoral;<\/li><li>Comprovante de quita\u00e7\u00e3o do servi\u00e7o militar, para os estudantes\/concluintes do sexo masculino, maiores de 18 anos.<\/li><\/ul>\n\n\n\n<p><strong>Ensino lato sensu (p\u00f3s-gradua\u00e7\u00e3o) &#8211; original(todos os documentos solicitados) e c\u00f3pia (dos documentos com validade)<\/strong> <\/p>\n\n\n\n<ul><li>Certid\u00e3o de Nascimento ou casamento;<\/li><li>Documento de Identidade com foto;<\/li><li>Cadastro de Pessoa F\u00edsica &#8211; cpf;<\/li><li>Diploma e Hist\u00f3rico de gradua\u00e7\u00e3o;<\/li><li>T\u00edtulo de eleitor;<\/li><li>Comprovante de quita\u00e7\u00e3o eleitoral;<\/li><li>Comprovante de quita\u00e7\u00e3o do servi\u00e7o militar, para os estudantes\/concluintes do sexo masculino, maiores de 18 anos.<\/li><\/ul>\n\n\n\n<p><\/p>\n","protected":false},"excerpt":{"rendered":"<p>FORMUL\u00c1RIOS DE REQUERIMENTOS SOLICITA\u00c7\u00c3O DE CERTIFICADO\/DIPLOMA (documentos) A expedi\u00e7\u00e3o de Diploma deve ser requerida pelo estudante ou seu representante legal, ap\u00f3s a conclus\u00e3o do curso, em observ\u00e2ncia as defini\u00e7\u00f5es curriculares expressas no Projeto Pedag\u00f3gico do Curso \u2013 PPC e nas Normas do Instituto. O estudante ou seu representante legal poder\u00e1 requerer o diploma em qualquer [&hellip;]<\/p>\n","protected":false},"author":133,"featured_media":0,"parent":2839,"menu_order":89,"comment_status":"closed","ping_status":"closed","template":"","meta":[],"_links":{"self":[{"href":"https:\/\/www.ifbaiano.edu.br\/unidades\/alagoinhas\/wp-json\/wp\/v2\/pages\/4136"}],"collection":[{"href":"https:\/\/www.ifbaiano.edu.br\/unidades\/alagoinhas\/wp-json\/wp\/v2\/pages"}],"about":[{"href":"https:\/\/www.ifbaiano.edu.br\/unidades\/alagoinhas\/wp-json\/wp\/v2\/types\/page"}],"author":[{"embeddable":true,"href":"https:\/\/www.ifbaiano.edu.br\/unidades\/alagoinhas\/wp-json\/wp\/v2\/users\/133"}],"replies":[{"embeddable":true,"href":"https:\/\/www.ifbaiano.edu.br\/unidades\/alagoinhas\/wp-json\/wp\/v2\/comments?post=4136"}],"version-history":[{"count":5,"href":"https:\/\/www.ifbaiano.edu.br\/unidades\/alagoinhas\/wp-json\/wp\/v2\/pages\/4136\/revisions"}],"predecessor-version":[{"id":4579,"href":"https:\/\/www.ifbaiano.edu.br\/unidades\/alagoinhas\/wp-json\/wp\/v2\/pages\/4136\/revisions\/4579"}],"up":[{"embeddable":true,"href":"https:\/\/www.ifbaiano.edu.br\/unidades\/alagoinhas\/wp-json\/wp\/v2\/pages\/2839"}],"wp:attachment":[{"href":"https:\/\/www.ifbaiano.edu.br\/unidades\/alagoinhas\/wp-json\/wp\/v2\/media?parent=4136"}],"curies":[{"name":"wp","href":"https:\/\/api.w.org\/{rel}","templated":true}]}}