{"id":424,"date":"2017-06-06T09:51:12","date_gmt":"2017-06-06T12:51:12","guid":{"rendered":"http:\/\/www.ifbaiano.edu.br\/unidades\/alagoinhas\/?page_id=424"},"modified":"2017-10-19T22:25:29","modified_gmt":"2017-10-20T00:25:29","slug":"paise-2017-2","status":"publish","type":"page","link":"https:\/\/www.ifbaiano.edu.br\/unidades\/alagoinhas\/paise-2017-2\/","title":{"rendered":"Paise 2017.2"},"content":{"rendered":"<p>A Comiss\u00e3o Local de Implementa\u00e7\u00e3o da Pol\u00edtica de Assist\u00eancia Estudantil torna p\u00fablico o edital 21\/2017 com novo cronograma e quadro de benef\u00edcios do Programa de Assist\u00eancia e Inclus\u00e3o Social do Estudante (PAISE).<\/p>\n<ul>\n<li><a href=\"http:\/\/www.ifbaiano.edu.br\/unidades\/alagoinhas\/files\/2017\/06\/Quadro-de-benef\u00edcios-PAISE-2017.2.pdf\">Quadro de benef\u00edcios\u00a0&#8211; 2017.2<\/a><\/li>\n<li><a href=\"http:\/\/www.ifbaiano.edu.br\/unidades\/alagoinhas\/files\/2017\/06\/Cronograma-PAISE-2017.2.pdf\">Cronograma\u00a0&#8211; 2017.2<\/a><\/li>\n<li><a href=\"http:\/\/www.ifbaiano.edu.br\/unidades\/alagoinhas\/files\/2017\/06\/Inscri\u00e7\u00f5es-Homologadas-PAISE-2017-2.pdf\">Inscri\u00e7\u00f5es Homologadas<\/a><\/li>\n<li><a href=\"http:\/\/www.ifbaiano.edu.br\/unidades\/alagoinhas\/files\/2017\/06\/Entrevistas-Agendamento-PAISE-2017-2.pdf\">Entrevistas<\/a><a href=\"http:\/\/www.ifbaiano.edu.br\/unidades\/alagoinhas\/files\/2017\/06\/Entrevistas-Agendamento-PAISE-2017-2.pdf\">\u00a0&#8211; Agendamento<\/a><\/li>\n<li><a href=\"http:\/\/www.ifbaiano.edu.br\/unidades\/alagoinhas\/files\/2017\/06\/Cronograma-PAISE-2017.2-Retifica\u00e7\u00e3o.pdf\">Cronograma &#8211; 2017.2 (Retifica\u00e7\u00e3o)<\/a><\/li>\n<li><a href=\"http:\/\/www.ifbaiano.edu.br\/unidades\/alagoinhas\/files\/2017\/06\/Pr\u00e9-selecionados-Aux\u00edlio-Perman\u00eancia-PAISE-2017.2.pdf\">Pr\u00e9-selecionados &#8211; Aux\u00edlio Perman\u00eancia<\/a><\/li>\n<li><a href=\"http:\/\/www.ifbaiano.edu.br\/unidades\/alagoinhas\/files\/2017\/06\/Pr\u00e9-selecionados-Aux\u00edlio-Transporte-EAD-PAISE-2017.2.pdf\">Pr\u00e9-selecionados &#8211; Aux\u00edlio Transporte EAD<\/a><\/li>\n<li><a href=\"http:\/\/www.ifbaiano.edu.br\/unidades\/alagoinhas\/files\/2017\/06\/Pr\u00e9-selecionados-Aux\u00edlio-Transporte-Presencial-PAISE-2017.2.pdf\">Pr\u00e9-selecionados &#8211; Aux\u00edlio Transporte Presencial<\/a><\/li>\n<li><a href=\"http:\/\/www.ifbaiano.edu.br\/unidades\/alagoinhas\/files\/2017\/06\/Resultado-Final-Aux\u00edlio-Perman\u00eancia-PAISE-2017.2.pdf\">Resultado Final &#8211; Aux\u00edlio Perman\u00eancia<\/a><\/li>\n<li><a href=\"http:\/\/www.ifbaiano.edu.br\/unidades\/alagoinhas\/files\/2017\/06\/Resultado-Final-Aux\u00edlio-Transporte-EAD-PAISE-2017.2.pdf\">Resultado Final &#8211; Aux\u00edlio Transporte EAD<\/a><\/li>\n<li><a href=\"http:\/\/www.ifbaiano.edu.br\/unidades\/alagoinhas\/files\/2017\/06\/Resultado-Final-Aux\u00edlio-Transporte-Presencial-PAISE-2017.2.pdf\">Resultado Final &#8211; Aux\u00edlio Transporte Presencial<\/a><\/li>\n<li><a href=\"http:\/\/www.ifbaiano.edu.br\/unidades\/alagoinhas\/files\/2017\/06\/RESPOSTA-DE-RECURSO-2017.2.pdf\">Resposta de recurso<\/a><\/li>\n<li><a href=\"http:\/\/www.ifbaiano.edu.br\/unidades\/alagoinhas\/files\/2017\/07\/Segunda-Convoca\u00e7\u00e3o-2017.2-Aux\u00edlio-Transporte.pdf\">Segunda Convoca\u00e7\u00e3o &#8211; Aux\u00edlio Transporte &#8211; 2017.2<\/a><\/li>\n<li><a href=\"http:\/\/www.ifbaiano.edu.br\/unidades\/alagoinhas\/files\/2017\/08\/Segunda.-Conv.-2017.2-Aux\u00edlio-Perman\u00eancia.pdf\">Segunda\u00a0Convoca\u00e7\u00e3o Aux\u00edlio Perman\u00eancia<\/a><\/li>\n<li><a href=\"http:\/\/www.ifbaiano.edu.br\/unidades\/alagoinhas\/files\/2017\/08\/Terceira-Convoca\u00e7\u00e3o-2017.2-Aux\u00edlio-Transporte.pdf\">Terceira Convoca\u00e7\u00e3o &#8211; Aux\u00edlio Transporte<\/a><\/li>\n<li><a href=\"http:\/\/www.ifbaiano.edu.br\/unidades\/alagoinhas\/files\/2017\/06\/4\u00aa-Convoca\u00e7\u00e3o-Aux\u00edlio-Transporte-Presencial-1.pdf\">4\u00aa Convoca\u00e7\u00e3o &#8211; Aux\u00edlio Transporte Presencial<\/a><\/li>\n<li><a href=\"http:\/\/www.ifbaiano.edu.br\/unidades\/alagoinhas\/files\/2017\/06\/Cronograma-PAISE-2017.2.2-C\u00f3pia-e-Impress\u00e3o-1.pdf\">Cronograma PAISE 2017.2.2 &#8211; C\u00f3pia e Impress\u00e3o<\/a><\/li>\n<li><a href=\"http:\/\/www.ifbaiano.edu.br\/unidades\/alagoinhas\/files\/2017\/06\/Quadro-de-benef\u00edcios-PAISE-2017.2.2-1.pdf\">Quadro de benef\u00edcios PAISE-2017.2.2<\/a><\/li>\n<li><a href=\"http:\/\/www.ifbaiano.edu.br\/unidades\/alagoinhas\/files\/2017\/06\/4\u00aa-Convoca\u00e7\u00e3o-Aux\u00edlio-Perman\u00eancia-2-1.pdf\">4\u00aa Convoca\u00e7\u00e3o &#8211; Aux\u00edlio Perman\u00eancia<\/a><\/li>\n<li><a href=\"http:\/\/www.ifbaiano.edu.br\/unidades\/alagoinhas\/files\/2017\/06\/Cronograma-Retifica\u00e7\u00e3o-PAISE-2017.2.2-C\u00f3pia-e-Impress\u00e3o.pdf\">Cronograma Retifica\u00e7\u00e3o &#8211; PAISE 2017.2.2 &#8211; C\u00f3pia e Impress\u00e3o<\/a><\/li>\n<li><a href=\"http:\/\/www.ifbaiano.edu.br\/unidades\/alagoinhas\/files\/2017\/06\/Pr\u00e9-Selecionados-C\u00f3pia-e-Impress\u00e3o-2017.2.2.pdf\">Pr\u00e9-Selecionados C\u00f3pia e Impress\u00e3o 2017.2.2<\/a><\/li>\n<li><a href=\"http:\/\/www.ifbaiano.edu.br\/unidades\/alagoinhas\/files\/2017\/06\/Resultado-Final-C\u00f3pia-e-Impress\u00e3o-2017.2.2.pdf\">Resultado Final C\u00f3pia e Impress\u00e3o 2017.2.2<\/a><\/li>\n<\/ul>\n<p>Em caso de d\u00favidas, procurar a Coordena\u00e7\u00e3o de Assuntos Estudantis (CAE).<\/p>\n","protected":false},"excerpt":{"rendered":"<p>A Comiss\u00e3o Local de Implementa\u00e7\u00e3o da Pol\u00edtica de Assist\u00eancia Estudantil torna p\u00fablico o edital 21\/2017 com novo cronograma e quadro de benef\u00edcios do Programa de Assist\u00eancia e Inclus\u00e3o Social do Estudante (PAISE). Quadro de benef\u00edcios\u00a0&#8211; 2017.2 Cronograma\u00a0&#8211; 2017.2 Inscri\u00e7\u00f5es Homologadas Entrevistas\u00a0&#8211; Agendamento Cronograma &#8211; 2017.2 (Retifica\u00e7\u00e3o) Pr\u00e9-selecionados &#8211; Aux\u00edlio Perman\u00eancia Pr\u00e9-selecionados &#8211; Aux\u00edlio Transporte EAD [&hellip;]<\/p>\n","protected":false},"author":76,"featured_media":0,"parent":0,"menu_order":79,"comment_status":"closed","ping_status":"closed","template":"","meta":[],"_links":{"self":[{"href":"https:\/\/www.ifbaiano.edu.br\/unidades\/alagoinhas\/wp-json\/wp\/v2\/pages\/424"}],"collection":[{"href":"https:\/\/www.ifbaiano.edu.br\/unidades\/alagoinhas\/wp-json\/wp\/v2\/pages"}],"about":[{"href":"https:\/\/www.ifbaiano.edu.br\/unidades\/alagoinhas\/wp-json\/wp\/v2\/types\/page"}],"author":[{"embeddable":true,"href":"https:\/\/www.ifbaiano.edu.br\/unidades\/alagoinhas\/wp-json\/wp\/v2\/users\/76"}],"replies":[{"embeddable":true,"href":"https:\/\/www.ifbaiano.edu.br\/unidades\/alagoinhas\/wp-json\/wp\/v2\/comments?post=424"}],"version-history":[{"count":15,"href":"https:\/\/www.ifbaiano.edu.br\/unidades\/alagoinhas\/wp-json\/wp\/v2\/pages\/424\/revisions"}],"predecessor-version":[{"id":1009,"href":"https:\/\/www.ifbaiano.edu.br\/unidades\/alagoinhas\/wp-json\/wp\/v2\/pages\/424\/revisions\/1009"}],"wp:attachment":[{"href":"https:\/\/www.ifbaiano.edu.br\/unidades\/alagoinhas\/wp-json\/wp\/v2\/media?parent=424"}],"curies":[{"name":"wp","href":"https:\/\/api.w.org\/{rel}","templated":true}]}}