{"id":473,"date":"2017-06-09T16:55:53","date_gmt":"2017-06-09T19:55:53","guid":{"rendered":"http:\/\/www.ifbaiano.edu.br\/unidades\/alagoinhas\/?page_id=473"},"modified":"2017-06-09T16:55:53","modified_gmt":"2017-06-09T19:55:53","slug":"2a-chamada-de-matricula","status":"publish","type":"page","link":"https:\/\/www.ifbaiano.edu.br\/unidades\/alagoinhas\/2a-chamada-de-matricula\/","title":{"rendered":"2\u00aa Chamada de Matr\u00edcula"},"content":{"rendered":"<p><strong>RESULTADO FINAL &#8211; 2\u00aa CHAMADA\u00a0<\/strong><\/p>\n<p><a href=\"http:\/\/www.ifbaiano.edu.br\/unidades\/alagoinhas\/files\/2017\/06\/AGRICULTURA-ORG%C3%82NICA-2-CHAMADA.pdf\">Agricultura Org\u00e2nica 2\u00aa Chamada<\/a><\/p>\n<p><a href=\"http:\/\/www.ifbaiano.edu.br\/unidades\/alagoinhas\/files\/2017\/06\/ALGORITMOS-USANDO-VISUALG-2-CHAMADA.pdf\">Algoritmos Usando Visualg 2\u00aa Chamada<\/a><\/p>\n<p><a href=\"http:\/\/www.ifbaiano.edu.br\/unidades\/alagoinhas\/files\/2017\/06\/DERIVADOS-DA-MANDIOCA-2-CHAMADA.pdf\">Derivados da Mandioca 2\u00aa Chamada<\/a><\/p>\n<p><a href=\"http:\/\/www.ifbaiano.edu.br\/unidades\/alagoinhas\/files\/2017\/06\/DERIVADOS-DO-MILHO-2-CHAMADA.pdf\">Derivados do Milho 2\u00aa Chamada<\/a><\/p>\n<p><a href=\"http:\/\/www.ifbaiano.edu.br\/unidades\/alagoinhas\/files\/2017\/06\/FABRICA\u00c7\u00c3O-DE-LICORES-2-CHAMADA.pdf\">Fabrica\u00e7\u00e3o de Licores 2\u00aa Chamada<\/a><\/p>\n<p><a href=\"http:\/\/www.ifbaiano.edu.br\/unidades\/alagoinhas\/files\/2017\/06\/FUNDAMENTOS-DE-MATEM\u00c1TICA-FINANCEIRA-E-ESTAT\u00cdSTICA-2-Chamada.pdf\">Fundamentos da Matem\u00e1tica Financeira e Estat\u00edstica 2\u00aa Chamada<\/a><\/p>\n<p><a href=\"http:\/\/www.ifbaiano.edu.br\/unidades\/alagoinhas\/files\/2017\/06\/HIDROGRAFIA-E-RECURSOS-H\u00cdDRICOS-2-CHAMADA.pdf\">Hidrografia e Recursos H\u00eddricos 2\u00aa Chamada<\/a><\/p>\n<p><a href=\"http:\/\/www.ifbaiano.edu.br\/unidades\/alagoinhas\/files\/2017\/06\/INFORM\u00c1TICA-B\u00c1SICA-2-CHAMADA.pdf\">Inform\u00e1tica B\u00e1sica 2\u00aa Chamada<\/a><\/p>\n<p><a href=\"http:\/\/www.ifbaiano.edu.br\/unidades\/alagoinhas\/files\/2017\/06\/MANEJO-DO-SOLO-COM-ADUBOS-VERDES-USOS-E-POTENCIALIDADES-2-CHAMADA.pdf\">Manejo do Solo com Adubos Verdes: Usos e Potencialidades 2\u00aa Chamada<\/a><\/p>\n<p><a href=\"http:\/\/www.ifbaiano.edu.br\/unidades\/alagoinhas\/files\/2017\/06\/MODELAGEM-E-ADMINISTRA\u00c7\u00c3O-DE-BANCO-DE-DADOS-2-Chamada.pdf\">Modelagem e Administra\u00e7\u00e3o de Banco de Dados \u00a02\u00aa Chamada<\/a><\/p>\n<p><a href=\"http:\/\/www.ifbaiano.edu.br\/unidades\/alagoinhas\/files\/2017\/06\/NO\u00c7\u00d5ES-DE-MATEM\u00c1TICA-DO-ENSINO-M\u00c9DIO-2-CHAMADA.pdf\">No\u00e7\u00f5es de Matem\u00e1tica do ensino m\u00e9dio 2\u00aa Chamada<\/a><\/p>\n<p><a href=\"http:\/\/www.ifbaiano.edu.br\/unidades\/alagoinhas\/files\/2017\/06\/PREPARADOR-DE-CONSERVAS-E-TEMPEROS-2-CHAMADA.pdf\">Preparador de Conservas e Temperos 2\u00aa Chamada<\/a><\/p>\n<p><a href=\"http:\/\/www.ifbaiano.edu.br\/unidades\/alagoinhas\/files\/2017\/06\/PREPARADOR-DE-DEFUMADOS-2-CHAMADA.pdf\">Preparador de Defumados 2\u00aa Chamada<\/a><\/p>\n<p><a href=\"http:\/\/www.ifbaiano.edu.br\/unidades\/alagoinhas\/files\/2017\/06\/PREPARADOR-DE-DOCE-DE-LEITE-PASTOSO-AMBROSIA-E-DE-CORTE-2-CHAMADA-1.pdf\">Preparador de Doce de Leite Pastoso, Ambrosia e de Corte 2\u00aa Chamada<\/a><\/p>\n<p><a href=\"http:\/\/www.ifbaiano.edu.br\/unidades\/alagoinhas\/files\/2017\/06\/PREPARADOR-DE-HAMB\u00daRGUER-2-CHAMADA.pdf\">Preparador de Hamb\u00farguer 2\u00aa Chamada<\/a><\/p>\n<p><a href=\"http:\/\/www.ifbaiano.edu.br\/unidades\/alagoinhas\/files\/2017\/06\/PREPARADOR-DE-LINGUI\u00c7AS-PARA-CHURRASCO-2-CHAMADA.pdf\">Preparador de Lingui\u00e7as para Churrasco 2\u00aa Chamada<\/a><\/p>\n<p><a href=\"http:\/\/www.ifbaiano.edu.br\/unidades\/alagoinhas\/files\/2017\/06\/PREPARADOR-DE-QUEIJO-COALHO-E-QUEIJO-FRESCAL-2-CHAMADA.pdf\">Preparador de Queijo Coalho e Queijo Frescal 2\u00aa Chamada<\/a><\/p>\n<p><a href=\"http:\/\/www.ifbaiano.edu.br\/unidades\/alagoinhas\/files\/2017\/06\/PRODU\u00c7\u00c3O-DE-CHOCOLATE-2-CHAMADA.pdf\">Produ\u00e7\u00e3o de Chocolate 2\u00aa Chamada<\/a><\/p>\n<p><a href=\"http:\/\/www.ifbaiano.edu.br\/unidades\/alagoinhas\/files\/2017\/06\/PRODU\u00c7\u00c3O-DE-HORTALI\u00c7AS-2-CHAMADA.pdf\">Produ\u00e7\u00e3o de Hortali\u00e7as 2\u00aa Chamada<\/a><\/p>\n<p><a href=\"http:\/\/www.ifbaiano.edu.br\/unidades\/alagoinhas\/files\/2017\/06\/PRODU\u00c7\u00c3O-DE-MUDAS-2-CHAMADA.pdf\">Produ\u00e7\u00e3o de Mudas 2\u00aa Chamada<\/a><\/p>\n<p><a href=\"http:\/\/www.ifbaiano.edu.br\/unidades\/alagoinhas\/files\/2017\/06\/REDA\u00c7\u00c3O-OFICIAL-2-CHAMADA.pdf\">Reda\u00e7\u00e3o Oficial 2\u00aa Chamada<\/a><\/p>\n<p><a href=\"http:\/\/www.ifbaiano.edu.br\/unidades\/alagoinhas\/files\/2017\/06\/SOLOS-CONHECER-PARA-PROTEGER-2-CHAMADA.pdf\">Solos: Conhecer Para Proteger 2\u00aa Chamada<\/a><\/p>\n","protected":false},"excerpt":{"rendered":"<p>RESULTADO FINAL &#8211; 2\u00aa CHAMADA\u00a0 Agricultura Org\u00e2nica 2\u00aa Chamada Algoritmos Usando Visualg 2\u00aa Chamada Derivados da Mandioca 2\u00aa Chamada Derivados do Milho 2\u00aa Chamada Fabrica\u00e7\u00e3o de Licores 2\u00aa Chamada Fundamentos da Matem\u00e1tica Financeira e Estat\u00edstica 2\u00aa Chamada Hidrografia e Recursos H\u00eddricos 2\u00aa Chamada Inform\u00e1tica B\u00e1sica 2\u00aa Chamada Manejo do Solo com Adubos Verdes: Usos e [&hellip;]<\/p>\n","protected":false},"author":76,"featured_media":0,"parent":0,"menu_order":9,"comment_status":"closed","ping_status":"closed","template":"","meta":[],"_links":{"self":[{"href":"https:\/\/www.ifbaiano.edu.br\/unidades\/alagoinhas\/wp-json\/wp\/v2\/pages\/473"}],"collection":[{"href":"https:\/\/www.ifbaiano.edu.br\/unidades\/alagoinhas\/wp-json\/wp\/v2\/pages"}],"about":[{"href":"https:\/\/www.ifbaiano.edu.br\/unidades\/alagoinhas\/wp-json\/wp\/v2\/types\/page"}],"author":[{"embeddable":true,"href":"https:\/\/www.ifbaiano.edu.br\/unidades\/alagoinhas\/wp-json\/wp\/v2\/users\/76"}],"replies":[{"embeddable":true,"href":"https:\/\/www.ifbaiano.edu.br\/unidades\/alagoinhas\/wp-json\/wp\/v2\/comments?post=473"}],"version-history":[{"count":1,"href":"https:\/\/www.ifbaiano.edu.br\/unidades\/alagoinhas\/wp-json\/wp\/v2\/pages\/473\/revisions"}],"predecessor-version":[{"id":474,"href":"https:\/\/www.ifbaiano.edu.br\/unidades\/alagoinhas\/wp-json\/wp\/v2\/pages\/473\/revisions\/474"}],"wp:attachment":[{"href":"https:\/\/www.ifbaiano.edu.br\/unidades\/alagoinhas\/wp-json\/wp\/v2\/media?parent=473"}],"curies":[{"name":"wp","href":"https:\/\/api.w.org\/{rel}","templated":true}]}}