{"id":475,"date":"2017-06-09T16:56:40","date_gmt":"2017-06-09T19:56:40","guid":{"rendered":"http:\/\/www.ifbaiano.edu.br\/unidades\/alagoinhas\/?page_id=475"},"modified":"2017-06-09T16:56:40","modified_gmt":"2017-06-09T19:56:40","slug":"1a-chamada-de-matricula","status":"publish","type":"page","link":"https:\/\/www.ifbaiano.edu.br\/unidades\/alagoinhas\/1a-chamada-de-matricula\/","title":{"rendered":"1\u00aa Chamada de Matr\u00edcula"},"content":{"rendered":"<h3>\u00a0RESULTADO FINAL &#8211; 1\u00aa CHAMADA<\/h3>\n<p><a href=\"http:\/\/www.ifbaiano.edu.br\/unidades\/alagoinhas\/files\/2017\/05\/AGRICULTURA-ORG\u00c2NICA-1.pdf\">Agricultura Org\u00e2nica- Clique aqui<\/a><\/p>\n<p><a href=\"http:\/\/www.ifbaiano.edu.br\/unidades\/alagoinhas\/files\/2017\/05\/ALGORITMOS-USANDO-VISUALG-1.pdf\">Algoritmos Usando Visualg- Clique aqui<\/a><\/p>\n<p><a href=\"http:\/\/www.ifbaiano.edu.br\/unidades\/alagoinhas\/files\/2017\/05\/DERIVADOS-DA-MANDIOCA-1.pdf\">Derivados da Mandioca- Clique aqui<\/a><\/p>\n<p><a href=\"http:\/\/www.ifbaiano.edu.br\/unidades\/alagoinhas\/files\/2017\/05\/DERIVADOS-DO-MILHO-1.pdf\">Derivados do Milho- Clique aqui<\/a><\/p>\n<p><a href=\"http:\/\/www.ifbaiano.edu.br\/unidades\/alagoinhas\/files\/2017\/05\/FABRICA\u00c7\u00c3O-DE-LICORES-1.pdf\">Fabrica\u00e7\u00e3o de Licores- Clique aqui<\/a><\/p>\n<p><a href=\"http:\/\/www.ifbaiano.edu.br\/unidades\/alagoinhas\/files\/2017\/05\/FUNDAMENTOS-DE-MATEM\u00c1TICA-FINANCEIRA-E-ESTAT\u00cdSTICA-1.pdf\">Fundamentos da Matem\u00e1tica Financeira e Estat\u00edstica- Clique aqui<\/a><\/p>\n<p><a href=\"http:\/\/www.ifbaiano.edu.br\/unidades\/alagoinhas\/files\/2017\/05\/HIDROGRAFIA-E-RECURSOS-H\u00cdDRICOS-1.pdf\">Hidrografia e Recursos H\u00eddricos- Clique aqui<\/a><\/p>\n<p><a href=\"http:\/\/www.ifbaiano.edu.br\/unidades\/alagoinhas\/files\/2017\/05\/INFORM\u00c1TICA-B\u00c1SICA-1.pdf\">Inform\u00e1tica B\u00e1sica- Clique aqui<\/a><\/p>\n<p><a href=\"http:\/\/www.ifbaiano.edu.br\/unidades\/alagoinhas\/files\/2017\/05\/MANEJO-DO-SOLO-COM-ADUBOS-VERDES-USOS-E-POTENCIALIDADES-1.pdf\">Manejo do Solo com Adubos Verdes: Usos e Potencialidades- Clique aqui<\/a><\/p>\n<p><a href=\"http:\/\/www.ifbaiano.edu.br\/unidades\/alagoinhas\/files\/2017\/05\/MODELAGEM-E-ADMINISTRA\u00c7\u00c3O-DE-BANCO-DE-DADOS-1.pdf\">Modelagem e Administra\u00e7\u00e3o de Banco de Dados &#8211; Clique aqui<\/a><\/p>\n<p><a href=\"http:\/\/www.ifbaiano.edu.br\/unidades\/alagoinhas\/files\/2017\/05\/NO\u00c7\u00d5ES-DE-MATEM\u00c1TICA-DO-ENSINO-M\u00c9DIO-1.pdf\">No\u00e7\u00f5es de Matem\u00e1tica do ensino m\u00e9dio- Clique aqui<\/a><\/p>\n<p><a href=\"http:\/\/www.ifbaiano.edu.br\/unidades\/alagoinhas\/files\/2017\/05\/PREPARADOR-DE-CONSERVAS-E-TEMPEROS-1.pdf\">Preparador de Conservas e Temperos- Clique aqui<\/a><\/p>\n<p><a href=\"http:\/\/www.ifbaiano.edu.br\/unidades\/alagoinhas\/files\/2017\/05\/PREPARADOR-DE-DEFUMADOS-1.pdf\">Preparador de Defumados- Clique aqui<\/a><\/p>\n<p><a href=\"http:\/\/www.ifbaiano.edu.br\/unidades\/alagoinhas\/files\/2017\/05\/PREPARADOR-DE-DOCE-DE-LEITE-PASTOSO-AMBROSIA-E-DE-CORTE-1.pdf\">Preparador de Doce de Leite Pastoso, Ambrosia e de Corte- Clique aqui<\/a><\/p>\n<p><a href=\"http:\/\/www.ifbaiano.edu.br\/unidades\/alagoinhas\/files\/2017\/05\/PREPARADOR-DE-HAMB\u00daRGUER-1.pdf\">Preparador de Hamb\u00farguer- Clique aqui<\/a><\/p>\n<p><a href=\"http:\/\/www.ifbaiano.edu.br\/unidades\/alagoinhas\/files\/2017\/05\/PREPARADOR-DE-LINGUI\u00c7AS-PARA-CHURRASCO-1.pdf\">Preparador de Lingui\u00e7as para Churrasco- Clique aqui<\/a><\/p>\n<p><a href=\"http:\/\/www.ifbaiano.edu.br\/unidades\/alagoinhas\/files\/2017\/05\/PREPARADOR-DE-QUEIJO-COALHO-E-QUEIJO-FRESCAL-1.pdf\">Preparador de Queijo Coalho e Queijo Frescal- Clique aqui<\/a><\/p>\n<p><a href=\"http:\/\/www.ifbaiano.edu.br\/unidades\/alagoinhas\/files\/2017\/05\/PRODU\u00c7\u00c3O-DE-CHOCOLATE-1.pdf\">Produ\u00e7\u00e3o de Chocolate- Clique aqui<\/a><\/p>\n<p><a href=\"http:\/\/www.ifbaiano.edu.br\/unidades\/alagoinhas\/files\/2017\/05\/PRODU\u00c7\u00c3O-DE-HORTALI\u00c7AS-1.pdf\">Produ\u00e7\u00e3o de Hortali\u00e7as- Clique aqui<\/a><\/p>\n<p><a href=\"http:\/\/www.ifbaiano.edu.br\/unidades\/alagoinhas\/files\/2017\/05\/PRODU\u00c7\u00c3O-DE-MUDAS-1.pdf\">Produ\u00e7\u00e3o de Mudas- Clique aqui<\/a><\/p>\n<p><a href=\"http:\/\/www.ifbaiano.edu.br\/unidades\/alagoinhas\/files\/2017\/05\/REDA\u00c7\u00c3O-OFICIAL-1.pdf\">Reda\u00e7\u00e3o Oficial- Clique aqui<\/a><\/p>\n<p><a href=\"http:\/\/www.ifbaiano.edu.br\/unidades\/alagoinhas\/files\/2017\/05\/SOLOS-CONHECER-PARA-PROTEGER-1.pdf\">Solos: Conhecer Para Proteger- Clique aqui<\/a><\/p>\n","protected":false},"excerpt":{"rendered":"<p>\u00a0RESULTADO FINAL &#8211; 1\u00aa CHAMADA Agricultura Org\u00e2nica- Clique aqui Algoritmos Usando Visualg- Clique aqui Derivados da Mandioca- Clique aqui Derivados do Milho- Clique aqui Fabrica\u00e7\u00e3o de Licores- Clique aqui Fundamentos da Matem\u00e1tica Financeira e Estat\u00edstica- Clique aqui Hidrografia e Recursos H\u00eddricos- Clique aqui Inform\u00e1tica B\u00e1sica- Clique aqui Manejo do Solo com Adubos Verdes: Usos e [&hellip;]<\/p>\n","protected":false},"author":76,"featured_media":0,"parent":0,"menu_order":8,"comment_status":"closed","ping_status":"closed","template":"","meta":[],"_links":{"self":[{"href":"https:\/\/www.ifbaiano.edu.br\/unidades\/alagoinhas\/wp-json\/wp\/v2\/pages\/475"}],"collection":[{"href":"https:\/\/www.ifbaiano.edu.br\/unidades\/alagoinhas\/wp-json\/wp\/v2\/pages"}],"about":[{"href":"https:\/\/www.ifbaiano.edu.br\/unidades\/alagoinhas\/wp-json\/wp\/v2\/types\/page"}],"author":[{"embeddable":true,"href":"https:\/\/www.ifbaiano.edu.br\/unidades\/alagoinhas\/wp-json\/wp\/v2\/users\/76"}],"replies":[{"embeddable":true,"href":"https:\/\/www.ifbaiano.edu.br\/unidades\/alagoinhas\/wp-json\/wp\/v2\/comments?post=475"}],"version-history":[{"count":1,"href":"https:\/\/www.ifbaiano.edu.br\/unidades\/alagoinhas\/wp-json\/wp\/v2\/pages\/475\/revisions"}],"predecessor-version":[{"id":476,"href":"https:\/\/www.ifbaiano.edu.br\/unidades\/alagoinhas\/wp-json\/wp\/v2\/pages\/475\/revisions\/476"}],"wp:attachment":[{"href":"https:\/\/www.ifbaiano.edu.br\/unidades\/alagoinhas\/wp-json\/wp\/v2\/media?parent=475"}],"curies":[{"name":"wp","href":"https:\/\/api.w.org\/{rel}","templated":true}]}}