{"id":477,"date":"2017-06-09T16:57:36","date_gmt":"2017-06-09T19:57:36","guid":{"rendered":"http:\/\/www.ifbaiano.edu.br\/unidades\/alagoinhas\/?page_id=477"},"modified":"2017-06-09T16:57:36","modified_gmt":"2017-06-09T19:57:36","slug":"inscricoes-homologadas-2","status":"publish","type":"page","link":"https:\/\/www.ifbaiano.edu.br\/unidades\/alagoinhas\/inscricoes-homologadas-2\/","title":{"rendered":"Inscri\u00e7\u00f5es Homologadas"},"content":{"rendered":"<h3><strong>INSCRI\u00c7\u00d5ES HOMOLOGADAS\u00a0<\/strong><\/h3>\n<p><a href=\"http:\/\/www.ifbaiano.edu.br\/unidades\/alagoinhas\/files\/2017\/05\/HOMOLOG-AGRICULTURA-ORGANICA.pdf\">Agricultura Org\u00e2nica- Clique aqui<\/a><\/p>\n<p><a href=\"http:\/\/www.ifbaiano.edu.br\/unidades\/alagoinhas\/files\/2017\/05\/HOMOLOG-ALGORITMOS.pdf\">Algoritmos Usando Visualg- Clique aqui<\/a><\/p>\n<p><a href=\"http:\/\/www.ifbaiano.edu.br\/unidades\/alagoinhas\/files\/2017\/05\/HOMOLOG-DERIVADOS-DA-MANDIOCA.pdf\">Derivados da Mandioca- Clique aqui<\/a><\/p>\n<p><a href=\"http:\/\/www.ifbaiano.edu.br\/unidades\/alagoinhas\/files\/2017\/05\/HOMOLOG-DERIVADOS-DO-MILHO.pdf\">Derivados do Milho- Clique aqui<\/a><\/p>\n<p><a href=\"http:\/\/www.ifbaiano.edu.br\/unidades\/alagoinhas\/files\/2017\/05\/HOMOLOG-FABRICA\u00c7\u00c3O-DE-LICORES.pdf\">Fabrica\u00e7\u00e3o de Licores- Clique aqui<\/a><\/p>\n<p><a href=\"http:\/\/www.ifbaiano.edu.br\/unidades\/alagoinhas\/files\/2017\/05\/HOMOLOG-FUNDAMENTOS-DE-MATEM\u00c1TICA-FINANCEIRA-E-ESTAT\u00cdSTICA.pdf\">Fundamentos de Matem\u00e1tica Financeira e Estat\u00edstica- Clique aqui<\/a><\/p>\n<p><a href=\"http:\/\/www.ifbaiano.edu.br\/unidades\/alagoinhas\/files\/2017\/05\/HOMOLOG-HIDROGRAFIA-E-RECURSOS-H\u00cdDRICOS.pdf\">Hidrografia e Recursos H\u00eddricos- Clique aqui<\/a><\/p>\n<p><a href=\"http:\/\/www.ifbaiano.edu.br\/unidades\/alagoinhas\/files\/2017\/05\/HOMOLOG-INFORM\u00c1TICA-B\u00c1SICA.pdf\">Inform\u00e1tica B\u00e1sica- Clique aqui<\/a><\/p>\n<p><a href=\"http:\/\/www.ifbaiano.edu.br\/unidades\/alagoinhas\/files\/2017\/05\/HOMOLOG-MANEJO-DO-SOLO.pdf\">Manejo do Solo com Adubos Verdes: Usos e Potencialidades- Clique aqui<\/a><\/p>\n<p><a href=\"http:\/\/www.ifbaiano.edu.br\/unidades\/alagoinhas\/files\/2017\/05\/HOMOLOG-MODELAGEM-E-ADMINISTRA\u00c7\u00c3O-DE-BANCO-DE-DADOS.pdf\">Modelagem e Administra\u00e7\u00e3o de Banco de Dados &#8211; Clique aqui<\/a><\/p>\n<p><a href=\"http:\/\/www.ifbaiano.edu.br\/unidades\/alagoinhas\/files\/2017\/05\/HOMOLOG-NO\u00c7\u00d5ES-DE-MATEM\u00c1TICA-DO-ENSINO-M\u00c9DIO.pdf\">No\u00e7\u00f5es de Matem\u00e1tica do ensino m\u00e9dio- Clique aqui<\/a><\/p>\n<p><a href=\"http:\/\/www.ifbaiano.edu.br\/unidades\/alagoinhas\/files\/2017\/05\/HOMOLOG-PREPARADOR-DE-CONSERVAS-E-TEMPEROS.pdf\">Preparador de Conservas e Temperos- Clique aqui<\/a><\/p>\n<p><a href=\"http:\/\/www.ifbaiano.edu.br\/unidades\/alagoinhas\/files\/2017\/05\/HOMOLOG-PREPARADOR-DE-DEFUMADOS.pdf\">Preparador de Defumados- Clique aqui<\/a><\/p>\n<p><a href=\"http:\/\/www.ifbaiano.edu.br\/unidades\/alagoinhas\/files\/2017\/05\/HOMOLOG-PREPARADOR-DE-DOCE-DE-LEITE-PASTOSO-AMBROSIA-E-DE-CORTE.pdf\">Preparador de Doce de Leite Pastoso, Ambrosia e de Corte- Clique aqui<\/a><\/p>\n<p><a href=\"http:\/\/www.ifbaiano.edu.br\/unidades\/alagoinhas\/files\/2017\/05\/HOMOLOG-PREPARADOR-DE-HAMB\u00daRGUER.pdf\">Preparador de Hamb\u00farguer- Clique aqui<\/a><\/p>\n<p><a href=\"http:\/\/www.ifbaiano.edu.br\/unidades\/alagoinhas\/files\/2017\/05\/HOMOLOG-PREPARADOR-DE-LINGUI\u00c7AS-PARA-CHURRASCO.pdf\">Preparador de Lingui\u00e7as para Churrasco- Clique aqui<\/a><\/p>\n<p><a href=\"http:\/\/www.ifbaiano.edu.br\/unidades\/alagoinhas\/files\/2017\/05\/HOMOLOG-PREPARADOR-DE-QUEIJO-COALHO-E-QUEIJO-FRESCAL.pdf\">Preparador de Queijo Coalho e Queijo Frescal- Clique aqui<\/a><\/p>\n<p><a href=\"http:\/\/www.ifbaiano.edu.br\/unidades\/alagoinhas\/files\/2017\/05\/HOMOLOG-PRODU\u00c7\u00c3O-DE-CHOCOLATE.pdf\">Produ\u00e7\u00e3o de Chocolate- Clique aqui<\/a><\/p>\n<p><a href=\"http:\/\/www.ifbaiano.edu.br\/unidades\/alagoinhas\/files\/2017\/05\/HOMOLOG-PRODU\u00c7\u00c3O-DE-HORTALI\u00c7AS.pdf\">Produ\u00e7\u00e3o de Hortali\u00e7as- Clique aqui<\/a><\/p>\n<p><a href=\"http:\/\/www.ifbaiano.edu.br\/unidades\/alagoinhas\/files\/2017\/05\/HOMOLOG-PRODU\u00c7\u00c3O-DE-MUDAS.pdf\">Produ\u00e7\u00e3o de Mudas- Clique aqui<\/a><\/p>\n<p><a href=\"http:\/\/www.ifbaiano.edu.br\/unidades\/alagoinhas\/files\/2017\/05\/HOMOLOG-REDA\u00c7\u00c3O-OFICIAL.pdf\">Reda\u00e7\u00e3o Oficial- Clique aqui<\/a><\/p>\n<p><a href=\"http:\/\/www.ifbaiano.edu.br\/unidades\/alagoinhas\/files\/2017\/05\/HOMOLOG-SOLOS-CONHECER-PARA-PROTEGER.pdf\">Solos: Conhecer Para Proteger- Clique aqui<\/a><\/p>\n","protected":false},"excerpt":{"rendered":"<p>INSCRI\u00c7\u00d5ES HOMOLOGADAS\u00a0 Agricultura Org\u00e2nica- Clique aqui Algoritmos Usando Visualg- Clique aqui Derivados da Mandioca- Clique aqui Derivados do Milho- Clique aqui Fabrica\u00e7\u00e3o de Licores- Clique aqui Fundamentos de Matem\u00e1tica Financeira e Estat\u00edstica- Clique aqui Hidrografia e Recursos H\u00eddricos- Clique aqui Inform\u00e1tica B\u00e1sica- Clique aqui Manejo do Solo com Adubos Verdes: Usos e Potencialidades- Clique aqui [&hellip;]<\/p>\n","protected":false},"author":76,"featured_media":0,"parent":0,"menu_order":63,"comment_status":"closed","ping_status":"closed","template":"","meta":[],"_links":{"self":[{"href":"https:\/\/www.ifbaiano.edu.br\/unidades\/alagoinhas\/wp-json\/wp\/v2\/pages\/477"}],"collection":[{"href":"https:\/\/www.ifbaiano.edu.br\/unidades\/alagoinhas\/wp-json\/wp\/v2\/pages"}],"about":[{"href":"https:\/\/www.ifbaiano.edu.br\/unidades\/alagoinhas\/wp-json\/wp\/v2\/types\/page"}],"author":[{"embeddable":true,"href":"https:\/\/www.ifbaiano.edu.br\/unidades\/alagoinhas\/wp-json\/wp\/v2\/users\/76"}],"replies":[{"embeddable":true,"href":"https:\/\/www.ifbaiano.edu.br\/unidades\/alagoinhas\/wp-json\/wp\/v2\/comments?post=477"}],"version-history":[{"count":1,"href":"https:\/\/www.ifbaiano.edu.br\/unidades\/alagoinhas\/wp-json\/wp\/v2\/pages\/477\/revisions"}],"predecessor-version":[{"id":478,"href":"https:\/\/www.ifbaiano.edu.br\/unidades\/alagoinhas\/wp-json\/wp\/v2\/pages\/477\/revisions\/478"}],"wp:attachment":[{"href":"https:\/\/www.ifbaiano.edu.br\/unidades\/alagoinhas\/wp-json\/wp\/v2\/media?parent=477"}],"curies":[{"name":"wp","href":"https:\/\/api.w.org\/{rel}","templated":true}]}}