{"id":5349,"date":"2023-11-21T15:33:45","date_gmt":"2023-11-21T18:33:45","guid":{"rendered":"https:\/\/www.ifbaiano.edu.br\/unidades\/alagoinhas\/?page_id=5349"},"modified":"2024-03-28T16:55:05","modified_gmt":"2024-03-28T19:55:05","slug":"tecnicosintegrados2024","status":"publish","type":"page","link":"https:\/\/www.ifbaiano.edu.br\/unidades\/alagoinhas\/tecnicosintegrados2024\/","title":{"rendered":"Processo Seletivo dos Cursos Integrados 2024"},"content":{"rendered":"\n<p class=\"has-text-align-center has-vivid-green-cyan-background-color has-background\"><strong>Matr\u00edcula<\/strong><\/p>\n\n\n\n<div class=\"wp-block-file\"><a id=\"wp-block-file--media-cafe8baa-979d-4791-a5a1-82a77ad4065e\" href=\"https:\/\/www.ifbaiano.edu.br\/unidades\/alagoinhas\/files\/2024\/03\/Terceira-Chamada-para-Matricula.pdf\">TERCEIRA CHAMADA PARA MATR\u00edCULA<\/a><a href=\"https:\/\/www.ifbaiano.edu.br\/unidades\/alagoinhas\/files\/2024\/03\/Terceira-Chamada-para-Matricula.pdf\" class=\"wp-block-file__button wp-element-button\" download aria-describedby=\"wp-block-file--media-cafe8baa-979d-4791-a5a1-82a77ad4065e\">Baixar<\/a><\/div>\n\n\n\n<div class=\"wp-block-file\"><a id=\"wp-block-file--media-1ebe453b-94b0-46d5-83ec-be4afaf599be\" href=\"https:\/\/www.ifbaiano.edu.br\/unidades\/alagoinhas\/files\/2024\/03\/SEGUNDA-CHAMADA-PARA-MATRICULA.pdf\">SEGUNDA CHAMADA PARA MATR\u00cdCULA<\/a><a href=\"https:\/\/www.ifbaiano.edu.br\/unidades\/alagoinhas\/files\/2024\/03\/SEGUNDA-CHAMADA-PARA-MATRICULA.pdf\" class=\"wp-block-file__button wp-element-button\" download aria-describedby=\"wp-block-file--media-1ebe453b-94b0-46d5-83ec-be4afaf599be\">Baixar<\/a><\/div>\n\n\n\n<div class=\"wp-block-file\"><a id=\"wp-block-file--media-1b6eb64c-f2b5-49bc-84cf-a5fccef23bd9\" href=\"https:\/\/www.ifbaiano.edu.br\/unidades\/alagoinhas\/files\/2024\/03\/1a-RETIFICACAO-AO-EDITAL-2.2024-REFERENTE-AO-EDITAL-DE-MATRICULA-PROCESSO-SELETIVO-PARA-INGRESSO-DE-ESTUDANTES-2024.pdf\" target=\"_blank\" rel=\"noreferrer noopener\"><br>1\u00aa RETIFICA\u00c7\u00c3O EDITAL 2.2024 REFERENTE AO EDITAL DE MATR\u00cdCULA PROCESSO SELETIVO PARA INGRESSO DE ESTUDANTES 2024<\/a><a href=\"https:\/\/www.ifbaiano.edu.br\/unidades\/alagoinhas\/files\/2024\/03\/1a-RETIFICACAO-AO-EDITAL-2.2024-REFERENTE-AO-EDITAL-DE-MATRICULA-PROCESSO-SELETIVO-PARA-INGRESSO-DE-ESTUDANTES-2024.pdf\" class=\"wp-block-file__button wp-element-button\" download aria-describedby=\"wp-block-file--media-1b6eb64c-f2b5-49bc-84cf-a5fccef23bd9\">Baixar<\/a><\/div>\n\n\n\n<div class=\"wp-block-file\"><a id=\"wp-block-file--media-e317b4d9-edc2-4be4-8e17-7b863e4e06f3\" href=\"https:\/\/www.ifbaiano.edu.br\/unidades\/alagoinhas\/files\/2024\/03\/PRIMEIRA-CHAMADA-PARA-MATRICULA.pdf\" target=\"_blank\" rel=\"noreferrer noopener\">PRIMEIRA CHAMADA PARA MATR\u00cdCULA<\/a><a href=\"https:\/\/www.ifbaiano.edu.br\/unidades\/alagoinhas\/files\/2024\/03\/PRIMEIRA-CHAMADA-PARA-MATRICULA.pdf\" class=\"wp-block-file__button wp-element-button\" download aria-describedby=\"wp-block-file--media-e317b4d9-edc2-4be4-8e17-7b863e4e06f3\">Baixar<\/a><\/div>\n\n\n\n<div class=\"wp-block-file\"><a id=\"wp-block-file--media-f5f98568-035d-4685-8655-29cff190c19d\" href=\"https:\/\/www.ifbaiano.edu.br\/unidades\/alagoinhas\/files\/2024\/03\/EDITAL-DE-MATRICULA-PROCESSO-SELETIVO-PARA-INGRESSO-DE-ESTUDANTES-2024.pdf\" target=\"_blank\" rel=\"noreferrer noopener\">EDITAL DE MATRICULA PROCESSO SELETIVO PARA INGRESSO DE ESTUDANTES 2024<\/a><a href=\"https:\/\/www.ifbaiano.edu.br\/unidades\/alagoinhas\/files\/2024\/03\/EDITAL-DE-MATRICULA-PROCESSO-SELETIVO-PARA-INGRESSO-DE-ESTUDANTES-2024.pdf\" class=\"wp-block-file__button wp-element-button\" download aria-describedby=\"wp-block-file--media-f5f98568-035d-4685-8655-29cff190c19d\">Baixar<\/a><\/div>\n\n\n\n<p>Mais informa\u00e7\u00f5es sobre a matr\u00edcula: <a href=\"https:\/\/www.ifbaiano.edu.br\/unidades\/alagoinhas\/edital-de-matricula-processo-seletivo-para-ingresso-de-estudantes-2024\/\" target=\"_blank\" rel=\"noreferrer noopener\">https:\/\/www.ifbaiano.edu.br\/unidades\/alagoinhas\/edital-de-matricula-processo-seletivo-para-ingresso-de-estudantes-2024\/<\/a><\/p>\n\n\n\n<p class=\"has-text-align-center has-vivid-green-cyan-background-color has-background\">Documentos do processo seletivo:<\/p>\n\n\n\n<div class=\"wp-block-file\"><a id=\"wp-block-file--media-af32ed70-3930-4fd6-b2fa-591c54b4c243\" href=\"https:\/\/www.ifbaiano.edu.br\/unidades\/alagoinhas\/files\/2024\/03\/RETIFICACAO-DO-RESULTADO-FINAL-LISTA-DE-APROVADOS-E-LISTA-DE-ESPERA.pdf\">RETIFICA\u00c7\u00c3O DO RESULTADO FINAL- LISTA DE APROVADOS E LISTA DE ESPERA<\/a><a href=\"https:\/\/www.ifbaiano.edu.br\/unidades\/alagoinhas\/files\/2024\/03\/RETIFICACAO-DO-RESULTADO-FINAL-LISTA-DE-APROVADOS-E-LISTA-DE-ESPERA.pdf\" class=\"wp-block-file__button wp-element-button\" download aria-describedby=\"wp-block-file--media-af32ed70-3930-4fd6-b2fa-591c54b4c243\">Baixar<\/a><\/div>\n\n\n\n<div class=\"wp-block-file\"><a id=\"wp-block-file--media-be5397b7-4eb8-4c55-b4bb-3ae624eb47ef\" href=\"https:\/\/www.ifbaiano.edu.br\/unidades\/alagoinhas\/files\/2024\/03\/1a-Retificacao-da-LISTA-FINAL-DAS-INSCRICOES-HOMOLOGADAS-APOS-RECURSOS.pdf\">1\u00aa Retifica\u00e7\u00e3o da LISTA FINAL DAS INSCRI\u00c7\u00d5ES HOMOLOGADAS AP\u00d3S RECURSOS<\/a><a href=\"https:\/\/www.ifbaiano.edu.br\/unidades\/alagoinhas\/files\/2024\/03\/1a-Retificacao-da-LISTA-FINAL-DAS-INSCRICOES-HOMOLOGADAS-APOS-RECURSOS.pdf\" class=\"wp-block-file__button wp-element-button\" download aria-describedby=\"wp-block-file--media-be5397b7-4eb8-4c55-b4bb-3ae624eb47ef\">Baixar<\/a><\/div>\n\n\n\n<div class=\"wp-block-file\"><a id=\"wp-block-file--media-34581660-98db-48ec-9dfc-6d39e165dfbd\" href=\"https:\/\/www.ifbaiano.edu.br\/unidades\/alagoinhas\/files\/2024\/03\/RESULTADO-FINAL-LISTA-DE-APROVADOS-E-LISTA-DE-ESPERA.pdf\">RESULTADO FINAL LISTA DE APROVADOS E LISTA DE ESPERA<\/a><a href=\"https:\/\/www.ifbaiano.edu.br\/unidades\/alagoinhas\/files\/2024\/03\/RESULTADO-FINAL-LISTA-DE-APROVADOS-E-LISTA-DE-ESPERA.pdf\" class=\"wp-block-file__button wp-element-button\" download aria-describedby=\"wp-block-file--media-34581660-98db-48ec-9dfc-6d39e165dfbd\">Baixar<\/a><\/div>\n\n\n\n<div class=\"wp-block-file\"><a id=\"wp-block-file--media-83b80bf5-7489-4215-937a-73162fa74bd1\" href=\"https:\/\/www.ifbaiano.edu.br\/unidades\/alagoinhas\/files\/2024\/03\/Resultado-dos-recursos-contra-a-banca-de-heteroidentificacao-etnico-racial.pdf\">RESULTADO DOS RECURSOS CONTRA A  BANCA DE HETEROIDENTIFICA\u00c7\u00c3O \u00c9TNICO RACIAL<\/a><a href=\"https:\/\/www.ifbaiano.edu.br\/unidades\/alagoinhas\/files\/2024\/03\/Resultado-dos-recursos-contra-a-banca-de-heteroidentificacao-etnico-racial.pdf\" class=\"wp-block-file__button wp-element-button\" download aria-describedby=\"wp-block-file--media-83b80bf5-7489-4215-937a-73162fa74bd1\">Baixar<\/a><\/div>\n\n\n\n<div class=\"wp-block-file\"><a id=\"wp-block-file--media-aff6ee58-78a7-404b-a0d6-4e4ef278e25d\" href=\"https:\/\/www.ifbaiano.edu.br\/unidades\/alagoinhas\/files\/2024\/03\/RESULTADO-PRELIMINAR-DAS-BANCAS-DE-HETEROIDENTIFICACAO-ETNICOS-RACIAIS-\u2013-AGROECOLOGIA-AGROINDUSTRIA-E-INFORMATICA.pdf\">RESULTADO PRELIMINAR DAS BANCAS DE HETEROIDENTIFICA\u00c7\u00c3O \u00c9TNICOS RACIAIS AGROECOLOGIA AGROIND\u00daSTRIA E INFORM\u00c1TICA<\/a><a href=\"https:\/\/www.ifbaiano.edu.br\/unidades\/alagoinhas\/files\/2024\/03\/RESULTADO-PRELIMINAR-DAS-BANCAS-DE-HETEROIDENTIFICACAO-ETNICOS-RACIAIS-\u2013-AGROECOLOGIA-AGROINDUSTRIA-E-INFORMATICA.pdf\" class=\"wp-block-file__button wp-element-button\" download aria-describedby=\"wp-block-file--media-aff6ee58-78a7-404b-a0d6-4e4ef278e25d\">Baixar<\/a><\/div>\n\n\n\n<div class=\"wp-block-file\"><a id=\"wp-block-file--media-a4548ce9-70bf-4fe6-a17a-7ab6a6454f65\" href=\"https:\/\/www.ifbaiano.edu.br\/unidades\/alagoinhas\/files\/2024\/02\/RETIFICACAO-DA-CONVOCACAO-DE-CANDIDATOSAS-RV1-RV2-RV5-E-RV6.pdf\">RETIFICA\u00c7\u00c3O DA CONVOCA\u00c7\u00c3O DE CANDIDATOS(AS) RV1 RV2 RV5 E RV6 PARA A BANCA DE HETEROIDENTIFICA\u00c7\u00c3O &#8211; PROCEDIMENTO DE VERIFICA\u00c7\u00c3O DA AUTODECLARA\u00c7\u00c3O \u00c9TNICO RACIAL<\/a><a href=\"https:\/\/www.ifbaiano.edu.br\/unidades\/alagoinhas\/files\/2024\/02\/RETIFICACAO-DA-CONVOCACAO-DE-CANDIDATOSAS-RV1-RV2-RV5-E-RV6.pdf\" class=\"wp-block-file__button wp-element-button\" download aria-describedby=\"wp-block-file--media-a4548ce9-70bf-4fe6-a17a-7ab6a6454f65\">Baixar<\/a><\/div>\n\n\n\n<div class=\"wp-block-file\"><a id=\"wp-block-file--media-b4f7a911-491e-4582-b0b3-07d9f7f9276a\" href=\"https:\/\/www.ifbaiano.edu.br\/unidades\/alagoinhas\/files\/2024\/02\/PUBLICACAO-DOS-CURRICULOS-DOSAS-MEMBROSAS-DA-BANCA-DE-HETEROIDENTIFICACAO-RESPONSAVEL-PELA-AVALIACAO-DA-AUTODECLARACAO-DOSAS-CANDIDATOSAS-A-RESERVA-DE-VAGAS-.pdf\">CURR\u00cdCULOS DOS(AS) MEMBROS(AS) DA BANCA DE HETEROIDENTIFICA\u00c7\u00c3O RESPONS\u00c1VEL PELA AVALIA\u00c7\u00c3O DA AUTODECLARA\u00c7\u00c3O DOS(AS) CANDIDATOS(AS) A RESERVA DE VAGAS<\/a><a href=\"https:\/\/www.ifbaiano.edu.br\/unidades\/alagoinhas\/files\/2024\/02\/PUBLICACAO-DOS-CURRICULOS-DOSAS-MEMBROSAS-DA-BANCA-DE-HETEROIDENTIFICACAO-RESPONSAVEL-PELA-AVALIACAO-DA-AUTODECLARACAO-DOSAS-CANDIDATOSAS-A-RESERVA-DE-VAGAS-.pdf\" class=\"wp-block-file__button wp-element-button\" download aria-describedby=\"wp-block-file--media-b4f7a911-491e-4582-b0b3-07d9f7f9276a\">Baixar<\/a><\/div>\n\n\n\n<div class=\"wp-block-file\"><a id=\"wp-block-file--media-12b6ca44-e479-42da-9cbf-3a9ae36ce65d\" href=\"https:\/\/www.ifbaiano.edu.br\/unidades\/alagoinhas\/files\/2024\/02\/CONVOCACAO-DE-CANDIDATOSAS-RV1-RV2-RV5-E-RV6-CONFORME-EDITAL-No-32-DE-21-DE-NOVEMBRO-DE-2023-PARA-A-BANCA-DE-HETEROIDENTIFICACAO-PROCEDIMENTO-DE-VERIFICACAO-DA-AUTODECLARACAO-ETNICO-RACIAL.pdf\">CONVOCA\u00c7\u00c3O DE CANDIDATOS(AS) RV1 RV2 RV5 E RV6 PARA A BANCA DE HETEROIDENTIFICA\u00c7\u00c3O &#8211; PROCEDIMENTO DE VERIFICA\u00c7\u00c3O DA AUTODECLARA\u00c7\u00c3O \u00c9TNICO RACIAL<\/a><a href=\"https:\/\/www.ifbaiano.edu.br\/unidades\/alagoinhas\/files\/2024\/02\/CONVOCACAO-DE-CANDIDATOSAS-RV1-RV2-RV5-E-RV6-CONFORME-EDITAL-No-32-DE-21-DE-NOVEMBRO-DE-2023-PARA-A-BANCA-DE-HETEROIDENTIFICACAO-PROCEDIMENTO-DE-VERIFICACAO-DA-AUTODECLARACAO-ETNICO-RACIAL.pdf\" class=\"wp-block-file__button wp-element-button\" download aria-describedby=\"wp-block-file--media-12b6ca44-e479-42da-9cbf-3a9ae36ce65d\">Baixar<\/a><\/div>\n\n\n\n<div class=\"wp-block-file\"><a id=\"wp-block-file--media-30091335-1402-4d9c-980c-f571e9742996\" href=\"https:\/\/www.ifbaiano.edu.br\/unidades\/alagoinhas\/files\/2024\/02\/RESULTADO-DOS-RECURSOS-INTERPOSTOS-CONTRA-A-ANALISE-DO-HISTORICO-ESCOLAR.pdf\">RESULTADO DOS RECURSOS INTERPOSTOS CONTRA A AN\u00c1LISE DO HIST\u00d3RICO ESCOLAR<\/a><a href=\"https:\/\/www.ifbaiano.edu.br\/unidades\/alagoinhas\/files\/2024\/02\/RESULTADO-DOS-RECURSOS-INTERPOSTOS-CONTRA-A-ANALISE-DO-HISTORICO-ESCOLAR.pdf\" class=\"wp-block-file__button wp-element-button\" download aria-describedby=\"wp-block-file--media-30091335-1402-4d9c-980c-f571e9742996\">Baixar<\/a><\/div>\n\n\n\n<div class=\"wp-block-file\"><a id=\"wp-block-file--media-1cbc3df3-6446-4e79-8461-3b3e962c81dd\" href=\"https:\/\/www.ifbaiano.edu.br\/unidades\/alagoinhas\/files\/2024\/02\/RESULTADO-PRELIMINAR-DA-ANALISE-DO-HISTORICO-ESCOLAR.pdf\">RESULTADO PRELIMINAR DA ANALISE DO HISTORICO ESCOLAR<\/a><a href=\"https:\/\/www.ifbaiano.edu.br\/unidades\/alagoinhas\/files\/2024\/02\/RESULTADO-PRELIMINAR-DA-ANALISE-DO-HISTORICO-ESCOLAR.pdf\" class=\"wp-block-file__button wp-element-button\" download aria-describedby=\"wp-block-file--media-1cbc3df3-6446-4e79-8461-3b3e962c81dd\">Baixar<\/a><\/div>\n\n\n\n<div class=\"wp-block-file\"><a id=\"wp-block-file--media-51a97c85-c50b-4228-894f-b53211431005\" href=\"https:\/\/www.ifbaiano.edu.br\/unidades\/alagoinhas\/files\/2024\/02\/LISTA-FINAL-DAS-INSCRICOES-HOMOLOGADAS-APOS-RECURSOS.pdf\">LISTA FINAL DAS INSCRICOES HOMOLOGADAS AP\u00d3S RECURSOS<\/a><a href=\"https:\/\/www.ifbaiano.edu.br\/unidades\/alagoinhas\/files\/2024\/02\/LISTA-FINAL-DAS-INSCRICOES-HOMOLOGADAS-APOS-RECURSOS.pdf\" class=\"wp-block-file__button wp-element-button\" download aria-describedby=\"wp-block-file--media-51a97c85-c50b-4228-894f-b53211431005\">Baixar<\/a><\/div>\n\n\n\n<div class=\"wp-block-file\"><a id=\"wp-block-file--media-b7251199-0757-40a2-9556-2bb6e188d607\" href=\"https:\/\/www.ifbaiano.edu.br\/unidades\/alagoinhas\/files\/2024\/01\/LISTA-PRELIMINAR-DAS-INSCRICOES-ACEITASHOMOLOGADAS.pdf\"><br>LISTA PRELIMINAR DAS INSCRICOES HOMOLOGADAS<\/a><a href=\"https:\/\/www.ifbaiano.edu.br\/unidades\/alagoinhas\/files\/2024\/01\/LISTA-PRELIMINAR-DAS-INSCRICOES-ACEITASHOMOLOGADAS.pdf\" class=\"wp-block-file__button wp-element-button\" download aria-describedby=\"wp-block-file--media-b7251199-0757-40a2-9556-2bb6e188d607\">Baixar<\/a><\/div>\n\n\n\n<div class=\"wp-block-group has-black-color has-vivid-green-cyan-background-color has-text-color has-background is-vertical is-content-justification-center is-layout-flex wp-container-1\">\n<p class=\"has-text-align-center\">Ponto de Apoio Presencial para as inscri\u00e7\u00f5es no IF Baiano Campus Alagoinhas<\/p>\n\n\n\n<p class=\"has-text-align-center\">Segunda a Sexta &#8211; 08h as 13h<\/p>\n<\/div>\n\n\n\n<p>O DIRETOR-GERAL DO INSTITUTO FEDERAL DE EDUCA\u00c7\u00c3O, CI\u00caNCIA E TECNOLOGIA BAIANO (IF BAIANO) <em>CAMPUS<\/em> Alagoinhas, no uso de suas atribui\u00e7\u00f5es delegadas pela Portaria N\u00ba&nbsp;283, de 18 de mar\u00e7o de 2022, publicada no Di\u00e1rio Oficial da Uni\u00e3o do dia 21 de mar\u00e7o de 2022,  torna p\u00fablica a abertura de inscri\u00e7\u00f5es para o processo de ingresso de estudantes de 2024, dos cursos da Educa\u00e7\u00e3o Pro\ufb01ssional T\u00e9cnica de N\u00edvel M\u00e9dio (EPTNM), na forma integrada ao ensino m\u00e9dio &#8211;&nbsp;modalidade presencial &#8211; para o <em>Campus <\/em>Alagoinhas, por meio de an\u00e1lise de hist\u00f3rico escolar, conforme o n\u00famero de vagas e os cursos relacionados no Quadro 2 do subitem 2.3 e seguindo as demais condi\u00e7\u00f5es e etapas definidas neste Edital.&nbsp;<\/p>\n\n\n\n<div class=\"wp-block-buttons is-content-justification-center is-layout-flex wp-container-2\">\n<div class=\"wp-block-button is-style-fill\"><a class=\"wp-block-button__link has-text-align-center wp-element-button\" href=\"http:\/\/opinanovo.ifbaiano.edu.br\/index.php\/834259?lang=pt-BR\">Formul\u00e1rio Inscri\u00e7\u00e3o<\/a><\/div>\n<\/div>\n\n\n\n<div class=\"wp-block-file\"><a id=\"wp-block-file--media-3828bd20-50ca-4485-8f11-e994041f141c\" href=\"https:\/\/www.ifbaiano.edu.br\/unidades\/alagoinhas\/files\/2023\/11\/RESULTADO-IMPUGNACAO-EDITAL-No-32.2023-PROSEL-2024.pdf\">RESULTADO IMPUGNACAO EDITAL<\/a><a href=\"https:\/\/www.ifbaiano.edu.br\/unidades\/alagoinhas\/files\/2023\/11\/RESULTADO-IMPUGNACAO-EDITAL-No-32.2023-PROSEL-2024.pdf\" class=\"wp-block-file__button wp-element-button\" download aria-describedby=\"wp-block-file--media-3828bd20-50ca-4485-8f11-e994041f141c\">Baixar<\/a><\/div>\n\n\n\n<div class=\"wp-block-file\"><a id=\"wp-block-file--media-a82eb295-6361-49e3-8df5-c76e97c8ebc1\" href=\"https:\/\/www.ifbaiano.edu.br\/unidades\/alagoinhas\/files\/2023\/11\/Portaria-de-homologacao-do-edital-32.2023-Processo-seletivo-de-ingresso-estudantes-ano-2024-campus-Alagoinhas.pdf\">Portaria de homologa\u00e7\u00e3o do editali<\/a><a href=\"https:\/\/www.ifbaiano.edu.br\/unidades\/alagoinhas\/files\/2023\/11\/Portaria-de-homologacao-do-edital-32.2023-Processo-seletivo-de-ingresso-estudantes-ano-2024-campus-Alagoinhas.pdf\" class=\"wp-block-file__button wp-element-button\" download aria-describedby=\"wp-block-file--media-a82eb295-6361-49e3-8df5-c76e97c8ebc1\">Baixar<\/a><\/div>\n\n\n\n<div class=\"wp-block-file\"><a id=\"wp-block-file--media-ea07c47c-c4ff-42ba-abaf-c103205ef87a\" href=\"https:\/\/www.ifbaiano.edu.br\/unidades\/alagoinhas\/files\/2023\/11\/Edital-32-de-21-de-novembro-de-2023-PROSEL-2024.pdf\">Edital 32  &#8211; PROSEL 2024<\/a><a href=\"https:\/\/www.ifbaiano.edu.br\/unidades\/alagoinhas\/files\/2023\/11\/Edital-32-de-21-de-novembro-de-2023-PROSEL-2024.pdf\" class=\"wp-block-file__button wp-element-button\" download aria-describedby=\"wp-block-file--media-ea07c47c-c4ff-42ba-abaf-c103205ef87a\">Baixar<\/a><\/div>\n","protected":false},"excerpt":{"rendered":"<p>Matr\u00edcula Mais informa\u00e7\u00f5es sobre a matr\u00edcula: https:\/\/www.ifbaiano.edu.br\/unidades\/alagoinhas\/edital-de-matricula-processo-seletivo-para-ingresso-de-estudantes-2024\/ Documentos do processo seletivo: Ponto de Apoio Presencial para as inscri\u00e7\u00f5es no IF Baiano Campus Alagoinhas Segunda a Sexta &#8211; 08h as 13h O DIRETOR-GERAL DO INSTITUTO FEDERAL DE EDUCA\u00c7\u00c3O, CI\u00caNCIA E TECNOLOGIA BAIANO (IF BAIANO) CAMPUS Alagoinhas, no uso de suas atribui\u00e7\u00f5es delegadas pela Portaria N\u00ba&nbsp;283, de [&hellip;]<\/p>\n","protected":false},"author":175,"featured_media":0,"parent":0,"menu_order":91,"comment_status":"closed","ping_status":"closed","template":"","meta":[],"_links":{"self":[{"href":"https:\/\/www.ifbaiano.edu.br\/unidades\/alagoinhas\/wp-json\/wp\/v2\/pages\/5349"}],"collection":[{"href":"https:\/\/www.ifbaiano.edu.br\/unidades\/alagoinhas\/wp-json\/wp\/v2\/pages"}],"about":[{"href":"https:\/\/www.ifbaiano.edu.br\/unidades\/alagoinhas\/wp-json\/wp\/v2\/types\/page"}],"author":[{"embeddable":true,"href":"https:\/\/www.ifbaiano.edu.br\/unidades\/alagoinhas\/wp-json\/wp\/v2\/users\/175"}],"replies":[{"embeddable":true,"href":"https:\/\/www.ifbaiano.edu.br\/unidades\/alagoinhas\/wp-json\/wp\/v2\/comments?post=5349"}],"version-history":[{"count":23,"href":"https:\/\/www.ifbaiano.edu.br\/unidades\/alagoinhas\/wp-json\/wp\/v2\/pages\/5349\/revisions"}],"predecessor-version":[{"id":5719,"href":"https:\/\/www.ifbaiano.edu.br\/unidades\/alagoinhas\/wp-json\/wp\/v2\/pages\/5349\/revisions\/5719"}],"wp:attachment":[{"href":"https:\/\/www.ifbaiano.edu.br\/unidades\/alagoinhas\/wp-json\/wp\/v2\/media?parent=5349"}],"curies":[{"name":"wp","href":"https:\/\/api.w.org\/{rel}","templated":true}]}}