{"id":5466,"date":"2024-01-12T14:58:32","date_gmt":"2024-01-12T17:58:32","guid":{"rendered":"https:\/\/www.ifbaiano.edu.br\/unidades\/alagoinhas\/?page_id=5466"},"modified":"2024-01-12T14:58:33","modified_gmt":"2024-01-12T17:58:33","slug":"controle-de-pregoes-2022","status":"publish","type":"page","link":"https:\/\/www.ifbaiano.edu.br\/unidades\/alagoinhas\/controle-de-pregoes-2022\/","title":{"rendered":"Controle de preg\u00f5es 2022"},"content":{"rendered":"\n<p class=\"has-very-light-gray-to-cyan-bluish-gray-gradient-background has-background\"><strong>01 2022 &#8211; Contrata\u00e7\u00e3o equipe de apoio<\/strong><\/p>\n\n\n\n<div class=\"wp-block-file\"><a id=\"wp-block-file--media-4d53c612-ce54-45e9-b375-bbea1e1d328b\" href=\"https:\/\/www.ifbaiano.edu.br\/unidades\/alagoinhas\/files\/2024\/01\/TR-Edital-01-2022-Contratacao-equipe-Apoio.pdf\" target=\"_blank\" rel=\"noreferrer noopener\">TR Edital 01\/2022 &#8211; Contrata\u00e7\u00e3o equipe de apoio<\/a><\/div>\n\n\n\n<div class=\"wp-block-file\"><a id=\"wp-block-file--media-bf91e2b7-9645-4725-ac49-3e58ec20f84d\" href=\"https:\/\/www.ifbaiano.edu.br\/unidades\/alagoinhas\/files\/2024\/01\/comprasnet.gov_.br_livre_Pregao_FornecedorResultadoDecreto.pdf\" target=\"_blank\" rel=\"noreferrer noopener\"><a href=\"https:\/\/www.ifbaiano.edu.br\/unidades\/alagoinhas\/files\/2024\/01\/comprasnet.gov_.br_livre_Pregao_FornecedorResultadoDecreto.pdf\">Resultado<\/a> Edital 01\/2022<\/a><\/div>\n\n\n\n<p class=\"has-very-light-gray-to-cyan-bluish-gray-gradient-background has-background\"><strong>02 2022 &#8211; Ar condicionados<\/strong><\/p>\n\n\n\n<div class=\"wp-block-file\"><a id=\"wp-block-file--media-62b04d86-f039-412a-9504-ae0899490da9\" href=\"https:\/\/www.ifbaiano.edu.br\/unidades\/alagoinhas\/files\/2024\/01\/9_EDITAL-SRP-Ar-condicionados.pdf\" target=\"_blank\" rel=\"noreferrer noopener\">9_EDITAL 2\/2022 &#8211; SRP &#8211; Ar-condicionados<\/a><\/div>\n\n\n\n<div class=\"wp-block-file\"><a id=\"wp-block-file--media-e9b06b72-f44e-489a-b5f6-346d92734047\" href=\"https:\/\/www.ifbaiano.edu.br\/unidades\/alagoinhas\/files\/2024\/01\/comprasnet.gov_.br_livre_Pregao_FornecedorResultado.pdf\" target=\"_blank\" rel=\"noreferrer noopener\">Resultado Edital 2\/2022<\/a><\/div>\n\n\n\n<p class=\"has-very-light-gray-to-cyan-bluish-gray-gradient-background has-background\"><strong>03 2022 &#8211; Aquisi\u00e7\u00e3o de materiais e reagentes para laborat\u00f3rios<\/strong><\/p>\n\n\n\n<div class=\"wp-block-file\"><a id=\"wp-block-file--media-499ec0e1-b97c-466f-935f-fbb27c0b7729\" href=\"https:\/\/www.ifbaiano.edu.br\/unidades\/alagoinhas\/files\/2024\/01\/Edital-Pr-03-2022.pdf\" target=\"_blank\" rel=\"noreferrer noopener\">Edital 03\/2022<\/a><\/div>\n\n\n\n<div class=\"wp-block-file\"><a id=\"wp-block-file--media-a790ece7-8988-408d-a4e2-79537cee8bec\" href=\"https:\/\/www.ifbaiano.edu.br\/unidades\/alagoinhas\/files\/2024\/01\/Compras.gov_.brresultado.pdf\" target=\"_blank\" rel=\"noreferrer noopener\">Resultado Edital 03\/2022<\/a><\/div>\n\n\n\n<p class=\"has-very-light-gray-to-cyan-bluish-gray-gradient-background has-background\"><strong>04 2022 &#8211; Aquisi\u00e7\u00e3o de solu\u00e7\u00f5es de rede local sem fio (Wi-Fi)<\/strong><\/p>\n\n\n\n<div class=\"wp-block-file\"><a id=\"wp-block-file--media-db952f73-087f-40a2-860d-413cb306a5f0\" href=\"https:\/\/www.ifbaiano.edu.br\/unidades\/alagoinhas\/files\/2024\/01\/TR-pregao-04-2022.pdf\" target=\"_blank\" rel=\"noreferrer noopener\">TR preg\u00e3o 04 2022<\/a><\/div>\n\n\n\n<div class=\"wp-block-file\"><a id=\"wp-block-file--media-ba88b4a7-9d30-4924-955b-d9228393fb4d\" href=\"https:\/\/www.ifbaiano.edu.br\/unidades\/alagoinhas\/files\/2024\/01\/comprasnet.gov_.br_livre_Pregao_FornecedorResultado-1.pdf\" target=\"_blank\" rel=\"noreferrer noopener\">Resultado 04\/2022<\/a><\/div>\n","protected":false},"excerpt":{"rendered":"<p>01 2022 &#8211; Contrata\u00e7\u00e3o equipe de apoio 02 2022 &#8211; Ar condicionados 03 2022 &#8211; Aquisi\u00e7\u00e3o de materiais e reagentes para laborat\u00f3rios 04 2022 &#8211; Aquisi\u00e7\u00e3o de solu\u00e7\u00f5es de rede local sem fio (Wi-Fi)<\/p>\n","protected":false},"author":156,"featured_media":0,"parent":0,"menu_order":30,"comment_status":"closed","ping_status":"closed","template":"","meta":[],"_links":{"self":[{"href":"https:\/\/www.ifbaiano.edu.br\/unidades\/alagoinhas\/wp-json\/wp\/v2\/pages\/5466"}],"collection":[{"href":"https:\/\/www.ifbaiano.edu.br\/unidades\/alagoinhas\/wp-json\/wp\/v2\/pages"}],"about":[{"href":"https:\/\/www.ifbaiano.edu.br\/unidades\/alagoinhas\/wp-json\/wp\/v2\/types\/page"}],"author":[{"embeddable":true,"href":"https:\/\/www.ifbaiano.edu.br\/unidades\/alagoinhas\/wp-json\/wp\/v2\/users\/156"}],"replies":[{"embeddable":true,"href":"https:\/\/www.ifbaiano.edu.br\/unidades\/alagoinhas\/wp-json\/wp\/v2\/comments?post=5466"}],"version-history":[{"count":2,"href":"https:\/\/www.ifbaiano.edu.br\/unidades\/alagoinhas\/wp-json\/wp\/v2\/pages\/5466\/revisions"}],"predecessor-version":[{"id":5477,"href":"https:\/\/www.ifbaiano.edu.br\/unidades\/alagoinhas\/wp-json\/wp\/v2\/pages\/5466\/revisions\/5477"}],"wp:attachment":[{"href":"https:\/\/www.ifbaiano.edu.br\/unidades\/alagoinhas\/wp-json\/wp\/v2\/media?parent=5466"}],"curies":[{"name":"wp","href":"https:\/\/api.w.org\/{rel}","templated":true}]}}