{"id":554,"date":"2017-06-20T15:21:13","date_gmt":"2017-06-20T18:21:13","guid":{"rendered":"http:\/\/www.ifbaiano.edu.br\/unidades\/alagoinhas\/?page_id=554"},"modified":"2017-06-20T15:22:30","modified_gmt":"2017-06-20T18:22:30","slug":"4a-chamada-de-matricula","status":"publish","type":"page","link":"https:\/\/www.ifbaiano.edu.br\/unidades\/alagoinhas\/4a-chamada-de-matricula\/","title":{"rendered":"4\u00aa Chamada de Matr\u00edcula"},"content":{"rendered":"<p><strong>RESULTADO FINAL &#8211; 4\u00aa CHAMADA<\/strong><\/p>\n<p>&nbsp;<\/p>\n<p><a href=\"http:\/\/www.ifbaiano.edu.br\/unidades\/alagoinhas\/files\/2017\/06\/AGRICULTURA-ORG\u00c2NICA-4-CHAMADA.pdf\">Agricultura Org\u00e2nica 4\u00aa Chamada<\/a><\/p>\n<p>&nbsp;<\/p>\n<p><a href=\"http:\/\/www.ifbaiano.edu.br\/unidades\/alagoinhas\/files\/2017\/06\/ALGORITMOS-USANDO-VISUAL-4-CHAMADA.pdf\">Algoritmos Usando Visualg 4\u00aa Chamada<\/a><\/p>\n<p>&nbsp;<\/p>\n<p><a href=\"http:\/\/www.ifbaiano.edu.br\/unidades\/alagoinhas\/files\/2017\/06\/FUNDAMENTOS-DE-MATEM\u00c1TICA-FINANCEIRA-E-ESTAT\u00cdSTICA-4-CHAMADA.pdf\">Fundamentos da Matem\u00e1tica Financeira e Estat\u00edstica 4\u00aa Chamada<\/a><\/p>\n<p>&nbsp;<\/p>\n<p><a href=\"http:\/\/www.ifbaiano.edu.br\/unidades\/alagoinhas\/files\/2017\/06\/HIDROGRAFIA-E-RECURSOS-H\u00cdDRICOS-4-CHAMADA.pdf\">Hidrografia e Recursos H\u00eddricos 4\u00aa Chamada<\/a><\/p>\n<p>&nbsp;<\/p>\n<p><a href=\"http:\/\/www.ifbaiano.edu.br\/unidades\/alagoinhas\/files\/2017\/06\/INFORM\u00c1TICA-B\u00c1SICA-4-CHAMADA.pdf\">Inform\u00e1tica B\u00e1sica 4\u00aa Chamada<\/a><\/p>\n<p>&nbsp;<\/p>\n<p><a href=\"http:\/\/www.ifbaiano.edu.br\/unidades\/alagoinhas\/files\/2017\/06\/MANEJO-DO-SOLO-COM-ADUBOS-VERDES-USOS-E-POTENCIALIDADES-4-CHAMADA.pdf\">Manejo do Solo com Adubos Verdes: Usos e Potencialidades 4\u00aa Chamada<\/a><\/p>\n<p>&nbsp;<\/p>\n<p><a href=\"http:\/\/www.ifbaiano.edu.br\/unidades\/alagoinhas\/files\/2017\/06\/MODELAGEM-E-ADMINISTRA\u00c7\u00c3O-DE-BANCO-DE-DADOS-4-CHAMADA.pdf\">Modelagem e Administra\u00e7\u00e3o de Banco de Dados 4\u00aa Chamada<\/a><\/p>\n<p>&nbsp;<\/p>\n<p><a href=\"http:\/\/www.ifbaiano.edu.br\/unidades\/alagoinhas\/files\/2017\/06\/NO\u00c7\u00d5ES-DE-MATEM\u00c1TICA-DO-ENSINO-M\u00c9DIO-4-CHAMADA.pdf\">No\u00e7\u00f5es de Matem\u00e1tica do ensino m\u00e9dio 4\u00aa Chamada<\/a><\/p>\n<p>&nbsp;<\/p>\n<p><a href=\"http:\/\/www.ifbaiano.edu.br\/unidades\/alagoinhas\/files\/2017\/06\/PREPARADOR-DE-CONSERVAS-E-TEMPEROS-4-CHAMADA.pdf\">Preparador de Conservas e Temperos 4\u00aa Chamada<\/a><\/p>\n<p>&nbsp;<\/p>\n<p><a href=\"http:\/\/www.ifbaiano.edu.br\/unidades\/alagoinhas\/files\/2017\/06\/PREPARADOR-DE-DEFUMADOS-4-CHAMADA.pdf\">Preparador de Defumados 4\u00aa Chamada<\/a><\/p>\n<p>&nbsp;<\/p>\n<p><a href=\"http:\/\/www.ifbaiano.edu.br\/unidades\/alagoinhas\/files\/2017\/06\/PREPARADOR-DE-DOCE-DE-LEITE-PASTOSO-AMBROSIA-E-DE-CORTE-4-CHAMADA.pdf\">Preparador de Doce de Leite Pastoso, Ambrosia e de Corte 4\u00aa Chamada<\/a><\/p>\n<p>&nbsp;<\/p>\n<p><a href=\"http:\/\/www.ifbaiano.edu.br\/unidades\/alagoinhas\/files\/2017\/06\/PREPARADOR-DE-HAMB\u00daRGUER-4-CHAMADA.pdf\">Preparador de Hamb\u00farguer 4\u00aa Chamada<\/a><\/p>\n<p>&nbsp;<\/p>\n<p><a href=\"http:\/\/www.ifbaiano.edu.br\/unidades\/alagoinhas\/files\/2017\/06\/PREPARADOR-DE-LINGUI\u00c7AS-PARA-CHURRASCO-4-CHAMADA.pdf\">Preparador de Lingui\u00e7as para Churrasco 4\u00aa Chamada<\/a><\/p>\n<p>&nbsp;<\/p>\n<p><a href=\"http:\/\/www.ifbaiano.edu.br\/unidades\/alagoinhas\/files\/2017\/06\/PREPARADOR-DE-QUEIJO-COALHO-E-QUEIJO-FRESCAL-4-CHAMADA.pdf\">Preparador de Queijo Coalho e Queijo Frescal 4\u00aa Chamada<\/a><\/p>\n<p>&nbsp;<\/p>\n<p><a href=\"http:\/\/www.ifbaiano.edu.br\/unidades\/alagoinhas\/files\/2017\/06\/PRODU\u00c7\u00c3O-DE-CHOCOLATE-4-CHAMADA.pdf\">Produ\u00e7\u00e3o de Chocolate 4\u00aa Chamada<\/a><\/p>\n<p>&nbsp;<\/p>\n<p><a href=\"http:\/\/www.ifbaiano.edu.br\/unidades\/alagoinhas\/files\/2017\/06\/PRODU\u00c7\u00c3O-DE-HORTALI\u00c7AS-4-CHAMADA.pdf\">Produ\u00e7\u00e3o de Hortali\u00e7as 4\u00aa Chamada<\/a><\/p>\n<p>&nbsp;<\/p>\n<p><a href=\"http:\/\/www.ifbaiano.edu.br\/unidades\/alagoinhas\/files\/2017\/06\/PRODU\u00c7\u00c3O-DE-MUDAS-4-CHAMADA.pdf\">Produ\u00e7\u00e3o de Mudas 4\u00aa Chamada<\/a><\/p>\n<p>&nbsp;<\/p>\n<p><a href=\"http:\/\/www.ifbaiano.edu.br\/unidades\/alagoinhas\/files\/2017\/06\/REDA\u00c7\u00c3O-OFICIAL-4-CHAMADA.pdf\">Reda\u00e7\u00e3o Oficial 4\u00aa Chamada<\/a><\/p>\n<p>&nbsp;<\/p>\n<p><a href=\"http:\/\/www.ifbaiano.edu.br\/unidades\/alagoinhas\/files\/2017\/06\/SOLOS-CONHECER-PARA-PROTEGER-4-CHAMADA.pdf\">Solos: Conhecer Para Proteger 4\u00aa Chamada<\/a><\/p>\n","protected":false},"excerpt":{"rendered":"<p>RESULTADO FINAL &#8211; 4\u00aa CHAMADA &nbsp; Agricultura Org\u00e2nica 4\u00aa Chamada &nbsp; Algoritmos Usando Visualg 4\u00aa Chamada &nbsp; Fundamentos da Matem\u00e1tica Financeira e Estat\u00edstica 4\u00aa Chamada &nbsp; Hidrografia e Recursos H\u00eddricos 4\u00aa Chamada &nbsp; Inform\u00e1tica B\u00e1sica 4\u00aa Chamada &nbsp; Manejo do Solo com Adubos Verdes: Usos e Potencialidades 4\u00aa Chamada &nbsp; Modelagem e Administra\u00e7\u00e3o de Banco [&hellip;]<\/p>\n","protected":false},"author":76,"featured_media":0,"parent":0,"menu_order":11,"comment_status":"closed","ping_status":"closed","template":"","meta":[],"_links":{"self":[{"href":"https:\/\/www.ifbaiano.edu.br\/unidades\/alagoinhas\/wp-json\/wp\/v2\/pages\/554"}],"collection":[{"href":"https:\/\/www.ifbaiano.edu.br\/unidades\/alagoinhas\/wp-json\/wp\/v2\/pages"}],"about":[{"href":"https:\/\/www.ifbaiano.edu.br\/unidades\/alagoinhas\/wp-json\/wp\/v2\/types\/page"}],"author":[{"embeddable":true,"href":"https:\/\/www.ifbaiano.edu.br\/unidades\/alagoinhas\/wp-json\/wp\/v2\/users\/76"}],"replies":[{"embeddable":true,"href":"https:\/\/www.ifbaiano.edu.br\/unidades\/alagoinhas\/wp-json\/wp\/v2\/comments?post=554"}],"version-history":[{"count":1,"href":"https:\/\/www.ifbaiano.edu.br\/unidades\/alagoinhas\/wp-json\/wp\/v2\/pages\/554\/revisions"}],"predecessor-version":[{"id":556,"href":"https:\/\/www.ifbaiano.edu.br\/unidades\/alagoinhas\/wp-json\/wp\/v2\/pages\/554\/revisions\/556"}],"wp:attachment":[{"href":"https:\/\/www.ifbaiano.edu.br\/unidades\/alagoinhas\/wp-json\/wp\/v2\/media?parent=554"}],"curies":[{"name":"wp","href":"https:\/\/api.w.org\/{rel}","templated":true}]}}