{"id":5556,"date":"2024-02-15T13:55:31","date_gmt":"2024-02-15T16:55:31","guid":{"rendered":"https:\/\/www.ifbaiano.edu.br\/unidades\/alagoinhas\/?page_id=5556"},"modified":"2025-06-30T18:27:44","modified_gmt":"2025-06-30T21:27:44","slug":"calendario-academico","status":"publish","type":"page","link":"https:\/\/www.ifbaiano.edu.br\/unidades\/alagoinhas\/calendario-academico\/","title":{"rendered":"Calend\u00e1rio Acad\u00eamico"},"content":{"rendered":"\n<p class=\"has-text-align-center has-white-color has-vivid-green-cyan-background-color has-text-color has-background has-medium-font-size\"><strong>202<\/strong>5<\/p>\n\n\n\n<div class=\"wp-block-file\"><a id=\"wp-block-file--media-19f3f903-2ff9-4695-9498-f6ed117a843a\" href=\"https:\/\/www.ifbaiano.edu.br\/unidades\/alagoinhas\/files\/2025\/06\/Calendario_2025_Cursos-Integrados.pdf\" target=\"_blank\" rel=\"noreferrer noopener\">Calend\u00e1rio_2025_Cursos-Integrados<\/a><a href=\"https:\/\/www.ifbaiano.edu.br\/unidades\/alagoinhas\/files\/2025\/06\/Calendario_2025_Cursos-Integrados.pdf\" class=\"wp-block-file__button wp-element-button\" download aria-describedby=\"wp-block-file--media-19f3f903-2ff9-4695-9498-f6ed117a843a\">Baixar<\/a><\/div>\n\n\n\n<div class=\"wp-block-file\"><a id=\"wp-block-file--media-4abe2ae7-dd3c-4c02-985a-ff2b571ef45d\" href=\"https:\/\/www.ifbaiano.edu.br\/unidades\/alagoinhas\/files\/2025\/06\/Calendario_2025_Curso-Subsequente.pdf\" target=\"_blank\" rel=\"noreferrer noopener\">Calend\u00e1rio_2025_Curso-Subsequente<\/a><a href=\"https:\/\/www.ifbaiano.edu.br\/unidades\/alagoinhas\/files\/2025\/06\/Calendario_2025_Curso-Subsequente.pdf\" class=\"wp-block-file__button wp-element-button\" download aria-describedby=\"wp-block-file--media-4abe2ae7-dd3c-4c02-985a-ff2b571ef45d\">Baixar<\/a><\/div>\n\n\n\n<div class=\"wp-block-file\"><a id=\"wp-block-file--media-79cf449e-4bc5-44f2-a8c2-dba0026a5fb7\" href=\"https:\/\/www.ifbaiano.edu.br\/unidades\/alagoinhas\/files\/2025\/06\/Calendario_2025_Curso-Superior.pdf\" target=\"_blank\" rel=\"noreferrer noopener\">Calend\u00e1rio_2025_Curso-Superior<\/a><a href=\"https:\/\/www.ifbaiano.edu.br\/unidades\/alagoinhas\/files\/2025\/06\/Calendario_2025_Curso-Superior.pdf\" class=\"wp-block-file__button wp-element-button\" download aria-describedby=\"wp-block-file--media-79cf449e-4bc5-44f2-a8c2-dba0026a5fb7\">Baixar<\/a><\/div>\n\n\n\n<div class=\"wp-block-file\"><a id=\"wp-block-file--media-4840c674-d4b4-4679-93cb-1df719ac2a7c\" href=\"https:\/\/www.ifbaiano.edu.br\/unidades\/alagoinhas\/files\/2025\/06\/Resolucao-de-Aprovacao_Calendaios-2025_-ALG.pdf\" target=\"_blank\" rel=\"noreferrer noopener\">Resolu\u00e7\u00e3o de Aprova\u00e7\u00e3o Calend\u00e1rios &#8211; 2025_-ALG<\/a><a href=\"https:\/\/www.ifbaiano.edu.br\/unidades\/alagoinhas\/files\/2025\/06\/Resolucao-de-Aprovacao_Calendaios-2025_-ALG.pdf\" class=\"wp-block-file__button wp-element-button\" download aria-describedby=\"wp-block-file--media-4840c674-d4b4-4679-93cb-1df719ac2a7c\">Baixar<\/a><\/div>\n\n\n\n<p class=\"has-text-align-center has-white-color has-vivid-green-cyan-background-color has-text-color has-background has-medium-font-size\"><strong>2023<\/strong><\/p>\n\n\n\n<div class=\"wp-block-file\"><a id=\"wp-block-file--media-7b881576-c740-41e6-8290-5c0afb804bd7\" href=\"https:\/\/www.ifbaiano.edu.br\/unidades\/alagoinhas\/files\/2024\/02\/Calendario-Cursos-Tecnicos-Integrados.pdf\">Cursos T\u00e9cnicos Integrados<\/a><a href=\"https:\/\/www.ifbaiano.edu.br\/unidades\/alagoinhas\/files\/2024\/02\/Calendario-Cursos-Tecnicos-Integrados.pdf\" class=\"wp-block-file__button wp-element-button\" download aria-describedby=\"wp-block-file--media-7b881576-c740-41e6-8290-5c0afb804bd7\">Baixar<\/a><\/div>\n\n\n\n<div class=\"wp-block-file\"><a id=\"wp-block-file--media-d72681ec-24ca-41e1-a4d1-df99586abbbf\" href=\"https:\/\/www.ifbaiano.edu.br\/unidades\/alagoinhas\/files\/2024\/02\/Calendario-Curso-Tecnico-Subsequente.pdf\">Curso T\u00e9cnico Subsequente<\/a><a href=\"https:\/\/www.ifbaiano.edu.br\/unidades\/alagoinhas\/files\/2024\/02\/Calendario-Curso-Tecnico-Subsequente.pdf\" class=\"wp-block-file__button wp-element-button\" download aria-describedby=\"wp-block-file--media-d72681ec-24ca-41e1-a4d1-df99586abbbf\">Baixar<\/a><\/div>\n","protected":false},"excerpt":{"rendered":"<p>2025 2023<\/p>\n","protected":false},"author":157,"featured_media":0,"parent":0,"menu_order":23,"comment_status":"closed","ping_status":"closed","template":"","meta":[],"_links":{"self":[{"href":"https:\/\/www.ifbaiano.edu.br\/unidades\/alagoinhas\/wp-json\/wp\/v2\/pages\/5556"}],"collection":[{"href":"https:\/\/www.ifbaiano.edu.br\/unidades\/alagoinhas\/wp-json\/wp\/v2\/pages"}],"about":[{"href":"https:\/\/www.ifbaiano.edu.br\/unidades\/alagoinhas\/wp-json\/wp\/v2\/types\/page"}],"author":[{"embeddable":true,"href":"https:\/\/www.ifbaiano.edu.br\/unidades\/alagoinhas\/wp-json\/wp\/v2\/users\/157"}],"replies":[{"embeddable":true,"href":"https:\/\/www.ifbaiano.edu.br\/unidades\/alagoinhas\/wp-json\/wp\/v2\/comments?post=5556"}],"version-history":[{"count":3,"href":"https:\/\/www.ifbaiano.edu.br\/unidades\/alagoinhas\/wp-json\/wp\/v2\/pages\/5556\/revisions"}],"predecessor-version":[{"id":6719,"href":"https:\/\/www.ifbaiano.edu.br\/unidades\/alagoinhas\/wp-json\/wp\/v2\/pages\/5556\/revisions\/6719"}],"wp:attachment":[{"href":"https:\/\/www.ifbaiano.edu.br\/unidades\/alagoinhas\/wp-json\/wp\/v2\/media?parent=5556"}],"curies":[{"name":"wp","href":"https:\/\/api.w.org\/{rel}","templated":true}]}}