{"id":584,"date":"2017-06-28T11:45:21","date_gmt":"2017-06-28T14:45:21","guid":{"rendered":"http:\/\/www.ifbaiano.edu.br\/unidades\/alagoinhas\/?page_id=584"},"modified":"2017-06-28T12:08:35","modified_gmt":"2017-06-28T15:08:35","slug":"5a-chamada-de-matricula","status":"publish","type":"page","link":"https:\/\/www.ifbaiano.edu.br\/unidades\/alagoinhas\/5a-chamada-de-matricula\/","title":{"rendered":"5\u00aa Chamada de Matr\u00edcula"},"content":{"rendered":"<p><strong>RESULTADO FINAL &#8211;<\/strong><strong>\u00a0<\/strong><strong>5\u00aa CHAMADA<\/strong><\/p>\n<p><a href=\"http:\/\/www.ifbaiano.edu.br\/unidades\/alagoinhas\/files\/2017\/06\/AGRICULTURA-ORG\u00c2NICA-5-CHAMADA.pdf\">Agricultura Org\u00e2nica 5\u00aa Chamada<\/a><\/p>\n<p><a href=\"http:\/\/www.ifbaiano.edu.br\/unidades\/alagoinhas\/files\/2017\/06\/ALGORITMOS-USANDO-VISUALG-5-CHAMADA.pdf\">Algoritmos Usando Visualg 5\u00aa Chamada<\/a><\/p>\n<p><a href=\"http:\/\/www.ifbaiano.edu.br\/unidades\/alagoinhas\/files\/2017\/06\/FUNDAMENTOS-DE-MATEM\u00c1TICA-FINANCEIRA-E-ESTAT\u00cdSTICA-5-CHAMADA.pdf\">Fundamentos da Matem\u00e1tica Financeira e Estat\u00edstica 5\u00aa Chamada<\/a><\/p>\n<p><a href=\"http:\/\/www.ifbaiano.edu.br\/unidades\/alagoinhas\/files\/2017\/06\/HIDROGRAFIA-E-RECURSOS-H\u00cdDRICOS-5-CHAMADA.pdf\">Hidrografia e Recursos H\u00eddricos 5\u00aa Chamada<\/a><\/p>\n<p><a href=\"http:\/\/www.ifbaiano.edu.br\/unidades\/alagoinhas\/files\/2017\/06\/INFORM\u00c1TICA-B\u00c1SICA-5-CHAMADA.pdf\">Inform\u00e1tica B\u00e1sica 5\u00aa Chamada<\/a><\/p>\n<p><a href=\"http:\/\/www.ifbaiano.edu.br\/unidades\/alagoinhas\/files\/2017\/06\/MANEJO-DO-SOLO-COM-ADUBOS-VERDES-USOS-E-POTENCIALIDADES-5-CHAMADA.pdf\">Manejo do Solo com Adubos Verdes: Usos e Potencialidades 5\u00aa Chamada<\/a><\/p>\n<p><a href=\"http:\/\/www.ifbaiano.edu.br\/unidades\/alagoinhas\/files\/2017\/06\/MODELAGEM-E-ADMINISTRA\u00c7\u00c3O-DE-BANCO-DE-DADOS-5-CHAMADA.pdf\">Modelagem e Administra\u00e7\u00e3o de Banco de Dados 5\u00aa Chamada<\/a><\/p>\n<p><a href=\"http:\/\/www.ifbaiano.edu.br\/unidades\/alagoinhas\/files\/2017\/06\/NO\u00c7\u00d5ES-DE-MATEM\u00c1TICA-DO-ENSINO-M\u00c9DIO-5-CHAMADA.pdf\">No\u00e7\u00f5es de Matem\u00e1tica do ensino m\u00e9dio 5\u00aa Chamada<\/a><\/p>\n<p><a href=\"http:\/\/www.ifbaiano.edu.br\/unidades\/alagoinhas\/files\/2017\/06\/PREPARADOR-DE-DEFUMADOS-5-CHAMADA.pdf\">Preparador de Defumados 5\u00aa Chamada<\/a><\/p>\n<p><a href=\"http:\/\/www.ifbaiano.edu.br\/unidades\/alagoinhas\/files\/2017\/06\/PREPARADOR-DE-DOCE-DE-LEITE-PASTOSO-AMBROSIA-E-DE-CORTE-5-CHAMADA.pdf\">Preparador de Doce de Leite Pastoso, Ambrosia e de Corte 5\u00aa Chamada<\/a><\/p>\n<p><a href=\"http:\/\/www.ifbaiano.edu.br\/unidades\/alagoinhas\/files\/2017\/06\/PREPARADOR-DE-HAMB\u00daRGUER-5-CHAMADA.pdf\">Preparador de Hamb\u00farguer 5\u00aa Chamada<\/a><\/p>\n<p><a href=\"http:\/\/www.ifbaiano.edu.br\/unidades\/alagoinhas\/files\/2017\/06\/PREPARADOR-DE-QUEIJO-COALHO-E-QUEIJO-FRESCAL-5-CHAMADA.pdf\">Preparador de Queijo Coalho e Queijo Frescal 5\u00aa Chamada<\/a><\/p>\n<p><a href=\"http:\/\/www.ifbaiano.edu.br\/unidades\/alagoinhas\/files\/2017\/06\/PRODU\u00c7\u00c3O-DE-CHOCOLATE-5-CHAMADA.pdf\">Produ\u00e7\u00e3o de Chocolate 5\u00aa Chamada<\/a><\/p>\n<p><a href=\"http:\/\/www.ifbaiano.edu.br\/unidades\/alagoinhas\/files\/2017\/06\/PRODU\u00c7\u00c3O-DE-HORTALI\u00c7AS-5-CHAMADA.pdf\">Produ\u00e7\u00e3o de Hortali\u00e7as 5\u00aa Chamada<\/a><\/p>\n<p><a href=\"http:\/\/www.ifbaiano.edu.br\/unidades\/alagoinhas\/files\/2017\/06\/REDA\u00c7\u00c3O-OFICIAL-5-CHAMADA.pdf\">Reda\u00e7\u00e3o Oficial 5\u00aa Chamada<\/a><\/p>\n<p><a href=\"http:\/\/www.ifbaiano.edu.br\/unidades\/alagoinhas\/files\/2017\/06\/SOLOS-CONHECER-PARA-PROTEGER-5-CHAMADA.pdf\">Solos: Conhecer Para Proteger 5\u00aa Chamada<\/a><\/p>\n<p>&nbsp;<\/p>\n","protected":false},"excerpt":{"rendered":"<p>RESULTADO FINAL &#8211;\u00a05\u00aa CHAMADA Agricultura Org\u00e2nica 5\u00aa Chamada Algoritmos Usando Visualg 5\u00aa Chamada Fundamentos da Matem\u00e1tica Financeira e Estat\u00edstica 5\u00aa Chamada Hidrografia e Recursos H\u00eddricos 5\u00aa Chamada Inform\u00e1tica B\u00e1sica 5\u00aa Chamada Manejo do Solo com Adubos Verdes: Usos e Potencialidades 5\u00aa Chamada Modelagem e Administra\u00e7\u00e3o de Banco de Dados 5\u00aa Chamada No\u00e7\u00f5es de Matem\u00e1tica do [&hellip;]<\/p>\n","protected":false},"author":76,"featured_media":0,"parent":0,"menu_order":12,"comment_status":"closed","ping_status":"closed","template":"","meta":[],"_links":{"self":[{"href":"https:\/\/www.ifbaiano.edu.br\/unidades\/alagoinhas\/wp-json\/wp\/v2\/pages\/584"}],"collection":[{"href":"https:\/\/www.ifbaiano.edu.br\/unidades\/alagoinhas\/wp-json\/wp\/v2\/pages"}],"about":[{"href":"https:\/\/www.ifbaiano.edu.br\/unidades\/alagoinhas\/wp-json\/wp\/v2\/types\/page"}],"author":[{"embeddable":true,"href":"https:\/\/www.ifbaiano.edu.br\/unidades\/alagoinhas\/wp-json\/wp\/v2\/users\/76"}],"replies":[{"embeddable":true,"href":"https:\/\/www.ifbaiano.edu.br\/unidades\/alagoinhas\/wp-json\/wp\/v2\/comments?post=584"}],"version-history":[{"count":2,"href":"https:\/\/www.ifbaiano.edu.br\/unidades\/alagoinhas\/wp-json\/wp\/v2\/pages\/584\/revisions"}],"predecessor-version":[{"id":587,"href":"https:\/\/www.ifbaiano.edu.br\/unidades\/alagoinhas\/wp-json\/wp\/v2\/pages\/584\/revisions\/587"}],"wp:attachment":[{"href":"https:\/\/www.ifbaiano.edu.br\/unidades\/alagoinhas\/wp-json\/wp\/v2\/media?parent=584"}],"curies":[{"name":"wp","href":"https:\/\/api.w.org\/{rel}","templated":true}]}}