{"id":607,"date":"2017-07-06T08:18:08","date_gmt":"2017-07-06T11:18:08","guid":{"rendered":"http:\/\/www.ifbaiano.edu.br\/unidades\/alagoinhas\/?page_id=607"},"modified":"2017-07-06T08:49:17","modified_gmt":"2017-07-06T11:49:17","slug":"6a-chamada-de-matricula","status":"publish","type":"page","link":"https:\/\/www.ifbaiano.edu.br\/unidades\/alagoinhas\/6a-chamada-de-matricula\/","title":{"rendered":"6\u00aa Chamada de Matr\u00edcula"},"content":{"rendered":"<p><strong><span style=\"font-family: 'Georgia',serif;color: #333333\">RESULTADO FINAL &#8211;\u00a06\u00aa CHAMADA<\/span><\/strong><\/p>\n<p style=\"text-align: start\"><span style=\"font-family: 'Georgia',serif;color: #333333\"><a href=\"http:\/\/www.ifbaiano.edu.br\/unidades\/alagoinhas\/files\/2017\/07\/AGRICULTURA-ORG\u00c2NICA-6-CHAMADA.pdf\">Agricultura Org\u00e2nica 6\u00aa Chamada<\/a><\/span><\/p>\n<p style=\"text-align: start\"><span style=\"font-family: 'Georgia',serif;color: #333333\"><a href=\"http:\/\/www.ifbaiano.edu.br\/unidades\/alagoinhas\/files\/2017\/07\/ALGORITMOS-USANDO-VISUALG-6-CHAMADA.pdf\">Algoritmos Usando Visualg 6\u00aa Chamada<\/a><\/span><\/p>\n<p style=\"text-align: start\"><span style=\"font-family: 'Georgia',serif;color: #333333\"><a href=\"http:\/\/www.ifbaiano.edu.br\/unidades\/alagoinhas\/files\/2017\/07\/FUNDAMENTOS-DE-MATEM\u00c1TICA-FINANCEIRA-E-ESTAT\u00cdSTICA-6-CHAMADA.pdf\">Fundamentos da Matem\u00e1tica Financeira e Estat\u00edstica 6\u00aa Chamada<\/a><\/span><\/p>\n<p style=\"text-align: start\"><span style=\"font-family: 'Georgia',serif;color: #333333\"><a href=\"http:\/\/www.ifbaiano.edu.br\/unidades\/alagoinhas\/files\/2017\/07\/HIDROGRAFIA-E-RECURSOS-H\u00cdDRICOS-6-CHAMADA.pdf\">Hidrografia e Recursos H\u00eddricos 6\u00aa Chamada<\/a><\/span><\/p>\n<p style=\"text-align: start\"><span style=\"font-family: 'Georgia',serif;color: #333333\"><a href=\"http:\/\/www.ifbaiano.edu.br\/unidades\/alagoinhas\/files\/2017\/07\/INFORM\u00c1TICA-BASICA-6-CHAMADA.pdf\">Inform\u00e1tica B\u00e1sica 6\u00aa Chamada<\/a><\/span><\/p>\n<p style=\"text-align: start\"><span style=\"font-family: 'Georgia',serif;color: #333333\"><a href=\"http:\/\/www.ifbaiano.edu.br\/unidades\/alagoinhas\/files\/2017\/07\/NO\u00c7\u00d5ES-DE-MATEM\u00c1TICA-DO-ENSINO-M\u00c9DIO-6-CHAMADA.pdf\">No\u00e7\u00f5es de Matem\u00e1tica do ensino m\u00e9dio 6\u00aa Chamada<\/a><\/span><\/p>\n<p style=\"text-align: start\"><a href=\"http:\/\/www.ifbaiano.edu.br\/unidades\/alagoinhas\/files\/2017\/07\/PREPARADOR-DE-CONSERVAS-E-TEMPEROS-6-CHAMADA.pdf\">Preparador de Conservas e Temperos &#8211; 6\u00aa Chamada<\/a><\/p>\n<p style=\"text-align: start\"><span style=\"font-family: 'Georgia',serif;color: #333333\"><a href=\"http:\/\/www.ifbaiano.edu.br\/unidades\/alagoinhas\/files\/2017\/07\/PREPARADOR-DE-DEFUMADOS-6-CHAMADA.pdf\">Preparador de Defumados 6\u00aa Chamada<\/a><\/span><\/p>\n<p style=\"text-align: start\"><span style=\"font-family: 'Georgia',serif;color: #333333\"><a href=\"http:\/\/www.ifbaiano.edu.br\/unidades\/alagoinhas\/files\/2017\/07\/PREPARADOR-DE-DOCE-DE-LEITE-PASTOSO-AMBROSIA-E-DE-CORTE-6-CHAMADA.pdf\">Preparador de Doce de Leite Pastoso, Ambrosia e de Corte 6\u00aa Chamada<\/a><\/span><\/p>\n<p style=\"text-align: start\"><span style=\"font-family: 'Georgia',serif;color: #333333\"><a href=\"http:\/\/www.ifbaiano.edu.br\/unidades\/alagoinhas\/files\/2017\/07\/PREPARADOR-DE-HAMB\u00daRGUER-6-CHAMADA-1.pdf\">Preparador de Hamb\u00farguer 6\u00aa Chamada<\/a><\/span><\/p>\n<p><a href=\"http:\/\/www.ifbaiano.edu.br\/unidades\/alagoinhas\/files\/2017\/07\/PREPARADOR-DE-LINGUI\u00c7AS-PARA-CHURRASCO-6-CHAMADA.pdf\">Preparador De Lingui\u00e7as Para Churrasco &#8211; 6\u00aa Chamada<\/a><\/p>\n<p style=\"text-align: start\"><span style=\"font-family: 'Georgia',serif;color: #333333\"><a href=\"http:\/\/www.ifbaiano.edu.br\/unidades\/alagoinhas\/files\/2017\/07\/PREPARADOR-DE-QUEIJO-COALHO-E-QUEIJO-FRESCAL-6-CHAMADA.pdf\">Preparador de Queijo Coalho e Queijo Frescal 6\u00aa Chamada<\/a><\/span><\/p>\n<p style=\"text-align: start\"><span style=\"font-family: 'Georgia',serif;color: #333333\"><a href=\"http:\/\/www.ifbaiano.edu.br\/unidades\/alagoinhas\/files\/2017\/07\/PRODU\u00c7\u00c3O-DE-CHOCOLATE-6-CHAMADA.pdf\">Produ\u00e7\u00e3o de Chocolate 6\u00aa Chamada<\/a><\/span><\/p>\n<p style=\"text-align: start\"><span style=\"font-family: 'Georgia',serif;color: #333333\"><a href=\"http:\/\/www.ifbaiano.edu.br\/unidades\/alagoinhas\/files\/2017\/07\/PRODU\u00c7\u00c3O-DE-HORTALI\u00c7AS-6-CHAMADA.pdf\">Produ\u00e7\u00e3o de Hortali\u00e7as 6\u00aa Chamada<\/a><\/span><\/p>\n<p style=\"text-align: start\"><span style=\"font-family: 'Georgia',serif;color: #333333\"><a href=\"http:\/\/www.ifbaiano.edu.br\/unidades\/alagoinhas\/files\/2017\/07\/REDA\u00c7\u00c3O-OFICIAL-6-CHAMADA.pdf\">Reda\u00e7\u00e3o Oficial 6\u00aa Chamada<\/a><\/span><\/p>\n<p style=\"text-align: start\"><span style=\"font-family: 'Georgia',serif;color: #333333\">\u00a0<\/span><\/p>\n","protected":false},"excerpt":{"rendered":"<p>RESULTADO FINAL &#8211;\u00a06\u00aa CHAMADA Agricultura Org\u00e2nica 6\u00aa Chamada Algoritmos Usando Visualg 6\u00aa Chamada Fundamentos da Matem\u00e1tica Financeira e Estat\u00edstica 6\u00aa Chamada Hidrografia e Recursos H\u00eddricos 6\u00aa Chamada Inform\u00e1tica B\u00e1sica 6\u00aa Chamada No\u00e7\u00f5es de Matem\u00e1tica do ensino m\u00e9dio 6\u00aa Chamada Preparador de Conservas e Temperos &#8211; 6\u00aa Chamada Preparador de Defumados 6\u00aa Chamada Preparador de Doce [&hellip;]<\/p>\n","protected":false},"author":76,"featured_media":0,"parent":0,"menu_order":13,"comment_status":"closed","ping_status":"closed","template":"","meta":[],"_links":{"self":[{"href":"https:\/\/www.ifbaiano.edu.br\/unidades\/alagoinhas\/wp-json\/wp\/v2\/pages\/607"}],"collection":[{"href":"https:\/\/www.ifbaiano.edu.br\/unidades\/alagoinhas\/wp-json\/wp\/v2\/pages"}],"about":[{"href":"https:\/\/www.ifbaiano.edu.br\/unidades\/alagoinhas\/wp-json\/wp\/v2\/types\/page"}],"author":[{"embeddable":true,"href":"https:\/\/www.ifbaiano.edu.br\/unidades\/alagoinhas\/wp-json\/wp\/v2\/users\/76"}],"replies":[{"embeddable":true,"href":"https:\/\/www.ifbaiano.edu.br\/unidades\/alagoinhas\/wp-json\/wp\/v2\/comments?post=607"}],"version-history":[{"count":5,"href":"https:\/\/www.ifbaiano.edu.br\/unidades\/alagoinhas\/wp-json\/wp\/v2\/pages\/607\/revisions"}],"predecessor-version":[{"id":614,"href":"https:\/\/www.ifbaiano.edu.br\/unidades\/alagoinhas\/wp-json\/wp\/v2\/pages\/607\/revisions\/614"}],"wp:attachment":[{"href":"https:\/\/www.ifbaiano.edu.br\/unidades\/alagoinhas\/wp-json\/wp\/v2\/media?parent=607"}],"curies":[{"name":"wp","href":"https:\/\/api.w.org\/{rel}","templated":true}]}}