{"id":6329,"date":"2025-02-27T12:41:17","date_gmt":"2025-02-27T15:41:17","guid":{"rendered":"https:\/\/www.ifbaiano.edu.br\/unidades\/alagoinhas\/?page_id=6329"},"modified":"2025-05-16T22:23:03","modified_gmt":"2025-05-17T01:23:03","slug":"tecnicosubsequente2025","status":"publish","type":"page","link":"https:\/\/www.ifbaiano.edu.br\/unidades\/alagoinhas\/tecnicosubsequente2025\/","title":{"rendered":"Processo Seletivo do Curso Subsequente 2025 &#8211; T\u00e9cnico em Agroind\u00fastria"},"content":{"rendered":"\n<p class=\"has-vivid-green-cyan-background-color has-background has-medium-font-size\">Mais informa\u00e7\u00f5es sobre a matricula: <a href=\"https:\/\/www.ifbaiano.edu.br\/unidades\/alagoinhas\/edital-de-matricula-processo-seletivo-para-ingresso-de-estudantes-cursos-subsequentes-2025\/\">https:\/\/www.ifbaiano.edu.br\/unidades\/alagoinhas\/edital-de-matricula-processo-seletivo-para-ingresso-de-estudantes-cursos-subsequentes-2025\/<\/a><\/p>\n\n\n\n<div class=\"wp-block-file\"><object class=\"wp-block-file__embed\" data=\"https:\/\/www.ifbaiano.edu.br\/unidades\/alagoinhas\/files\/2025\/05\/Processo-Seletivo-Subsequentes-Resultado-Final-RETIFICACAO.pdf\" type=\"application\/pdf\" style=\"width:100%;height:600px\" aria-label=\"Incorporado de Processo-Seletivo-Subsequentes-Resultado-Final-RETIFICACAO.\"><\/object><a id=\"wp-block-file--media-a75a3e86-faef-4210-9047-e0bbaa6c3beb\" href=\"https:\/\/www.ifbaiano.edu.br\/unidades\/alagoinhas\/files\/2025\/05\/Processo-Seletivo-Subsequentes-Resultado-Final-RETIFICACAO.pdf\">Processo-Seletivo-Subsequentes-Resultado-Final-RETIFICACAO<\/a><a href=\"https:\/\/www.ifbaiano.edu.br\/unidades\/alagoinhas\/files\/2025\/05\/Processo-Seletivo-Subsequentes-Resultado-Final-RETIFICACAO.pdf\" class=\"wp-block-file__button wp-element-button\" download aria-describedby=\"wp-block-file--media-a75a3e86-faef-4210-9047-e0bbaa6c3beb\">Baixar<\/a><\/div>\n\n\n\n<div class=\"wp-block-file\"><a id=\"wp-block-file--media-878c2107-5adc-4594-9020-e603f4d892ec\" href=\"https:\/\/www.ifbaiano.edu.br\/unidades\/alagoinhas\/files\/2025\/05\/RESULTADO-FINAL.pdf\" target=\"_blank\" rel=\"noreferrer noopener\">RESULTADO-FINAL<\/a><a href=\"https:\/\/www.ifbaiano.edu.br\/unidades\/alagoinhas\/files\/2025\/05\/RESULTADO-FINAL.pdf\" class=\"wp-block-file__button wp-element-button\" download aria-describedby=\"wp-block-file--media-878c2107-5adc-4594-9020-e603f4d892ec\">Baixar<\/a><\/div>\n\n\n\n<div class=\"wp-block-file\"><a id=\"wp-block-file--media-9994fe66-2a5d-45fc-82c8-ce99f1393cff\" href=\"https:\/\/www.ifbaiano.edu.br\/unidades\/alagoinhas\/files\/2025\/05\/RESULTADO-FINAL-DA-BANCA-DE-HETEROIDENTIFICACAO.pdf\">RESULTADO-FINAL-DA-BANCA-DE-HETEROIDENTIFICACAO<\/a><a href=\"https:\/\/www.ifbaiano.edu.br\/unidades\/alagoinhas\/files\/2025\/05\/RESULTADO-FINAL-DA-BANCA-DE-HETEROIDENTIFICACAO.pdf\" class=\"wp-block-file__button wp-element-button\" download aria-describedby=\"wp-block-file--media-9994fe66-2a5d-45fc-82c8-ce99f1393cff\">Baixar<\/a><\/div>\n\n\n\n<div class=\"wp-block-file\"><a id=\"wp-block-file--media-f4c595da-c9da-49e4-8c19-254c18c0572d\" href=\"https:\/\/www.ifbaiano.edu.br\/unidades\/alagoinhas\/files\/2025\/05\/PUBLICACAO-DO-RESULTADO-DOS-RECURSOS-CONTRA-A-BANCA-DE-HETEROIDENTIFICACAO-ETINO-RACIAL.pdf\">PUBLICACAO-DO-RESULTADO-DOS-RECURSOS-CONTRA-A-BANCA-DE-HETEROIDENTIFICACAO-ETINO-RACIAL<\/a><a href=\"https:\/\/www.ifbaiano.edu.br\/unidades\/alagoinhas\/files\/2025\/05\/PUBLICACAO-DO-RESULTADO-DOS-RECURSOS-CONTRA-A-BANCA-DE-HETEROIDENTIFICACAO-ETINO-RACIAL.pdf\" class=\"wp-block-file__button wp-element-button\" download aria-describedby=\"wp-block-file--media-f4c595da-c9da-49e4-8c19-254c18c0572d\">Baixar<\/a><\/div>\n\n\n\n<div class=\"wp-block-file\"><a id=\"wp-block-file--media-4101630c-498f-43bd-a46d-628666f88f48\" href=\"https:\/\/www.ifbaiano.edu.br\/unidades\/alagoinhas\/files\/2025\/05\/RESULTADO-PRELIMINAR-DA-BANCA-DE-HETEROIDENTIFICACAO.pdf\">RESULTADO-PRELIMINAR-DA-BANCA-DE-HETEROIDENTIFICACAO<\/a><a href=\"https:\/\/www.ifbaiano.edu.br\/unidades\/alagoinhas\/files\/2025\/05\/RESULTADO-PRELIMINAR-DA-BANCA-DE-HETEROIDENTIFICACAO.pdf\" class=\"wp-block-file__button wp-element-button\" download aria-describedby=\"wp-block-file--media-4101630c-498f-43bd-a46d-628666f88f48\">Baixar<\/a><\/div>\n\n\n\n<div class=\"wp-block-file\"><a id=\"wp-block-file--media-839cc5cc-c34f-4adb-b2b4-b64ea48ff8fc\" href=\"https:\/\/www.ifbaiano.edu.br\/unidades\/alagoinhas\/files\/2025\/05\/PUBLICACAO-DOS-CURRICULOS-DOSAS-MEMBROSAS-DA-BANCA-DE-HETEROIDENTIFICACAO.pdf\">PUBLICACAO-DOS-CURRICULOS-DOSAS-MEMBROSAS-DA-BANCA-DE-HETEROIDENTIFICACAO<\/a><a href=\"https:\/\/www.ifbaiano.edu.br\/unidades\/alagoinhas\/files\/2025\/05\/PUBLICACAO-DOS-CURRICULOS-DOSAS-MEMBROSAS-DA-BANCA-DE-HETEROIDENTIFICACAO.pdf\" class=\"wp-block-file__button wp-element-button\" download aria-describedby=\"wp-block-file--media-839cc5cc-c34f-4adb-b2b4-b64ea48ff8fc\">Baixar<\/a><\/div>\n\n\n\n<div class=\"wp-block-file\"><a id=\"wp-block-file--media-164f188b-d9ea-47b9-aaa1-7509f14b2c22\" href=\"https:\/\/www.ifbaiano.edu.br\/unidades\/alagoinhas\/files\/2025\/05\/CONVOCACAO-PARA-BANCA-DE-HETEROIDENTIFICACAO.pdf\">CONVOCACAO-PARA-BANCA-DE-HETEROIDENTIFICACAO<\/a><a href=\"https:\/\/www.ifbaiano.edu.br\/unidades\/alagoinhas\/files\/2025\/05\/CONVOCACAO-PARA-BANCA-DE-HETEROIDENTIFICACAO.pdf\" class=\"wp-block-file__button wp-element-button\" download aria-describedby=\"wp-block-file--media-164f188b-d9ea-47b9-aaa1-7509f14b2c22\">Baixar<\/a><\/div>\n\n\n\n<div class=\"wp-block-file\"><a id=\"wp-block-file--media-d466dc62-f72b-4bc4-a873-58d6d422a275\" href=\"https:\/\/www.ifbaiano.edu.br\/unidades\/alagoinhas\/files\/2025\/04\/2a-RETIFICACAO-DO-EDITAL-No-07-de-14-de-Marco-de-2025.pdf\">2a-RETIFICACAO-DO-EDITAL-No-07-de-14-de-Marco-de-2025<\/a><a href=\"https:\/\/www.ifbaiano.edu.br\/unidades\/alagoinhas\/files\/2025\/04\/2a-RETIFICACAO-DO-EDITAL-No-07-de-14-de-Marco-de-2025.pdf\" class=\"wp-block-file__button wp-element-button\" download aria-describedby=\"wp-block-file--media-d466dc62-f72b-4bc4-a873-58d6d422a275\">Baixar<\/a><\/div>\n\n\n\n<div class=\"wp-block-file\"><a id=\"wp-block-file--media-9879af9f-7a2b-4d49-b2ed-e6e14859b2a6\" href=\"https:\/\/www.ifbaiano.edu.br\/unidades\/alagoinhas\/files\/2025\/04\/PUBLICACAO-DA-LISTA-FINAL-DE-INSCRICOES-HOMOLOGADAS.pdf\">PUBLICACAO-DA-LISTA-FINAL-DE-INSCRICOES-HOMOLOGADAS<\/a><a href=\"https:\/\/www.ifbaiano.edu.br\/unidades\/alagoinhas\/files\/2025\/04\/PUBLICACAO-DA-LISTA-FINAL-DE-INSCRICOES-HOMOLOGADAS.pdf\" class=\"wp-block-file__button wp-element-button\" download aria-describedby=\"wp-block-file--media-9879af9f-7a2b-4d49-b2ed-e6e14859b2a6\">Baixar<\/a><\/div>\n\n\n\n<div class=\"wp-block-file\"><a id=\"wp-block-file--media-dac6818d-de98-4418-9123-5bec6a19bd5f\" href=\"https:\/\/www.ifbaiano.edu.br\/unidades\/alagoinhas\/files\/2025\/04\/PUBLICACAO-DO-RESULTADO-DOS-RECURSOS.pdf\">PUBLICACAO-DO-RESULTADO-DOS-RECURSOS<\/a><a href=\"https:\/\/www.ifbaiano.edu.br\/unidades\/alagoinhas\/files\/2025\/04\/PUBLICACAO-DO-RESULTADO-DOS-RECURSOS.pdf\" class=\"wp-block-file__button wp-element-button\" download aria-describedby=\"wp-block-file--media-dac6818d-de98-4418-9123-5bec6a19bd5f\">Baixar<\/a><\/div>\n\n\n\n<div class=\"wp-block-file\"><a id=\"wp-block-file--media-7db2ea9a-66be-48cb-bd90-9d9260abba04\" href=\"https:\/\/www.ifbaiano.edu.br\/unidades\/alagoinhas\/files\/2025\/04\/1a-RETIFICACAO-DO-EDITAL-No-07-de-14-de-Marco-de-2025.pdf\">1a-RETIFICACAO-DO-EDITAL-No-07-de-14-de-Marco-de-2025<\/a><a href=\"https:\/\/www.ifbaiano.edu.br\/unidades\/alagoinhas\/files\/2025\/04\/1a-RETIFICACAO-DO-EDITAL-No-07-de-14-de-Marco-de-2025.pdf\" class=\"wp-block-file__button wp-element-button\" download aria-describedby=\"wp-block-file--media-7db2ea9a-66be-48cb-bd90-9d9260abba04\">Baixar<\/a><\/div>\n\n\n\n<p class=\"has-text-align-center has-medium-font-size\">PUBLICA\u00c7\u00c3O DA LISTA PRELIMINAR DE INSCRI\u00c7\u00d5ES HOMOLOGADAS<\/p>\n\n\n\n<div class=\"wp-block-file\"><a id=\"wp-block-file--media-6fd0f733-8052-4eb4-bb4c-056956fde0aa\" href=\"https:\/\/www.ifbaiano.edu.br\/unidades\/alagoinhas\/files\/2025\/04\/LISTA-PRELIMINAR-DE-INSCRICOES-HOMOLOGADAS.pdf\">LISTA-PRELIMINAR-DE-INSCRICOES-HOMOLOGADAS<\/a><a href=\"https:\/\/www.ifbaiano.edu.br\/unidades\/alagoinhas\/files\/2025\/04\/LISTA-PRELIMINAR-DE-INSCRICOES-HOMOLOGADAS.pdf\" class=\"wp-block-file__button wp-element-button\" download aria-describedby=\"wp-block-file--media-6fd0f733-8052-4eb4-bb4c-056956fde0aa\">Baixar<\/a><\/div>\n\n\n\n<p class=\"has-text-align-center\"><strong> <\/strong><br><\/p>\n\n\n\n<div class=\"wp-block-file\"><a id=\"wp-block-file--media-ed1ba41c-bb29-44d7-b5de-43680c85a963\" href=\"https:\/\/www.ifbaiano.edu.br\/unidades\/alagoinhas\/files\/2025\/03\/MANUAL-DE-INSCRICAO.pdf\" target=\"_blank\" rel=\"noreferrer noopener\">MANUAL DE INSCRI\u00c7\u00c3O<\/a><a href=\"https:\/\/www.ifbaiano.edu.br\/unidades\/alagoinhas\/files\/2025\/03\/MANUAL-DE-INSCRICAO.pdf\" class=\"wp-block-file__button wp-element-button\" download aria-describedby=\"wp-block-file--media-ed1ba41c-bb29-44d7-b5de-43680c85a963\">Baixar<\/a><\/div>\n\n\n\n<div class=\"wp-block-file\"><a id=\"wp-block-file--media-a645cc9f-28d3-4430-8a43-611e96198aa8\" href=\"https:\/\/www.ifbaiano.edu.br\/unidades\/alagoinhas\/files\/2025\/03\/Resultado-impugnacao-do-edital-sub-2025-1.pdf\" target=\"_blank\" rel=\"noreferrer noopener\">Resultado impugna\u00e7\u00e3o do edital &#8211; sub 2025.pdf<\/a><a href=\"https:\/\/www.ifbaiano.edu.br\/unidades\/alagoinhas\/files\/2025\/03\/Resultado-impugnacao-do-edital-sub-2025-1.pdf\" class=\"wp-block-file__button wp-element-button\" download aria-describedby=\"wp-block-file--media-a645cc9f-28d3-4430-8a43-611e96198aa8\">Baixar<\/a><\/div>\n\n\n\n<div class=\"wp-block-file\"><a id=\"wp-block-file--media-528efd10-0abc-4a76-95d7-ab2b4c691ef3\" href=\"https:\/\/www.ifbaiano.edu.br\/unidades\/alagoinhas\/files\/2025\/03\/Edital-No-07-de-14-de-Marco-de-2025.pdf\" target=\"_blank\" rel=\"noreferrer noopener\">Edital N\u00ba 07, de 14 de Mar\u00e7o de 2025<\/a><a href=\"https:\/\/www.ifbaiano.edu.br\/unidades\/alagoinhas\/files\/2025\/03\/Edital-No-07-de-14-de-Marco-de-2025.pdf\" class=\"wp-block-file__button wp-element-button\" download aria-describedby=\"wp-block-file--media-528efd10-0abc-4a76-95d7-ab2b4c691ef3\">Baixar<\/a><\/div>\n\n\n\n<p class=\"has-text-align-center has-light-green-cyan-to-vivid-green-cyan-gradient-background has-background\"><a href=\"https:\/\/sgc.ifbaiano.edu.br\/edital\/visualizar\/299\/\" target=\"_blank\" rel=\"noreferrer noopener\"><strong>Clique aqui e siga para a p\u00e1gina de inscri\u00e7\u00e3o &#8211; Cadastre-se no SGC<\/strong><\/a><\/p>\n\n\n\n<figure class=\"wp-block-image size-large is-resized\"><img decoding=\"async\" loading=\"lazy\" src=\"https:\/\/www.ifbaiano.edu.br\/unidades\/alagoinhas\/files\/2025\/03\/0545-6690ee63-d74d-476e-a9ff-3c0eb21a63ab-1024x1024.webp\" alt=\"\" class=\"wp-image-6407\" width=\"721\" height=\"721\" srcset=\"https:\/\/www.ifbaiano.edu.br\/unidades\/alagoinhas\/files\/2025\/03\/0545-6690ee63-d74d-476e-a9ff-3c0eb21a63ab-1024x1024.webp 1024w, https:\/\/www.ifbaiano.edu.br\/unidades\/alagoinhas\/files\/2025\/03\/0545-6690ee63-d74d-476e-a9ff-3c0eb21a63ab-300x300.webp 300w, https:\/\/www.ifbaiano.edu.br\/unidades\/alagoinhas\/files\/2025\/03\/0545-6690ee63-d74d-476e-a9ff-3c0eb21a63ab-150x150.webp 150w, https:\/\/www.ifbaiano.edu.br\/unidades\/alagoinhas\/files\/2025\/03\/0545-6690ee63-d74d-476e-a9ff-3c0eb21a63ab-768x768.webp 768w, https:\/\/www.ifbaiano.edu.br\/unidades\/alagoinhas\/files\/2025\/03\/0545-6690ee63-d74d-476e-a9ff-3c0eb21a63ab-100x100.webp 100w, https:\/\/www.ifbaiano.edu.br\/unidades\/alagoinhas\/files\/2025\/03\/0545-6690ee63-d74d-476e-a9ff-3c0eb21a63ab.webp 1080w\" sizes=\"(max-width: 721px) 100vw, 721px\" \/><\/figure>\n\n\n\n<figure class=\"wp-block-image size-large\"><img decoding=\"async\" loading=\"lazy\" width=\"721\" height=\"1024\" src=\"https:\/\/www.ifbaiano.edu.br\/unidades\/alagoinhas\/files\/2025\/03\/6142-Frente-721x1024.webp\" alt=\"\" class=\"wp-image-6410\" srcset=\"https:\/\/www.ifbaiano.edu.br\/unidades\/alagoinhas\/files\/2025\/03\/6142-Frente-721x1024.webp 721w, https:\/\/www.ifbaiano.edu.br\/unidades\/alagoinhas\/files\/2025\/03\/6142-Frente-211x300.webp 211w, https:\/\/www.ifbaiano.edu.br\/unidades\/alagoinhas\/files\/2025\/03\/6142-Frente-100x142.webp 100w, https:\/\/www.ifbaiano.edu.br\/unidades\/alagoinhas\/files\/2025\/03\/6142-Frente.webp 760w\" sizes=\"(max-width: 721px) 100vw, 721px\" \/><\/figure>\n\n\n\n<figure class=\"wp-block-image size-large\"><img decoding=\"async\" loading=\"lazy\" width=\"721\" height=\"1024\" src=\"https:\/\/www.ifbaiano.edu.br\/unidades\/alagoinhas\/files\/2025\/03\/6154-Verso-721x1024.webp\" alt=\"\" class=\"wp-image-6411\" srcset=\"https:\/\/www.ifbaiano.edu.br\/unidades\/alagoinhas\/files\/2025\/03\/6154-Verso-721x1024.webp 721w, https:\/\/www.ifbaiano.edu.br\/unidades\/alagoinhas\/files\/2025\/03\/6154-Verso-211x300.webp 211w, https:\/\/www.ifbaiano.edu.br\/unidades\/alagoinhas\/files\/2025\/03\/6154-Verso-100x142.webp 100w, https:\/\/www.ifbaiano.edu.br\/unidades\/alagoinhas\/files\/2025\/03\/6154-Verso.webp 760w\" sizes=\"(max-width: 721px) 100vw, 721px\" \/><\/figure>\n\n\n\n<div class=\"wp-block-file\"><a id=\"wp-block-file--media-f19a69bb-ab2f-41a9-b7de-2ed32a36540c\" href=\"https:\/\/www.ifbaiano.edu.br\/unidades\/alagoinhas\/files\/2025\/03\/Panfleto-Subsequente-2025.pdf.pdf\" target=\"_blank\" rel=\"noreferrer noopener\">Panfleto T\u00e9cnico em Agroind\u00fastria &#8211; 2025<\/a><a href=\"https:\/\/www.ifbaiano.edu.br\/unidades\/alagoinhas\/files\/2025\/03\/Panfleto-Subsequente-2025.pdf.pdf\" class=\"wp-block-file__button wp-element-button\" download aria-describedby=\"wp-block-file--media-f19a69bb-ab2f-41a9-b7de-2ed32a36540c\">Baixar<\/a><\/div>\n","protected":false},"excerpt":{"rendered":"<p>Mais informa\u00e7\u00f5es sobre a matricula: https:\/\/www.ifbaiano.edu.br\/unidades\/alagoinhas\/edital-de-matricula-processo-seletivo-para-ingresso-de-estudantes-cursos-subsequentes-2025\/ PUBLICA\u00c7\u00c3O DA LISTA PRELIMINAR DE INSCRI\u00c7\u00d5ES HOMOLOGADAS Clique aqui e siga para a p\u00e1gina de inscri\u00e7\u00e3o &#8211; Cadastre-se no SGC<\/p>\n","protected":false},"author":156,"featured_media":0,"parent":0,"menu_order":0,"comment_status":"closed","ping_status":"closed","template":"","meta":[],"_links":{"self":[{"href":"https:\/\/www.ifbaiano.edu.br\/unidades\/alagoinhas\/wp-json\/wp\/v2\/pages\/6329"}],"collection":[{"href":"https:\/\/www.ifbaiano.edu.br\/unidades\/alagoinhas\/wp-json\/wp\/v2\/pages"}],"about":[{"href":"https:\/\/www.ifbaiano.edu.br\/unidades\/alagoinhas\/wp-json\/wp\/v2\/types\/page"}],"author":[{"embeddable":true,"href":"https:\/\/www.ifbaiano.edu.br\/unidades\/alagoinhas\/wp-json\/wp\/v2\/users\/156"}],"replies":[{"embeddable":true,"href":"https:\/\/www.ifbaiano.edu.br\/unidades\/alagoinhas\/wp-json\/wp\/v2\/comments?post=6329"}],"version-history":[{"count":31,"href":"https:\/\/www.ifbaiano.edu.br\/unidades\/alagoinhas\/wp-json\/wp\/v2\/pages\/6329\/revisions"}],"predecessor-version":[{"id":6626,"href":"https:\/\/www.ifbaiano.edu.br\/unidades\/alagoinhas\/wp-json\/wp\/v2\/pages\/6329\/revisions\/6626"}],"wp:attachment":[{"href":"https:\/\/www.ifbaiano.edu.br\/unidades\/alagoinhas\/wp-json\/wp\/v2\/media?parent=6329"}],"curies":[{"name":"wp","href":"https:\/\/api.w.org\/{rel}","templated":true}]}}