{"id":6332,"date":"2025-03-06T12:09:02","date_gmt":"2025-03-06T15:09:02","guid":{"rendered":"https:\/\/www.ifbaiano.edu.br\/unidades\/alagoinhas\/?page_id=6332"},"modified":"2025-03-06T12:09:03","modified_gmt":"2025-03-06T15:09:03","slug":"cessao-cantina","status":"publish","type":"page","link":"https:\/\/www.ifbaiano.edu.br\/unidades\/alagoinhas\/cessao-cantina\/","title":{"rendered":"Cess\u00e3o Administrativa de uso de bem p\u00fablico, de espa\u00e7o f\u00edsico para explora\u00e7\u00e3o de cantina"},"content":{"rendered":"\n<div class=\"wp-block-file\"><a id=\"wp-block-file--media-01372628-5ef2-4791-b936-5ba4a5024b32\" href=\"https:\/\/www.ifbaiano.edu.br\/unidades\/alagoinhas\/files\/2025\/03\/MINUTA-DO-EDITAL-14.133_21.pdf\">MINUTA-DO-EDITAL-14.133_21<\/a><a href=\"https:\/\/www.ifbaiano.edu.br\/unidades\/alagoinhas\/files\/2025\/03\/MINUTA-DO-EDITAL-14.133_21.pdf\" class=\"wp-block-file__button wp-element-button\" download aria-describedby=\"wp-block-file--media-01372628-5ef2-4791-b936-5ba4a5024b32\">Baixar<\/a><\/div>\n\n\n\n<div class=\"wp-block-file\"><a id=\"wp-block-file--media-ebb2755c-8601-46ff-a34e-64a7f769600b\" href=\"https:\/\/www.ifbaiano.edu.br\/unidades\/alagoinhas\/files\/2025\/03\/MINUTA-ATA-SRP.pdf\">MINUTA-ATA-SRP<\/a><a href=\"https:\/\/www.ifbaiano.edu.br\/unidades\/alagoinhas\/files\/2025\/03\/MINUTA-ATA-SRP.pdf\" class=\"wp-block-file__button wp-element-button\" download aria-describedby=\"wp-block-file--media-ebb2755c-8601-46ff-a34e-64a7f769600b\">Baixar<\/a><\/div>\n\n\n\n<div class=\"wp-block-file\"><a id=\"wp-block-file--media-c3851e3c-775b-4cbb-8da1-1865e0a410b9\" href=\"https:\/\/www.ifbaiano.edu.br\/unidades\/alagoinhas\/files\/2025\/03\/Modelo-Projeto-Basico-Pregao-SRP-servico.pdf\">Modelo-Projeto-Basico-Pregao-SRP-servico<\/a><a href=\"https:\/\/www.ifbaiano.edu.br\/unidades\/alagoinhas\/files\/2025\/03\/Modelo-Projeto-Basico-Pregao-SRP-servico.pdf\" class=\"wp-block-file__button wp-element-button\" download aria-describedby=\"wp-block-file--media-c3851e3c-775b-4cbb-8da1-1865e0a410b9\">Baixar<\/a><\/div>\n\n\n\n<div class=\"wp-block-file\"><a id=\"wp-block-file--media-24f8ffdd-f900-4e7f-97a5-7c6d68604657\" href=\"https:\/\/www.ifbaiano.edu.br\/unidades\/alagoinhas\/files\/2025\/03\/RelacaoItens15589105900502025000.pdf\">RelacaoItens15589105900502025000<\/a><a href=\"https:\/\/www.ifbaiano.edu.br\/unidades\/alagoinhas\/files\/2025\/03\/RelacaoItens15589105900502025000.pdf\" class=\"wp-block-file__button wp-element-button\" download aria-describedby=\"wp-block-file--media-24f8ffdd-f900-4e7f-97a5-7c6d68604657\">Baixar<\/a><\/div>\n\n\n\n<div class=\"wp-block-file\"><a id=\"wp-block-file--media-af221124-ad49-471a-81c8-8bcdfb273c2a\" href=\"https:\/\/www.ifbaiano.edu.br\/unidades\/alagoinhas\/files\/2025\/03\/8-TR-Pregao-SSP-90050_2025.pdf\">8-TR-Pregao-SSP-90050_2025<\/a><a href=\"https:\/\/www.ifbaiano.edu.br\/unidades\/alagoinhas\/files\/2025\/03\/8-TR-Pregao-SSP-90050_2025.pdf\" class=\"wp-block-file__button wp-element-button\" download aria-describedby=\"wp-block-file--media-af221124-ad49-471a-81c8-8bcdfb273c2a\">Baixar<\/a><\/div>\n\n\n\n<div class=\"wp-block-file\"><a id=\"wp-block-file--media-7e24d3d6-a775-4bb1-82df-ef1002c86f4c\" href=\"https:\/\/www.ifbaiano.edu.br\/unidades\/alagoinhas\/files\/2025\/03\/9-Modelo-do-contrato.pdf\">9-Modelo-do-contrato<\/a><a href=\"https:\/\/www.ifbaiano.edu.br\/unidades\/alagoinhas\/files\/2025\/03\/9-Modelo-do-contrato.pdf\" class=\"wp-block-file__button wp-element-button\" download aria-describedby=\"wp-block-file--media-7e24d3d6-a775-4bb1-82df-ef1002c86f4c\">Baixar<\/a><\/div>\n","protected":false},"excerpt":{"rendered":"","protected":false},"author":175,"featured_media":0,"parent":0,"menu_order":0,"comment_status":"closed","ping_status":"closed","template":"","meta":[],"_links":{"self":[{"href":"https:\/\/www.ifbaiano.edu.br\/unidades\/alagoinhas\/wp-json\/wp\/v2\/pages\/6332"}],"collection":[{"href":"https:\/\/www.ifbaiano.edu.br\/unidades\/alagoinhas\/wp-json\/wp\/v2\/pages"}],"about":[{"href":"https:\/\/www.ifbaiano.edu.br\/unidades\/alagoinhas\/wp-json\/wp\/v2\/types\/page"}],"author":[{"embeddable":true,"href":"https:\/\/www.ifbaiano.edu.br\/unidades\/alagoinhas\/wp-json\/wp\/v2\/users\/175"}],"replies":[{"embeddable":true,"href":"https:\/\/www.ifbaiano.edu.br\/unidades\/alagoinhas\/wp-json\/wp\/v2\/comments?post=6332"}],"version-history":[{"count":1,"href":"https:\/\/www.ifbaiano.edu.br\/unidades\/alagoinhas\/wp-json\/wp\/v2\/pages\/6332\/revisions"}],"predecessor-version":[{"id":6340,"href":"https:\/\/www.ifbaiano.edu.br\/unidades\/alagoinhas\/wp-json\/wp\/v2\/pages\/6332\/revisions\/6340"}],"wp:attachment":[{"href":"https:\/\/www.ifbaiano.edu.br\/unidades\/alagoinhas\/wp-json\/wp\/v2\/media?parent=6332"}],"curies":[{"name":"wp","href":"https:\/\/api.w.org\/{rel}","templated":true}]}}