{"id":684,"date":"2017-07-24T10:39:40","date_gmt":"2017-07-24T13:39:40","guid":{"rendered":"http:\/\/www.ifbaiano.edu.br\/unidades\/alagoinhas\/?page_id=684"},"modified":"2017-11-01T18:25:37","modified_gmt":"2017-11-01T20:25:37","slug":"ifmais","status":"publish","type":"page","link":"https:\/\/www.ifbaiano.edu.br\/unidades\/alagoinhas\/ifmais\/","title":{"rendered":"MOVIMENTO  PELA EDUCA\u00c7\u00c3O, CI\u00caNCIA E TECNOLOGIA &#8211; IF MAIS"},"content":{"rendered":"<p><img decoding=\"async\" loading=\"lazy\" class=\"alignright wp-image-885\" src=\"http:\/\/www.ifbaiano.edu.br\/unidades\/alagoinhas\/files\/2017\/07\/FOLDER-IFMAIS-FINAL-01.png\" alt=\"FOLDER IFMAIS FINAL 01\" width=\"351\" height=\"491\" \/><\/p>\n<p style=\"text-align: justify\"><span style=\"color: #000000\"><strong>I Feira de Agroind\u00fastria e Meio Ambiente \u2013 IFMais\u00a0<\/strong><\/span><\/p>\n<p style=\"text-align: justify\"><strong>Local<\/strong>: IF Baiano \u2013 Campus Alagoinhas<\/p>\n<p style=\"text-align: justify\"><strong>Data<\/strong>: 07\/11\/2017<\/p>\n<p style=\"text-align: justify\">O p\u00fablico ter\u00e1 acesso livre aos estandes, Mesa Redonda, palestras, atra\u00e7\u00f5es culturais, Oficina de chocolate (Inscri\u00e7\u00e3o presencial no Campus Alagoinhas).<\/p>\n<h3 style=\"text-align: justify\"><span style=\"color: #ff0000\"><strong><a href=\"http:\/\/www.ifbaiano.edu.br\/unidades\/alagoinhas\/resultado-minicursos-i-feira-de-agroindustria-e-meio-ambiente\/\"><span style=\"color: #800000\">Resultado da Sele\u00e7\u00e3o dos Minicursos<\/span> <span style=\"color: #800000\">&#8211;\u00a0<\/span><\/a><a href=\"http:\/\/www.ifbaiano.edu.br\/unidades\/alagoinhas\/resultado-minicursos-i-feira-de-agroindustria-e-meio-ambiente\/\"><span style=\"color: #008000\">Clique aqui<\/span><\/a><\/strong><\/span><\/h3>\n<hr \/>\n<p style=\"text-align: justify\"><strong>Cronograma:<\/strong><\/p>\n<p style=\"text-align: justify\"><strong><span style=\"color: #808080\">8:00 \u2013 9:00<\/span><\/strong>\u00a0\u2013 Cerim\u00f4nia de abertura<\/p>\n<p style=\"text-align: justify\"><strong><span style=\"color: #808080\">09:00 \u2013 10:00<\/span><\/strong>\u00a0\u2013 Mesa redonda: Que sustentabilidade queremos e podemos?<\/p>\n<p style=\"text-align: justify\"><span style=\"text-decoration: underline\">Participantes:<\/span>\u00a0<span style=\"color: #000000\">Deputado Estadual Marcelino Galo \/ Frente Parlamentar Ambientalista da Bahia,\u00a0Radiovaldo Costa\u00a0&#8211; T\u00e9cnico de opera\u00e7\u00f5es Pleno da Petrobras e\u00a0Meryellen Oliveira \u2013 Coordenadora de meio Ambiente BSC\/Copener.<\/span><\/p>\n<p style=\"text-align: justify\"><strong><span style=\"color: #808080\">09:00 \u2013 16:00 <\/span><\/strong><span style=\"color: #808080\"><span style=\"color: #000000\">&#8211; Oficina de Cacau e Chocolate (<span style=\"color: #800000\">Inscri\u00e7\u00f5es presenciais no campus Alagoinhas, no dia do evento<\/span>)<\/span><\/span><\/p>\n<p style=\"text-align: justify\"><strong><span style=\"color: #808080\">10:00 \u2013 10:30\u00a0<\/span><\/strong>\u2013\u00a0Momento Cultural<\/p>\n<p style=\"text-align: justify\"><strong><span style=\"color: #808080\">10:30 \u2013 12:30\u00a0<\/span><\/strong>\u2013\u00a0Apresenta\u00e7\u00e3o do Projeto Ci\u00eancia Intinerante |\u00a0Visita\u00e7\u00e3o aos stands<\/p>\n<p style=\"text-align: justify\"><strong>Minicursos 4hs\u00a0<\/strong>(10:30 \u00e0s 12:30 e 14:00 \u00e0s 16:00)<\/p>\n<p style=\"padding-left: 30px;text-align: justify\"><span style=\"color: #000000\"><strong>1-&gt;<\/strong>Limpeza Consciente: Produ\u00e7\u00e3o de produtos de limpeza e saneantes de forma sustent\u00e1vel | Ministrante: Dr. Saulo Luis Capim\u00a0| 30 Vagas<\/span><\/p>\n<p style=\"padding-left: 30px;text-align: justify\"><span style=\"color: #000000\"><strong>2-&gt;<\/strong>Controle de qualidade em laborat\u00f3rios de an\u00e1lise de alimentos | Ministrante: Profa. Dra. C\u00e1ssia Regina Onofre | 30 vagas<\/span><\/p>\n<p style=\"padding-left: 30px;text-align: justify\"><span style=\"color: #000000\"><strong>3-&gt;<\/strong>No\u00e7\u00f5es de Computa\u00e7\u00e3o Gr\u00e1fica: Fotografia, audio, v\u00eddeo e Web | Ministrante: Valmiro Morais \/ Analista de TI | 20 vagas<\/span><\/p>\n<p style=\"padding-left: 30px;text-align: justify\"><span style=\"color: #000000\"><strong>4-&gt;<\/strong>T\u00e9cnicas Biotecnol\u00f3gicas para manejo de vegetais | Ministrante: Dra. Fab\u00edola O campo Quintero \/ Geneticista | 30 vagas<\/span><\/p>\n<p style=\"padding-left: 30px;text-align: justify\"><span style=\"color: #000000\"><strong>5-&gt;<\/strong>Libras \u2013 A l\u00edngua Brasileira falada pelas m\u00e3os | Ministrante: Prof. Esp. Aisamaque Souza | 30 vagas<\/span><\/p>\n<p style=\"text-align: justify\"><strong><span style=\"color: #808080\">12:30 \u2013 13:30\u00a0<\/span><\/strong>\u2013 Intervalo para Almo\u00e7o \/ Momento Cultural<\/p>\n<p style=\"text-align: justify\"><strong><span style=\"color: #808080\">14:00 \u2013 15:00<\/span><\/strong>\u00a0\u2013 Palestra: O Abastecimento de \u00c1gua no munic\u00edpio de Alagoinhas &#8211; Bahia: Reservas, potencialidade e disponibilidade de \u00e1gua subterr\u00e2nea | Ministrante:\u00a0Maria das Gra\u00e7as de Castro Reis &#8211; Diretora Geral do SAAE Alagoinhas<\/p>\n<p style=\"text-align: justify\"><strong><span style=\"color: #808080\">14:00 \u2013 16:00<\/span><\/strong>\u00a0\u2013<\/p>\n<p style=\"padding-left: 30px;text-align: justify\">-&gt;Continua\u00e7\u00e3o dos minicursos (2\u00ba Per\u00edodo)<\/p>\n<p style=\"padding-left: 30px;text-align: justify\"><span style=\"color: #333333\">-&gt;Apresenta\u00e7\u00e3o do Projeto Ci\u00eancia Intinerante<\/span><\/p>\n<p style=\"padding-left: 30px;text-align: justify\"><span style=\"color: #3366ff\"><span style=\"color: #333333\">-&gt;Visita\u00e7\u00e3o aos stand<\/span><span style=\"color: #000000\">s<\/span><\/span><\/p>\n<p style=\"text-align: justify\"><strong><span style=\"color: #808080\">16:00 \u2013 17:00<\/span><\/strong>\u00a0\u2013 Cerim\u00f4nia Final \/ Momento Cultural<\/p>\n<p>&nbsp;<\/p>\n","protected":false},"excerpt":{"rendered":"<p>I Feira de Agroind\u00fastria e Meio Ambiente \u2013 IFMais\u00a0 Local: IF Baiano \u2013 Campus Alagoinhas Data: 07\/11\/2017 O p\u00fablico ter\u00e1 acesso livre aos estandes, Mesa Redonda, palestras, atra\u00e7\u00f5es culturais, Oficina de chocolate (Inscri\u00e7\u00e3o presencial no Campus Alagoinhas). Resultado da Sele\u00e7\u00e3o dos Minicursos &#8211;\u00a0Clique aqui Cronograma: 8:00 \u2013 9:00\u00a0\u2013 Cerim\u00f4nia de abertura 09:00 \u2013 10:00\u00a0\u2013 Mesa [&hellip;]<\/p>\n","protected":false},"author":76,"featured_media":0,"parent":0,"menu_order":68,"comment_status":"closed","ping_status":"closed","template":"","meta":[],"_links":{"self":[{"href":"https:\/\/www.ifbaiano.edu.br\/unidades\/alagoinhas\/wp-json\/wp\/v2\/pages\/684"}],"collection":[{"href":"https:\/\/www.ifbaiano.edu.br\/unidades\/alagoinhas\/wp-json\/wp\/v2\/pages"}],"about":[{"href":"https:\/\/www.ifbaiano.edu.br\/unidades\/alagoinhas\/wp-json\/wp\/v2\/types\/page"}],"author":[{"embeddable":true,"href":"https:\/\/www.ifbaiano.edu.br\/unidades\/alagoinhas\/wp-json\/wp\/v2\/users\/76"}],"replies":[{"embeddable":true,"href":"https:\/\/www.ifbaiano.edu.br\/unidades\/alagoinhas\/wp-json\/wp\/v2\/comments?post=684"}],"version-history":[{"count":48,"href":"https:\/\/www.ifbaiano.edu.br\/unidades\/alagoinhas\/wp-json\/wp\/v2\/pages\/684\/revisions"}],"predecessor-version":[{"id":1040,"href":"https:\/\/www.ifbaiano.edu.br\/unidades\/alagoinhas\/wp-json\/wp\/v2\/pages\/684\/revisions\/1040"}],"wp:attachment":[{"href":"https:\/\/www.ifbaiano.edu.br\/unidades\/alagoinhas\/wp-json\/wp\/v2\/media?parent=684"}],"curies":[{"name":"wp","href":"https:\/\/api.w.org\/{rel}","templated":true}]}}