{"id":690,"date":"2017-07-26T10:21:13","date_gmt":"2017-07-26T13:21:13","guid":{"rendered":"http:\/\/www.ifbaiano.edu.br\/unidades\/alagoinhas\/?page_id=690"},"modified":"2017-07-26T11:17:27","modified_gmt":"2017-07-26T14:17:27","slug":"9-a-chamada-de-matricula","status":"publish","type":"page","link":"https:\/\/www.ifbaiano.edu.br\/unidades\/alagoinhas\/9-a-chamada-de-matricula\/","title":{"rendered":"9 \u00aa Chamada de Matr\u00edcula"},"content":{"rendered":"<p><strong>RESULTADO FINAL &#8211; \u00daltima CHAMADA<\/strong><\/p>\n<p><a href=\"http:\/\/www.ifbaiano.edu.br\/unidades\/alagoinhas\/files\/2017\/07\/Reda\u00e7\u00e3o-Oficial-Turmas-Extras.pdf\">Reda\u00e7\u00e3o Oficial\u00a0&#8211; Turma Extra<\/a><\/p>\n","protected":false},"excerpt":{"rendered":"<p>RESULTADO FINAL &#8211; \u00daltima CHAMADA Reda\u00e7\u00e3o Oficial\u00a0&#8211; Turma Extra<\/p>\n","protected":false},"author":76,"featured_media":0,"parent":0,"menu_order":15,"comment_status":"closed","ping_status":"closed","template":"","meta":[],"_links":{"self":[{"href":"https:\/\/www.ifbaiano.edu.br\/unidades\/alagoinhas\/wp-json\/wp\/v2\/pages\/690"}],"collection":[{"href":"https:\/\/www.ifbaiano.edu.br\/unidades\/alagoinhas\/wp-json\/wp\/v2\/pages"}],"about":[{"href":"https:\/\/www.ifbaiano.edu.br\/unidades\/alagoinhas\/wp-json\/wp\/v2\/types\/page"}],"author":[{"embeddable":true,"href":"https:\/\/www.ifbaiano.edu.br\/unidades\/alagoinhas\/wp-json\/wp\/v2\/users\/76"}],"replies":[{"embeddable":true,"href":"https:\/\/www.ifbaiano.edu.br\/unidades\/alagoinhas\/wp-json\/wp\/v2\/comments?post=690"}],"version-history":[{"count":3,"href":"https:\/\/www.ifbaiano.edu.br\/unidades\/alagoinhas\/wp-json\/wp\/v2\/pages\/690\/revisions"}],"predecessor-version":[{"id":695,"href":"https:\/\/www.ifbaiano.edu.br\/unidades\/alagoinhas\/wp-json\/wp\/v2\/pages\/690\/revisions\/695"}],"wp:attachment":[{"href":"https:\/\/www.ifbaiano.edu.br\/unidades\/alagoinhas\/wp-json\/wp\/v2\/media?parent=690"}],"curies":[{"name":"wp","href":"https:\/\/api.w.org\/{rel}","templated":true}]}}