{"id":6988,"date":"2026-01-08T09:07:08","date_gmt":"2026-01-08T12:07:08","guid":{"rendered":"https:\/\/www.ifbaiano.edu.br\/unidades\/alagoinhas\/?page_id=6988"},"modified":"2026-03-09T14:18:16","modified_gmt":"2026-03-09T17:18:16","slug":"selecao-de-estudantes-de-nivel-superior-para-a-realizacao-de-estagio-remunerado-no-instituto-federal-baiano-campus-alagoinhas","status":"publish","type":"page","link":"https:\/\/www.ifbaiano.edu.br\/unidades\/alagoinhas\/selecao-de-estudantes-de-nivel-superior-para-a-realizacao-de-estagio-remunerado-no-instituto-federal-baiano-campus-alagoinhas\/","title":{"rendered":"Resultado &#8211; SELE\u00c7\u00c3O DE ESTUDANTES DE N\u00cdVEL SUPERIOR PARA A REALIZA\u00c7\u00c3O DE EST\u00c1GIO"},"content":{"rendered":"\n<div class=\"wp-block-file\"><object class=\"wp-block-file__embed\" data=\"https:\/\/www.ifbaiano.edu.br\/unidades\/alagoinhas\/files\/2026\/03\/RESULTADO-DAS-ENTREVISTAS.pdf\" type=\"application\/pdf\" style=\"width:100%;height:600px\" aria-label=\"Incorporado de RESULTADO-DAS-ENTREVISTAS.\"><\/object><a id=\"wp-block-file--media-5d84434b-15aa-410d-ad73-b354a832ad48\" href=\"https:\/\/www.ifbaiano.edu.br\/unidades\/alagoinhas\/files\/2026\/03\/RESULTADO-DAS-ENTREVISTAS.pdf\">RESULTADO-DAS-ENTREVISTAS<\/a><a href=\"https:\/\/www.ifbaiano.edu.br\/unidades\/alagoinhas\/files\/2026\/03\/RESULTADO-DAS-ENTREVISTAS.pdf\" class=\"wp-block-file__button wp-element-button\" download aria-describedby=\"wp-block-file--media-5d84434b-15aa-410d-ad73-b354a832ad48\">Baixar<\/a><\/div>\n\n\n\n<div class=\"wp-block-file\"><a id=\"wp-block-file--media-ce9440fb-b5c0-4cb8-9572-ff71f3bb2227\" href=\"https:\/\/www.ifbaiano.edu.br\/unidades\/alagoinhas\/files\/2026\/03\/CONVOCACAO-PARA-ENTREVISTA-02.pdf\">CONVOCACAO-PARA-ENTREVISTA-02<\/a><a href=\"https:\/\/www.ifbaiano.edu.br\/unidades\/alagoinhas\/files\/2026\/03\/CONVOCACAO-PARA-ENTREVISTA-02.pdf\" class=\"wp-block-file__button wp-element-button\" download aria-describedby=\"wp-block-file--media-ce9440fb-b5c0-4cb8-9572-ff71f3bb2227\">Baixar<\/a><\/div>\n\n\n\n<div class=\"wp-block-file\"><a id=\"wp-block-file--media-57265db1-4a6f-45c0-b82d-d49f61817362\" href=\"https:\/\/www.ifbaiano.edu.br\/unidades\/alagoinhas\/files\/2026\/02\/CONVOCACAO-PARA-ENTREVISTA.pdf\">CONVOCACAO-PARA-ENTREVISTA<\/a><a href=\"https:\/\/www.ifbaiano.edu.br\/unidades\/alagoinhas\/files\/2026\/02\/CONVOCACAO-PARA-ENTREVISTA.pdf\" class=\"wp-block-file__button wp-element-button\" download aria-describedby=\"wp-block-file--media-57265db1-4a6f-45c0-b82d-d49f61817362\">Baixar<\/a><\/div>\n\n\n\n<div class=\"wp-block-file\"><a id=\"wp-block-file--media-07c99ce5-ab7b-43a7-bfa1-92a20b5d719d\" href=\"https:\/\/www.ifbaiano.edu.br\/unidades\/alagoinhas\/files\/2026\/02\/RESULTADO-FINAL-EDITAL-36.pdf\">RESULTADO-FINAL-EDITAL-36<\/a><a href=\"https:\/\/www.ifbaiano.edu.br\/unidades\/alagoinhas\/files\/2026\/02\/RESULTADO-FINAL-EDITAL-36.pdf\" class=\"wp-block-file__button wp-element-button\" download aria-describedby=\"wp-block-file--media-07c99ce5-ab7b-43a7-bfa1-92a20b5d719d\">Baixar<\/a><\/div>\n\n\n\n<div class=\"wp-block-file\"><a id=\"wp-block-file--media-e3e95e08-378d-4f07-b2b9-795a803681ae\" href=\"https:\/\/www.ifbaiano.edu.br\/unidades\/alagoinhas\/files\/2026\/02\/RESULDADO-PRELIMINAR.pdf\">RESULDADO-PRELIMINAR<\/a><a href=\"https:\/\/www.ifbaiano.edu.br\/unidades\/alagoinhas\/files\/2026\/02\/RESULDADO-PRELIMINAR.pdf\" class=\"wp-block-file__button wp-element-button\" download aria-describedby=\"wp-block-file--media-e3e95e08-378d-4f07-b2b9-795a803681ae\">Baixar<\/a><\/div>\n\n\n\n<div class=\"wp-block-file\"><a id=\"wp-block-file--media-a3c50c44-f72a-4beb-9c7f-d184924a314d\" href=\"https:\/\/www.ifbaiano.edu.br\/unidades\/alagoinhas\/files\/2026\/01\/2o-Retificacao-do-Edital-no-36-de-10-de-dezembro-de-2025.pdf\">2o-Retificacao-do-Edital-no-36-de-10-de-dezembro-de-2025<\/a><a href=\"https:\/\/www.ifbaiano.edu.br\/unidades\/alagoinhas\/files\/2026\/01\/2o-Retificacao-do-Edital-no-36-de-10-de-dezembro-de-2025.pdf\" class=\"wp-block-file__button wp-element-button\" download aria-describedby=\"wp-block-file--media-a3c50c44-f72a-4beb-9c7f-d184924a314d\">Baixar<\/a><\/div>\n\n\n\n<div class=\"wp-block-file\"><a id=\"wp-block-file--media-440776eb-062f-442c-8630-668962778a82\" href=\"https:\/\/www.ifbaiano.edu.br\/unidades\/alagoinhas\/files\/2026\/01\/Edital-de-Retificacao-no-01-de-06-de-janeiro-de-2026.pdf\">Edital-de-Retificacao-no-01-de-06-de-janeiro-de-2026<\/a><a href=\"https:\/\/www.ifbaiano.edu.br\/unidades\/alagoinhas\/files\/2026\/01\/Edital-de-Retificacao-no-01-de-06-de-janeiro-de-2026.pdf\" class=\"wp-block-file__button wp-element-button\" download aria-describedby=\"wp-block-file--media-440776eb-062f-442c-8630-668962778a82\">Baixar<\/a><\/div>\n\n\n\n<p><a href=\"https:\/\/www.ifbaiano.edu.br\/unidades\/alagoinhas\/files\/2025\/12\/SELECAO-DE-ESTUDANTES-DE-NIVEL-SUPERIOR-PARA-A-REALIZACAO-DE-ESTAGIO-REMUNERADO.pdf\"> EDITAL &#8211; SELECAO-DE-ESTUDANTES-DE-NIVEL-SUPERIOR-PARA-A-REALIZACAO-DE-ESTAGIO-REMUNERADO.pdf<\/a><\/p>\n\n\n\n<p class=\"has-black-color has-vivid-green-cyan-background-color has-text-color has-background\">link para inscri\u00e7\u00e3o:<\/p>\n\n\n\n<p>&nbsp;<a href=\"https:\/\/docs.google.com\/forms\/d\/e\/1FAIpQLSfLOqs1Q3n3tlmMopN6NP2SoMQBZlFqDf1gQZfF7SEl-oBCHw\/viewform\">https:\/\/docs.google.com\/forms\/d\/e\/1FAIpQLSfLOqs1Q3n3tlmMopN6NP2SoMQBZlFqDf1gQZfF7SEl-oBCHw\/viewform<\/a><\/p>\n","protected":false},"excerpt":{"rendered":"<p>EDITAL &#8211; SELECAO-DE-ESTUDANTES-DE-NIVEL-SUPERIOR-PARA-A-REALIZACAO-DE-ESTAGIO-REMUNERADO.pdf link para inscri\u00e7\u00e3o: &nbsp;https:\/\/docs.google.com\/forms\/d\/e\/1FAIpQLSfLOqs1Q3n3tlmMopN6NP2SoMQBZlFqDf1gQZfF7SEl-oBCHw\/viewform<\/p>\n","protected":false},"author":175,"featured_media":0,"parent":0,"menu_order":0,"comment_status":"closed","ping_status":"closed","template":"","meta":[],"_links":{"self":[{"href":"https:\/\/www.ifbaiano.edu.br\/unidades\/alagoinhas\/wp-json\/wp\/v2\/pages\/6988"}],"collection":[{"href":"https:\/\/www.ifbaiano.edu.br\/unidades\/alagoinhas\/wp-json\/wp\/v2\/pages"}],"about":[{"href":"https:\/\/www.ifbaiano.edu.br\/unidades\/alagoinhas\/wp-json\/wp\/v2\/types\/page"}],"author":[{"embeddable":true,"href":"https:\/\/www.ifbaiano.edu.br\/unidades\/alagoinhas\/wp-json\/wp\/v2\/users\/175"}],"replies":[{"embeddable":true,"href":"https:\/\/www.ifbaiano.edu.br\/unidades\/alagoinhas\/wp-json\/wp\/v2\/comments?post=6988"}],"version-history":[{"count":9,"href":"https:\/\/www.ifbaiano.edu.br\/unidades\/alagoinhas\/wp-json\/wp\/v2\/pages\/6988\/revisions"}],"predecessor-version":[{"id":7037,"href":"https:\/\/www.ifbaiano.edu.br\/unidades\/alagoinhas\/wp-json\/wp\/v2\/pages\/6988\/revisions\/7037"}],"wp:attachment":[{"href":"https:\/\/www.ifbaiano.edu.br\/unidades\/alagoinhas\/wp-json\/wp\/v2\/media?parent=6988"}],"curies":[{"name":"wp","href":"https:\/\/api.w.org\/{rel}","templated":true}]}}