{"id":7061,"date":"2026-04-16T11:03:21","date_gmt":"2026-04-16T14:03:21","guid":{"rendered":"https:\/\/www.ifbaiano.edu.br\/unidades\/alagoinhas\/?page_id=7061"},"modified":"2026-04-16T11:03:22","modified_gmt":"2026-04-16T14:03:22","slug":"edital-de-renovacao-de-matricula-dos-cursos-integrados-2026-e-do-curso-subsequente-tecnico-em-agroindustria-2026-1","status":"publish","type":"page","link":"https:\/\/www.ifbaiano.edu.br\/unidades\/alagoinhas\/edital-de-renovacao-de-matricula-dos-cursos-integrados-2026-e-do-curso-subsequente-tecnico-em-agroindustria-2026-1\/","title":{"rendered":"EDITAL DE RENOVA\u00c7\u00c3O DE MATR\u00cdCULA DOS CURSOS INTEGRADOS 2026 E DO CURSO SUBSEQUENTE &#8211; T\u00c9CNICO EM AGROIND\u00daSTRIA 2026.1"},"content":{"rendered":"\n<p><\/p>\n\n\n\n<p>A DIRETORA-GERAL DO INSTITUTO FEDERAL DE EDUCA\u00c7\u00c3O, CI\u00caNCIA E TECNOLOGIA BAIANO (IF<br>BAIANO) CAMPUS ALAGOINHAS, no uso de suas atribui\u00e7\u00f5es delegadas pela Portaria n.\u00ba 309 de 19 de mar\u00e7o de 2026, publicada no Di\u00e1rio Oficial da Uni\u00e3o do dia 23 de mar\u00e7o de 2026, se\u00e7\u00e3o 2, N\u00ba 55, de acordo com as disposi\u00e7\u00f5es da legisla\u00e7\u00e3o em vigor, FAZ SABER, atrav\u00e9s deste Edital, as condi\u00e7\u00f5es de Renova\u00e7\u00e3o de Matr\u00edcula dos (as) discentes dos Cursos Integrados &#8211; T\u00e9cnico em Agroecologia, T\u00e9cnico em Agroind\u00fastria e T\u00e9cnico em Inform\u00e1tica e Subsequente &#8211; T\u00e9cnico em Agroind\u00fastria ofertados pelo Campus Alagoinhas, para os per\u00edodos letivos de 2026 e 2026.1 respectivamente, seguindo as informa\u00e7\u00f5es abaixo e em conson\u00e2ncia com o que rege a Organiza\u00e7\u00e3o Did\u00e1tica dos Cursos da Educa\u00e7\u00e3o Profissional T\u00e9cnica de N\u00edvel M\u00e9dio do IF Baiano vigente.<\/p>\n\n\n\n<div class=\"wp-block-file\"><a id=\"wp-block-file--media-e4a4bda2-16f3-4443-bcd7-d34ed5c310b3\" href=\"https:\/\/www.ifbaiano.edu.br\/unidades\/alagoinhas\/files\/2026\/04\/EDITAL-DE-RENOVACAO-DE-MATRICULA-2026-e-2026.1-\u2013-CURSOS-INTEGRADOS-E-SUBSEQUENTE-PRESENCIAL.pdf\">EDITAL-DE-RENOVACAO-DE-MATRICULA-2026-e-2026.1-\u2013-CURSOS-INTEGRADOS-E-SUBSEQUENTE-PRESENCIAL<\/a><a href=\"https:\/\/www.ifbaiano.edu.br\/unidades\/alagoinhas\/files\/2026\/04\/EDITAL-DE-RENOVACAO-DE-MATRICULA-2026-e-2026.1-\u2013-CURSOS-INTEGRADOS-E-SUBSEQUENTE-PRESENCIAL.pdf\" class=\"wp-block-file__button wp-element-button\" download aria-describedby=\"wp-block-file--media-e4a4bda2-16f3-4443-bcd7-d34ed5c310b3\">Baixar<\/a><\/div>\n\n\n\n<figure class=\"wp-block-table\"><table><thead><tr><th><strong>Per\u00edodo<\/strong><\/th><th><strong>Modalidade<\/strong><\/th><th><strong>Curso<\/strong><\/th><\/tr><\/thead><tbody><tr><td>22 a 24 de abril<\/td><td>Subsequente ao Ensino M\u00e9dio<\/td><td><br>T\u00e9cnico em Agroind\u00fastria<\/td><\/tr><tr><td>22 a 24 de abril<\/td><td>Integrado ao Ensino M\u00e9dio<\/td><td>T\u00e9cnico em Agoecologia<br>T\u00e9cnico em Agroind\u00fastria<br>T\u00e9cnico em Inform\u00e1tica<\/td><\/tr><\/tbody><\/table><\/figure>\n\n\n\n<p>Atrav\u00e9s do Portal do Aluno no SUAP  <a href=\"https:\/\/suap.ifbaiano.edu.br\/\" data-type=\"URL\" data-id=\"https:\/\/suap.ifbaiano.edu.br\/\">https:\/\/suap.ifbaiano.edu.br\/<\/a><\/p>\n","protected":false},"excerpt":{"rendered":"<p>A DIRETORA-GERAL DO INSTITUTO FEDERAL DE EDUCA\u00c7\u00c3O, CI\u00caNCIA E TECNOLOGIA BAIANO (IFBAIANO) CAMPUS ALAGOINHAS, no uso de suas atribui\u00e7\u00f5es delegadas pela Portaria n.\u00ba 309 de 19 de mar\u00e7o de 2026, publicada no Di\u00e1rio Oficial da Uni\u00e3o do dia 23 de mar\u00e7o de 2026, se\u00e7\u00e3o 2, N\u00ba 55, de acordo com as disposi\u00e7\u00f5es da legisla\u00e7\u00e3o em [&hellip;]<\/p>\n","protected":false},"author":175,"featured_media":0,"parent":0,"menu_order":0,"comment_status":"closed","ping_status":"closed","template":"","meta":[],"_links":{"self":[{"href":"https:\/\/www.ifbaiano.edu.br\/unidades\/alagoinhas\/wp-json\/wp\/v2\/pages\/7061"}],"collection":[{"href":"https:\/\/www.ifbaiano.edu.br\/unidades\/alagoinhas\/wp-json\/wp\/v2\/pages"}],"about":[{"href":"https:\/\/www.ifbaiano.edu.br\/unidades\/alagoinhas\/wp-json\/wp\/v2\/types\/page"}],"author":[{"embeddable":true,"href":"https:\/\/www.ifbaiano.edu.br\/unidades\/alagoinhas\/wp-json\/wp\/v2\/users\/175"}],"replies":[{"embeddable":true,"href":"https:\/\/www.ifbaiano.edu.br\/unidades\/alagoinhas\/wp-json\/wp\/v2\/comments?post=7061"}],"version-history":[{"count":1,"href":"https:\/\/www.ifbaiano.edu.br\/unidades\/alagoinhas\/wp-json\/wp\/v2\/pages\/7061\/revisions"}],"predecessor-version":[{"id":7064,"href":"https:\/\/www.ifbaiano.edu.br\/unidades\/alagoinhas\/wp-json\/wp\/v2\/pages\/7061\/revisions\/7064"}],"wp:attachment":[{"href":"https:\/\/www.ifbaiano.edu.br\/unidades\/alagoinhas\/wp-json\/wp\/v2\/media?parent=7061"}],"curies":[{"name":"wp","href":"https:\/\/api.w.org\/{rel}","templated":true}]}}