{"id":711,"date":"2017-08-03T17:11:22","date_gmt":"2017-08-03T20:11:22","guid":{"rendered":"http:\/\/www.ifbaiano.edu.br\/unidades\/alagoinhas\/?page_id=711"},"modified":"2026-01-06T09:52:19","modified_gmt":"2026-01-06T12:52:19","slug":"estagios","status":"publish","type":"page","link":"https:\/\/www.ifbaiano.edu.br\/unidades\/alagoinhas\/estagios\/","title":{"rendered":"Est\u00e1gios"},"content":{"rendered":"\n<div class=\"wp-block-columns is-layout-flex wp-container-6\">\n<div class=\"wp-block-column is-layout-flow\" style=\"flex-basis:100%\">\n<div class=\"wp-block-columns is-layout-flex wp-container-4\">\n<div class=\"wp-block-column is-layout-flow\" style=\"flex-basis:100%\">\n<div class=\"wp-block-columns is-layout-flex wp-container-2\">\n<div class=\"wp-block-column is-layout-flow\" style=\"flex-basis:100%\">\n<figure class=\"wp-block-table\"><table class=\"has-fixed-layout\"><tbody><tr><td class=\"has-text-align-center\" data-align=\"center\"><a href=\"https:\/\/www.ifbaiano.edu.br\/unidades\/alagoinhas\/informacoes-gerais\/\" target=\"_blank\" rel=\"noreferrer noopener\" aria-label=\"\ufffc (abre numa nova aba)\"><img decoding=\"async\" loading=\"lazy\" width=\"140\" height=\"140\" class=\"wp-image-2804\" style=\"width: 140px\" src=\"https:\/\/www.ifbaiano.edu.br\/unidades\/alagoinhas\/files\/2020\/05\/Informa\u00e7\u00f5es-gerais-2.png\" alt=\"\"><\/a><a rel=\"noreferrer noopener\" aria-label=\"\ufffc (abre numa nova aba)\" href=\"https:\/\/www.ifbaiano.edu.br\/unidades\/alagoinhas\/informacoes-gerais\/\" target=\"_blank\"><\/a><\/td><td class=\"has-text-align-center\" data-align=\"center\"><a href=\"https:\/\/www.ifbaiano.edu.br\/unidades\/alagoinhas\/contato-do-nuri\/\" target=\"_blank\" rel=\"noreferrer noopener\" aria-label=\"\ufffc (abre numa nova aba)\"><img decoding=\"async\" loading=\"lazy\" width=\"140\" height=\"140\" class=\"wp-image-2805\" style=\"width: 140px\" src=\"https:\/\/www.ifbaiano.edu.br\/unidades\/alagoinhas\/files\/2020\/05\/Contato-2.png\" alt=\"\"><\/a><a rel=\"noreferrer noopener\" aria-label=\"\ufffc (abre numa nova aba)\" href=\"https:\/\/www.ifbaiano.edu.br\/unidades\/alagoinhas\/contato-do-nuri\/\" target=\"_blank\"><\/a><\/td><td class=\"has-text-align-center\" data-align=\"center\"><a href=\"https:\/\/www.ifbaiano.edu.br\/unidades\/alagoinhas\/leis-e-normas-do-estagio\/\" data-type=\"URL\" data-id=\"https:\/\/www.ifbaiano.edu.br\/unidades\/alagoinhas\/leis-e-normas-do-estagio\/\"><img decoding=\"async\" loading=\"lazy\" width=\"140\" height=\"140\" class=\"wp-image-2807\" style=\"width: 140px\" src=\"https:\/\/www.ifbaiano.edu.br\/unidades\/alagoinhas\/files\/2020\/05\/Lei-e-normas-de-est\u00e1gio-2.png\" alt=\"\"><\/a><a rel=\"noreferrer noopener\" aria-label=\"\ufffc (abre numa nova aba)\" href=\"https:\/\/www.ifbaiano.edu.br\/unidades\/alagoinhas\/leis-e-normas-do-estagio\/\" target=\"_blank\"><\/a><\/td><td class=\"has-text-align-center\" data-align=\"center\"><a href=\"https:\/\/www.ifbaiano.edu.br\/unidades\/alagoinhas\/avaliacao-do-estagio-pelo-estudante\/\" target=\"_blank\" rel=\"noreferrer noopener\" aria-label=\"\ufffc (abre numa nova aba)\"><img decoding=\"async\" loading=\"lazy\" width=\"140\" height=\"140\" class=\"wp-image-2811\" style=\"width: 140px\" src=\"https:\/\/www.ifbaiano.edu.br\/unidades\/alagoinhas\/files\/2020\/05\/Avalia\u00e7\u00e3o-de-est\u00e1gio-pelo-estudante-2.png\" alt=\"\"><\/a><\/td><td class=\"has-text-align-center\" data-align=\"center\"><a href=\"https:\/\/www.ifbaiano.edu.br\/unidades\/alagoinhas\/estagio-na-pandemia\/\"><img decoding=\"async\" loading=\"lazy\" width=\"415\" height=\"415\" class=\"wp-image-2789\" style=\"width: 150px\" src=\"https:\/\/www.ifbaiano.edu.br\/unidades\/alagoinhas\/files\/2020\/05\/Avalia\u00e7\u00e3o-de-est\u00e1gio-pelo-estudante.png\" alt=\"\"><\/a><\/td><\/tr><tr><td class=\"has-text-align-center\" data-align=\"center\"> <strong>Informa\u00e7\u00f5es gerais<\/strong> <\/td><td class=\"has-text-align-center\" data-align=\"center\"> <strong>Contato<\/strong> <strong>do NURI<\/strong><br><\/td><td class=\"has-text-align-center\" data-align=\"center\"> <strong>Leis e normas<\/strong><\/td><td class=\"has-text-align-center\" data-align=\"center\"> <strong>Avalia\u00e7\u00e3o de est\u00e1gio pelo estudante<\/strong> <\/td><td class=\"has-text-align-center\" data-align=\"center\"><strong>Est\u00e1gio na Pandemia<\/strong><\/td><\/tr><\/tbody><\/table><\/figure>\n\n\n\n<p>link para inscri\u00e7\u00e3o: <a href=\"https:\/\/docs.google.com\/forms\/d\/e\/1FAIpQLSfLOqs1Q3n3tlmMopN6NP2SoMQBZlFqDf1gQZfF7SEl-oBCHw\/viewform\">https:\/\/docs.google.com\/forms\/d\/e\/1FAIpQLSfLOqs1Q3n3tlmMopN6NP2SoMQBZlFqDf1gQZfF7SEl-oBCHw\/viewform<\/a><\/p>\n<\/div>\n<\/div>\n\n\n\n<div class=\"wp-block-file\"><a id=\"wp-block-file--media-07ee241c-2802-4edb-afd4-0914f59018cc\" href=\"https:\/\/www.ifbaiano.edu.br\/unidades\/alagoinhas\/files\/2025\/11\/SELECAO-INTERNA-DE-ESTUDANTES-DE-NIVEL-MEDIO-PARA-A-REALIZACAO-DE-ESTAGIO-CURRICULAR-2.pdf\">SELECAO-INTERNA-DE-ESTUDANTES-DE-NIVEL-MEDIO-PARA-A-REALIZACAO-DE-ESTAGIO-CURRICULAR-2<\/a><a href=\"https:\/\/www.ifbaiano.edu.br\/unidades\/alagoinhas\/files\/2025\/11\/SELECAO-INTERNA-DE-ESTUDANTES-DE-NIVEL-MEDIO-PARA-A-REALIZACAO-DE-ESTAGIO-CURRICULAR-2.pdf\" class=\"wp-block-file__button wp-element-button\" download aria-describedby=\"wp-block-file--media-07ee241c-2802-4edb-afd4-0914f59018cc\">Baixar<\/a><\/div>\n<\/div>\n<\/div>\n<\/div>\n<\/div>\n\n\n\n<div class=\"wp-block-file\"><a id=\"wp-block-file--media-e5da6a8d-6bee-4ff3-8e12-09a969544ab1\" href=\"https:\/\/www.ifbaiano.edu.br\/unidades\/alagoinhas\/files\/2025\/11\/Edital-de-Retificacao-no-32-de-25-de-novembro-de-2025.pdf\">Edital-de-Retificacao-no-32-de-25-de-novembro-de-2025<\/a><a href=\"https:\/\/www.ifbaiano.edu.br\/unidades\/alagoinhas\/files\/2025\/11\/Edital-de-Retificacao-no-32-de-25-de-novembro-de-2025.pdf\" class=\"wp-block-file__button wp-element-button\" download aria-describedby=\"wp-block-file--media-e5da6a8d-6bee-4ff3-8e12-09a969544ab1\">Baixar<\/a><\/div>\n\n\n\n<div class=\"wp-block-file\"><a id=\"wp-block-file--media-b44e972e-448c-440d-89fc-173ba5fd3bac\" href=\"https:\/\/www.ifbaiano.edu.br\/unidades\/alagoinhas\/files\/2025\/12\/RESULTADO-PRELIMINAR-EDITAL-no-31.pdf\">RESULTADO-PRELIMINAR-SELECAO INTERNA DE ESTUDANTES<\/a><a href=\"https:\/\/www.ifbaiano.edu.br\/unidades\/alagoinhas\/files\/2025\/12\/RESULTADO-PRELIMINAR-EDITAL-no-31.pdf\" class=\"wp-block-file__button wp-element-button\" download aria-describedby=\"wp-block-file--media-b44e972e-448c-440d-89fc-173ba5fd3bac\">Baixar<\/a><\/div>\n\n\n\n<div class=\"wp-block-file\"><a id=\"wp-block-file--media-750584f5-0da1-4d5d-a99d-cd9e32ad1991\" href=\"https:\/\/www.ifbaiano.edu.br\/unidades\/alagoinhas\/files\/2025\/12\/RESULTADO-FINAL-EDITAL-31.pdf\">RESULTADO-FINAL-EDITAL-31<\/a><a href=\"https:\/\/www.ifbaiano.edu.br\/unidades\/alagoinhas\/files\/2025\/12\/RESULTADO-FINAL-EDITAL-31.pdf\" class=\"wp-block-file__button wp-element-button\" download aria-describedby=\"wp-block-file--media-750584f5-0da1-4d5d-a99d-cd9e32ad1991\">Baixar<\/a><\/div>\n\n\n\n<figure class=\"wp-block-gallery has-nested-images columns-default is-cropped wp-block-gallery-7 is-layout-flex\"><\/figure>\n\n\n\n<p><\/p>\n","protected":false},"excerpt":{"rendered":"<p>Informa\u00e7\u00f5es gerais Contato do NURI Leis e normas Avalia\u00e7\u00e3o de est\u00e1gio pelo estudante Est\u00e1gio na Pandemia link para inscri\u00e7\u00e3o: https:\/\/docs.google.com\/forms\/d\/e\/1FAIpQLSfLOqs1Q3n3tlmMopN6NP2SoMQBZlFqDf1gQZfF7SEl-oBCHw\/viewform<\/p>\n","protected":false},"author":175,"featured_media":0,"parent":0,"menu_order":53,"comment_status":"closed","ping_status":"closed","template":"","meta":[],"_links":{"self":[{"href":"https:\/\/www.ifbaiano.edu.br\/unidades\/alagoinhas\/wp-json\/wp\/v2\/pages\/711"}],"collection":[{"href":"https:\/\/www.ifbaiano.edu.br\/unidades\/alagoinhas\/wp-json\/wp\/v2\/pages"}],"about":[{"href":"https:\/\/www.ifbaiano.edu.br\/unidades\/alagoinhas\/wp-json\/wp\/v2\/types\/page"}],"author":[{"embeddable":true,"href":"https:\/\/www.ifbaiano.edu.br\/unidades\/alagoinhas\/wp-json\/wp\/v2\/users\/175"}],"replies":[{"embeddable":true,"href":"https:\/\/www.ifbaiano.edu.br\/unidades\/alagoinhas\/wp-json\/wp\/v2\/comments?post=711"}],"version-history":[{"count":61,"href":"https:\/\/www.ifbaiano.edu.br\/unidades\/alagoinhas\/wp-json\/wp\/v2\/pages\/711\/revisions"}],"predecessor-version":[{"id":6984,"href":"https:\/\/www.ifbaiano.edu.br\/unidades\/alagoinhas\/wp-json\/wp\/v2\/pages\/711\/revisions\/6984"}],"wp:attachment":[{"href":"https:\/\/www.ifbaiano.edu.br\/unidades\/alagoinhas\/wp-json\/wp\/v2\/media?parent=711"}],"curies":[{"name":"wp","href":"https:\/\/api.w.org\/{rel}","templated":true}]}}