{"id":873,"date":"2017-09-05T16:46:17","date_gmt":"2017-09-05T19:46:17","guid":{"rendered":"http:\/\/www.ifbaiano.edu.br\/unidades\/alagoinhas\/?page_id=873"},"modified":"2019-05-27T20:37:15","modified_gmt":"2019-05-27T23:37:15","slug":"bsi","status":"publish","type":"page","link":"https:\/\/www.ifbaiano.edu.br\/unidades\/alagoinhas\/bsi\/","title":{"rendered":"Servi\u00e7o Interno"},"content":{"rendered":"<p>A Dire\u00e7\u00e3o Geral publica o Boletim de Servi\u00e7o Interno (BSI), visando dar publicidade e transpar\u00eancia aos atos internos do Instituto, conforme reza os princ\u00edpios da Administra\u00e7\u00e3o P\u00fablica.<\/p>\n<p><strong>ANO 2018<br \/>\n<\/strong><a href=\"http:\/\/www.ifbaiano.edu.br\/unidades\/alagoinhas\/files\/2018\/08\/BOLETIM-INTERNO-JAN-2018.pdf\">Bsi-Janeiro<\/a><br \/>\n<a href=\"http:\/\/www.ifbaiano.edu.br\/unidades\/alagoinhas\/files\/2018\/08\/BOLETIM-INTERNO-FEV-2018.pdf\">Bsi-Fevereiro<\/a><br \/>\n<a href=\"http:\/\/www.ifbaiano.edu.br\/unidades\/alagoinhas\/files\/2018\/08\/BOLETIM-INTERNO-MAR-2018.pdf\">Bsi-Mar\u00e7o<\/a><br \/>\n<a href=\"http:\/\/www.ifbaiano.edu.br\/unidades\/alagoinhas\/files\/2018\/08\/BOLETIM-INTERNO-ABR-2018.pdf\">Bsi-Abril<\/a><br \/>\n<a href=\"http:\/\/www.ifbaiano.edu.br\/unidades\/alagoinhas\/files\/2018\/08\/BOLETIM-INTERNO-MAIO-2018.pdf\">Bsi-Maio<\/a><br \/>\n<a href=\"http:\/\/www.ifbaiano.edu.br\/unidades\/alagoinhas\/files\/2018\/08\/BOLETIM-INTERNO-JUN-2018.pdf\">Bsi-Junho<\/a><br \/>\n<a href=\"http:\/\/www.ifbaiano.edu.br\/unidades\/alagoinhas\/files\/2018\/08\/BOLETIM-INTERNO-JUL-2018.pdf\">Bsi-Julho<\/a><br \/>\n<a href=\"http:\/\/www.ifbaiano.edu.br\/unidades\/alagoinhas\/files\/2018\/08\/BOLETIM-INTERNO-AGO-2018.pdf\">Bsi-Agosto<\/a><\/p>\n<hr \/>\n<p><strong>ANO 2017<br \/>\n<\/strong><a href=\"http:\/\/www.ifbaiano.edu.br\/unidades\/alagoinhas\/files\/2018\/08\/BOLETIM-INTERNO-JAN-A-JUL-2017.pdf\">Bsi-Janeiro a Julho<\/a><br \/>\n<a href=\"http:\/\/www.ifbaiano.edu.br\/unidades\/alagoinhas\/files\/2018\/08\/BOLETIM-INTERNO-AGO-A-DEZ-2017.pdf\">Bsi-Agosto a Dezembro<\/a><\/p>\n","protected":false},"excerpt":{"rendered":"<p>A Dire\u00e7\u00e3o Geral publica o Boletim de Servi\u00e7o Interno (BSI), visando dar publicidade e transpar\u00eancia aos atos internos do Instituto, conforme reza os princ\u00edpios da Administra\u00e7\u00e3o P\u00fablica. ANO 2018 Bsi-Janeiro Bsi-Fevereiro Bsi-Mar\u00e7o Bsi-Abril Bsi-Maio Bsi-Junho Bsi-Julho Bsi-Agosto ANO 2017 Bsi-Janeiro a Julho Bsi-Agosto a Dezembro<\/p>\n","protected":false},"author":76,"featured_media":0,"parent":0,"menu_order":108,"comment_status":"closed","ping_status":"closed","template":"","meta":[],"_links":{"self":[{"href":"https:\/\/www.ifbaiano.edu.br\/unidades\/alagoinhas\/wp-json\/wp\/v2\/pages\/873"}],"collection":[{"href":"https:\/\/www.ifbaiano.edu.br\/unidades\/alagoinhas\/wp-json\/wp\/v2\/pages"}],"about":[{"href":"https:\/\/www.ifbaiano.edu.br\/unidades\/alagoinhas\/wp-json\/wp\/v2\/types\/page"}],"author":[{"embeddable":true,"href":"https:\/\/www.ifbaiano.edu.br\/unidades\/alagoinhas\/wp-json\/wp\/v2\/users\/76"}],"replies":[{"embeddable":true,"href":"https:\/\/www.ifbaiano.edu.br\/unidades\/alagoinhas\/wp-json\/wp\/v2\/comments?post=873"}],"version-history":[{"count":7,"href":"https:\/\/www.ifbaiano.edu.br\/unidades\/alagoinhas\/wp-json\/wp\/v2\/pages\/873\/revisions"}],"predecessor-version":[{"id":2217,"href":"https:\/\/www.ifbaiano.edu.br\/unidades\/alagoinhas\/wp-json\/wp\/v2\/pages\/873\/revisions\/2217"}],"wp:attachment":[{"href":"https:\/\/www.ifbaiano.edu.br\/unidades\/alagoinhas\/wp-json\/wp\/v2\/media?parent=873"}],"curies":[{"name":"wp","href":"https:\/\/api.w.org\/{rel}","templated":true}]}}