{"id":10986,"date":"2019-07-18T10:27:49","date_gmt":"2019-07-18T13:27:49","guid":{"rendered":"http:\/\/www.ifbaiano.edu.br\/unidades\/bonfim\/?page_id=10986"},"modified":"2019-07-18T12:35:06","modified_gmt":"2019-07-18T15:35:06","slug":"sistemas","status":"publish","type":"page","link":"https:\/\/www.ifbaiano.edu.br\/unidades\/bonfim\/sistemas\/","title":{"rendered":"Integrado"},"content":{"rendered":"\n<p>\n\nEspecializado na oferta de Educa\u00e7\u00e3o Profissional e Tecnol\u00f3gica, o Campus Senhor do Bonfim oferece cursos&nbsp;t\u00e9cnicos integrados (para&nbsp; quem &nbsp;ainda&nbsp; n\u00e3o&nbsp; concluiu o ensino m\u00e9dio), cursos t\u00e9cnicos subsequentes ao ensino m\u00e9dio, de forma presencial ou EaD, cursos de gradua\u00e7\u00e3o focado nas licenciaturas e especializa\u00e7\u00f5es&nbsp;<em>lato sensu&nbsp;<\/em>(p\u00f3s-gradua\u00e7\u00e3o). Atua tamb\u00e9m como membro da Rede CERTIFIC, atrav\u00e9s da qual trabalhadores, jovens e adultos que buscam forma\u00e7\u00e3o profissional podem fazer o reconhecimento dos saberes adquiridos na sua trajet\u00f3ria de vida e trabalho.\n\n<\/p>\n","protected":false},"excerpt":{"rendered":"<p>Especializado na oferta de Educa\u00e7\u00e3o Profissional e Tecnol\u00f3gica, o Campus Senhor do Bonfim oferece cursos&nbsp;t\u00e9cnicos integrados (para&nbsp; quem &nbsp;ainda&nbsp; n\u00e3o&nbsp; concluiu o ensino m\u00e9dio), cursos t\u00e9cnicos subsequentes ao ensino m\u00e9dio, de forma presencial ou EaD, cursos de gradua\u00e7\u00e3o focado nas licenciaturas e especializa\u00e7\u00f5es&nbsp;lato sensu&nbsp;(p\u00f3s-gradua\u00e7\u00e3o). Atua tamb\u00e9m como membro da Rede CERTIFIC, atrav\u00e9s da qual trabalhadores, [&hellip;]<\/p>\n","protected":false},"author":110,"featured_media":0,"parent":0,"menu_order":0,"comment_status":"closed","ping_status":"closed","template":"","meta":[],"_links":{"self":[{"href":"https:\/\/www.ifbaiano.edu.br\/unidades\/bonfim\/wp-json\/wp\/v2\/pages\/10986"}],"collection":[{"href":"https:\/\/www.ifbaiano.edu.br\/unidades\/bonfim\/wp-json\/wp\/v2\/pages"}],"about":[{"href":"https:\/\/www.ifbaiano.edu.br\/unidades\/bonfim\/wp-json\/wp\/v2\/types\/page"}],"author":[{"embeddable":true,"href":"https:\/\/www.ifbaiano.edu.br\/unidades\/bonfim\/wp-json\/wp\/v2\/users\/110"}],"replies":[{"embeddable":true,"href":"https:\/\/www.ifbaiano.edu.br\/unidades\/bonfim\/wp-json\/wp\/v2\/comments?post=10986"}],"version-history":[{"count":2,"href":"https:\/\/www.ifbaiano.edu.br\/unidades\/bonfim\/wp-json\/wp\/v2\/pages\/10986\/revisions"}],"predecessor-version":[{"id":11030,"href":"https:\/\/www.ifbaiano.edu.br\/unidades\/bonfim\/wp-json\/wp\/v2\/pages\/10986\/revisions\/11030"}],"wp:attachment":[{"href":"https:\/\/www.ifbaiano.edu.br\/unidades\/bonfim\/wp-json\/wp\/v2\/media?parent=10986"}],"curies":[{"name":"wp","href":"https:\/\/api.w.org\/{rel}","templated":true}]}}