{"id":11111,"date":"2019-07-19T08:32:24","date_gmt":"2019-07-19T11:32:24","guid":{"rendered":"http:\/\/www.ifbaiano.edu.br\/unidades\/bonfim\/?page_id=11111"},"modified":"2025-05-22T10:53:45","modified_gmt":"2025-05-22T13:53:45","slug":"complexo-de-laboratorios","status":"publish","type":"page","link":"https:\/\/www.ifbaiano.edu.br\/unidades\/bonfim\/complexo-de-laboratorios\/","title":{"rendered":"Complexo de Laborat\u00f3rios"},"content":{"rendered":"\n<p>O complexo de laborat\u00f3rios \u00e9 um espa\u00e7o destinado para atividades de ensino, pesquisa e extens\u00e3o. Atendendo aos cursos: Superior de Licenciatura em Ci\u00eancias Agr\u00e1rias, Licenciatura em Ci\u00eancias da Computa\u00e7\u00e3o, T\u00e9cnico em Agropecu\u00e1ria Integrado ao Ensino M\u00e9dio, T\u00e9cnico em Agrimensura, T\u00e9cnico em Alimentos, T\u00e9cnico em Manuten\u00e7\u00e3o e Suporte em Inform\u00e1tica, T\u00e9cnico em Zootecnia, assim como o curso de Especializa\u00e7\u00e3o em Desenvolvimento Sustent\u00e1vel no Semi\u00e1rido com \u00canfase em Recursos H\u00eddricos.<\/p>\n\n\n\n<strong><div id=\"TituloMenu\" class=\"dnone\"> LABORAT\u00d3RIOS<\/div> <\/strong><\/p><p>\n\n\n\n<p>O complexo de Laborat\u00f3rios do IF Baiano Campus Senhor do Bonfim possui dezessete laborat\u00f3rios, designados:<br><strong>I<\/strong>. Laborat\u00f3rio de Inform\u00e1tica I<br><strong>II<\/strong>. Laborat\u00f3rio de Programa\u00e7\u00e3o<br><strong>III<\/strong>. Laborat\u00f3rio de Redes<br><strong>IV<\/strong>. Laborat\u00f3rio de Microbiologia<br><strong>V<\/strong>. Laborat\u00f3rio de Fisiologia Vegetal e Microscopia \u00d3ptica<br><strong>VI<\/strong>. Laborat\u00f3rio auxiliar de Cromatografia e Espectrometria<br><strong>VII<\/strong>. Laborat\u00f3rio auxiliar de destila\u00e7\u00e3o<br><strong>VIII<\/strong>. Laborat\u00f3rio de Qu\u00edmica Org\u00e2nica<br><strong>IX<\/strong>. Laborat\u00f3rio de An\u00e1lise de Solos<br><strong>X<\/strong>. Laborat\u00f3rio de Qu\u00edmica Anal\u00edtica<br><strong>XI<\/strong>. Laborat\u00f3rio de F\u00edsico- Qu\u00edmica<br><strong>XII<\/strong>. Laborat\u00f3rio de Qu\u00edmica Geral e Inorg\u00e2nica<br><strong>XIII<\/strong>. Laborat\u00f3rio de F\u00edsica Cl\u00e1ssica<br><strong>XIV<\/strong>. Laborat\u00f3rio de F\u00edsica Moderna<br><strong>XV<\/strong>. Laborat\u00f3rio de Geoprocessamento\/ Ensino de Computa\u00e7\u00e3o<br><strong>XVI<\/strong>. Laborat\u00f3rio de Topografia e Geod\u00e9sia\/ Inform\u00e1tica e computa\u00e7\u00e3o cient\u00edfica<br><strong>XVII<\/strong>. Laborat\u00f3rio de Fotogrametria e sensoriamento remoto<\/p>\n\n\n\n<strong><div id=\"TituloMenu\" class=\"dnone\"> T\u00c9CNICOS RESPONS\u00c1VEIS<\/div> <\/strong><\/p><p>\n\n\n\n<ul>\n<li>Marciene Amorim Rodrigues<\/li>\n\n\n\n<li>Mar\u00edlia de Jesus Ferreira<\/li>\n\n\n\n<li>Samuel de Souza Mendes Miranda <\/li>\n\n\n\n<li>Uitamara dos Santos <\/li>\n<\/ul>\n\n\n\n<p class=\"has-small-font-size\"><strong>Hor\u00e1rio de Funcionamento<\/strong> : 7:00-12:00 \/ 13:30-17:00<\/p>\n\n\n\n<strong><div id=\"TituloMenu\" class=\"dnone\"> DOCUMENTA\u00c7\u00d5ES<\/div> <\/strong><\/p><p>\n\n\n\n<p style=\"font-size:12px\"><a href=\"https:\/\/www.ifbaiano.edu.br\/unidades\/bonfim\/files\/2025\/05\/REGRAS-DE-UTILIZACAO-DOS-LABORATORIOS-DE-INFORMATICA.pdf\" data-type=\"URL\" data-id=\"https:\/\/www.ifbaiano.edu.br\/unidades\/bonfim\/files\/2025\/05\/REGRAS-DE-UTILIZACAO-DOS-LABORATORIOS-DE-INFORMATICA.pdf\" target=\"_blank\" rel=\"noreferrer noopener\">Regras de Utiliza\u00e7\u00e3o dos Laborat\u00f3rios de Inform\u00e1tica<\/a><\/p>\n\n\n\n<hr class=\"wp-block-separator has-alpha-channel-opacity\" \/>\n\n\n\n<div class=\"wp-block-buttons has-custom-font-size has-medium-font-size is-content-justification-center is-layout-flex wp-container-1\">\n<div class=\"wp-block-button has-custom-width wp-block-button__width-25\"><a class=\"wp-block-button__link has-white-color has-text-color has-background has-text-align-center wp-element-button\" href=\"https:\/\/www.ifbaiano.edu.br\/unidades\/bonfim\/laboratorios-fotos\/\" style=\"background-color:#095037\" target=\"_blank\" rel=\"noreferrer noopener\">Fotos<\/a><\/div>\n<\/div>\n","protected":false},"excerpt":{"rendered":"<p>O complexo de laborat\u00f3rios \u00e9 um espa\u00e7o destinado para atividades de ensino, pesquisa e extens\u00e3o. Atendendo aos cursos: Superior de Licenciatura em Ci\u00eancias Agr\u00e1rias, Licenciatura em Ci\u00eancias da Computa\u00e7\u00e3o, T\u00e9cnico em Agropecu\u00e1ria Integrado ao Ensino M\u00e9dio, T\u00e9cnico em Agrimensura, T\u00e9cnico em Alimentos, T\u00e9cnico em Manuten\u00e7\u00e3o e Suporte em Inform\u00e1tica, T\u00e9cnico em Zootecnia, assim como o [&hellip;]<\/p>\n","protected":false},"author":110,"featured_media":0,"parent":0,"menu_order":0,"comment_status":"closed","ping_status":"closed","template":"","meta":[],"_links":{"self":[{"href":"https:\/\/www.ifbaiano.edu.br\/unidades\/bonfim\/wp-json\/wp\/v2\/pages\/11111"}],"collection":[{"href":"https:\/\/www.ifbaiano.edu.br\/unidades\/bonfim\/wp-json\/wp\/v2\/pages"}],"about":[{"href":"https:\/\/www.ifbaiano.edu.br\/unidades\/bonfim\/wp-json\/wp\/v2\/types\/page"}],"author":[{"embeddable":true,"href":"https:\/\/www.ifbaiano.edu.br\/unidades\/bonfim\/wp-json\/wp\/v2\/users\/110"}],"replies":[{"embeddable":true,"href":"https:\/\/www.ifbaiano.edu.br\/unidades\/bonfim\/wp-json\/wp\/v2\/comments?post=11111"}],"version-history":[{"count":25,"href":"https:\/\/www.ifbaiano.edu.br\/unidades\/bonfim\/wp-json\/wp\/v2\/pages\/11111\/revisions"}],"predecessor-version":[{"id":21814,"href":"https:\/\/www.ifbaiano.edu.br\/unidades\/bonfim\/wp-json\/wp\/v2\/pages\/11111\/revisions\/21814"}],"wp:attachment":[{"href":"https:\/\/www.ifbaiano.edu.br\/unidades\/bonfim\/wp-json\/wp\/v2\/media?parent=11111"}],"curies":[{"name":"wp","href":"https:\/\/api.w.org\/{rel}","templated":true}]}}