{"id":11174,"date":"2019-07-19T10:44:59","date_gmt":"2019-07-19T13:44:59","guid":{"rendered":"http:\/\/www.ifbaiano.edu.br\/unidades\/bonfim\/?page_id=11174"},"modified":"2025-12-12T12:49:53","modified_gmt":"2025-12-12T15:49:53","slug":"acessibilidade","status":"publish","type":"page","link":"https:\/\/www.ifbaiano.edu.br\/unidades\/bonfim\/acessibilidade\/","title":{"rendered":"Acessibilidade"},"content":{"rendered":"\n<p> Seja bem-vindo a este espa\u00e7o com diversos materiais acess\u00edveis. Os conte\u00fados s\u00e3o produzidos pela equipe multiprofissional do N\u00facleo de Atendimento \u00e0s Pessoas com Necessidades Espec\u00edficas &#8211; NAPNE e contemplam temas como Libras, Cuidados sanit\u00e1rios, Reda\u00e7\u00e3o e outros. Poder\u00e1 fazer o download gratuito dos materiais que est\u00e3o dispon\u00edveis que aparecem listados abaixo. <\/p>\n\n\n\n<div class=\"wp-block-columns is-layout-flex wp-container-4\">\n<div class=\"wp-block-column is-layout-flow\">\n<p><a href=\"https:\/\/www.ifbaiano.edu.br\/unidades\/bonfim\/files\/2023\/02\/Estrutura-da-redacao.pdf\" data-type=\"URL\" data-id=\"https:\/\/www.ifbaiano.edu.br\/unidades\/bonfim\/files\/2023\/02\/Estrutura-da-redacao.pdf\">Estrutura da reda\u00e7\u00e3o<\/a><\/p>\n\n\n\n<p><a href=\"https:\/\/www.ifbaiano.edu.br\/unidades\/bonfim\/files\/2023\/02\/Folder-Libras-2023-.pdf\">Folder Libras 2023<\/a><\/p>\n\n\n\n<p><a href=\"https:\/\/www.ifbaiano.edu.br\/unidades\/bonfim\/files\/2023\/02\/2-LPTC-Niveis-de-leitura-2023.pdf\">2 LPTC N\u00edveis de leitura 2023<\/a><\/p>\n\n\n\n<p><a href=\"https:\/\/www.ifbaiano.edu.br\/unidades\/bonfim\/files\/2023\/02\/1-LPTC-2021.1-Enos-Autobiografia-1.pdf\">1 LPTC 2021.1 Enos &#8211; Autobiografia<\/a><\/p>\n\n\n\n<p><a href=\"https:\/\/www.ifbaiano.edu.br\/unidades\/bonfim\/files\/2022\/11\/Libras-atividade-4-dialogo.pdf\">Libras atividade 4 di\u00e1logo<\/a><\/p>\n\n\n\n<p><a href=\"https:\/\/www.ifbaiano.edu.br\/unidades\/bonfim\/files\/2022\/07\/Modelo-de-estrutura-da-redacao-no-ENEM-nao-preenchido.pdf\">Modelo de estrutura da reda\u00e7\u00e3o no ENEM n\u00e3o preenchido<\/a><\/p>\n\n\n\n<p><a href=\"https:\/\/www.ifbaiano.edu.br\/unidades\/bonfim\/files\/2022\/07\/AEE-atomos-e-o-corpo-em-Libras-1.pdf\">AEE \u00e1tomos e o corpo em Libras<\/a><\/p>\n\n\n\n<p><a href=\"https:\/\/www.ifbaiano.edu.br\/unidades\/bonfim\/files\/2022\/07\/Celula-e-as-organelas.pdf\">C\u00e9lula e as organelas<\/a><\/p>\n\n\n\n<p><a href=\"https:\/\/www.ifbaiano.edu.br\/unidades\/bonfim\/files\/2022\/07\/PORTUGUES-2-2.pdf\">PORTUGU\u00caS &#8211; 2<\/a><\/p>\n\n\n\n<p><a href=\"https:\/\/www.ifbaiano.edu.br\/unidades\/bonfim\/files\/2022\/07\/Alfabeto-manual-em-Libras-1.pdf\">Alfabeto manual em Libras<\/a><\/p>\n\n\n\n<p><a href=\"https:\/\/www.ifbaiano.edu.br\/unidades\/bonfim\/files\/2022\/07\/Adaptacoes-nas-avaliacoes.pdf\">Adapta\u00e7\u00f5es nas avalia\u00e7\u00f5es<\/a><\/p>\n\n\n\n<p><a href=\"https:\/\/www.ifbaiano.edu.br\/unidades\/bonfim\/files\/2022\/07\/ADAPTACOES-PARA-ESTUDANTES-SURDOS.pdf\">Adapta\u00e7\u00f5es para estudantes surdos<\/a><\/p>\n\n\n\n<p><a href=\"https:\/\/www.ifbaiano.edu.br\/unidades\/bonfim\/files\/2021\/06\/Agricultura-sinais1.pdf\">Agricultura sinais1<\/a><\/p>\n<\/div>\n\n\n\n<div class=\"wp-block-column is-layout-flow\">\n<p><a href=\"https:\/\/www.ifbaiano.edu.br\/unidades\/bonfim\/files\/2021\/06\/Fotossintese-em-Libras-e-PTB.pdf\">Fotoss\u00edntese em Libras e PTB<\/a><\/p>\n\n\n\n<p><a href=\"https:\/\/www.ifbaiano.edu.br\/unidades\/bonfim\/files\/2021\/05\/Mitocondria-e-ATP.pdf\">Mitoc\u00f4ndria e ATP<\/a><\/p>\n\n\n\n<p><a href=\"https:\/\/www.ifbaiano.edu.br\/unidades\/bonfim\/files\/2021\/05\/AEE-meiose-e-mitose-em-Libras.pdf\">AEE meiose e mitose em Libras<\/a><\/p>\n\n\n\n<p><a href=\"https:\/\/www.ifbaiano.edu.br\/unidades\/bonfim\/files\/2021\/05\/Abelhas-reproducao-e-apiario.pdf\">Abelhas, reprodu\u00e7\u00e3o e api\u00e1rio<\/a><\/p>\n\n\n\n<p><a href=\"https:\/\/www.ifbaiano.edu.br\/unidades\/bonfim\/files\/2021\/05\/Polinizacao-e-anatomia-das-abelhas.pdf\">Poliniza\u00e7\u00e3o e anatomia das abelhas<\/a><\/p>\n\n\n\n<p><a href=\"https:\/\/www.ifbaiano.edu.br\/unidades\/bonfim\/files\/2020\/08\/Informativo-acess\u00edvel-em-Libras-NAPNE.pdf\">Informativo referente ao COVID-19 <\/a><\/p>\n\n\n\n<p><a href=\"https:\/\/www.ifbaiano.edu.br\/unidades\/bonfim\/files\/2020\/08\/Projeto-Libras-in-Code-ATUALIZADO-20191.pdf\">Projeto Libras in Code<\/a><\/p>\n\n\n\n<p><a href=\"https:\/\/www.ifbaiano.edu.br\/unidades\/bonfim\/files\/2020\/09\/AEE-em-Libras-\u2013-Reda\u00e7\u00e3o-bil\u00edngue.pdf\">AEE em Libras \u2013 Reda\u00e7\u00e3o bil\u00edngue<\/a><\/p>\n\n\n\n<p><a href=\"https:\/\/www.ifbaiano.edu.br\/unidades\/bonfim\/files\/2020\/09\/BEM-VINDO-2-edi\u00e7\u00e3o-1.pdf\">Bem Vindos ao IFBaiano &#8211; 2\u00ba Ed<\/a><\/p>\n\n\n\n<p><a href=\"https:\/\/www.ifbaiano.edu.br\/unidades\/bonfim\/files\/2020\/09\/TEXTO-BASE-LIBRAS-2020.pdf\">Libras, Abordagem te\u00f3rica  <\/a><\/p>\n\n\n\n<p><a href=\"https:\/\/www.ifbaiano.edu.br\/unidades\/bonfim\/files\/2020\/09\/Situa\u00e7\u00f5es-nas-quais-podemos-ajudar-e-indicar-pontos-de-refer\u00eancia.pdf\">Situa\u00e7\u00f5es de contexto escolar <\/a><\/p>\n\n\n\n<p><a href=\"https:\/\/www.ifbaiano.edu.br\/unidades\/bonfim\/files\/2025\/12\/Cartilha-zootecnia-acessivel.pdf\" data-type=\"URL\" data-id=\"https:\/\/www.ifbaiano.edu.br\/unidades\/bonfim\/files\/2025\/12\/Cartilha-zootecnia-acessivel.pdf\">Cartilha Zootecnia Acess\u00edvel<\/a><\/p>\n<\/div>\n\n\n\n<div class=\"wp-block-column is-layout-flow\">\n<p><a href=\"https:\/\/www.ifbaiano.edu.br\/unidades\/bonfim\/files\/2021\/02\/LINK-LIBRAS.pdf\">Link Libras<\/a><\/p>\n\n\n\n<p><a href=\"https:\/\/www.ifbaiano.edu.br\/unidades\/bonfim\/files\/2021\/03\/AEE-em-Libras-\u2013-biologia-multimidia.pdf\">AEE em Libras \u2013 biologia &#8211; multim\u00eddia<\/a><\/p>\n\n\n\n<p><a href=\"https:\/\/www.ifbaiano.edu.br\/unidades\/bonfim\/files\/2021\/03\/AEE-meses.pdf\">AEE meses<\/a><\/p>\n\n\n\n<p><a href=\"https:\/\/www.ifbaiano.edu.br\/unidades\/bonfim\/files\/2021\/03\/AEE-para-o-ensino-de-Libras-zootecnia.pdf\">AEE para o ensino de Libras zootecnia<\/a><\/p>\n\n\n\n<p><a href=\"https:\/\/www.ifbaiano.edu.br\/unidades\/bonfim\/files\/2021\/03\/AEE-Teams-Libras.pdf\">AEE Teams Libras<\/a><\/p>\n\n\n\n<p><a href=\"https:\/\/www.ifbaiano.edu.br\/unidades\/bonfim\/files\/2021\/03\/Conjuntos-em-Libras.pdf\">Conjuntos em Libras<\/a><\/p>\n\n\n\n<p><a href=\"https:\/\/www.ifbaiano.edu.br\/unidades\/bonfim\/files\/2021\/03\/conjuntos-para-surdos.pdf\">Conjuntos para surdos<\/a><\/p>\n\n\n\n<p><a href=\"https:\/\/www.ifbaiano.edu.br\/unidades\/bonfim\/files\/2021\/03\/Hora-tempo.pdf\">Hora tempo<\/a><\/p>\n\n\n\n<p><a href=\"https:\/\/www.ifbaiano.edu.br\/unidades\/bonfim\/files\/2021\/03\/HORARIO-APNPs-1A-LIBRAS.pdf\">HOR\u00c1RIO APNPs 1A LIBRAS<\/a><\/p>\n\n\n\n<p><a href=\"https:\/\/www.ifbaiano.edu.br\/unidades\/bonfim\/files\/2021\/03\/Tempo-e-as-horas.pdf\">Tempo e as horas<\/a><\/p>\n\n\n\n<p><a href=\"https:\/\/www.ifbaiano.edu.br\/unidades\/bonfim\/files\/2021\/03\/Tutorial-google-classroom.pdf\">Tutorial google classroom<\/a><\/p>\n\n\n\n<p><a href=\"https:\/\/www.ifbaiano.edu.br\/unidades\/bonfim\/files\/2021\/10\/AEE-disciplinas-no-moodle.pdf\">AEE disciplinas no moodle<\/a><\/p>\n\n\n\n<p><a href=\"https:\/\/www.ifbaiano.edu.br\/unidades\/bonfim\/files\/2021\/10\/Seres-vivos-bio-e-Libras.pdf\">Seres vivos bio e Libras<\/a><\/p>\n\n\n\n<p><a href=\"https:\/\/www.ifbaiano.edu.br\/unidades\/bonfim\/files\/2021\/10\/AEE-atomos-e-o-corpo-em-Libras.pdf\">AEE \u00e1tomos e o corpo em Libras<\/a><\/p>\n<\/div>\n<\/div>\n\n\n\n<p><\/p>\n\n\n\n<p><\/p>\n","protected":false},"excerpt":{"rendered":"<p>Seja bem-vindo a este espa\u00e7o com diversos materiais acess\u00edveis. Os conte\u00fados s\u00e3o produzidos pela equipe multiprofissional do N\u00facleo de Atendimento \u00e0s Pessoas com Necessidades Espec\u00edficas &#8211; NAPNE e contemplam temas como Libras, Cuidados sanit\u00e1rios, Reda\u00e7\u00e3o e outros. Poder\u00e1 fazer o download gratuito dos materiais que est\u00e3o dispon\u00edveis que aparecem listados abaixo. Estrutura da reda\u00e7\u00e3o Folder [&hellip;]<\/p>\n","protected":false},"author":110,"featured_media":0,"parent":0,"menu_order":0,"comment_status":"closed","ping_status":"closed","template":"","meta":[],"_links":{"self":[{"href":"https:\/\/www.ifbaiano.edu.br\/unidades\/bonfim\/wp-json\/wp\/v2\/pages\/11174"}],"collection":[{"href":"https:\/\/www.ifbaiano.edu.br\/unidades\/bonfim\/wp-json\/wp\/v2\/pages"}],"about":[{"href":"https:\/\/www.ifbaiano.edu.br\/unidades\/bonfim\/wp-json\/wp\/v2\/types\/page"}],"author":[{"embeddable":true,"href":"https:\/\/www.ifbaiano.edu.br\/unidades\/bonfim\/wp-json\/wp\/v2\/users\/110"}],"replies":[{"embeddable":true,"href":"https:\/\/www.ifbaiano.edu.br\/unidades\/bonfim\/wp-json\/wp\/v2\/comments?post=11174"}],"version-history":[{"count":30,"href":"https:\/\/www.ifbaiano.edu.br\/unidades\/bonfim\/wp-json\/wp\/v2\/pages\/11174\/revisions"}],"predecessor-version":[{"id":23095,"href":"https:\/\/www.ifbaiano.edu.br\/unidades\/bonfim\/wp-json\/wp\/v2\/pages\/11174\/revisions\/23095"}],"wp:attachment":[{"href":"https:\/\/www.ifbaiano.edu.br\/unidades\/bonfim\/wp-json\/wp\/v2\/media?parent=11174"}],"curies":[{"name":"wp","href":"https:\/\/api.w.org\/{rel}","templated":true}]}}