{"id":125,"date":"2011-05-19T16:44:38","date_gmt":"2011-05-19T19:44:38","guid":{"rendered":"http:\/\/localhost\/unidades\/bonfim\/?page_id=125"},"modified":"2022-11-03T18:28:38","modified_gmt":"2022-11-03T21:28:38","slug":"assistencia-estudantil","status":"publish","type":"page","link":"https:\/\/www.ifbaiano.edu.br\/unidades\/bonfim\/assistencia-estudantil\/","title":{"rendered":"Assist\u00eancia estudantil"},"content":{"rendered":"<p style=\"text-align: justify\">O <em>campus<\/em> Senhor do Bonfim do IF Baiano oferece assist\u00eancia estudantil com o objetivo de assegurar aos estudantes o acesso, perman\u00eancia e o \u00eaxito do percurso educativo de interven\u00e7\u00f5es e pr\u00e1ticas sociais que reduzam os efeitos das desigualdades durante o seu processo formativo.<\/p>\n<p style=\"text-align: justify\">Acesse os editais abertos dos aux\u00edlios ofertados pelo<em> campus:<\/em><\/p>\n\n\n<div class=\"wp-block-buttons is-layout-flex\">\n<div class=\"wp-block-button\"><a class=\"wp-block-button__link has-white-color has-text-color has-background\" href=\"https:\/\/www.ifbaiano.edu.br\/unidades\/bonfim\/paise\/\" style=\"border-radius:15px;background-color:#003d27\">PAISE<\/a><\/div>\n\n\n\n<div class=\"wp-block-button\"><a class=\"wp-block-button__link has-white-color has-text-color has-background\" href=\"https:\/\/www.ifbaiano.edu.br\/unidades\/bonfim\/pae\/\" style=\"background-color:#699f2c\">PAE<\/a><\/div>\n\n\n\n<div class=\"wp-block-button\"><a class=\"wp-block-button__link has-vivid-cyan-blue-background-color has-background\" href=\"https:\/\/www.ifbaiano.edu.br\/unidades\/bonfim\/pincel\/\">PINCEL<\/a><\/div>\n\n\n\n<div class=\"wp-block-button\"><a class=\"wp-block-button__link has-vivid-purple-background-color has-background\" href=\"https:\/\/www.ifbaiano.edu.br\/unidades\/bonfim\/propac\/\">PROPAC<\/a><\/div>\n<\/div>\n\n\n\n<p><\/p>\n\n\n\n<div class=\"wp-block-group is-layout-flow\"><div class=\"wp-block-group__inner-container\">\n<div class=\"wp-block-columns is-layout-flex wp-container-3\">\n<div class=\"wp-block-column is-layout-flow\" style=\"flex-basis:100%\"><\/div>\n<\/div>\n<\/div><\/div>\n\n\n\n<p>D\u00favidas: cae@bonfim.ifbaiano.edu.br<\/p>\n","protected":false},"excerpt":{"rendered":"<p>O campus Senhor do Bonfim do IF Baiano oferece assist\u00eancia estudantil com o objetivo de assegurar aos estudantes o acesso, perman\u00eancia e o \u00eaxito do percurso educativo de interven\u00e7\u00f5es e pr\u00e1ticas sociais que reduzam os efeitos das desigualdades durante o seu processo formativo. Acesse os editais abertos dos aux\u00edlios ofertados pelo campus: D\u00favidas: cae@bonfim.ifbaiano.edu.br<\/p>\n","protected":false},"author":1,"featured_media":0,"parent":0,"menu_order":0,"comment_status":"closed","ping_status":"closed","template":"","meta":[],"_links":{"self":[{"href":"https:\/\/www.ifbaiano.edu.br\/unidades\/bonfim\/wp-json\/wp\/v2\/pages\/125"}],"collection":[{"href":"https:\/\/www.ifbaiano.edu.br\/unidades\/bonfim\/wp-json\/wp\/v2\/pages"}],"about":[{"href":"https:\/\/www.ifbaiano.edu.br\/unidades\/bonfim\/wp-json\/wp\/v2\/types\/page"}],"author":[{"embeddable":true,"href":"https:\/\/www.ifbaiano.edu.br\/unidades\/bonfim\/wp-json\/wp\/v2\/users\/1"}],"replies":[{"embeddable":true,"href":"https:\/\/www.ifbaiano.edu.br\/unidades\/bonfim\/wp-json\/wp\/v2\/comments?post=125"}],"version-history":[{"count":32,"href":"https:\/\/www.ifbaiano.edu.br\/unidades\/bonfim\/wp-json\/wp\/v2\/pages\/125\/revisions"}],"predecessor-version":[{"id":15381,"href":"https:\/\/www.ifbaiano.edu.br\/unidades\/bonfim\/wp-json\/wp\/v2\/pages\/125\/revisions\/15381"}],"wp:attachment":[{"href":"https:\/\/www.ifbaiano.edu.br\/unidades\/bonfim\/wp-json\/wp\/v2\/media?parent=125"}],"curies":[{"name":"wp","href":"https:\/\/api.w.org\/{rel}","templated":true}]}}