{"id":1288,"date":"2012-03-23T12:52:38","date_gmt":"2012-03-23T15:52:38","guid":{"rendered":"http:\/\/www.ifbaiano.edu.br\/unidades\/bonfim\/?page_id=1288"},"modified":"2025-05-15T08:27:13","modified_gmt":"2025-05-15T11:27:13","slug":"licitacao-e-contratos","status":"publish","type":"page","link":"https:\/\/www.ifbaiano.edu.br\/unidades\/bonfim\/licitacao-e-contratos\/","title":{"rendered":"Licita\u00e7\u00e3o"},"content":{"rendered":"\n<strong><div id=\"TituloMenu\" class=\"dnone\"> dispensa eletr\u00f4nica<\/div> <\/strong><\/p><p>\n\n\n\n<div class=\"wp-block-buttons is-content-justification-center is-layout-flex wp-container-1\">\n<div class=\"wp-block-button has-custom-width wp-block-button__width-25\"><a class=\"wp-block-button__link has-white-color has-text-color has-background has-text-align-center wp-element-button\" href=\"https:\/\/www.ifbaiano.edu.br\/unidades\/bonfim\/dispensa-eletronica\/\" style=\"background-color:#0f543b\" target=\"_blank\" rel=\"noreferrer noopener\">Acesse Aqui<\/a><\/div>\n<\/div>\n\n\n\n<p><\/p>\n\n\n\n<strong><div id=\"TituloMenu\" class=\"dnone\"> concorr\u00eancia<\/div> <\/strong><\/p><p>\n\n\n\n<div class=\"wp-block-buttons is-content-justification-center is-layout-flex wp-container-2\">\n<div class=\"wp-block-button has-custom-width wp-block-button__width-25\"><a class=\"wp-block-button__link has-white-color has-text-color has-background has-text-align-center wp-element-button\" href=\"https:\/\/www.ifbaiano.edu.br\/unidades\/bonfim\/concorrencia\/\" style=\"background-color:#0f543b\" target=\"_blank\" rel=\"noreferrer noopener\">Acesse Aqui<\/a><\/div>\n<\/div>\n\n\n\n<p><\/p>\n\n\n\n<strong><div id=\"TituloMenu\" class=\"dnone\"> preg\u00e3o<\/div> <\/strong><\/p><p>\n\n\n\n<div class=\"wp-block-buttons is-content-justification-center is-layout-flex wp-container-3\">\n<div class=\"wp-block-button has-custom-width wp-block-button__width-25\"><a class=\"wp-block-button__link has-white-color has-text-color has-background wp-element-button\" href=\"https:\/\/www.ifbaiano.edu.br\/unidades\/bonfim\/pregao-eletronico\/\" style=\"background-color:#0f543b\" target=\"_blank\" rel=\"noreferrer noopener\">Acesse Aqui<\/a><\/div>\n<\/div>\n","protected":false},"excerpt":{"rendered":"<p>dispensa eletr\u00f4nica concorr\u00eancia preg\u00e3o<\/p>\n","protected":false},"author":11,"featured_media":0,"parent":0,"menu_order":0,"comment_status":"open","ping_status":"open","template":"","meta":[],"_links":{"self":[{"href":"https:\/\/www.ifbaiano.edu.br\/unidades\/bonfim\/wp-json\/wp\/v2\/pages\/1288"}],"collection":[{"href":"https:\/\/www.ifbaiano.edu.br\/unidades\/bonfim\/wp-json\/wp\/v2\/pages"}],"about":[{"href":"https:\/\/www.ifbaiano.edu.br\/unidades\/bonfim\/wp-json\/wp\/v2\/types\/page"}],"author":[{"embeddable":true,"href":"https:\/\/www.ifbaiano.edu.br\/unidades\/bonfim\/wp-json\/wp\/v2\/users\/11"}],"replies":[{"embeddable":true,"href":"https:\/\/www.ifbaiano.edu.br\/unidades\/bonfim\/wp-json\/wp\/v2\/comments?post=1288"}],"version-history":[{"count":22,"href":"https:\/\/www.ifbaiano.edu.br\/unidades\/bonfim\/wp-json\/wp\/v2\/pages\/1288\/revisions"}],"predecessor-version":[{"id":21763,"href":"https:\/\/www.ifbaiano.edu.br\/unidades\/bonfim\/wp-json\/wp\/v2\/pages\/1288\/revisions\/21763"}],"wp:attachment":[{"href":"https:\/\/www.ifbaiano.edu.br\/unidades\/bonfim\/wp-json\/wp\/v2\/media?parent=1288"}],"curies":[{"name":"wp","href":"https:\/\/api.w.org\/{rel}","templated":true}]}}