{"id":12999,"date":"2020-10-29T16:29:22","date_gmt":"2020-10-29T19:29:22","guid":{"rendered":"https:\/\/www.ifbaiano.edu.br\/unidades\/bonfim\/?page_id=12999"},"modified":"2021-04-14T11:27:52","modified_gmt":"2021-04-14T14:27:52","slug":"agenda-do-diretor","status":"publish","type":"page","link":"https:\/\/www.ifbaiano.edu.br\/unidades\/bonfim\/agenda-do-diretor\/","title":{"rendered":"Agenda do Diretor Geral"},"content":{"rendered":"\n<p><a href=\"https:\/\/www.ifbaiano.edu.br\/unidades\/bonfim\/files\/2021\/03\/orientacoes-agenda-de-compromissos-publicos-if-baiano.pdf\" data-type=\"URL\" data-id=\"https:\/\/www.ifbaiano.edu.br\/unidades\/bonfim\/files\/2021\/03\/orientacoes-agenda-de-compromissos-publicos-if-baiano.pdf\">Orienta\u00e7\u00f5es &#8211; Agenda de Compromissos P\u00fablicos<\/a>.<\/p>\n\n\n\n<p><a href=\"https:\/\/www.ifbaiano.edu.br\/unidades\/bonfim\/files\/2021\/03\/Agenda-do-Diretor-Geral-29-de-marco-a-01-de-abril.pdf\" data-type=\"URL\" data-id=\"https:\/\/www.ifbaiano.edu.br\/unidades\/bonfim\/files\/2021\/03\/Agenda-do-Diretor-Geral-29-de-marco-a-01-de-abril.pdf\">Agenda do Diretor Geral &#8211; 29 de mar\u00e7o a 01 de abril .<\/a><\/p>\n\n\n\n<p><a href=\"https:\/\/www.ifbaiano.edu.br\/unidades\/bonfim\/files\/2021\/04\/Agenda-do-Diretor-Geral-5-a-9-de-abril-Atualizada.pdf\" data-type=\"URL\" data-id=\"https:\/\/www.ifbaiano.edu.br\/unidades\/bonfim\/files\/2021\/04\/Agenda-do-Diretor-Geral-5-a-9-de-abril-Atualizada.pdf\">Agenda do Diretor Geral \u2013 5 a 9 de abril<\/a><\/p>\n\n\n\n<p><a href=\"https:\/\/www.ifbaiano.edu.br\/unidades\/bonfim\/files\/2021\/04\/Agenda-do-Diretor-Geral-12-a-16-de-abril-Atualizada-em-14-de-abril.pdf\" data-type=\"URL\" data-id=\"https:\/\/www.ifbaiano.edu.br\/unidades\/bonfim\/files\/2021\/04\/Agenda-do-Diretor-Geral-12-a-16-de-abril-Atualizada-em-14-de-abril.pdf\">Agenda do Diretor Geral &#8211; 12 a 16 de abril &#8211; Atualizada em 14 de abril<\/a><\/p>\n","protected":false},"excerpt":{"rendered":"<p>Orienta\u00e7\u00f5es &#8211; Agenda de Compromissos P\u00fablicos. Agenda do Diretor Geral &#8211; 29 de mar\u00e7o a 01 de abril . Agenda do Diretor Geral \u2013 5 a 9 de abril Agenda do Diretor Geral &#8211; 12 a 16 de abril &#8211; Atualizada em 14 de abril<\/p>\n","protected":false},"author":74,"featured_media":0,"parent":0,"menu_order":0,"comment_status":"closed","ping_status":"closed","template":"","meta":[],"_links":{"self":[{"href":"https:\/\/www.ifbaiano.edu.br\/unidades\/bonfim\/wp-json\/wp\/v2\/pages\/12999"}],"collection":[{"href":"https:\/\/www.ifbaiano.edu.br\/unidades\/bonfim\/wp-json\/wp\/v2\/pages"}],"about":[{"href":"https:\/\/www.ifbaiano.edu.br\/unidades\/bonfim\/wp-json\/wp\/v2\/types\/page"}],"author":[{"embeddable":true,"href":"https:\/\/www.ifbaiano.edu.br\/unidades\/bonfim\/wp-json\/wp\/v2\/users\/74"}],"replies":[{"embeddable":true,"href":"https:\/\/www.ifbaiano.edu.br\/unidades\/bonfim\/wp-json\/wp\/v2\/comments?post=12999"}],"version-history":[{"count":5,"href":"https:\/\/www.ifbaiano.edu.br\/unidades\/bonfim\/wp-json\/wp\/v2\/pages\/12999\/revisions"}],"predecessor-version":[{"id":13424,"href":"https:\/\/www.ifbaiano.edu.br\/unidades\/bonfim\/wp-json\/wp\/v2\/pages\/12999\/revisions\/13424"}],"wp:attachment":[{"href":"https:\/\/www.ifbaiano.edu.br\/unidades\/bonfim\/wp-json\/wp\/v2\/media?parent=12999"}],"curies":[{"name":"wp","href":"https:\/\/api.w.org\/{rel}","templated":true}]}}