{"id":13060,"date":"2020-11-20T21:09:31","date_gmt":"2020-11-21T00:09:31","guid":{"rendered":"https:\/\/www.ifbaiano.edu.br\/unidades\/bonfim\/?page_id=13060"},"modified":"2021-07-07T10:56:33","modified_gmt":"2021-07-07T13:56:33","slug":"especializacao-lato-sensu-em-atividade-fisica-relacionada-a-saude","status":"publish","type":"page","link":"https:\/\/www.ifbaiano.edu.br\/unidades\/bonfim\/especializacao-lato-sensu-em-atividade-fisica-relacionada-a-saude\/","title":{"rendered":"Especializa\u00e7\u00e3o Lato Sensu em Atividade F\u00edsica Relacionada \u00e0 Sa\u00fade"},"content":{"rendered":"\n<figure class=\"wp-block-image size-large is-resized\"><img decoding=\"async\" loading=\"lazy\" src=\"https:\/\/www.ifbaiano.edu.br\/unidades\/bonfim\/files\/2020\/11\/pos.jpg\" alt=\"\" class=\"wp-image-13061\" width=\"303\" height=\"303\" \/><\/figure>\n\n\n<h3 style=\"text-align: justify\"><span style=\"color: #00ccff\"><strong>Apresenta\u00e7\u00e3o<\/strong><\/span><\/h3>\n<p style=\"text-align: justify\">\u00a0 \u00a0 \u00a0O curso de P\u00f3s-Gradua\u00e7\u00e3o <em>Lato Sensu <\/em>em Atividade F\u00edsica Relacionada \u00e0 Sa\u00fade \u2013 ATFRS \u00e9 promovido pelo Instituto Federal de Educa\u00e7\u00e3o, Ci\u00eancia e Tecnologia Baiano \u2013 IF BAIANO\/<em>Campus <\/em>Senhor do Bonfim, com apoio da Pr\u00f3-Reitoria de Pesquisa e Inova\u00e7\u00e3o do IF Baiano.<\/p>\n<p style=\"text-align: justify\">\u00a0 \u00a0 O curso de ATFRS surgiu da necessidade de aliar ensino, pesquisa e extens\u00e3o no aperfei\u00e7oamento e qualifica\u00e7\u00e3o profissionais da \u00e1rea sa\u00fade, no que tange aos mais recentes aspectos que fundamentam as abordagens te\u00f3rico-pr\u00e1ticas que norteiam esta \u00e1rea de conhecimento. Desse modo, esse curso inova ao tornar-se o primeiro desta natureza a ser realizado no IF Baiano da Regi\u00e3o do Piemonte Norte do Itapicuru, contribuindo com discuss\u00f5es recentes e a constante busca da forma\u00e7\u00e3o continuada dos profissionais de sa\u00fade.<\/p>\n<p style=\"text-align: justify\">\u00a0 \u00a0 \u00a0Com a premissa de poder qualificar profissionais na \u00e1rea da atividade f\u00edsica \u00e0 sa\u00fade implica em contribuir com as pr\u00e1ticas de ensino, preven\u00e7\u00e3o da doen\u00e7a, promo\u00e7\u00e3o da sa\u00fade e de controle social, oportunizando a gera\u00e7\u00e3o de conhecimentos para que esses profissionais possam lidar com efici\u00eancia de problemas complexos da sociedade atual. Portanto o curso \u00e9 sustentado na forma\u00e7\u00e3o continuada de egressos e demais profissionais da \u00e1rea, assim como na associa\u00e7\u00e3o e consolida\u00e7\u00e3o da tr\u00edade ensino, pesquisa e extens\u00e3o \u2013 objetivo de toda a institui\u00e7\u00e3o.<\/p>\n<p>\u00a0 \u00a0 \u00a0O curso tem como objetivo central qualificar e aprimorar profissionais da \u00e1rea de sa\u00fade para atender \u00e0s demandas de mercado as \u00e1reas da educa\u00e7\u00e3o e sa\u00fade.<\/p>\n<h3><span style=\"color: #00ccff\"><strong>P\u00fablico-Alvo<\/strong><\/span><\/h3>\n<p>O p\u00fablico-alvo do programa \u00e9 constitu\u00eddo por profissionais da sa\u00fade, por licenciados, bachar\u00e9is e\/ou tecn\u00f3logos em curso superior, profissionais das \u00e1reas\/CAPES de Ci\u00eancias Biol\u00f3gicas, Ci\u00eancias da Sa\u00fade e Multidisciplinar reconhecido pelo Minist\u00e9rio da Educa\u00e7\u00e3o.<\/p>\n<h3><span style=\"color: #00ccff\"><strong>Forma de Ingresso<\/strong><\/span><\/h3>\n<p>\u00a0 \u00a0 \u00a0 A sele\u00e7\u00e3o \u00e9 realizada por edital emitido pelo IF Baiano. O processo seletivo ocorre, geralmente, no segundo semestre do ano em que se findam os trabalhos da turma vigente.<\/p>\n<h3><span style=\"color: #00ccff\"><strong>N\u00famero de Vagas<\/strong><\/span><\/h3>\n<p style=\"text-align: justify\">\u00a0 \u00a0 \u00a0 O curso ofertar\u00e1 30 (trinta) vagas, atendendo \u00e0 Portaria Normativa-MEC n\u00ba 13, de 11 de julho de 2016, Lei n\u00ba 12.711, de 29 de agosto de 2012 e as orienta\u00e7\u00f5es do Instituto Federal Baiano sobre a\u00e7\u00f5es e pol\u00edticas afirmativas.<\/p>\n<h3><span style=\"color: #00ccff\"><strong>Colegiado<\/strong><\/span><\/h3>\n<p><a href=\"https:\/\/www.ifbaiano.edu.br\/unidades\/bonfim\/files\/2020\/11\/PORTARIA-Colegiado-do-Curso-em-Pos-graduacao-em-ATFRS.pdf\">Portaria 44\/2020 &#8211; SBF-GAB\/SBF-DG\/RET\/IFBAIANO, de 18 de<br \/>setembro de 2020<\/a><\/p>\n<h3><span style=\"color: #00ccff\"><strong>Corpo Docente<\/strong><\/span><\/h3>\n<ol>\n<li><a href=\"https:\/\/www.ifbaiano.edu.br\/unidades\/bonfim\/files\/2020\/11\/Corpo-Docente-Curso-de-Pos-Graduacao-em-ATFRS.pdf\">Quadro docente \u2013 Turma 2020 \u2013 2022<\/a><\/li>\n<\/ol>\n<h3><span style=\"color: #00ccff\"><strong>Disciplinas e Ementas <\/strong><\/span><\/h3>\n<ol>\n<li><a href=\"https:\/\/www.ifbaiano.edu.br\/unidades\/bonfim\/files\/2020\/11\/Disciplinas-e-Ementas-Modulos-I-e-II-Pos-em-ATFRS.pdf\">Disciplinas e ementas &#8211; 2020 \u2013 2022<\/a><\/li>\n<\/ol>\n<h3><span style=\"color: #00ccff\"><strong>Hor\u00e1rios dos M\u00f3dulos<\/strong><\/span><\/h3>\n<p><a href=\"https:\/\/www.ifbaiano.edu.br\/unidades\/bonfim\/files\/2020\/11\/Quadro-de-componentes-curriculares-e-horarios.pdf\">Quadro 1. M\u00f3dulos I e II<\/a><\/p>\n<h3><span style=\"color: #00ccff\"><strong>Coordena\u00e7\u00e3o<\/strong><\/span><\/h3>\n<p>Prof. Dr. Jadson de Oliveira Lima \u2013 Coordenador;<\/p>\n<p>Prof. MSc. Jo\u00e3o Lu\u00eds Almeida Feitosa;<\/p>\n<p><a href=\"https:\/\/www.ifbaiano.edu.br\/unidades\/bonfim\/files\/2020\/11\/PORTARIA-Coordenacao-do-Curso-de-Pos-graduacao.pdf\">Portaria N.\u00ba 521 de\u00a028 de abril\u00a0de 2020<\/a><\/p>\n<h3><span style=\"color: #00ccff\"><strong>Calend\u00e1rio<\/strong><\/span><\/h3>\n<p><a href=\"https:\/\/www.ifbaiano.edu.br\/unidades\/bonfim\/files\/2021\/07\/Calendario-Academico-2021.2.pdf\">Calend\u00e1rio-Acad\u00eamico-2021.2<\/a><\/p>\n<p><a href=\"https:\/\/www.ifbaiano.edu.br\/unidades\/bonfim\/files\/2021\/07\/ERRATA-Calendario-Academico.pdf\">ERRATA-Calend\u00e1rio Acad\u00eamico<\/a><\/p>\n<h3><span style=\"color: #00ccff\"><strong>Regimento<\/strong><\/span><\/h3>\n<p><a href=\"https:\/\/www.ifbaiano.edu.br\/unidades\/bonfim\/files\/2020\/11\/REGIMENTO-GERAL-Pos-graduacao-IF-BAIANO.pdf\">Regimento Geral da P\u00f3s-Gradua\u00e7\u00e3o do IF Baiano<\/a><\/p>\n<p><a href=\"https:\/\/www.ifbaiano.edu.br\/unidades\/bonfim\/files\/2020\/11\/Regimento-Interno-Atividade-Fisica-Relacionada-a-Saude.pdf\">Regimento do Curso de P\u00f3s-Gradua\u00e7\u00e3o <em>Lato Sensu<\/em> em ATFRS<\/a><\/p>\n<h3><span style=\"color: #00ccff\"><strong>Documentos de Autoriza\u00e7\u00e3o e Funcionamento do Curso<\/strong><\/span><\/h3>\n<p><a href=\"https:\/\/www.ifbaiano.edu.br\/unidades\/bonfim\/files\/2020\/11\/PPC-Especializacao-Atividade-fisica-relacionada-a-saude.pdf\">Projeto do Curso de P\u00f3s-Gradua\u00e7\u00e3o <em>Lato Sensu <\/em>em Atividade F\u00edsica Relacionada \u00e0 Sa\u00fade ATFRS<\/a><\/p>\n<p><a href=\"https:\/\/www.ifbaiano.edu.br\/unidades\/bonfim\/files\/2020\/11\/Resolucao-Autorizacao-do-Curso-de-Pos-Graduacao-Atividade-Fisica-relacionada-a-Saude.pdf\">Resolu\u00e7\u00e3o 62\/2020<\/a><\/p>\n<h3><span style=\"color: #00ccff\"><strong>Grupo de Pesquisa Vinculado e Certificado <\/strong><\/span><\/h3>\n<p><a href=\"https:\/\/www.ifbaiano.edu.br\/unidades\/bonfim\/files\/2020\/11\/Espelho-do-Grupo-de-Estudo-GEPESE.pdf\">Grupo de Estudos e Pesquisas de Sa\u00fade Escolar \u2013 GEPESE<\/a><\/p>\n<p>Endere\u00e7o do Espelho do GEPESE: <em>dgp.cnpq.br\/dgp\/espelhogrupo\/7924513996618239<\/em><\/p>\n<h3><span style=\"color: #00ccff\"><strong>\u00a0<\/strong><strong>Eventos<\/strong><\/span><\/h3>\n<p><a href=\"https:\/\/www.ifbaiano.edu.br\/unidades\/bonfim\/files\/2020\/11\/card-aula-inaugural-atfrs-bonfim-28-09-2020.png\">Aula Inaugural<\/a><\/p>\n<h3><span style=\"color: #00ccff\"><strong>Informes<\/strong><\/span><\/h3>\n<p><a href=\"https:\/\/www.ifbaiano.edu.br\/unidades\/bonfim\/files\/2021\/07\/Parecer-de-Requerimentos.pdf\">Parecer de Requerimentos dos Discentes\u00a0<\/a><\/p>\n<p><strong>Documentos do Processo de Sele\u00e7\u00e3o<\/strong><\/p>\n<p><a href=\"https:\/\/concurso.ifbaiano.edu.br\/portal\/pos-atfrs-bonfim-abril-2020\/wp-content\/uploads\/sites\/333\/2020\/04\/Anexo-I-Ficha-de-Inscri%C3%A7%C3%A3o.odt\" target=\"_blank\" rel=\"noopener noreferrer\">Anexo I \u2013 Ficha de Inscri\u00e7\u00e3o<\/a><\/p>\n<p><a href=\"https:\/\/concurso.ifbaiano.edu.br\/portal\/pos-atfrs-bonfim-abril-2020\/wp-content\/uploads\/sites\/333\/2020\/04\/Anexo-II-Autodeclara%C3%A7%C3%A3o-%C3%A9tnico-racial.odt\" target=\"_blank\" rel=\"noopener noreferrer\">Anexo II \u2013 Autodeclara\u00e7\u00e3o \u00e9tnico-racial<\/a><\/p>\n<p><a href=\"https:\/\/concurso.ifbaiano.edu.br\/portal\/pos-atfrs-bonfim-abril-2020\/wp-content\/uploads\/sites\/333\/2020\/04\/Anexo-III-Declara%C3%A7%C3%A3o-de-Pessoa-com-defici%C3%AAncia.odt\" target=\"_blank\" rel=\"noopener noreferrer\">Anexo III \u2013 Declara\u00e7\u00e3o de Pessoa com defici\u00eancia<\/a><\/p>\n<p><a href=\"https:\/\/concurso.ifbaiano.edu.br\/portal\/pos-atfrs-bonfim-abril-2020\/wp-content\/uploads\/sites\/333\/2020\/04\/Anexo-IV-Baremas.pdf\" target=\"_blank\" rel=\"noopener noreferrer\">Anexo IV \u2013 Baremas<\/a><\/p>\n<p><a href=\"https:\/\/concurso.ifbaiano.edu.br\/portal\/pos-atfrs-bonfim-abril-2020\/wp-content\/uploads\/sites\/333\/2020\/04\/Anexo-V-Recursos.odt\" target=\"_blank\" rel=\"noopener noreferrer\">Anexo V \u2013 Recursos<\/a><\/p>\n<p><a href=\"https:\/\/concurso.ifbaiano.edu.br\/portal\/pos-atfrs-bonfim-abril-2020\/wp-content\/uploads\/sites\/333\/2020\/04\/Anexo-VI-Barema-de-Entrevista.pdf\" target=\"_blank\" rel=\"noopener noreferrer\">Anexo VI \u2013 Barema de Entrevista<\/a><\/p>\n<p><strong><span style=\"color: #000000\">Edital<\/span><\/strong><\/p>\n<p><a href=\"https:\/\/concurso.ifbaiano.edu.br\/portal\/pos-atfrs-bonfim-abril-2020\/wp-content\/uploads\/sites\/333\/2020\/04\/Edital-n%C2%B0-38-de-28-de-fevereiro-de-2020.pdf\">Edital-n\u00b0-38,de 28 de fevereiro de 2020<\/a><\/p>\n<p><a href=\"https:\/\/concurso.ifbaiano.edu.br\/portal\/pos-atfrs-bonfim-abril-2020\/wp-content\/uploads\/sites\/333\/2020\/05\/Edital-n%C2%B0-38-de-28-de-fevereiro-de-2020-Retificado-em-13-de-maio-de-2020.pdf\">Edital-n\u00b0-38,de 28 de-fevereiro-de-2020-Retificado em 13 de-maio de 2020<\/a><\/p>\n<p><a href=\"https:\/\/concurso.ifbaiano.edu.br\/portal\/pos-atfrs-bonfim-abril-2020\/wp-content\/uploads\/sites\/333\/2020\/05\/Edital-n%C2%B0-38-%E2%80%93-Retificado-em-29-de-maio-de-2020.pdf\">Edital-n\u00b0-38-Retificado em 29 de maio de 2020<\/a><\/p>\n<p><a href=\"https:\/\/www.ifbaiano.edu.br\/unidades\/bonfim\/files\/2020\/11\/Relacao-Nominal-de-Inscricoes-Homologadas.pdf\">Inscri\u00e7\u00f5es Homologadas<\/a><\/p>\n<p><strong>Resultados \u2013 Etapas<\/strong><\/p>\n<p><a href=\"https:\/\/www.ifbaiano.edu.br\/unidades\/bonfim\/files\/2020\/11\/Resultado-Geral-da-Primeria-Etapa-apos-Recursos.pdf\">Resultado-Geral-da-Primeria-Etapa-ap\u00f3s-Recursos<\/a><\/p>\n<p><a href=\"https:\/\/www.ifbaiano.edu.br\/unidades\/bonfim\/files\/2020\/11\/Resultado-Preliminar-da-Segunda-Etapa.pdf\">Resultado-Preliminar-da-Segunda-Etapa<\/a><\/p>\n<p><a href=\"https:\/\/www.ifbaiano.edu.br\/unidades\/bonfim\/files\/2020\/11\/Resultado-Final.pdf\">Resultado Final<\/a><\/p>","protected":false},"excerpt":{"rendered":"<p>Apresenta\u00e7\u00e3o \u00a0 \u00a0 \u00a0O curso de P\u00f3s-Gradua\u00e7\u00e3o Lato Sensu em Atividade F\u00edsica Relacionada \u00e0 Sa\u00fade \u2013 ATFRS \u00e9 promovido pelo Instituto Federal de Educa\u00e7\u00e3o, Ci\u00eancia e Tecnologia Baiano \u2013 IF BAIANO\/Campus Senhor do Bonfim, com apoio da Pr\u00f3-Reitoria de Pesquisa e Inova\u00e7\u00e3o do IF Baiano. \u00a0 \u00a0 O curso de ATFRS surgiu da necessidade de [&hellip;]<\/p>\n","protected":false},"author":136,"featured_media":0,"parent":0,"menu_order":0,"comment_status":"closed","ping_status":"closed","template":"","meta":[],"_links":{"self":[{"href":"https:\/\/www.ifbaiano.edu.br\/unidades\/bonfim\/wp-json\/wp\/v2\/pages\/13060"}],"collection":[{"href":"https:\/\/www.ifbaiano.edu.br\/unidades\/bonfim\/wp-json\/wp\/v2\/pages"}],"about":[{"href":"https:\/\/www.ifbaiano.edu.br\/unidades\/bonfim\/wp-json\/wp\/v2\/types\/page"}],"author":[{"embeddable":true,"href":"https:\/\/www.ifbaiano.edu.br\/unidades\/bonfim\/wp-json\/wp\/v2\/users\/136"}],"replies":[{"embeddable":true,"href":"https:\/\/www.ifbaiano.edu.br\/unidades\/bonfim\/wp-json\/wp\/v2\/comments?post=13060"}],"version-history":[{"count":8,"href":"https:\/\/www.ifbaiano.edu.br\/unidades\/bonfim\/wp-json\/wp\/v2\/pages\/13060\/revisions"}],"predecessor-version":[{"id":13715,"href":"https:\/\/www.ifbaiano.edu.br\/unidades\/bonfim\/wp-json\/wp\/v2\/pages\/13060\/revisions\/13715"}],"wp:attachment":[{"href":"https:\/\/www.ifbaiano.edu.br\/unidades\/bonfim\/wp-json\/wp\/v2\/media?parent=13060"}],"curies":[{"name":"wp","href":"https:\/\/api.w.org\/{rel}","templated":true}]}}