{"id":13281,"date":"2021-03-02T20:51:52","date_gmt":"2021-03-02T23:51:52","guid":{"rendered":"https:\/\/www.ifbaiano.edu.br\/unidades\/bonfim\/?page_id=13281"},"modified":"2021-04-13T10:14:20","modified_gmt":"2021-04-13T13:14:20","slug":"especializacao-em-ciencia-e-tecnologia-de-alimentos-enfase-em-tecnologia-de-produtos-de-origem-vegetal-e-animal","status":"publish","type":"page","link":"https:\/\/www.ifbaiano.edu.br\/unidades\/bonfim\/especializacao-em-ciencia-e-tecnologia-de-alimentos-enfase-em-tecnologia-de-produtos-de-origem-vegetal-e-animal\/","title":{"rendered":"Especializa\u00e7\u00e3o EM CI\u00caNCIA E TECNOLOGIA DE ALIMENTOS \u00eanfase em Tecnologia de Produtos de Origem Vegetal e Animal"},"content":{"rendered":"\n<figure class=\"wp-block-image size-large\"><a href=\"https:\/\/www.ifbaiano.edu.br\/ed340df5-4b0c-45eb-87c6-2ca3bfa0de5a\"><img decoding=\"async\" src=\"https:\/\/www.ifbaiano.edu.br\/ed340df5-4b0c-45eb-87c6-2ca3bfa0de5a\" alt=\"\" \/><\/a><\/figure>\n\n\n\n<div class=\"wp-block-image\"><figure class=\"aligncenter size-large is-resized\"><a href=\"https:\/\/www.ifbaiano.edu.br\/unidades\/bonfim\/files\/2021\/04\/Post-Verde-e-Amarelo-de-Dica-de-Saude-para-Instagram-3-1.png\"><img decoding=\"async\" loading=\"lazy\" src=\"https:\/\/www.ifbaiano.edu.br\/unidades\/bonfim\/files\/2021\/04\/Post-Verde-e-Amarelo-de-Dica-de-Saude-para-Instagram-3-1.png\" alt=\"\" class=\"wp-image-13405\" width=\"272\" height=\"272\" \/><\/a><\/figure><\/div>\n\n\n<h3>\u00a0<\/h3>\n<h3 class=\"has-vivid-green-cyan-color has-text-color\"><span style=\"color: #339966\"><strong>Apresenta\u00e7\u00e3o<\/strong><\/span><\/h3>\n<p style=\"text-align: justify\">O Curso de P\u00f3s-Gradua\u00e7\u00e3o <em>Lato Sensu<\/em> em Ci\u00eancia e Tecnologia de Alimentos &#8211;<em>\u00eanfase em Tecnologia de Produtos de Origem Vegetal e Animal\u00a0<\/em>\u2013 modalidade presencial, constitui-se de 13 m\u00f3dulos\u00a0\u00a0de estudos (disciplinas) que apresentam conte\u00fados atualizados, relativos \u00e0s t\u00e9cnicas de processamento e controle de qualidade das mat\u00e9rias-primas e produtos acabados. Todos os m\u00f3dulos, elaborados por profissionais especializados da \u00e1rea, cont\u00eam texto t\u00e9cnico-cient\u00edfico com a respectiva bibliografia. O curso tem uma carga hor\u00e1ria de 410 horas. Os Trabalhos de Conclus\u00e3o de Curso ser\u00e3o apresentados ap\u00f3s a integraliza\u00e7\u00e3o do curso.<\/p>\n<h3 class=\"has-vivid-green-cyan-color has-text-color\"><span style=\"color: #339966\">P\u00fablico-alvo<\/span><\/h3>\n<p>O p\u00fablico-alvo do programa \u00e9 constitu\u00eddo por profissionais graduados (titula\u00e7\u00e3o m\u00ednima exigida) em curso superior reconhecido pelo Minist\u00e9rio da Educa\u00e7\u00e3o e que tenham alguma rela\u00e7\u00e3o com a tem\u00e1tica da ci\u00eancia e tecnologia de alimentos.<\/p>\n<h3 class=\"has-vivid-green-cyan-color has-text-color\"><span style=\"color: #339966\">Como ingressar?<\/span><\/h3>\n<p>Sendo a concep\u00e7\u00e3o do curso voltada para a forma\u00e7\u00e3o de profissionais para processos aplicados \u00e0 agroindustrializa\u00e7\u00e3o de produtos de origem animal e vegetal, atrav\u00e9s da incorpora\u00e7\u00e3o de m\u00e9todo cient\u00edfico e t\u00e9cnicas para a valoriza\u00e7\u00e3o de produtos da regi\u00e3o do semi\u00e1rido, o processo de sele\u00e7\u00e3o ser\u00e1 realizado mediante edital de sele\u00e7\u00e3o, respeitando as seguintes etapas e crit\u00e9rios:<\/p>\n<p><strong>I Etapa: An\u00e1lise de Pr\u00e9-Projeto (Eliminat\u00f3ria);<\/strong><\/p>\n<p><strong>II Etapa: An\u00e1lise de <em>Curriculum Lattes<\/em> (Eliminat\u00f3ria e Classificat\u00f3ria); <\/strong><\/p>\n<p><strong>III Etapa: Entrevista (Classificat\u00f3ria).<\/strong><\/p>\n<h4><span style=\"color: #339966\">N\u00fameros<strong>\u00a0de Vagas<\/strong><\/span><\/h4>\n<p>O curso ofertar\u00e1 20 (vinte) vagas, atendendo a Portaria Normativa-MEC n\u00ba 13, de 11 de julho de 2016, Lei n\u00ba 12.711, de 29 de agosto de 2012 e as orienta\u00e7\u00f5es do Instituto Federal Baiano sobre a\u00e7\u00f5es e pol\u00edtcas afirmativas.<\/p>\n<h3><span style=\"color: #339966\"><strong>Colegiado<\/strong><\/span><\/h3>\n<p>PORTARIA 933\/2020 &#8211; RET-GAB\/RET\/IFBAIANO, de\u00a016 de setembro de 2020<\/p>\n<h3 class=\"has-vivid-green-cyan-color has-text-color\"><span style=\"color: #339966\">Disciplinas e ementas<\/span><\/h3>\n<p><a href=\"https:\/\/www.ifbaiano.edu.br\/unidades\/bonfim\/files\/2021\/03\/Disciplinas.pdf\">Disciplinas e ementas\u00a0<\/a><\/p>\n<h4><span style=\"color: #339966\"><strong>Quadro docente<\/strong><\/span><\/h4>\n<p><strong><em>Coordenadora do Curso:<\/em><\/strong><\/p>\n<p><strong>Profa. Dsc. Karine Hojo Rebou\u00e7as \u00a0<\/strong><\/p>\n<p><a href=\"https:\/\/www.ifbaiano.edu.br\/unidades\/bonfim\/files\/2021\/04\/portaria-933-2020.pdf\"><u>PORTARIA 933\/2020 &#8211; RET-GAB\/RET\/IFBAIANO, de 16 de setembro de 2020<\/u><\/a><\/p>\n<h4><span style=\"color: #339966\"><strong><em>\u00a0<\/em><\/strong><strong><em>Corpo docente:\u00a0<\/em><\/strong><\/span><\/h4>\n<p><strong>Profa. Dsc.\u00a0<\/strong><strong>Calila Teixeira Santos<\/strong><\/p>\n<p><strong>Profa. Dsc.\u00a0<\/strong><strong>Gleice Val\u00e9ria Pacheco<\/strong><\/p>\n<p><strong>Prof. Dsc.\u00a0<\/strong><strong>Rafael Oliva Trocolli<\/strong><\/p>\n<p><strong>Profa. Dsc.\u00a0<\/strong><strong>Alessandra Oliveira de Ara\u00fajo\u00a0<\/strong><\/p>\n<p><strong>Prof. Dsc. Jos\u00e9 Radam\u00e9s Benevides de Melo<\/strong><\/p>\n<p><strong>Prof. Dsc. Larissa Silva Sousa<\/strong><\/p>\n<p><strong>Prof. Msc.\u00a0<\/strong><strong>Silas Macedo Sales Machado\u00a0<\/strong><\/p>\n<h3><span style=\"color: #339966\"><strong>Regimento<\/strong><\/span><\/h3>\n<p><a href=\"https:\/\/www.ifbaiano.edu.br\/unidades\/bonfim\/files\/2021\/04\/Proposta-de-Regimento-Interno-TPOVA.pdf\"><strong>Regimento Geral de P\u00f3s-Gradua\u00e7\u00e3o do IF Baiano, aprovado pela Resolu\u00e7\u00e3o N\u00b009 de 2018.<\/strong><\/a><\/p>\n<p><a href=\"https:\/\/www.ifbaiano.edu.br\/unidades\/bonfim\/files\/2021\/03\/Proposta-de-Regimento-Interno-TPOVA.pdf\"><strong>\u00a0<\/strong><strong>Regimento do Curso de P\u00f3s-Gradua\u00e7\u00e3o <em>Lato Sensu<\/em> em Ci\u00eancia e Tecnologia de Alimentos -\u00eanfase em Tecnologia de Produtos de Origem Vegetal e Animal<\/strong><\/a><\/p>\n<h3><span style=\"color: #339966\"><strong>\u00a0D<\/strong><strong>ocumentos de Autoriza\u00e7\u00e3o e Funcionamento do Curso<\/strong><\/span><\/h3>\n<p><a href=\"https:\/\/www.ifbaiano.edu.br\/unidades\/bonfim\/files\/2021\/03\/Parecer-CEPE-Sr.-do-Bonfim.pdf\"><strong>PARECER 20\/2018\/CEPE\/IFBAIANO<\/strong><\/a><\/p>\n<p><a href=\"https:\/\/www.ifbaiano.edu.br\/unidades\/bonfim\/files\/2021\/03\/PPC-Especializacao-TPOVA-Atual.pdf\"><strong>\u00a0<\/strong><strong>Projeto do Curso de P\u00f3s-Gradua\u00e7\u00e3o <em>Lato Sensu<\/em> em Ci\u00eancia e Tecnologia de Alimentos -\u00eanfase em Tecnologia de Produtos de Origem Vegetal e Animal<\/strong><\/a><\/p>\n<h3><span style=\"color: #339966\"><strong>Grupo de Pesquisa Vinculado e Certificado<\/strong><\/span><\/h3>\n<p><strong>GPFC-Grupo de Pesquisa Fermentados da Caatinga<\/strong><\/p>\n<p><strong>GPPC- Grupo de Pesquisa de Produtos da Caatinga<\/strong><\/p>\n<p><strong>\u00a0<\/strong><strong>Endere\u00e7o do Espelho do GPFC e GPPC: <\/strong><\/p>\n<p><a href=\"http:\/\/dgp.cnpq.br\/dgp\/espelhogrupo\/461477\">http:\/\/dgp.cnpq.br\/dgp\/espelhogrupo\/461477<\/a><\/p>\n<p><a href=\"http:\/\/dgp.cnpq.br\/dgp\/espelhogrupo\/528358\">http:\/\/dgp.cnpq.br\/dgp\/espelhogrupo\/528358<\/a><\/p>\n<p><strong>\u00a0<\/strong><strong>Eventos<\/strong><\/p>\n<p><strong>\u00a0<\/strong><strong>I Semin\u00e1rio de P\u00f3s-gradua\u00e7\u00e3o do Ifbaiano, Campus Senhor do Bonfim<\/strong><\/p>\n<p><a href=\"https:\/\/www.ifbaiano.edu.br\/unidades\/bonfim\/files\/2021\/03\/I-seminario-de-pos-graduacaodo-ifbaiano-campus-senhor-do-bonfim.jpg\"><img decoding=\"async\" loading=\"lazy\" class=\"wp-image-13288 aligncenter\" src=\"https:\/\/www.ifbaiano.edu.br\/unidades\/bonfim\/files\/2021\/03\/I-seminario-de-pos-graduacaodo-ifbaiano-campus-senhor-do-bonfim.jpg\" alt=\"\" width=\"195\" height=\"244\" \/><\/a><\/p>\n<h3><span style=\"color: #339966\"><strong>Documentos do Processo de Sele\u00e7\u00e3o<\/strong><\/span><\/h3>\n<p><strong>\u00a0<\/strong><a href=\"https:\/\/www.ifbaiano.edu.br\/unidades\/bonfim\/files\/2021\/04\/Anexo-I.docx\"><strong>Anexo I \u2013 Orienta\u00e7\u00e3o sobre Pr\u00e9-projeto<\/strong><\/a><\/p>\n<p><a href=\"https:\/\/www.ifbaiano.edu.br\/unidades\/bonfim\/files\/2021\/04\/Anexo-II.docx\"><strong>Anexo II &#8211; BAREMA AN\u00c1LISE DO PR\u00c9-PROJETO<\/strong><\/a><\/p>\n<p><a href=\"https:\/\/www.ifbaiano.edu.br\/unidades\/bonfim\/files\/2021\/04\/Anexo-III.docx\"><strong>Anexo III &#8211; BAREMA AN\u00c1LISE DO CURRICULUM<\/strong><\/a><\/p>\n<p><a href=\"https:\/\/www.ifbaiano.edu.br\/unidades\/bonfim\/files\/2021\/04\/Anexo-IV.docx\"><strong>Anexo IV &#8211; BAREMA ENTREVISTA<\/strong><\/a><\/p>\n<h3><strong>\u00a0<\/strong><span style=\"color: #339966\"><strong>Edital<\/strong><\/span><\/h3>\n<p><a href=\"https:\/\/www.ifbaiano.edu.br\/unidades\/bonfim\/files\/2021\/04\/I-Edital-Selecao.pdf\"><strong>EDITAL PROPES N\u00b0 39 DE 03 DE ABRIL DE 2019<\/strong><\/a><\/p>\n<h4><span style=\"color: #339966\"><strong>Resultado e etapas<\/strong><\/span><\/h4>\n<p><strong>Resultado-Geral-da-Primeria-Etapa-ap\u00f3s-Recursos<\/strong><\/p>\n<p><strong>Resultado-Preliminar-da-Segunda-Etapa<\/strong><\/p>\n<p><strong>Resultado Final<\/strong><\/p>\n<p><strong>\u00a0<\/strong><strong>CONTATO<\/strong><\/p>\n<p><strong>Fone:\u00a0<\/strong>(74) 3542-4000<\/p>\n<p><strong>Correio eletr\u00f4nico:<\/strong>\u00a0pos.alim@bonfim.ifbaiano.edu.br<\/p>\n<p>IFbaiano<\/p>\n<p>Km 4 da Estrada da Igara, s\/n, Zona Rural, CEP: 48970-000. Senhor do Bonfim-BA<\/p>","protected":false},"excerpt":{"rendered":"<p>\u00a0 Apresenta\u00e7\u00e3o O Curso de P\u00f3s-Gradua\u00e7\u00e3o Lato Sensu em Ci\u00eancia e Tecnologia de Alimentos &#8211;\u00eanfase em Tecnologia de Produtos de Origem Vegetal e Animal\u00a0\u2013 modalidade presencial, constitui-se de 13 m\u00f3dulos\u00a0\u00a0de estudos (disciplinas) que apresentam conte\u00fados atualizados, relativos \u00e0s t\u00e9cnicas de processamento e controle de qualidade das mat\u00e9rias-primas e produtos acabados. Todos os m\u00f3dulos, elaborados por [&hellip;]<\/p>\n","protected":false},"author":136,"featured_media":0,"parent":0,"menu_order":0,"comment_status":"closed","ping_status":"closed","template":"","meta":[],"_links":{"self":[{"href":"https:\/\/www.ifbaiano.edu.br\/unidades\/bonfim\/wp-json\/wp\/v2\/pages\/13281"}],"collection":[{"href":"https:\/\/www.ifbaiano.edu.br\/unidades\/bonfim\/wp-json\/wp\/v2\/pages"}],"about":[{"href":"https:\/\/www.ifbaiano.edu.br\/unidades\/bonfim\/wp-json\/wp\/v2\/types\/page"}],"author":[{"embeddable":true,"href":"https:\/\/www.ifbaiano.edu.br\/unidades\/bonfim\/wp-json\/wp\/v2\/users\/136"}],"replies":[{"embeddable":true,"href":"https:\/\/www.ifbaiano.edu.br\/unidades\/bonfim\/wp-json\/wp\/v2\/comments?post=13281"}],"version-history":[{"count":8,"href":"https:\/\/www.ifbaiano.edu.br\/unidades\/bonfim\/wp-json\/wp\/v2\/pages\/13281\/revisions"}],"predecessor-version":[{"id":13420,"href":"https:\/\/www.ifbaiano.edu.br\/unidades\/bonfim\/wp-json\/wp\/v2\/pages\/13281\/revisions\/13420"}],"wp:attachment":[{"href":"https:\/\/www.ifbaiano.edu.br\/unidades\/bonfim\/wp-json\/wp\/v2\/media?parent=13281"}],"curies":[{"name":"wp","href":"https:\/\/api.w.org\/{rel}","templated":true}]}}