{"id":133,"date":"2011-05-19T16:47:46","date_gmt":"2011-05-19T19:47:46","guid":{"rendered":"http:\/\/localhost\/unidades\/bonfim\/?page_id=133"},"modified":"2024-10-24T21:21:33","modified_gmt":"2024-10-25T00:21:33","slug":"contatos","status":"publish","type":"page","link":"https:\/\/www.ifbaiano.edu.br\/unidades\/bonfim\/contatos\/","title":{"rendered":"Contatos"},"content":{"rendered":"\n<h3 class=\"wp-block-heading\"><strong>Assuntos Administrativos | Fone | (74) 9 9100-0015<\/strong><\/h3>\n\n\n\n<h3 class=\"wp-block-heading\"><strong>Assuntos Pedag\u00f3gicos | Fone | (74) 9 9100-0297<\/strong><\/h3>\n\n\n\n<h3 class=\"wp-block-heading\"><strong>Assuntos <strong>Registros Acad\u00eamicos<\/strong><\/strong> \/ <strong>Secretaria Escolar<\/strong> <strong>| Fone | (74) 9 9100-0424<\/strong><\/h3>\n\n\n\n<h3 class=\"wp-block-heading\"><strong>Prosel para informa\u00e7\u00f5es via whats app | Fone | (71) 9 9205-0114<\/strong><\/h3>\n\n\n\n<hr class=\"wp-block-separator has-alpha-channel-opacity\" \/>\n\n\n\n<h2 class=\"wp-block-heading\"><strong>Dire\u00e7\u00e3o Geral<\/strong><\/h2>\n\n\n\n<p><strong>Diretor<\/strong>: Jo\u00e3o Lu\u00eds Almeida Feitosa<\/p>\n\n\n\n<p><strong>Gabinete da Dire\u00e7\u00e3o<\/strong><\/p>\n\n\n\n<p><strong>Chefe<\/strong>: Miriam Batista da Silva<\/p>\n\n\n\n<ul>\n<li><strong>e-mail<\/strong>: gabinete@bonfim.ifbaiano.edu.br<\/li>\n<\/ul>\n\n\n\n<p><strong>N\u00facleo de Apoio a Gest\u00e3o de Pessoas<\/strong><\/p>\n\n\n\n<p><strong>Chefe<\/strong>: Rog\u00e9rio Luiz Fernandes <\/p>\n\n\n\n<ul>\n<li><strong>e-mail<\/strong>: nagp@bonfim.ifbaiano.edu.br<\/li>\n<\/ul>\n\n\n\n<p><strong>N\u00facleo&nbsp;de Gest\u00e3o da&nbsp;Tecnologia da Informa\u00e7\u00e3o<\/strong><\/p>\n\n\n\n<p><strong>Chefe<\/strong>: Josenildo da Silva Lima<\/p>\n\n\n\n<ul>\n<li><strong>e-mail<\/strong>: ngti@bonfim.ifbaiano.edu.br<\/li>\n<\/ul>\n\n\n\n<p><strong>N\u00facleo&nbsp;de Comunica\u00e7\u00e3o e Eventos<\/strong><\/p>\n\n\n\n<p><strong>Chefe<\/strong>: Nadilson Oliveira da Silva<\/p>\n\n\n\n<ul>\n<li><strong>e-mail<\/strong>: ascom@bonfim.ifbaiano.edu.br<\/li>\n<\/ul>\n\n\n\n<hr class=\"wp-block-separator has-alpha-channel-opacity\" \/>\n\n\n\n<h2 class=\"wp-block-heading\"><strong>Dire\u00e7\u00e3o Acad\u00eamica<\/strong><\/h2>\n\n\n\n<p><strong>Diretor<\/strong>: Lilian Pereira da Silva Teixeira<\/p>\n\n\n\n<p><strong>Coordena\u00e7\u00e3o de Ensino<\/strong><\/p>\n\n\n\n<p><strong>Coordenadora<\/strong>: Ana Carina Freire Barbosa <\/p>\n\n\n\n<p><strong>Coordena\u00e7\u00e3o de Assuntos Estudantis<\/strong><\/p>\n\n\n\n<p><strong>Coordenadora<\/strong>: Eliane Almeida Santos Frossard<\/p>\n\n\n\n<p><strong>Coordenadora de Extens\u00e3o<\/strong><\/p>\n\n\n\n<p><strong>Coordena\u00e7\u00e3o<\/strong>: Juracir Silva Santos<\/p>\n\n\n\n<p><strong>Coordena\u00e7\u00e3o de Pesquisa<\/strong><\/p>\n\n\n\n<p><strong>Coordenadora<\/strong>: Airam Oliveira Santos&nbsp;<\/p>\n\n\n\n<p><strong>Coordena\u00e7\u00e3o de Unidades Educativas do Campo<\/strong><\/p>\n\n\n\n<p><strong>Coordenador<\/strong>: Fabiano Lima Silva<\/p>\n\n\n\n<p><strong>Secretaria de Registros Acad\u00eamicos<\/strong><\/p>\n\n\n\n<p><strong>Chefe<\/strong>: Marlucia Francelina da Silva<\/p>\n\n\n\n<hr class=\"wp-block-separator has-alpha-channel-opacity\" \/>\n\n\n\n<p><strong>Dire\u00e7\u00e3o Administrativa<\/strong><\/p>\n\n\n\n<p><strong>Diretor<\/strong>: Marcos Ant\u00f4nio Marques de Brito<\/p>\n\n\n\n<p><strong>Coordena\u00e7\u00e3o Financeiro e Cont\u00e1bil<\/strong><\/p>\n\n\n\n<p><strong>Coordenador<\/strong>: Edson Carlos Ara\u00fajo Medrado<\/p>\n\n\n\n<p><strong>Setor de Licita\u00e7\u00e3o<\/strong><\/p>\n\n\n\n<p><strong>Chefe<\/strong>: Jessival Lopes da Silva Santos<\/p>\n\n\n\n<p><strong>Coordena\u00e7\u00e3o de Suprimento e Log\u00edstica<\/strong><\/p>\n\n\n\n<p><strong>Coordenador<\/strong>: Pedro Rog\u00e9rio de Oliveira Santos <\/p>\n\n\n\n<p><strong>Setor de Patrim\u00f4nio<\/strong><\/p>\n\n\n\n<p><strong>Chefe<\/strong>: Weldison Ribeiro dos Santos<\/p>\n\n\n\n<p><strong>Setor de Almoxarifado<\/strong><\/p>\n\n\n\n<p><strong>Chefe<\/strong>: Marcos Aur\u00e9lio Bezerra dos Santos&nbsp;<\/p>\n","protected":false},"excerpt":{"rendered":"<p>Assuntos Administrativos | Fone | (74) 9 9100-0015 Assuntos Pedag\u00f3gicos | Fone | (74) 9 9100-0297 Assuntos Registros Acad\u00eamicos \/ Secretaria Escolar | Fone | (74) 9 9100-0424 Prosel para informa\u00e7\u00f5es via whats app | Fone | (71) 9 9205-0114 Dire\u00e7\u00e3o Geral Diretor: Jo\u00e3o Lu\u00eds Almeida Feitosa Gabinete da Dire\u00e7\u00e3o Chefe: Miriam Batista da Silva [&hellip;]<\/p>\n","protected":false},"author":110,"featured_media":0,"parent":0,"menu_order":0,"comment_status":"closed","ping_status":"closed","template":"","meta":[],"_links":{"self":[{"href":"https:\/\/www.ifbaiano.edu.br\/unidades\/bonfim\/wp-json\/wp\/v2\/pages\/133"}],"collection":[{"href":"https:\/\/www.ifbaiano.edu.br\/unidades\/bonfim\/wp-json\/wp\/v2\/pages"}],"about":[{"href":"https:\/\/www.ifbaiano.edu.br\/unidades\/bonfim\/wp-json\/wp\/v2\/types\/page"}],"author":[{"embeddable":true,"href":"https:\/\/www.ifbaiano.edu.br\/unidades\/bonfim\/wp-json\/wp\/v2\/users\/110"}],"replies":[{"embeddable":true,"href":"https:\/\/www.ifbaiano.edu.br\/unidades\/bonfim\/wp-json\/wp\/v2\/comments?post=133"}],"version-history":[{"count":45,"href":"https:\/\/www.ifbaiano.edu.br\/unidades\/bonfim\/wp-json\/wp\/v2\/pages\/133\/revisions"}],"predecessor-version":[{"id":19311,"href":"https:\/\/www.ifbaiano.edu.br\/unidades\/bonfim\/wp-json\/wp\/v2\/pages\/133\/revisions\/19311"}],"wp:attachment":[{"href":"https:\/\/www.ifbaiano.edu.br\/unidades\/bonfim\/wp-json\/wp\/v2\/media?parent=133"}],"curies":[{"name":"wp","href":"https:\/\/api.w.org\/{rel}","templated":true}]}}