{"id":14091,"date":"2021-10-25T19:23:44","date_gmt":"2021-10-25T22:23:44","guid":{"rendered":"https:\/\/www.ifbaiano.edu.br\/unidades\/bonfim\/?page_id=14091"},"modified":"2024-04-23T15:14:42","modified_gmt":"2024-04-23T18:14:42","slug":"pae","status":"publish","type":"page","link":"https:\/\/www.ifbaiano.edu.br\/unidades\/bonfim\/pae\/","title":{"rendered":"Programa de Aux\u00edlios Eventuais &#8211; PAE\u00a0"},"content":{"rendered":"\n<p>O Diretor Geral do Instituto Federal de Educa\u00e7\u00e3o, Ci\u00eancia e Tecnologia Baiano &#8211; IF Baiano \u2013 Campus Senhor do Bonfim, no uso de suas atribui\u00e7\u00f5es delegadas pela Portaria n\u00ba 283 de 18\/03\/2022, publicado no DOU de 21\/03\/2022, Edi\u00e7\u00e3o 54 Se\u00e7\u00e3o 2, p\u00e1gina 26, e de acordo com as disposi\u00e7\u00f5es contidas na Lei n\u00ba 11.892, de 29\/12\/2008, e na Lei n\u00ba 8.112, de 11\/12\/1990, considerando ainda o Decreto n\u00ba 7.234\/2010 e a Resolu\u00e7\u00e3o n\u00ba 01, de 29 de janeiro de 2019, que institui a Pol\u00edtica de Assist\u00eancia Estudantil no \u00e2mbito do IF Baiano, torna p\u00fablico o presente Edital de Fluxo Cont\u00ednuo que estabelece as normas e crit\u00e9rios para sele\u00e7\u00e3o de estudantes em vulnerabilidade socioecon\u00f4mica, de cursos presenciais e \u00e0 dist\u00e2ncia, com a finalidade de participa\u00e7\u00e3o na Pol\u00edtica de Assist\u00eancia Estudantil deste Instituto, por meio do PAE.<\/p>\n\n\n\n<p><strong>Editais e Anexos: <\/strong><\/p>\n\n\n\n<h2 class=\"wp-block-heading\">2024<\/h2>\n\n\n\n<p><a rel=\"noreferrer noopener\" href=\"https:\/\/www.ifbaiano.edu.br\/unidades\/bonfim\/files\/2024\/04\/EDITAL-No-192024-PROGRAMA-DE-AUXILIOS-EVENTUAIS-%E2%80%93-PAE.pdf\" target=\"_blank\">EDITAL N\u00ba 19\/2024 PROGRAMA DE AUX\u00cdLIOS EVENTUAIS \u2013 PAE<\/a><\/p>\n\n\n\n<p><a rel=\"noreferrer noopener\" href=\"https:\/\/www.ifbaiano.edu.br\/unidades\/bonfim\/files\/2024\/04\/PAE-Edital-19-2024-Acessivel.pdf\" target=\"_blank\">PAE \u2013 Edital 19-2024 \u2013 Acess\u00edvel<\/a><\/p>\n\n\n\n<h2 class=\"wp-block-heading\">2023<\/h2>\n\n\n\n<p><a href=\"https:\/\/www.ifbaiano.edu.br\/unidades\/bonfim\/files\/2023\/06\/EDITAL-No-24_2023-PROGRAMA-DE-AUXILIOS-EVENTUAIS-\u2013-PAE.pdf\" data-type=\"URL\" data-id=\"https:\/\/www.ifbaiano.edu.br\/unidades\/bonfim\/files\/2023\/06\/EDITAL-No-24_2023-PROGRAMA-DE-AUXILIOS-EVENTUAIS-\u2013-PAE.pdf\">EDITAL N\u00ba 24_2023 PROGRAMA DE AUX\u00cdLIOS EVENTUAIS \u2013 PAE<\/a><\/p>\n\n\n\n<p><a href=\"https:\/\/www.ifbaiano.edu.br\/unidades\/bonfim\/files\/2023\/06\/EDITAL-No-24_2023-PROGRAMA-DE-AUXILIOS-EVENTUAIS-\u2013-PAE-Acessivel.pdf\" data-type=\"URL\" data-id=\"https:\/\/www.ifbaiano.edu.br\/unidades\/bonfim\/files\/2023\/06\/EDITAL-No-24_2023-PROGRAMA-DE-AUXILIOS-EVENTUAIS-\u2013-PAE-Acessivel.pdf\">EDITAL N\u00ba 24_2023 PROGRAMA DE AUX\u00cdLIOS EVENTUAIS \u2013 PAE &#8211; Acess\u00edvel<\/a><\/p>\n\n\n\n<h2 class=\"wp-block-heading\">2022<\/h2>\n\n\n\n<p><a href=\"https:\/\/www.ifbaiano.edu.br\/unidades\/bonfim\/files\/2022\/09\/EDITAL-21-PAE.pdf\">EDITAL N\u00ba 21, de 28 de Setembro de 2022<\/a><\/p>\n\n\n\n<p><a href=\"https:\/\/www.ifbaiano.edu.br\/unidades\/bonfim\/files\/2022\/09\/ANEXO-I_PAE.pdf\">ANEXO I<\/a><\/p>\n\n\n\n<p><a href=\"https:\/\/www.ifbaiano.edu.br\/unidades\/bonfim\/files\/2022\/09\/ANEXO-II_PAE.pdf\">ANEXO II<\/a><\/p>\n\n\n\n<p><a href=\"https:\/\/www.ifbaiano.edu.br\/unidades\/bonfim\/files\/2022\/09\/ANEXO-V_PAE.pdf\">ANEXO III<\/a><\/p>\n\n\n\n<p><a href=\"https:\/\/www.ifbaiano.edu.br\/unidades\/bonfim\/files\/2022\/09\/ANEXO-VI_PAE.pdf\">ANEXO IV<\/a><\/p>\n\n\n\n<p><\/p>\n","protected":false},"excerpt":{"rendered":"<p>O Diretor Geral do Instituto Federal de Educa\u00e7\u00e3o, Ci\u00eancia e Tecnologia Baiano &#8211; IF Baiano \u2013 Campus Senhor do Bonfim, no uso de suas atribui\u00e7\u00f5es delegadas pela Portaria n\u00ba 283 de 18\/03\/2022, publicado no DOU de 21\/03\/2022, Edi\u00e7\u00e3o 54 Se\u00e7\u00e3o 2, p\u00e1gina 26, e de acordo com as disposi\u00e7\u00f5es contidas na Lei n\u00ba 11.892, de [&hellip;]<\/p>\n","protected":false},"author":136,"featured_media":0,"parent":0,"menu_order":0,"comment_status":"closed","ping_status":"closed","template":"","meta":[],"_links":{"self":[{"href":"https:\/\/www.ifbaiano.edu.br\/unidades\/bonfim\/wp-json\/wp\/v2\/pages\/14091"}],"collection":[{"href":"https:\/\/www.ifbaiano.edu.br\/unidades\/bonfim\/wp-json\/wp\/v2\/pages"}],"about":[{"href":"https:\/\/www.ifbaiano.edu.br\/unidades\/bonfim\/wp-json\/wp\/v2\/types\/page"}],"author":[{"embeddable":true,"href":"https:\/\/www.ifbaiano.edu.br\/unidades\/bonfim\/wp-json\/wp\/v2\/users\/136"}],"replies":[{"embeddable":true,"href":"https:\/\/www.ifbaiano.edu.br\/unidades\/bonfim\/wp-json\/wp\/v2\/comments?post=14091"}],"version-history":[{"count":10,"href":"https:\/\/www.ifbaiano.edu.br\/unidades\/bonfim\/wp-json\/wp\/v2\/pages\/14091\/revisions"}],"predecessor-version":[{"id":18314,"href":"https:\/\/www.ifbaiano.edu.br\/unidades\/bonfim\/wp-json\/wp\/v2\/pages\/14091\/revisions\/18314"}],"wp:attachment":[{"href":"https:\/\/www.ifbaiano.edu.br\/unidades\/bonfim\/wp-json\/wp\/v2\/media?parent=14091"}],"curies":[{"name":"wp","href":"https:\/\/api.w.org\/{rel}","templated":true}]}}