{"id":14096,"date":"2021-10-25T19:36:18","date_gmt":"2021-10-25T22:36:18","guid":{"rendered":"https:\/\/www.ifbaiano.edu.br\/unidades\/bonfim\/?page_id=14096"},"modified":"2024-09-25T18:48:07","modified_gmt":"2024-09-25T21:48:07","slug":"paise","status":"publish","type":"page","link":"https:\/\/www.ifbaiano.edu.br\/unidades\/bonfim\/paise\/","title":{"rendered":"PAISE &#8211; Programa de Assist\u00eancia e Inclus\u00e3o Social de Estudante"},"content":{"rendered":"\n<p><\/p>\n\n\n\n<figure class=\"wp-block-table\"><table><tbody><tr><td>O<em>&nbsp;Programa de Assist\u00eancia e Inclus\u00e3o Social do Estudante \u2013 PAISE, integrante da Pol\u00edtica de Assist\u00eancia Estudantil do IF Baiano, visa contribuir para o bem-estar biopsicossocial, perman\u00eancia e \u00eaxito nas atividades acad\u00eamicas de estudantes em vulnerabilidade socioecon\u00f4mica.<\/em><\/td><\/tr><\/tbody><\/table><\/figure>\n\n\n\n<figure class=\"wp-block-table\"><table><tbody><tr><td><mark class=\"has-inline-color has-vivid-cyan-blue-color\"><strong> PAISE 2024<\/strong><\/mark><\/td><\/tr><\/tbody><\/table><\/figure>\n\n\n\n<p><strong>O IF BAIANO \u2013 CAMPUS SENHOR DO BONFIM<\/strong> torna p\u00fablico o <a href=\"https:\/\/www.ifbaiano.edu.br\/unidades\/bonfim\/files\/2024\/04\/Edital-no-18-de-10-de-abril-de-2024-PAISE-2024.pdf\" data-type=\"URL\" data-id=\"https:\/\/www.ifbaiano.edu.br\/unidades\/bonfim\/files\/2024\/04\/Edital-no-18-de-10-de-abril-de-2024-PAISE-2024.pdf\">Edital n\u00ba 18, de 10 de abril de 2024<\/a> de Fluxo Cont\u00ednuo que estabelece as normas e crit\u00e9rios para sele\u00e7\u00e3o de estudantes em vulnerabilidade socioecon\u00f4mica, de cursos presenciais e \u00e0 dist\u00e2ncia, com a finalidade de participa\u00e7\u00e3o na Pol\u00edtica de Assist\u00eancia Estudantil deste Instituto, por meio do PAISE.<\/p>\n\n\n\n<figure class=\"wp-block-table\"><table><tbody><tr><td><strong>PAISE 2024.1<br><mark class=\"has-inline-color has-vivid-red-color\"><s>Per\u00edodo de inscri\u00e7\u00e3o: 16\/04\/2024 a 23\/04\/2024<\/s><\/mark><\/strong><\/td><\/tr><\/tbody><\/table><\/figure>\n\n\n\n<p><strong>Documentos:<\/strong><\/p>\n\n\n\n<p class=\"has-vivid-red-color has-text-color\"><a href=\"https:\/\/www.ifbaiano.edu.br\/unidades\/bonfim\/files\/2024\/09\/Divulgacao-dos-Pre-selecionados-por-auxilio-PAISE-2024.2-atualizada.pdf\">LISTA DE PR\u00c9 SELECIONADOS PAISE 2024.2<\/a>  <strong>Novo!<\/strong> 25\/09\/2024<\/p>\n\n\n\n<p><a rel=\"noreferrer noopener\" href=\"https:\/\/www.ifbaiano.edu.br\/unidades\/bonfim\/files\/2024\/09\/RETIFICACAO-No-01-DA-DIVULGACAO-DA-LISTA-DE-SELECIONADOS-PAISE-2024.1-1.pdf\" data-type=\"URL\" data-id=\"https:\/\/www.ifbaiano.edu.br\/unidades\/bonfim\/files\/2024\/09\/RETIFICACAO-No-01-DA-DIVULGACAO-DA-LISTA-DE-SELECIONADOS-PAISE-2024.1-1.pdf\" target=\"_blank\">RETIFICA\u00c7\u00c3O N\u00ba 01 DA DIVULGACAO-DA-LISTA-DE-SELECIONADOS-PAISE-2024.1<\/a><br><a rel=\"noreferrer noopener\" href=\"https:\/\/www.ifbaiano.edu.br\/unidades\/bonfim\/files\/2024\/09\/Retificacao-no-01-da-Divulgacao-das-inscricoes-homologadas-PAISE-2024.2.pdf\" target=\"_blank\">Inscri\u00e7\u00f5es Homologadas \u2013 PAISE 2024.2 \u2013 Retifica\u00e7\u00e3o<\/a><br><a href=\"https:\/\/www.ifbaiano.edu.br\/unidades\/bonfim\/files\/2024\/08\/DIVULGACAO-DA-LISTA-DE-SELECIONADOS-PAISE-2024.1.pdf\" data-type=\"URL\" data-id=\"https:\/\/www.ifbaiano.edu.br\/unidades\/bonfim\/files\/2024\/08\/DIVULGACAO-DA-LISTA-DE-SELECIONADOS-PAISE-2024.1.pdf\">DIVULGA\u00c7\u00c3O DA LISTA DE SELECIONADOS &#8211; PAISE 2024.1 &#8211; Resultado Final<\/a><br><a href=\"https:\/\/www.ifbaiano.edu.br\/unidades\/bonfim\/files\/2024\/08\/DIVULGACAO-DOS-RESULTADOS-DOS-RECURSOS.pdf\" data-type=\"URL\" data-id=\"https:\/\/www.ifbaiano.edu.br\/unidades\/bonfim\/files\/2024\/08\/DIVULGACAO-DOS-RESULTADOS-DOS-RECURSOS.pdf\">DIVULGA\u00c7\u00c3O DOS RESULTADOS DOS RECURSOS<\/a><br><a href=\"https:\/\/www.ifbaiano.edu.br\/unidades\/bonfim\/files\/2024\/08\/Edital-32_2024-de-05-de-agosto-de-2024-PRE-SELECIONADOS-POR-AUXILIO-PAISE.pdf\" data-type=\"URL\" data-id=\"https:\/\/www.ifbaiano.edu.br\/unidades\/bonfim\/files\/2024\/08\/Edital-32_2024-de-05-de-agosto-de-2024-PRE-SELECIONADOS-POR-AUXILIO-PAISE.pdf\">DIVULGA\u00c7\u00c3O DOS PR\u00c9-SELECIONADOS POR AUX\u00cdLIO<\/a><br><a href=\"https:\/\/www.ifbaiano.edu.br\/unidades\/bonfim\/files\/2024\/07\/EDITAL-DE-RETIFICACAO-No-04-DE-03-DE-JULHO-DE-2024-PAISE-1.pdf\" data-type=\"URL\" data-id=\"https:\/\/www.ifbaiano.edu.br\/unidades\/bonfim\/files\/2024\/07\/EDITAL-DE-RETIFICACAO-No-04-DE-03-DE-JULHO-DE-2024-PAISE-1.pdf\">EDITAL DE RETIFICA\u00c7\u00c3O N\u00ba 04, DE 03 DE JULHO DE 2024 &#8211; PAISE<\/a><br><strong><a href=\"https:\/\/www.ifbaiano.edu.br\/unidades\/bonfim\/files\/2024\/04\/SUSPENSAO-DO-CRONOGRAMA-DO-EDITAL-18_2024-DO-PROCESSO-SELETIVO-PARA-A-CONCESSAO-DE-AUXILIOS-DO-PROGRAMA-DE-ASSISTENCIA-E-INCLUSAO-SOCIAL-DO-ESTUDANTE-%E2%80%93-PAISE-2024.pdf\"><mark>SUSPENS\u00c3O&nbsp;DO CRONOGRAMA<\/mark><\/a><\/strong><br><a href=\"https:\/\/www.ifbaiano.edu.br\/unidades\/bonfim\/files\/2024\/04\/LISTA-PRELIMINAR-DE-INSCRITOS-PAISE-EDITAL-18-2024.pdf\">LISTA PRELIMINAR DE INSCRITOS PAISE EDITAL 18-2024<\/a><br><a href=\"https:\/\/www.ifbaiano.edu.br\/unidades\/bonfim\/files\/2024\/04\/Edital-no-18-de-10-de-abril-de-2024-PAISE-2024.pdf\" data-type=\"URL\" data-id=\"https:\/\/www.ifbaiano.edu.br\/unidades\/bonfim\/files\/2024\/04\/Edital-no-18-de-10-de-abril-de-2024-PAISE-2024.pdf\">Edital n\u00ba 18, de 10 de abril de 2024<\/a><\/p>\n\n\n\n<p><\/p>\n\n\n\n<figure class=\"wp-block-table\"><table><tbody><tr><td><strong>CHAMADA P\u00daBLICA N\u00ba 01-2024<br><mark class=\"has-inline-color has-vivid-red-color\">Per\u00edodo de inscri\u00e7\u00e3o: 14\/08\/2024 a 21\/08\/2024<\/mark><\/strong><\/td><\/tr><\/tbody><\/table><\/figure>\n\n\n\n<p><strong>As inscri\u00e7\u00f5es ser\u00e3o realizadas atrav\u00e9s do endere\u00e7o eletr\u00f4nico:&nbsp;<a href=\"https:\/\/docs.google.com\/forms\/d\/e\/1FAIpQLSfMjzuPN7klTC7l3H2WLW84j6iKNyjyP_LqYXLCxKDkZOfpDA\/viewform?usp=sf_link\" data-type=\"URL\" data-id=\"https:\/\/docs.google.com\/forms\/d\/e\/1FAIpQLSfMjzuPN7klTC7l3H2WLW84j6iKNyjyP_LqYXLCxKDkZOfpDA\/viewform?usp=sf_link\">Link para inscri\u00e7\u00e3o<\/a><\/strong><\/p>\n\n\n\n<p><strong>Documentos:<\/strong><\/p>\n\n\n\n<p><a href=\"https:\/\/www.ifbaiano.edu.br\/unidades\/bonfim\/files\/2024\/07\/Chamada-Publica-No-01_2024-Edital-no-18-de-10-de-abril-PAISE-de-2024.pdf\">Chamada P\u00fablica N\u00ba 01_2024 &#8211; PAISE<\/a><\/p>\n\n\n\n<hr class=\"wp-block-separator has-alpha-channel-opacity\" \/>\n\n\n\n<hr class=\"wp-block-separator has-alpha-channel-opacity\" \/>\n\n\n\n<p><strong>D\u00favidas: cae@bonfim.ifbaiano.edu.br<\/strong><\/p>\n\n\n\n<hr class=\"wp-block-separator has-css-opacity is-style-wide\" \/>\n\n\n\n<p><a href=\"https:\/\/www.ifbaiano.edu.br\/unidades\/bonfim\/edital-paise-no-33-2023-encerrado\/\" data-type=\"URL\" data-id=\"https:\/\/www.ifbaiano.edu.br\/unidades\/bonfim\/edital-paise-no-33-2023-encerrado\/\"><mark class=\"has-inline-color has-vivid-red-color\">EDITAL PAISE 33\/2023 &#8211; Encerrado<\/mark><\/a><\/p>\n\n\n\n<p><a href=\"https:\/\/www.ifbaiano.edu.br\/unidades\/bonfim\/paise-edital-no-11-2023\/\" data-type=\"URL\" data-id=\"https:\/\/www.ifbaiano.edu.br\/unidades\/bonfim\/paise-edital-no-11-2023\/\"><mark class=\"has-inline-color has-vivid-red-color\">Edital PAISE 11\/2023 &#8211; Encerrado<\/mark><\/a><\/p>\n\n\n\n<p><a href=\"https:\/\/www.ifbaiano.edu.br\/unidades\/bonfim\/paise-edital-19-2022\/\" data-type=\"URL\" data-id=\"https:\/\/www.ifbaiano.edu.br\/unidades\/bonfim\/paise-edital-19-2022\/\"><mark class=\"has-inline-color has-vivid-red-color\">Edital PAISE 19\/2022 &#8211; Encerrado<\/mark><\/a><\/p>\n\n\n\n<p><a href=\"https:\/\/www.ifbaiano.edu.br\/unidades\/bonfim\/paise-edital-01-2022\/\"><span class=\"has-inline-color has-vivid-red-color\">Edital PAISE 01\/2022 <\/span>&#8211; <span class=\"has-inline-color has-vivid-red-color\">Encerrado<\/span><\/a><\/p>\n\n\n\n<p><a href=\"https:\/\/www.ifbaiano.edu.br\/unidades\/bonfim\/paise2021\/\"><span class=\"has-inline-color has-vivid-red-color\">Edital do PAISE  2021<\/span> &#8211; <span class=\"has-inline-color has-vivid-red-color\">Encerrado<\/span><\/a><\/p>\n\n\n\n<p><\/p>\n","protected":false},"excerpt":{"rendered":"<p>O&nbsp;Programa de Assist\u00eancia e Inclus\u00e3o Social do Estudante \u2013 PAISE, integrante da Pol\u00edtica de Assist\u00eancia Estudantil do IF Baiano, visa contribuir para o bem-estar biopsicossocial, perman\u00eancia e \u00eaxito nas atividades acad\u00eamicas de estudantes em vulnerabilidade socioecon\u00f4mica. PAISE 2024 O IF BAIANO \u2013 CAMPUS SENHOR DO BONFIM torna p\u00fablico o Edital n\u00ba 18, de 10 de [&hellip;]<\/p>\n","protected":false},"author":136,"featured_media":0,"parent":0,"menu_order":0,"comment_status":"closed","ping_status":"closed","template":"","meta":[],"_links":{"self":[{"href":"https:\/\/www.ifbaiano.edu.br\/unidades\/bonfim\/wp-json\/wp\/v2\/pages\/14096"}],"collection":[{"href":"https:\/\/www.ifbaiano.edu.br\/unidades\/bonfim\/wp-json\/wp\/v2\/pages"}],"about":[{"href":"https:\/\/www.ifbaiano.edu.br\/unidades\/bonfim\/wp-json\/wp\/v2\/types\/page"}],"author":[{"embeddable":true,"href":"https:\/\/www.ifbaiano.edu.br\/unidades\/bonfim\/wp-json\/wp\/v2\/users\/136"}],"replies":[{"embeddable":true,"href":"https:\/\/www.ifbaiano.edu.br\/unidades\/bonfim\/wp-json\/wp\/v2\/comments?post=14096"}],"version-history":[{"count":98,"href":"https:\/\/www.ifbaiano.edu.br\/unidades\/bonfim\/wp-json\/wp\/v2\/pages\/14096\/revisions"}],"predecessor-version":[{"id":19086,"href":"https:\/\/www.ifbaiano.edu.br\/unidades\/bonfim\/wp-json\/wp\/v2\/pages\/14096\/revisions\/19086"}],"wp:attachment":[{"href":"https:\/\/www.ifbaiano.edu.br\/unidades\/bonfim\/wp-json\/wp\/v2\/media?parent=14096"}],"curies":[{"name":"wp","href":"https:\/\/api.w.org\/{rel}","templated":true}]}}