{"id":14099,"date":"2021-10-25T19:40:12","date_gmt":"2021-10-25T22:40:12","guid":{"rendered":"https:\/\/www.ifbaiano.edu.br\/unidades\/bonfim\/?page_id=14099"},"modified":"2024-04-24T16:01:23","modified_gmt":"2024-04-24T19:01:23","slug":"propac","status":"publish","type":"page","link":"https:\/\/www.ifbaiano.edu.br\/unidades\/bonfim\/propac\/","title":{"rendered":"Programa de Incentivo \u00e0 Participa\u00e7\u00e3o Politico Acad\u00eamico \u2013 PROPAC"},"content":{"rendered":"\n<p>O&nbsp;Diretor do Instituto Federal de Educa\u00e7\u00e3o, Ci\u00eancia e Tecnologia Baiano \u2013 IF Baiano \u2013 Campus Senhor do Bonfim, no uso de suas&nbsp;atribui\u00e7\u00f5es delegadas pela Portaria n\u00ba 283 de 18\/03\/2022, publicado no DOU de 21\/03\/2022,Edi\u00e7\u00e3o 54 Se\u00e7\u00e3o 2, p\u00e1gina 26, e de acordo com as disposi\u00e7\u00f5es contidas na Lei n\u00ba 11.892, de 29\/12\/2008, e na Lei n\u00ba 8.112, de 11\/12\/1990, considerando ainda o Decreto n\u00b0 7.234\/2010 e a Resolu\u00e7\u00e3o N\u00ba 01, de 29 de janeiro de 2019, que institui a Pol\u00edtica de Assist\u00eancia Estudantil no \u00e2mbito do IF Baiano, torna p\u00fablico o presente Edital de Fluxo Cont\u00ednuo que estabelece as normas e crit\u00e9rios para sele\u00e7\u00e3o priorit\u00e1ria de estudantes em vulnerabilidade socioecon\u00f4mica, de cursos presenciais e a dist\u00e2ncia, com a finalidade de participa\u00e7\u00e3o na Pol\u00edtica de Assist\u00eancia Estudantil&nbsp;deste&nbsp;Instituto,&nbsp;por meio do Programa&nbsp;de Incentivo \u00e0 Participa\u00e7\u00e3o Pol\u00edtico-Acad\u00eamica.<\/p>\n\n\n\n<p>Editais e anexos:<\/p>\n\n\n\n<h2 class=\"wp-block-heading\">2024<\/h2>\n\n\n\n<p><a href=\"https:\/\/www.ifbaiano.edu.br\/unidades\/bonfim\/files\/2024\/04\/EDITAL-No21_2024-PROPAC.pdf\" data-type=\"URL\" data-id=\"https:\/\/www.ifbaiano.edu.br\/unidades\/bonfim\/files\/2024\/04\/EDITAL-No21_2024-PROPAC.pdf\">EDITAL N\u00ba21_2024 &#8211; PROPAC<\/a><\/p>\n\n\n\n<h2 class=\"wp-block-heading\">2023<\/h2>\n\n\n\n<p><a href=\"https:\/\/www.ifbaiano.edu.br\/unidades\/bonfim\/files\/2023\/06\/EDITAL-No-26_2023_PROGRAMA-DE-INCENTIVO-A-PARTICIPACAO-POLITICO-ACADEMICA-\u2013-PROPAC.pdf\" data-type=\"URL\" data-id=\"https:\/\/www.ifbaiano.edu.br\/unidades\/bonfim\/files\/2023\/06\/EDITAL-No-26_2023_PROGRAMA-DE-INCENTIVO-A-PARTICIPACAO-POLITICO-ACADEMICA-\u2013-PROPAC.pdf\">EDITAL N\u00ba 26_2023_PROGRAMA DE INCENTIVO \u00c0 PARTICIPA\u00c7\u00c3O POL\u00cdTICO-ACAD\u00caMICA \u2013 PROPAC<\/a><\/p>\n\n\n\n<p><a href=\"https:\/\/www.ifbaiano.edu.br\/unidades\/bonfim\/files\/2023\/06\/EDITAL-No-26_2023_PROGRAMA-DE-INCENTIVO-A-PARTICIPACAO-POLITICO-ACADEMICA-\u2013-PROPAC-Acessivel.pdf\" data-type=\"URL\" data-id=\"https:\/\/www.ifbaiano.edu.br\/unidades\/bonfim\/files\/2023\/06\/EDITAL-No-26_2023_PROGRAMA-DE-INCENTIVO-A-PARTICIPACAO-POLITICO-ACADEMICA-\u2013-PROPAC-Acessivel.pdf\">EDITAL N\u00ba 26_2023_PROGRAMA DE INCENTIVO \u00c0 PARTICIPA\u00c7\u00c3O POL\u00cdTICO-ACAD\u00caMICA \u2013 PROPAC &#8211; Acess\u00edvel<\/a><\/p>\n\n\n\n<h2 class=\"wp-block-heading\">2022<\/h2>\n\n\n\n<p><a href=\"https:\/\/www.ifbaiano.edu.br\/unidades\/bonfim\/files\/2022\/11\/EDITAL-25-PROPAC.pdf\">Edital n\u00ba 25,de 03 de novembro de 2022<\/a><\/p>\n","protected":false},"excerpt":{"rendered":"<p>O&nbsp;Diretor do Instituto Federal de Educa\u00e7\u00e3o, Ci\u00eancia e Tecnologia Baiano \u2013 IF Baiano \u2013 Campus Senhor do Bonfim, no uso de suas&nbsp;atribui\u00e7\u00f5es delegadas pela Portaria n\u00ba 283 de 18\/03\/2022, publicado no DOU de 21\/03\/2022,Edi\u00e7\u00e3o 54 Se\u00e7\u00e3o 2, p\u00e1gina 26, e de acordo com as disposi\u00e7\u00f5es contidas na Lei n\u00ba 11.892, de 29\/12\/2008, e na Lei [&hellip;]<\/p>\n","protected":false},"author":136,"featured_media":0,"parent":0,"menu_order":0,"comment_status":"closed","ping_status":"closed","template":"","meta":[],"_links":{"self":[{"href":"https:\/\/www.ifbaiano.edu.br\/unidades\/bonfim\/wp-json\/wp\/v2\/pages\/14099"}],"collection":[{"href":"https:\/\/www.ifbaiano.edu.br\/unidades\/bonfim\/wp-json\/wp\/v2\/pages"}],"about":[{"href":"https:\/\/www.ifbaiano.edu.br\/unidades\/bonfim\/wp-json\/wp\/v2\/types\/page"}],"author":[{"embeddable":true,"href":"https:\/\/www.ifbaiano.edu.br\/unidades\/bonfim\/wp-json\/wp\/v2\/users\/136"}],"replies":[{"embeddable":true,"href":"https:\/\/www.ifbaiano.edu.br\/unidades\/bonfim\/wp-json\/wp\/v2\/comments?post=14099"}],"version-history":[{"count":8,"href":"https:\/\/www.ifbaiano.edu.br\/unidades\/bonfim\/wp-json\/wp\/v2\/pages\/14099\/revisions"}],"predecessor-version":[{"id":18323,"href":"https:\/\/www.ifbaiano.edu.br\/unidades\/bonfim\/wp-json\/wp\/v2\/pages\/14099\/revisions\/18323"}],"wp:attachment":[{"href":"https:\/\/www.ifbaiano.edu.br\/unidades\/bonfim\/wp-json\/wp\/v2\/media?parent=14099"}],"curies":[{"name":"wp","href":"https:\/\/api.w.org\/{rel}","templated":true}]}}