{"id":14694,"date":"2022-04-04T08:29:55","date_gmt":"2022-04-04T11:29:55","guid":{"rendered":"https:\/\/www.ifbaiano.edu.br\/unidades\/bonfim\/?page_id=14694"},"modified":"2022-04-04T08:31:20","modified_gmt":"2022-04-04T11:31:20","slug":"agenda-diretor-2018-2022","status":"publish","type":"page","link":"https:\/\/www.ifbaiano.edu.br\/unidades\/bonfim\/agenda-diretor-2018-2022\/","title":{"rendered":"Agenda Diretor  2018-2022"},"content":{"rendered":"\n<p><a href=\"https:\/\/www.ifbaiano.edu.br\/unidades\/bonfim\/files\/2021\/03\/orientacoes-agenda-de-compromissos-publicos-if-baiano.pdf\" data-type=\"URL\" data-id=\"https:\/\/www.ifbaiano.edu.br\/unidades\/bonfim\/files\/2021\/03\/orientacoes-agenda-de-compromissos-publicos-if-baiano.pdf\">Orienta\u00e7\u00f5es &#8211; Agenda de Compromissos P\u00fablicos<\/a>.<\/p>\n\n\n\n<p><a href=\"https:\/\/www.ifbaiano.edu.br\/unidades\/bonfim\/files\/2021\/03\/Agenda-do-Diretor-Geral-29-de-marco-a-01-de-abril.pdf\" data-type=\"URL\" data-id=\"https:\/\/www.ifbaiano.edu.br\/unidades\/bonfim\/files\/2021\/03\/Agenda-do-Diretor-Geral-29-de-marco-a-01-de-abril.pdf\">Agenda do Diretor Geral &#8211; 29 de mar\u00e7o a 01 de abril .<\/a><\/p>\n\n\n\n<p><a href=\"https:\/\/www.ifbaiano.edu.br\/unidades\/bonfim\/files\/2021\/04\/Agenda-do-Diretor-Geral-5-a-9-de-abril-Atualizada.pdf\" data-type=\"URL\" data-id=\"https:\/\/www.ifbaiano.edu.br\/unidades\/bonfim\/files\/2021\/04\/Agenda-do-Diretor-Geral-5-a-9-de-abril-Atualizada.pdf\">Agenda do Diretor Geral &#8211; 5 a 9 de abril<\/a><\/p>\n\n\n\n<p><a href=\"https:\/\/www.ifbaiano.edu.br\/unidades\/bonfim\/files\/2021\/04\/Agenda-do-Diretor-Geral-12-a-16-de-abril.pdf\" data-type=\"URL\" data-id=\"https:\/\/www.ifbaiano.edu.br\/unidades\/bonfim\/files\/2021\/04\/Agenda-do-Diretor-Geral-12-a-16-de-abril.pdf\">Agenda do Diretor Geral &#8211; 12 a 16 de abril<\/a><\/p>\n\n\n\n<p><a href=\"https:\/\/www.ifbaiano.edu.br\/unidades\/bonfim\/files\/2021\/04\/Agenda-do-Diretor-Geral-12-a-16-de-abril-Atualizada-em-14-de-abril.pdf\" data-type=\"URL\" data-id=\"https:\/\/www.ifbaiano.edu.br\/unidades\/bonfim\/files\/2021\/04\/Agenda-do-Diretor-Geral-12-a-16-de-abril-Atualizada-em-14-de-abril.pdf\">Agenda do Diretor Geral &#8211; 12 a 16 de abril &#8211; Atualizada em 14 de abril<\/a><\/p>\n\n\n\n<p><a href=\"https:\/\/www.ifbaiano.edu.br\/unidades\/bonfim\/files\/2021\/04\/Agenda-do-Diretor-Geral-19-a-23-de-abril.pdf\" data-type=\"URL\" data-id=\"https:\/\/www.ifbaiano.edu.br\/unidades\/bonfim\/files\/2021\/04\/Agenda-do-Diretor-Geral-19-a-23-de-abril.pdf\">Agenda do Diretor Geral 19 a 23 de abril<\/a><\/p>\n\n\n\n<p><a href=\"https:\/\/www.ifbaiano.edu.br\/unidades\/bonfim\/files\/2021\/04\/Agenda-do-Diretor-Geral-19-a-23-de-abril-Atualizada-em-22-de-abril.pdf\" data-type=\"URL\" data-id=\"https:\/\/www.ifbaiano.edu.br\/unidades\/bonfim\/files\/2021\/04\/Agenda-do-Diretor-Geral-19-a-23-de-abril-Atualizada-em-22-de-abril.pdf\">Agenda do Diretor Geral &#8211; 19 a 23 de abril &#8211; Atualizada em 22 de abril<\/a><\/p>\n\n\n\n<p><a href=\"https:\/\/www.ifbaiano.edu.br\/unidades\/bonfim\/files\/2021\/04\/Agenda-do-Diretor-Geral-26-a-30-de-abril.pdf\" data-type=\"URL\" data-id=\"https:\/\/www.ifbaiano.edu.br\/unidades\/bonfim\/files\/2021\/04\/Agenda-do-Diretor-Geral-26-a-30-de-abril.pdf\">Agenda do Diretor Geral &#8211; 26 a 30 de abril<\/a><\/p>\n\n\n\n<p> <a href=\"https:\/\/www.ifbaiano.edu.br\/unidades\/bonfim\/files\/2021\/04\/Agenda-do-Diretor-Geral-26-a-30-de-abril-Atualizada-em-27-de-abril.pdf\" data-type=\"URL\" data-id=\"https:\/\/www.ifbaiano.edu.br\/unidades\/bonfim\/files\/2021\/04\/Agenda-do-Diretor-Geral-26-a-30-de-abril-Atualizada-em-27-de-abril.pdf\">Agenda do Diretor Geral &#8211; 26 a 30 de abril &#8211; Atualizada em 27 de abril<\/a><\/p>\n\n\n\n<p><a href=\"https:\/\/www.ifbaiano.edu.br\/unidades\/bonfim\/files\/2021\/05\/Agenda-do-Diretor-Geral-03-a-07-de-maio.pdf\" data-type=\"URL\" data-id=\"https:\/\/www.ifbaiano.edu.br\/unidades\/bonfim\/files\/2021\/05\/Agenda-do-Diretor-Geral-03-a-07-de-maio.pdf\">Agenda do Diretor Geral &#8211; 03 a 07 de maio<\/a><\/p>\n\n\n\n<p><a href=\"https:\/\/www.ifbaiano.edu.br\/unidades\/bonfim\/files\/2021\/05\/Agenda-do-Diretor-Geral-10-a-14-de-maio.pdf\" data-type=\"URL\" data-id=\"https:\/\/www.ifbaiano.edu.br\/unidades\/bonfim\/files\/2021\/05\/Agenda-do-Diretor-Geral-10-a-14-de-maio.pdf\">Agenda do Diretor Geral &#8211; 10 a 14 de maio<\/a><\/p>\n\n\n\n<p><a href=\"https:\/\/www.ifbaiano.edu.br\/unidades\/bonfim\/files\/2021\/05\/Agenda-do-Diretor-Geral-17-a-21-de-maio-atualizada-em-18-de-maio.pdf\">Agenda do Diretor Geral &#8211; 17 a 21 de maio, atualizada em 18 de maio<\/a><\/p>\n\n\n\n<p><a href=\"https:\/\/www.ifbaiano.edu.br\/unidades\/bonfim\/files\/2021\/05\/Agenda-do-Diretor-Geral-24-a-27-de-maio.pdf\" data-type=\"URL\" data-id=\"https:\/\/www.ifbaiano.edu.br\/unidades\/bonfim\/files\/2021\/05\/Agenda-do-Diretor-Geral-24-a-27-de-maio.pdf\">Agenda do Diretor Geral &#8211; 24 a 27 de maio<\/a><\/p>\n\n\n\n<p><a href=\"https:\/\/www.ifbaiano.edu.br\/unidades\/bonfim\/files\/2021\/05\/Agenda-do-Diretor-Geral-31.05-a-04-de-junho.pdf\" data-type=\"URL\" data-id=\"https:\/\/www.ifbaiano.edu.br\/unidades\/bonfim\/files\/2021\/05\/Agenda-do-Diretor-Geral-31.05-a-04-de-junho.pdf\">Agenda do Diretor Geral &#8211; 31.05 a 04 de junho<\/a><\/p>\n\n\n\n<p><a href=\"https:\/\/www.ifbaiano.edu.br\/unidades\/bonfim\/files\/2021\/06\/Agenda-do-Diretor-Geral-07-a-11-de-junho-de-2021.pdf\">Agenda do Diretor Geral &#8211; 07 a 11 de junho de 2021<\/a><\/p>\n\n\n\n<p><a href=\"https:\/\/www.ifbaiano.edu.br\/unidades\/bonfim\/files\/2021\/06\/Agenda-do-Diretor-Geral-14-a-18-de-junho-de-2021.pdf\">Agenda do Diretor Geral &#8211; 14 a 18 de junho de 2021<\/a><\/p>\n\n\n\n<p><a href=\"https:\/\/www.ifbaiano.edu.br\/unidades\/bonfim\/files\/2021\/06\/Agenda-do-Diretor-Geral-21-a-25-de-junho-de-2021.pdf\">Agenda do Diretor Geral &#8211; 21 a 25 de junho de 2021<\/a><\/p>\n\n\n\n<p><a href=\"https:\/\/www.ifbaiano.edu.br\/unidades\/bonfim\/files\/2021\/06\/Agenda-do-Diretor-Geral-28-de-maio-a-02-de-julho-de-2021.pdf\">Agenda do Diretor Geral &#8211; 28 de maio a 02 de julho de 2021<\/a><\/p>\n\n\n\n<p><a href=\"https:\/\/www.ifbaiano.edu.br\/unidades\/bonfim\/files\/2021\/07\/Agenda-do-Diretor-Geral-05-a-09-de-julho-de-2021.pdf\">Agenda do Diretor Geral &#8211; 05 a 09 de julho de 2021<\/a><\/p>\n\n\n\n<p><a href=\"https:\/\/www.ifbaiano.edu.br\/unidades\/bonfim\/files\/2021\/07\/Agenda-do-Diretor-Geral-12-a-16-de-julho-de-2021.pdf\">Agenda do Diretor Geral &#8211; 12 a 16 de julho de 2021<\/a><\/p>\n\n\n\n<p><a href=\"https:\/\/www.ifbaiano.edu.br\/unidades\/bonfim\/files\/2021\/07\/Agenda-do-Diretor-Geral-19-a-23-de-julho-de-2021.pdf\">Agenda do Diretor Geral &#8211; 19 a 23 de julho de 2021<\/a><\/p>\n\n\n\n<p><a href=\"https:\/\/www.ifbaiano.edu.br\/unidades\/bonfim\/files\/2021\/07\/Agenda-do-Diretor-Geral-26-a-30-de-julho-de-2021.pdf\">Agenda do Diretor Geral &#8211; 26 a 30 de julho de 2021<\/a><\/p>\n\n\n\n<p><a href=\"https:\/\/www.ifbaiano.edu.br\/unidades\/bonfim\/files\/2021\/08\/Agenda-do-Diretor-Geral-02-a-06-de-agosto-de-2021.pdf\">Agenda do Diretor Geral &#8211; 02 a 06 de agosto de 2021<\/a><\/p>\n\n\n\n<p><a href=\"https:\/\/www.ifbaiano.edu.br\/unidades\/bonfim\/files\/2021\/08\/Agenda-do-Diretor-Geral-09-a-13-de-agosto-de-2021.pdf\">Agenda do Diretor Geral &#8211; 09 a 13 de agosto de 2021<\/a><\/p>\n\n\n\n<p><a href=\"https:\/\/www.ifbaiano.edu.br\/unidades\/bonfim\/files\/2021\/08\/Agenda-do-Diretor-Geral-16-a-20-de-agosto-de-2021.pdf\">Agenda do Diretor Geral &#8211; 16 a 20 de agosto de 2021<\/a><\/p>\n\n\n\n<p><a href=\"https:\/\/www.ifbaiano.edu.br\/unidades\/bonfim\/files\/2021\/08\/Agenda-do-Diretor-Geral-16-a-20-de-agosto-de-2021-atualizado-em-17-de-agosto.pdf\">Agenda do Diretor Geral &#8211; 16 a 20 de agosto de 2021 &#8211; atualizado em 17 de agosto<\/a><\/p>\n\n\n\n<p><a href=\"https:\/\/www.ifbaiano.edu.br\/unidades\/bonfim\/files\/2021\/08\/Agenda-do-Diretor-Geral-23-a-27-de-agosto-de-2021.pdf\">Agenda do Diretor Geral &#8211; 23 a 27 de agosto de 2021<\/a><\/p>\n\n\n\n<p><a href=\"https:\/\/www.ifbaiano.edu.br\/unidades\/bonfim\/files\/2021\/08\/Agenda-do-Diretor-Geral-23-a-27-de-agosto-de-2021-Atualizado-em-23-de-agosto-de-2021-1.pdf\">Agenda do Diretor Geral &#8211; 23 a 27 de agosto de 2021 &#8211; Atualizado em 23 de agosto de 2021<\/a><\/p>\n\n\n\n<p><a href=\"https:\/\/www.ifbaiano.edu.br\/unidades\/bonfim\/files\/2021\/08\/Agenda-do-Diretor-Geral-23-a-27-de-agosto-de-2021.pdf\">Agenda do Diretor Geral &#8211; 23 a 27 de agosto de 2021<\/a><\/p>\n\n\n\n<p><a href=\"https:\/\/www.ifbaiano.edu.br\/unidades\/bonfim\/files\/2021\/08\/Agenda-do-Diretor-Geral-23-a-27-de-agosto-de-2021-Atualizado-em-24-de-agosto-de-2021.pdf\">Agenda do Diretor Geral &#8211; 23 a 27 de agosto de 2021 &#8211; Atualizado em 24 de agosto de 2021<\/a><\/p>\n\n\n\n<p><a href=\"https:\/\/www.ifbaiano.edu.br\/unidades\/bonfim\/files\/2021\/08\/Agenda-do-Diretor-Geral-30-de-agosto-a-03-de-setembro-de-2021-1.pdf\">Agenda do Diretor Geral &#8211; 30 de agosto a 03 de setembro de 2021<\/a><\/p>\n\n\n\n<p><a href=\"http:\/\/Agenda do Diretor Geral - 30 de agosto a 03 de setembro de 2021, atualizada em 01 de setembro de 2021\">Agenda do Diretor Geral &#8211; 30 de agosto a 03 de setembro de 2021, atualizada em 01 de setembro de 2021<\/a><\/p>\n\n\n\n<p><a href=\"https:\/\/www.ifbaiano.edu.br\/unidades\/bonfim\/files\/2021\/09\/Agenda-do-Diretor-Geral-06-a-10-de-setembro-de-2021.pdf\">Agenda do Diretor Geral &#8211; 06 a 10 de setembro de 2021<\/a><\/p>\n\n\n\n<p><a href=\"https:\/\/www.ifbaiano.edu.br\/unidades\/bonfim\/files\/2021\/09\/Agenda-do-Diretor-Geral-13-a-17-de-setembro-de-2021.pdf\">Agenda do Diretor Geral &#8211; 13 a 17 de setembro de 2021<\/a><\/p>\n\n\n\n<p><a href=\"https:\/\/www.ifbaiano.edu.br\/unidades\/bonfim\/files\/2021\/09\/Agenda-do-Diretor-Geral-20-a-24-de-setembro-de-2021.pdf\">Agenda do Diretor Geral &#8211; 20 a 24 de setembro de 2021<\/a><\/p>\n\n\n\n<p>A<a href=\"https:\/\/www.ifbaiano.edu.br\/unidades\/bonfim\/files\/2021\/09\/Agenda-do-Diretor-Geral-20-a-24-de-setembro-de-2021-atualizada-em-20-de-setembro.pdf\">genda do Diretor Geral &#8211; 20 a 24 de setembro de 2021, atualizada em 20 de setembro<\/a><\/p>\n\n\n\n<p><a href=\"https:\/\/www.ifbaiano.edu.br\/unidades\/bonfim\/files\/2021\/09\/Agenda-do-Diretor-Geral-27-de-setembro-a-01-de-outubro-de-2021.pdf\">Agenda do Diretor Geral &#8211; 27 de setembro a 01 de outubro de 2021<\/a><\/p>\n\n\n\n<p><a href=\"https:\/\/www.ifbaiano.edu.br\/unidades\/bonfim\/files\/2021\/10\/Agenda-do-Diretor-Geral-04-a-08-de-outubro-de-2021.pdf\">Agenda do Diretor Geral &#8211; 04 a 08 de outubro de 2021<\/a><\/p>\n\n\n\n<p><a href=\"https:\/\/www.ifbaiano.edu.br\/unidades\/bonfim\/files\/2021\/10\/Agenda-do-Diretor-Geral-04-a-08-de-outubro-de-2021-atualizada-em-06-de-outubro.pdf\">Agenda do Diretor Geral &#8211; 04 a 08 de outubro de 2021, atualizada em 06 de outubro<\/a><\/p>\n\n\n\n<p><a href=\"https:\/\/www.ifbaiano.edu.br\/unidades\/bonfim\/files\/2021\/10\/Agenda-do-Diretor-Geral-11-a-15-de-outubro-de-2021.pdf\">Agenda do Diretor Geral &#8211; 11 a 15 de outubro de 2021<\/a><\/p>\n\n\n\n<p><a href=\"https:\/\/www.ifbaiano.edu.br\/unidades\/bonfim\/files\/2021\/10\/Agenda-do-Diretor-Geral-11-a-15-de-outubro-de-2021-atualizada-em-14-de-outubro.pdf\">Agenda do Diretor Geral &#8211; 11 a 15 de outubro de 2021, atualizada em 14 de outubro<\/a><\/p>\n\n\n\n<p><a href=\"https:\/\/www.ifbaiano.edu.br\/unidades\/bonfim\/files\/2021\/10\/Agenda-do-Diretor-Geral-18-a-22-de-outubro-de-2021.pdf\">Agenda do Diretor Geral &#8211; 18 a 22 de outubro de 2021<\/a><\/p>\n\n\n\n<p><a href=\"https:\/\/www.ifbaiano.edu.br\/unidades\/bonfim\/files\/2021\/10\/Agenda-do-Diretor-Geral-18-a-22-de-outubro-de-2021-atualizada-em-21-de-outubro.pdf\">Agenda do Diretor Geral &#8211; 18 a 22 de outubro de 2021, atualizada em 21 de outubro<\/a><\/p>\n\n\n\n<p><a href=\"https:\/\/www.ifbaiano.edu.br\/unidades\/bonfim\/files\/2021\/10\/Agenda-do-Diretor-Geral-25-a-29-de-outubro-de-2021.pdf\">Agenda do Diretor Geral &#8211; 25 a 29 de outubro de 2021<\/a><\/p>\n\n\n\n<p><a href=\"https:\/\/www.ifbaiano.edu.br\/unidades\/bonfim\/files\/2021\/10\/Agenda-do-Diretor-Geral-25-a-29-de-outubro-de-2021-atualizada-em-26-de-outubro.pdf\">Agenda do Diretor Geral &#8211; 25 a 29 de outubro de 2021, atualizada em 26 de outubro<\/a><\/p>\n\n\n\n<p><a href=\"https:\/\/www.ifbaiano.edu.br\/unidades\/bonfim\/files\/2021\/11\/Agenda-do-Diretor-Geral-01-a-05-de-novembro-de-2021.pdf\">Agenda do Diretor Geral &#8211; 01 a 05 de novembro de 2021<\/a><\/p>\n\n\n\n<p><a href=\"https:\/\/www.ifbaiano.edu.br\/unidades\/bonfim\/files\/2021\/11\/Agenda-do-Diretor-Geral-08-a-12-de-novembro-de-2021.pdf\">Agenda do Diretor Geral &#8211; 08 a 12 de novembro de 2021<\/a><\/p>\n\n\n\n<p><a href=\"https:\/\/www.ifbaiano.edu.br\/unidades\/bonfim\/files\/2021\/11\/Agenda-do-Diretor-Geral-08-a-12-de-novembro-de-2021-atualizada-em-09-de-novembro-.pdf\">Agenda do Diretor Geral &#8211; 08 a 12 de novembro de 2021, atualizada em 09 de novembro<\/a><\/p>\n\n\n\n<p><a href=\"https:\/\/www.ifbaiano.edu.br\/unidades\/bonfim\/files\/2021\/11\/Agenda-do-Diretor-Geral-15-a-19-de-novembro-de-2021.pdf\">Agenda do Diretor Geral &#8211; 15 a 19 de novembro de 2021<\/a><\/p>\n\n\n\n<p><a href=\"https:\/\/www.ifbaiano.edu.br\/unidades\/bonfim\/files\/2021\/11\/Agenda-do-Diretor-Geral-15-a-19-de-novembro-de-2021-atualizada-em-17-de-novembro-de-2021-1.pdf\">Agenda do Diretor Geral &#8211; 15 a 19 de novembro de 2021, atualizada em 17 de novembro de 2021<\/a><\/p>\n\n\n\n<p><a href=\"http:\/\/Agenda do Diretor Geral - 22 a 26 de novembro de 2021\">Agenda do Diretor Geral &#8211; 22 a 26 de novembro de 2021<\/a><\/p>\n\n\n\n<p><a href=\"https:\/\/www.ifbaiano.edu.br\/unidades\/bonfim\/files\/2021\/11\/Agenda-do-Diretor-Geral-29-de-novembro-a-03-de-dezembro-de-2021.pdf\">Agenda do Diretor Geral &#8211; 29 de novembro a 03 de dezembro de 2021<\/a><\/p>\n\n\n\n<p><a href=\"https:\/\/www.ifbaiano.edu.br\/unidades\/bonfim\/files\/2021\/12\/aGENDA-DG-06-A-10.12.pdf\">Agenda do Diretor Geral &#8211; 06 a 10 de dezembro de 2021<\/a><\/p>\n\n\n\n<p><a href=\"https:\/\/www.ifbaiano.edu.br\/unidades\/bonfim\/files\/2021\/12\/aGENDA-DG-13-A-17.12.pdf\">Agenda do Diretor Geral &#8211; 13 a 17 de dezembro de 2021<\/a><\/p>\n\n\n\n<p><a href=\"https:\/\/www.ifbaiano.edu.br\/unidades\/bonfim\/files\/2021\/12\/aGENDA-DG-20-A-24.12.pdf\">Agenda do Diretor Geral &#8211; 20 a 24 de dezembro de 2021<\/a><\/p>\n\n\n\n<p><a href=\"https:\/\/www.ifbaiano.edu.br\/unidades\/bonfim\/files\/2021\/12\/Agenda-do-Diretor-Geral-27-a-31-de-dezembro-de-2021.pdf\">Agenda do Diretor Geral &#8211; 27 a 31 de dezembro de 2021<\/a><\/p>\n\n\n\n<p>________________________2022______________________________<\/p>\n\n\n\n<p><a href=\"https:\/\/www.ifbaiano.edu.br\/unidades\/bonfim\/files\/2022\/02\/Agenda-do-Diretor-Geral-03-a-07-de-janeiro-de-2022.pdf\">Agenda do Diretor Geral &#8211; 03 a 07 de janeiro de 2022<\/a><\/p>\n\n\n\n<p><a href=\"https:\/\/www.ifbaiano.edu.br\/unidades\/bonfim\/files\/2022\/02\/Agenda-do-Diretor-Geral-10-a-14-de-janeiro-de-2022-1.pdf\">Agenda do Diretor Geral &#8211; 10 a 14 de janeiro de 2022<\/a><\/p>\n\n\n\n<p><a href=\"https:\/\/www.ifbaiano.edu.br\/unidades\/bonfim\/files\/2022\/02\/Agenda-do-Diretor-Geral-10-a-14-de-janeiro-de-2022-atualiza-em-11-de-janeiro-de-2022-1.pdf\">Agenda do Diretor Geral &#8211; 10 a 14 de janeiro de 2022, atualiza em 11 de janeiro de 2022<\/a><\/p>\n\n\n\n<p><a href=\"https:\/\/www.ifbaiano.edu.br\/unidades\/bonfim\/files\/2022\/02\/Agenda-do-Diretor-Geral-17-a-21-de-janeiro-de-2022.pdf\">Agenda do Diretor Geral &#8211; 17 a 21 de janeiro de 2022<\/a><\/p>\n\n\n\n<p><a href=\"https:\/\/www.ifbaiano.edu.br\/unidades\/bonfim\/files\/2022\/02\/Agenda-do-Diretor-Geral-24-a-28-de-janeiro-de-2022.pdf\">Agenda do Diretor Geral &#8211; 24 a 28 de janeiro de 2022<\/a><\/p>\n\n\n\n<p><a href=\"https:\/\/www.ifbaiano.edu.br\/unidades\/bonfim\/files\/2022\/02\/Agenda-do-Diretor-Geral-24-a-28-de-janeiro-de-2022-atualizada-em-28-de-janeiro.pdf\">Agenda do Diretor Geral &#8211; 24 a 28 de janeiro de 2022, atualizada em 28 de janeiro<\/a><\/p>\n\n\n\n<p><a href=\"https:\/\/www.ifbaiano.edu.br\/unidades\/bonfim\/files\/2022\/02\/Agenda-do-Diretor-Geral-31-de-janeiro-a-04-de-fevereiro-de-2022.pdf\">Agenda do Diretor Geral &#8211; 31 de janeiro a 04 de fevereiro de 2022<\/a><\/p>\n\n\n\n<p><a href=\"https:\/\/www.ifbaiano.edu.br\/unidades\/bonfim\/files\/2022\/02\/Agenda-do-Diretor-Geral-07-a-11-de-fevereiro-de-2022-atualizada-em-09-de-fevereiro-de-2022.pdf\">Agenda do Diretor Geral &#8211; 07 a 11 de fevereiro de 2022, atualizada em 09 de fevereiro de 2022<\/a><\/p>\n\n\n\n<p><a href=\"https:\/\/www.ifbaiano.edu.br\/unidades\/bonfim\/files\/2022\/02\/Agenda-do-Diretor-Geral-14-a-18-de-fevereiro-de-2022.pdf\">Agenda do Diretor Geral &#8211; 14 a 18 de fevereiro de 2022<\/a><\/p>\n\n\n\n<p><a href=\"https:\/\/www.ifbaiano.edu.br\/unidades\/bonfim\/files\/2022\/02\/Agenda-do-Diretor-Geral-14-a-18-de-fevereiro-de-2022-atualizada-em-14-de-fevereiro.pdf\">Agenda do Diretor Geral &#8211; 14 a 18 de fevereiro de 2022, atualizada em 14 de fevereiro<\/a><\/p>\n\n\n\n<p><a href=\"https:\/\/www.ifbaiano.edu.br\/unidades\/bonfim\/files\/2022\/02\/Agenda-do-Diretor-Geral-21-a-25-de-fevereiro-de-2022.pdf\">Agenda do Diretor Geral &#8211; 21 a 25 de fevereiro de 2022<\/a><\/p>\n\n\n\n<p><a href=\"https:\/\/www.ifbaiano.edu.br\/unidades\/bonfim\/files\/2022\/03\/Agenda-do-Diretor-Geral-28-de-fevereiro-a-04-de-marco-de-2022.pdf\">Agenda do Diretor Geral &#8211; 28 de fevereiro a 04 de mar\u00e7o de 2022<\/a><\/p>\n\n\n\n<p><a href=\"https:\/\/www.ifbaiano.edu.br\/unidades\/bonfim\/files\/2022\/03\/Agenda-do-Diretor-Geral-07-a-11-de-marco-de-2022.pdf\">Agenda do Diretor Geral &#8211; 07 a 11 de mar\u00e7o de 2022<\/a><\/p>\n\n\n\n<p><a href=\"https:\/\/www.ifbaiano.edu.br\/unidades\/bonfim\/files\/2022\/03\/Agenda-do-Diretor-Geral-14-a-18-de-marco-de-2022.pdf\">Agenda do Diretor Geral &#8211; 14 a 18 de mar\u00e7o de 2022<\/a><\/p>\n\n\n\n<p><a href=\"https:\/\/www.ifbaiano.edu.br\/unidades\/bonfim\/files\/2022\/03\/Agenda-do-Diretor-Geral-14-a-18-de-marco-de-2022-atualizada-em-16-de-marco-de-2022.pdf\">Agenda do Diretor Geral &#8211; 14 a 18 de mar\u00e7o de 2022, atualizada em 16 de mar\u00e7o de 2022<\/a><\/p>\n","protected":false},"excerpt":{"rendered":"<p>Orienta\u00e7\u00f5es &#8211; Agenda de Compromissos P\u00fablicos. Agenda do Diretor Geral &#8211; 29 de mar\u00e7o a 01 de abril . Agenda do Diretor Geral &#8211; 5 a 9 de abril Agenda do Diretor Geral &#8211; 12 a 16 de abril Agenda do Diretor Geral &#8211; 12 a 16 de abril &#8211; Atualizada em 14 de abril [&hellip;]<\/p>\n","protected":false},"author":136,"featured_media":0,"parent":0,"menu_order":0,"comment_status":"closed","ping_status":"closed","template":"","meta":[],"_links":{"self":[{"href":"https:\/\/www.ifbaiano.edu.br\/unidades\/bonfim\/wp-json\/wp\/v2\/pages\/14694"}],"collection":[{"href":"https:\/\/www.ifbaiano.edu.br\/unidades\/bonfim\/wp-json\/wp\/v2\/pages"}],"about":[{"href":"https:\/\/www.ifbaiano.edu.br\/unidades\/bonfim\/wp-json\/wp\/v2\/types\/page"}],"author":[{"embeddable":true,"href":"https:\/\/www.ifbaiano.edu.br\/unidades\/bonfim\/wp-json\/wp\/v2\/users\/136"}],"replies":[{"embeddable":true,"href":"https:\/\/www.ifbaiano.edu.br\/unidades\/bonfim\/wp-json\/wp\/v2\/comments?post=14694"}],"version-history":[{"count":2,"href":"https:\/\/www.ifbaiano.edu.br\/unidades\/bonfim\/wp-json\/wp\/v2\/pages\/14694\/revisions"}],"predecessor-version":[{"id":14697,"href":"https:\/\/www.ifbaiano.edu.br\/unidades\/bonfim\/wp-json\/wp\/v2\/pages\/14694\/revisions\/14697"}],"wp:attachment":[{"href":"https:\/\/www.ifbaiano.edu.br\/unidades\/bonfim\/wp-json\/wp\/v2\/media?parent=14694"}],"curies":[{"name":"wp","href":"https:\/\/api.w.org\/{rel}","templated":true}]}}