{"id":14841,"date":"2022-05-20T15:16:10","date_gmt":"2022-05-20T18:16:10","guid":{"rendered":"https:\/\/www.ifbaiano.edu.br\/unidades\/bonfim\/?page_id=14841"},"modified":"2022-10-21T16:11:40","modified_gmt":"2022-10-21T19:11:40","slug":"nucleo-de-planejamento-e-parcerias-institucionais","status":"publish","type":"page","link":"https:\/\/www.ifbaiano.edu.br\/unidades\/bonfim\/nucleo-de-planejamento-e-parcerias-institucionais\/","title":{"rendered":"N\u00facleo de Planejamento e Parcerias Institucionais (NUPPI)"},"content":{"rendered":"<div>Respons\u00e1vel por assessorar o Diretor Geral do campus na articula\u00e7\u00e3o do Planejamento de A\u00e7\u00f5es Anual (PAA) em conjunto com as Diretorias Acad\u00eamica e Administrativa. Tamb\u00e9m respons\u00e1vel por articular parcerias com outras institui\u00e7\u00f5es, para desenvolvimento de projetos de coopera\u00e7\u00e3o t\u00e9cnica e est\u00e1gios, estabelecendo contato com a comunidade externa para garantir melhores condi\u00e7\u00f5es para o ensino, a pesquisa e a extens\u00e3o.<\/div>\n<div>\u00a0<\/div>\n<div>\u00a0<\/div>\n<div>Respons\u00e1vel: Prof. Dr. Domingos Malta<\/div>\n<div>\u00a0<\/div>\n<div>Contatos<\/div>\n<div>(74) 3542 0000<\/div>\n<div>e-mail:<\/div>\n<div><span id=\"OBJ_PREFIX_DWT2168_ZmEmailObjectHandler\" class=\"Object\" role=\"link\"><span id=\"OBJ_PREFIX_DWT2178_ZmEmailObjectHandler\" class=\"Object\" role=\"link\">nuppi@bonfim.ifbaiano.edu.br<\/span><\/span><\/div>\n<div><span id=\"OBJ_PREFIX_DWT2169_ZmEmailObjectHandler\" class=\"Object\" role=\"link\"><span id=\"OBJ_PREFIX_DWT2179_ZmEmailObjectHandler\" class=\"Object\" role=\"link\">domingos.malta@ifbaiano.edu.br<\/span><\/span><\/div>\n<div>\u00a0<\/div>\n<div>\u00a0<\/div>\n<div>\n<h3>PAA do Campus Senhor do Bonfim<\/h3>\n<div>Em elabora\u00e7\u00e3o<\/div>\n<h3>\u00a0 \u00a0 \u00a0 \u00a0 \u00a0 \u00a0 Institui\u00e7\u00f5es Parceiras do IF BAIANO Campus Senhor do Bonfim<\/h3>\n<div>\u00a0 \u00a0 \u00a0 \u00a0 \u00a0 \u00a0 \u00a0 \u00a0Em elabora\u00e7\u00e3o<\/div>\n<h3><span style=\"color: revert;font-size: revert;font-weight: revert\">\u00a0 \u00a0 \u00a0 \u00a0 \u00a0 \u00a0Conv\u00eanios de Est\u00e1gio<\/span><\/h3>\n<\/div>\n<div>\u00a0 \u00a0 \u00a0 \u00a0 \u00a0 \u00a0 \u00a0 <a href=\"https:\/\/www.ifbaiano.edu.br\/unidades\/bonfim\/files\/2022\/10\/Empresas-parceiras-ao-IF-Baiano-Bonfim.pdf\">Empresas parceiras ao IF Baiano Bonfim<\/a><\/div>\n<div>\n<p><strong>\u00a0<\/strong><\/p>\n<h3><span style=\"color: revert;font-size: revert\">PDI (2021 a 2025) do IF BAIANO<\/span><\/h3>\n<\/div>\n<div><span id=\"OBJ_PREFIX_DWT2171_com_zimbra_url\" class=\"Object\" role=\"link\"><span id=\"OBJ_PREFIX_DWT2181_com_zimbra_url\" class=\"Object\" role=\"link\"><a href=\"https:\/\/ifbaiano.edu.br\/portal\/pdi\/\" target=\"_blank\" rel=\"noopener\">https:\/\/ifbaiano.edu.br\/portal\/pdi\/<\/a><\/span><\/span><\/div>\n<div>\u00a0<\/div>\n<div><span id=\"OBJ_PREFIX_DWT2172_com_zimbra_url\" class=\"Object\" role=\"link\"><span id=\"OBJ_PREFIX_DWT2182_com_zimbra_url\" class=\"Object\" role=\"link\"><a href=\"https:\/\/www.ifbaiano.edu.br\/unidades\/serrinha\/files\/2022\/05\/diagramacao-pdi-2021-2025-final.pdf\" target=\"_blank\" rel=\"noopener\">https:\/\/www.ifbaiano.edu.br\/unidades\/serrinha\/files\/2022\/05\/diagramacao-pdi-2021-2025-final.pdf<\/a><\/span><\/span><\/div>\n<h3>\u00a0<\/h3>\n<h3>COORDENA\u00c7\u00c3O GERAL DE PLANEJAMENTO E PROJETOS ESTRAT\u00c9GICOS (COOPE)<\/h3>\n<div>\u00a0<\/div>\n<div><span id=\"OBJ_PREFIX_DWT2173_com_zimbra_url\" class=\"Object\" role=\"link\"><span id=\"OBJ_PREFIX_DWT2183_com_zimbra_url\" class=\"Object\" role=\"link\"><a href=\"https:\/\/ifbaiano.edu.br\/portal\/prodin\/coppe\/\" target=\"_blank\" rel=\"noopener\">https:\/\/ifbaiano.edu.br\/portal\/prodin\/coppe\/<\/a><\/span><\/span><\/div>\n<div>\u00a0<\/div>\n<div>\n<h3>Coordena\u00e7\u00e3o Geral de Parcerias Nacionais e Internacionais (COPIN)<\/h3>\n<p><a href=\"https:\/\/ifbaiano.edu.br\/portal\/prodin\/copin\/\">https:\/\/ifbaiano.edu.br\/portal\/prodin\/copin\/<\/a><\/p>\n<\/div>\n\n\n<figure class=\"wp-block-table is-style-stripes\"><table><tbody><tr><td><\/td><td><\/td><\/tr><tr><td><\/td><td><\/td><\/tr><\/tbody><\/table><\/figure>\n","protected":false},"excerpt":{"rendered":"<p>Respons\u00e1vel por assessorar o Diretor Geral do campus na articula\u00e7\u00e3o do Planejamento de A\u00e7\u00f5es Anual (PAA) em conjunto com as Diretorias Acad\u00eamica e Administrativa. Tamb\u00e9m respons\u00e1vel por articular parcerias com outras institui\u00e7\u00f5es, para desenvolvimento de projetos de coopera\u00e7\u00e3o t\u00e9cnica e est\u00e1gios, estabelecendo contato com a comunidade externa para garantir melhores condi\u00e7\u00f5es para o ensino, a [&hellip;]<\/p>\n","protected":false},"author":136,"featured_media":0,"parent":0,"menu_order":0,"comment_status":"closed","ping_status":"closed","template":"","meta":[],"_links":{"self":[{"href":"https:\/\/www.ifbaiano.edu.br\/unidades\/bonfim\/wp-json\/wp\/v2\/pages\/14841"}],"collection":[{"href":"https:\/\/www.ifbaiano.edu.br\/unidades\/bonfim\/wp-json\/wp\/v2\/pages"}],"about":[{"href":"https:\/\/www.ifbaiano.edu.br\/unidades\/bonfim\/wp-json\/wp\/v2\/types\/page"}],"author":[{"embeddable":true,"href":"https:\/\/www.ifbaiano.edu.br\/unidades\/bonfim\/wp-json\/wp\/v2\/users\/136"}],"replies":[{"embeddable":true,"href":"https:\/\/www.ifbaiano.edu.br\/unidades\/bonfim\/wp-json\/wp\/v2\/comments?post=14841"}],"version-history":[{"count":9,"href":"https:\/\/www.ifbaiano.edu.br\/unidades\/bonfim\/wp-json\/wp\/v2\/pages\/14841\/revisions"}],"predecessor-version":[{"id":15326,"href":"https:\/\/www.ifbaiano.edu.br\/unidades\/bonfim\/wp-json\/wp\/v2\/pages\/14841\/revisions\/15326"}],"wp:attachment":[{"href":"https:\/\/www.ifbaiano.edu.br\/unidades\/bonfim\/wp-json\/wp\/v2\/media?parent=14841"}],"curies":[{"name":"wp","href":"https:\/\/api.w.org\/{rel}","templated":true}]}}