{"id":15265,"date":"2022-11-16T15:10:13","date_gmt":"2022-11-16T18:10:13","guid":{"rendered":"https:\/\/www.ifbaiano.edu.br\/unidades\/bonfim\/?page_id=15265"},"modified":"2026-03-23T10:24:17","modified_gmt":"2026-03-23T13:24:17","slug":"tecnico-em-informatica","status":"publish","type":"page","link":"https:\/\/www.ifbaiano.edu.br\/unidades\/bonfim\/tecnico-em-informatica\/","title":{"rendered":"T\u00e9cnico em Inform\u00e1tica &#8211; Subsequente"},"content":{"rendered":"\n<p>O curso T\u00e9cnico em Inform\u00e1tica formar\u00e1 profissionais aptos para atuarem em institui\u00e7\u00f5es p\u00fablicas, privadas e do terceiro setor, assim como em parques tecnol\u00f3gicos que demandem sistemas computacionais, manuten\u00e7\u00e3o de software e hardware, gerenciamento de infraestruturas de redes&nbsp;e suporte aos usu\u00e1rios, inclusive em setores de ajuda ao usu\u00e1rio (<em>help desk)<\/em>.<\/p>\n\n\n\n<h2 class=\"wp-block-heading has-vivid-green-cyan-color has-text-color\">Objetivo do curso<\/h2>\n\n\n\n<p>Preparar profissionais proativos e empreendedores com compet\u00eancias e habilidades para atuar cr\u00edtica e reflexivamente na sociedade, no mundo do trabalho e nas diversas \u00e1reas de computa\u00e7\u00e3o, capazes de implementar sistemas computacionais e realizar manuten\u00e7\u00e3o e suporte de computadores e em infraestruturas de redes.<\/p>\n\n\n\n<div class=\"wp-block-columns is-layout-flex wp-container-5\">\n<div class=\"wp-block-column is-layout-flow\" style=\"flex-basis:100%\">\n<div class=\"wp-block-columns is-layout-flex wp-container-3\">\n<div class=\"wp-block-column is-layout-flow\">\n<h3 class=\"wp-block-heading has-text-align-center\">Informa\u00e7\u00f5es do Curso<\/h3>\n\n\n\n<figure class=\"wp-block-table is-style-stripes\"><table><tbody><tr><td><\/td><td class=\"has-text-align-center\" data-align=\"center\"><\/td><\/tr><tr><td><strong>Nome do Curso<\/strong>                                <\/td><td class=\"has-text-align-center\" data-align=\"center\">T\u00e9cnico em Inform\u00e1tica<\/td><\/tr><tr><td><strong>Eixo tecnol\u00f3gico<\/strong>    <\/td><td class=\"has-text-align-center\" data-align=\"center\">Informa\u00e7\u00e3o e Comunica\u00e7\u00e3o<\/td><\/tr><tr><td><strong>Modalidade da oferta<\/strong><\/td><td class=\"has-text-align-center\" data-align=\"center\">Presencial<\/td><\/tr><tr><td><strong>Habilita\u00e7\u00e3o<\/strong><\/td><td class=\"has-text-align-center\" data-align=\"center\">T\u00e9cnico em Inform\u00e1tica<\/td><\/tr><tr><td><strong>Turno de funcionamento<\/strong><\/td><td class=\"has-text-align-center\" data-align=\"center\">Diurno &#8211; 07:30 \u00e0s 11:30<\/td><\/tr><tr><td><strong>N\u00famero de vagas<\/strong><\/td><td class=\"has-text-align-center\" data-align=\"center\">40 vagas<\/td><\/tr><tr><td><strong>P\u00fablico do curso<\/strong><\/td><td class=\"has-text-align-center\" data-align=\"center\">Egressos do Ensino M\u00e9dio<\/td><\/tr><tr><td><strong>Carga hor\u00e1ria<\/strong><\/td><td class=\"has-text-align-center\" data-align=\"center\">1.200 horas<\/td><\/tr><tr><td><strong>Dura\u00e7\u00e3o do curso<\/strong><\/td><td class=\"has-text-align-center\" data-align=\"center\">M\u00ednimo de 03 semestres<br>M\u00e1ximo de 06 semestres<\/td><\/tr><tr><td><strong>Periodicidade de oferta<\/strong><\/td><td class=\"has-text-align-center\" data-align=\"center\">Anual<\/td><\/tr><tr><td><strong>Regime de matr\u00edcula<\/strong><\/td><td class=\"has-text-align-center\" data-align=\"center\">Semestral<\/td><\/tr><tr><td><strong>Local de oferta<\/strong><\/td><td class=\"has-text-align-center\" data-align=\"center\">Campus Senhor do Bonfim<\/td><\/tr><\/tbody><\/table><\/figure>\n<\/div>\n\n\n\n<div class=\"wp-block-column is-layout-flow\">\n<h2 class=\"wp-block-heading has-vivid-green-cyan-color has-text-color\">Perfil do Egresso<\/h2>\n\n\n\n<p>O referido curso segue o Cat\u00e1logo Nacional de Cursos T\u00e9cnicos. O T\u00e9cnico em Inform\u00e1tica desenvolve programas de computador, seguindo as especifica\u00e7\u00f5es e paradigmas de programa\u00e7\u00e3o; utiliza ambientes de desenvolvimento, sistemas operacionais e banco de dados; realiza testes de programas de computador, mantendo registros que possibilitem an\u00e1lises e refinamento dos resultados; executa manuten\u00e7\u00e3o de programas (<em>softwares<\/em>), em equipamentos e m\u00e1quinas (<em>hardwares<\/em>), gerencia redes de pequeno porte e d\u00e1 suporte aos seus usu\u00e1rios.<\/p>\n\n\n\n<p>O egresso do curso T\u00e9cnico em Inform\u00e1tica dever\u00e1 ainda ter disposi\u00e7\u00f5es relacionais, que lhe permita integrar equipes multidisciplinares, auxiliar na elabora\u00e7\u00e3o, acompanhamento e execu\u00e7\u00e3o de programas e projetos que envolvam a pesquisa e a extens\u00e3o.<\/p>\n<\/div>\n<\/div>\n<\/div>\n<\/div>\n\n\n\n<h2 class=\"wp-block-heading has-vivid-green-cyan-color has-text-color\">Como ingressar?&nbsp;<\/h2>\n\n\n\n<p>Atendendo ao que disp\u00f5e a legisla\u00e7\u00e3o vigente no Pa\u00eds e nas normas internas da Institui\u00e7\u00e3o, o acesso ao curso T\u00e9cnico em Inform\u00e1tica na forma Subsequente, no \u00e2mbito do Instituto Federal de Educa\u00e7\u00e3o, Ci\u00eancia e Tecnologia Baiano \u2013&nbsp;<em>Campus<\/em>&nbsp;Senhor do Bonfim, dar-se-\u00e1 por meio de:<\/p>\n\n\n\n<ol>\n<li>Processo Seletivo Institucional unificado;<\/li>\n\n\n\n<li>Transfer\u00eancia Compuls\u00f3ria;<\/li>\n\n\n\n<li>Transfer\u00eancia Interna ou Externa.<\/li>\n<\/ol>\n\n\n\n<hr class=\"wp-block-separator has-text-color has-css-opacity has-background is-style-wide\" style=\"background-color:#107550;color:#107550\" \/>\n\n\n\n<div class=\"wp-block-columns is-layout-flex wp-container-9\">\n<div class=\"wp-block-column has-black-color has-text-color has-background is-layout-flow\" style=\"background-color:#ebf3f0\">\n<h3 class=\"wp-block-heading has-text-align-center\">Projeto Pedag\u00f3gico do Curso<\/h3>\n\n\n\n<p class=\"has-text-align-center\"><a href=\"https:\/\/www.ifbaiano.edu.br\/unidades\/bonfim\/files\/2013\/09\/PPC-bonfim-Vers%C3%A3o-Final2.pdf\" data-type=\"URL\" data-id=\"https:\/\/www.ifbaiano.edu.br\/unidades\/bonfim\/files\/2013\/09\/PPC-bonfim-Vers%C3%A3o-Final2.pdf\" target=\"_blank\" rel=\"noreferrer noopener\">PPC &#8211; Reformulado em 2016<\/a><\/p>\n\n\n\n<h3 class=\"wp-block-heading has-text-align-center\">Matriz Curricular<\/h3>\n\n\n\n<p class=\"has-text-align-center\"><a href=\"https:\/\/www.ifbaiano.edu.br\/unidades\/bonfim\/files\/2013\/09\/matriz-inform%C3%A1tica.pdf\" data-type=\"URL\" data-id=\"https:\/\/www.ifbaiano.edu.br\/unidades\/bonfim\/files\/2013\/09\/matriz-inform%C3%A1tica.pdf\" target=\"_blank\" rel=\"noreferrer noopener\">Matriz Curricular &#8211; PPC 2016<\/a><\/p>\n\n\n\n<h3 class=\"wp-block-heading has-text-align-center\">Corpo Docente<\/h3>\n\n\n\n<p class=\"has-text-align-center\"><a href=\"https:\/\/www.ifbaiano.edu.br\/unidades\/bonfim\/files\/2022\/12\/Relacao_docentes_SubInfo.pdf\" data-type=\"URL\" data-id=\"https:\/\/www.ifbaiano.edu.br\/unidades\/bonfim\/files\/2022\/12\/Relacao_docentes_SubInfo.pdf\" target=\"_blank\" rel=\"noreferrer noopener\">Rela\u00e7\u00e3o de Docentes<\/a><\/p>\n<\/div>\n\n\n\n<div class=\"wp-block-column has-background is-layout-flow\" style=\"background-color:#ebf3f0\">\n<h3 class=\"wp-block-heading has-text-align-center\">Documentos<\/h3>\n\n\n\n<p class=\"has-text-align-center\"><a href=\"https:\/\/ifbaiano.edu.br\/portal\/ensino\/wp-content\/uploads\/sites\/2\/2019\/07\/Organiza%C3%A7%C3%A3o-Did%C3%A1tica-EPTNM.pdf\" data-type=\"URL\" data-id=\"https:\/\/ifbaiano.edu.br\/portal\/ensino\/wp-content\/uploads\/sites\/2\/2019\/07\/Organiza%C3%A7%C3%A3o-Did%C3%A1tica-EPTNM.pdf\" target=\"_blank\" rel=\"noreferrer noopener\">Organiza\u00e7\u00e3o Did\u00e1tica EPTNM<\/a><\/p>\n\n\n\n<p class=\"has-text-align-center\"><a rel=\"noreferrer noopener\" href=\"https:\/\/www.ifbaiano.edu.br\/unidades\/bonfim\/files\/2013\/09\/REGULAMENTO_TUTORIA_ACADEMICA.pdf\" data-type=\"URL\" data-id=\"https:\/\/www.ifbaiano.edu.br\/unidades\/bonfim\/files\/2013\/09\/REGULAMENTO_TUTORIA_ACADEMICA.pdf\" target=\"_blank\">Regulamento Tutoria acad\u00eamica<\/a><\/p>\n\n\n\n<p class=\"has-text-align-center\"><a href=\"https:\/\/www.ifbaiano.edu.br\/unidades\/bonfim\/files\/2013\/09\/REGULAMENTO_DE_MONITORIA_DE_ENSINO.pdf\" data-type=\"URL\" data-id=\"https:\/\/www.ifbaiano.edu.br\/unidades\/bonfim\/files\/2013\/09\/REGULAMENTO_DE_MONITORIA_DE_ENSINO.pdf\" target=\"_blank\" rel=\"noreferrer noopener\">Regulamento Monitoria de Ensino<\/a><\/p>\n\n\n\n<p class=\"has-text-align-center\"><a href=\"https:\/\/www.ifbaiano.edu.br\/unidades\/bonfim\/files\/2013\/09\/10.-Programa-de-Nivelamento-e-Aprimoramento-da-Aprendizagem.pdf\" data-type=\"URL\" data-id=\"https:\/\/www.ifbaiano.edu.br\/unidades\/bonfim\/files\/2013\/09\/10.-Programa-de-Nivelamento-e-Aprimoramento-da-Aprendizagem.pdf\" target=\"_blank\" rel=\"noreferrer noopener\">Programa de Nivelamento<\/a><\/p>\n\n\n\n<p class=\"has-text-align-center\"><a href=\"https:\/\/www.ifbaiano.edu.br\/unidades\/bonfim\/files\/2014\/11\/Regulamento-Laboratorio-de-Informatica.pdf\" data-type=\"URL\" data-id=\"https:\/\/www.ifbaiano.edu.br\/unidades\/bonfim\/files\/2014\/11\/Regulamento-Laboratorio-de-Informatica.pdf\" target=\"_blank\" rel=\"noreferrer noopener\">Regulamento dos Laborat\u00f3rios<\/a><\/p>\n\n\n\n<p class=\"has-text-align-center\"><a href=\"https:\/\/www.ifbaiano.edu.br\/unidades\/bonfim\/files\/2013\/09\/CARTILHA-DE-INFORMA%C3%87%C3%83O-ESTUDANTIL.pdf\" data-type=\"URL\" data-id=\"https:\/\/www.ifbaiano.edu.br\/unidades\/bonfim\/files\/2013\/09\/CARTILHA-DE-INFORMA%C3%87%C3%83O-ESTUDANTIL.pdf\" target=\"_blank\" rel=\"noreferrer noopener\">Guia do estudante<\/a><\/p>\n<\/div>\n\n\n\n<div class=\"wp-block-column has-background is-layout-flow\" style=\"background-color:#ebf3f0\">\n<h3 class=\"wp-block-heading has-text-align-center\">Calend\u00e1rio Acad\u00eamico<\/h3>\n\n\n\n<p class=\"has-text-align-center\"><a href=\"https:\/\/www.ifbaiano.edu.br\/unidades\/bonfim\/files\/2026\/03\/Minuta-calendario-SUBINFO-2026_v2.pdf\" data-type=\"URL\" data-id=\"https:\/\/www.ifbaiano.edu.br\/unidades\/bonfim\/files\/2026\/03\/Minuta-calendario-SUBINFO-2026_v2.pdf\">Calend\u00e1rio Acad\u00eamico 2026<\/a><\/p>\n\n\n\n<p class=\"has-text-align-center\"><a href=\"https:\/\/www.ifbaiano.edu.br\/unidades\/bonfim\/files\/2025\/08\/CALENDARIO_2025.pdf\" data-type=\"URL\" data-id=\"https:\/\/www.ifbaiano.edu.br\/unidades\/bonfim\/files\/2025\/08\/CALENDARIO_2025.pdf\">Calend\u00e1rio Acad\u00eamico 2025<\/a><\/p>\n\n\n\n<p class=\"has-text-align-center\"><a rel=\"noreferrer noopener\" href=\"https:\/\/www.ifbaiano.edu.br\/unidades\/bonfim\/files\/2024\/09\/NOVO-Minuta-Calendario-Subsequentes-2024-SubInfo-Subsequentes.pdf\" data-type=\"URL\" data-id=\"https:\/\/www.ifbaiano.edu.br\/unidades\/bonfim\/files\/2024\/09\/NOVO-Minuta-Calendario-Subsequentes-2024-SubInfo-Subsequentes.pdf\" target=\"_blank\">Calend\u00e1rio Acad\u00eamico 2024<\/a><\/p>\n<\/div>\n<\/div>\n\n\n\n<div class=\"wp-block-columns is-layout-flex wp-container-13\">\n<div class=\"wp-block-column has-background is-layout-flow\" style=\"background-color:#ebf3f0\">\n<h3 class=\"wp-block-heading has-text-align-center\">Hor\u00e1rios de aula<\/h3>\n\n\n\n<p class=\"has-text-align-center\"><a href=\"https:\/\/www.ifbaiano.edu.br\/unidades\/bonfim\/files\/2026\/03\/HORARIOS_2026.1-1.pdf\" data-type=\"URL\" data-id=\"https:\/\/www.ifbaiano.edu.br\/unidades\/bonfim\/files\/2026\/03\/HORARIOS_2026.1-1.pdf\">Hor\u00e1rio de aula 2026.1<\/a><\/p>\n\n\n\n<p class=\"has-text-align-center\"><a rel=\"noreferrer noopener\" href=\"https:\/\/www.ifbaiano.edu.br\/unidades\/bonfim\/files\/2025\/03\/SUBINFO_HORARIOS_2025.1_2.pdf\" data-type=\"URL\" data-id=\"https:\/\/www.ifbaiano.edu.br\/unidades\/bonfim\/files\/2025\/03\/SUBINFO_HORARIOS_2025.1_2.pdf\" target=\"_blank\">Ho<\/a><a rel=\"noreferrer noopener\" href=\"https:\/\/www.ifbaiano.edu.br\/unidades\/bonfim\/files\/2025\/08\/HORARIOS_2025.2.pdf\" data-type=\"URL\" data-id=\"https:\/\/www.ifbaiano.edu.br\/unidades\/bonfim\/files\/2025\/08\/HORARIOS_2025.2.pdf\" target=\"_blank\">r\u00e1rios de aula 2025.2<\/a><\/p>\n\n\n\n<p class=\"has-text-align-center\"><a rel=\"noreferrer noopener\" href=\"https:\/\/www.ifbaiano.edu.br\/unidades\/bonfim\/files\/2025\/03\/SUBINFO_HORARIOS_2025.1_2.pdf\" data-type=\"URL\" data-id=\"https:\/\/www.ifbaiano.edu.br\/unidades\/bonfim\/files\/2025\/03\/SUBINFO_HORARIOS_2025.1_2.pdf\" target=\"_blank\">Hor\u00e1rios de aula 2025.1<\/a><\/p>\n\n\n\n<p class=\"has-text-align-center\"><a rel=\"noreferrer noopener\" href=\"https:\/\/www.ifbaiano.edu.br\/unidades\/bonfim\/files\/2024\/09\/HORARIOS_SUBS_2024.2.pdf\" data-type=\"URL\" data-id=\"https:\/\/www.ifbaiano.edu.br\/unidades\/bonfim\/files\/2024\/09\/HORARIOS_SUBS_2024.2.pdf\" target=\"_blank\">Hor\u00e1rios de aula 2024.2<\/a><\/p>\n\n\n\n<p class=\"has-text-align-center\"><\/p>\n<\/div>\n\n\n\n<div class=\"wp-block-column has-background is-layout-flow\" style=\"background-color:#ebf3f0\">\n<h3 class=\"wp-block-heading has-text-align-center\">Reposi\u00e7\u00e3o de Aulas<\/h3>\n\n\n\n<p class=\"has-text-align-center\"><a href=\"https:\/\/www.ifbaiano.edu.br\/unidades\/bonfim\/files\/2026\/03\/SABADO_LETIVO_2026.1-2.pdf\" data-type=\"URL\" data-id=\"https:\/\/www.ifbaiano.edu.br\/unidades\/bonfim\/files\/2026\/03\/SABADO_LETIVO_2026.1-2.pdf\">Hor\u00e1rios 2026.1<\/a><\/p>\n\n\n\n<p class=\"has-text-align-center\"><a rel=\"noreferrer noopener\" href=\"https:\/\/www.ifbaiano.edu.br\/unidades\/bonfim\/files\/2025\/03\/SABADO_LETIVO_2025.1.pdf\" data-type=\"URL\" data-id=\"https:\/\/www.ifbaiano.edu.br\/unidades\/bonfim\/files\/2025\/03\/SABADO_LETIVO_2025.1.pdf\" target=\"_blank\">Hor\u00e1rios 2025.1<\/a> <\/p>\n\n\n\n<p class=\"has-text-align-center\"><a rel=\"noreferrer noopener\" href=\"https:\/\/www.ifbaiano.edu.br\/unidades\/bonfim\/files\/2024\/09\/REPOSICAO_AULAS_2024.2.pdf\" target=\"_blank\">Hor\u00e1rios 2024.2<\/a><\/p>\n\n\n\n<h3 class=\"wp-block-heading has-text-align-center\">Tutoria Acad\u00eamica<\/h3>\n\n\n\n<p class=\"has-text-align-center\"><a href=\"https:\/\/www.ifbaiano.edu.br\/unidades\/bonfim\/files\/2023\/07\/TUTORIA_2022_2023.pdf\" target=\"_blank\" rel=\"noreferrer noopener\">Tutorial 2022.1\/2023.1<\/a><\/p>\n\n\n\n<p class=\"has-text-align-center\"><\/p>\n<\/div>\n\n\n\n<div class=\"wp-block-column has-background is-layout-flow\" style=\"background-color:#ebf3f0\">\n<h3 class=\"wp-block-heading has-text-align-center\">N\u00facleo de Assessoramento Pedag\u00f3gico<\/h3>\n\n\n\n<p class=\"has-text-align-center\"><a href=\"https:\/\/www.ifbaiano.edu.br\/unidades\/bonfim\/files\/2022\/11\/IFBAIANO-Designa-Nucleo-de-Assessoramento-Pedagogico-NAP-do-Curso-Tecnico-em-Informatica-Subsequente-.pdf\" data-type=\"URL\" data-id=\"https:\/\/www.ifbaiano.edu.br\/unidades\/bonfim\/files\/2022\/11\/IFBAIANO-Designa-Nucleo-de-Assessoramento-Pedagogico-NAP-do-Curso-Tecnico-em-Informatica-Subsequente-.pdf\" target=\"_blank\" rel=\"noreferrer noopener\">Rela\u00e7\u00e3o de Membros<\/a><\/p>\n\n\n\n<h3 class=\"wp-block-heading has-text-align-center\">Conselho do Curso<\/h3>\n\n\n\n<p class=\"has-text-align-center\"><a rel=\"noreferrer noopener\" href=\"https:\/\/www.ifbaiano.edu.br\/unidades\/bonfim\/files\/2022\/11\/IFBAIANO-de-10-de-marco-de-2022-Designa-Conselho-do-Curso-Tecnico-em-Informatica-Subsequente.pdf\" data-type=\"URL\" data-id=\"https:\/\/www.ifbaiano.edu.br\/unidades\/bonfim\/files\/2022\/11\/IFBAIANO-de-10-de-marco-de-2022-Designa-Conselho-do-Curso-Tecnico-em-Informatica-Subsequente.pdf\" target=\"_blank\">Rela\u00e7\u00e3o de Membros<\/a><\/p>\n\n\n\n<p class=\"has-text-align-center\"><\/p>\n<\/div>\n<\/div>\n\n\n\n<hr class=\"wp-block-separator has-text-color has-css-opacity has-background is-style-wide\" style=\"background-color:#107550;color:#107550\" \/>\n\n\n\n<h3 class=\"wp-block-heading has-vivid-green-cyan-color has-text-color\">Coordena\u00e7\u00e3o do curso<\/h3>\n\n\n\n<p><strong>Prof. MSc. M\u00e1rio Pierre Jr<\/strong><\/p>\n\n\n\n<p>E-mail: subsequente.informatica@bonfim.ifbaiano.edu.br<\/p>\n\n\n\n<ol>\n<li><strong>D.O.U:<\/strong>&nbsp;Portaria 10\/2022 \u2013 SBF-NAGP\/SBF-DG\/RET\/IFBAIANO, de&nbsp;11 de agosto de 2022<\/li>\n\n\n\n<li><strong>Lattes:<\/strong>&nbsp;<a rel=\"noreferrer noopener\" href=\"http:\/\/lattes.cnpq.br\/4047734305944217\" target=\"_blank\">http:\/\/lattes.cnpq.br\/4047734305944217<\/a><\/li>\n\n\n\n<li><strong>E-mail:<\/strong>&nbsp;mario.junior@ifbaiano.edu.br<\/li>\n\n\n\n<li><strong>Gabinete:<\/strong>&nbsp;02<\/li>\n<\/ol>\n\n\n\n<hr class=\"wp-block-separator has-text-color has-css-opacity has-background is-style-wide\" style=\"background-color:#107550;color:#107550\" \/>\n\n\n\n<div class=\"wp-block-group is-layout-flow\"><div class=\"wp-block-group__inner-container\">\n<div class=\"wp-block-group is-layout-constrained\"><div class=\"wp-block-group__inner-container\">\n<figure class=\"wp-block-gallery has-nested-images columns-default is-cropped wp-block-gallery-14 is-layout-flex\">\n<figure class=\"wp-block-image size-large\"><a href=\"https:\/\/www.ifbaiano.edu.br\/unidades\/bonfim\/files\/2024\/09\/IMG_4179.jpeg\"><img decoding=\"async\" loading=\"lazy\" width=\"4032\" height=\"3024\" src=\"https:\/\/www.ifbaiano.edu.br\/unidades\/bonfim\/files\/2024\/09\/IMG_4179.jpeg\" alt=\"\" class=\"wp-image-18937\" \/><\/a><\/figure>\n\n\n\n<figure class=\"wp-block-image size-large\"><a href=\"https:\/\/www.ifbaiano.edu.br\/unidades\/bonfim\/files\/2024\/09\/IMG_4182.jpeg\"><img decoding=\"async\" loading=\"lazy\" width=\"4032\" height=\"3024\" src=\"https:\/\/www.ifbaiano.edu.br\/unidades\/bonfim\/files\/2024\/09\/IMG_4182.jpeg\" alt=\"\" class=\"wp-image-18935\" \/><\/a><\/figure>\n\n\n\n<figure class=\"wp-block-image size-large\"><a href=\"https:\/\/www.ifbaiano.edu.br\/unidades\/bonfim\/files\/2024\/09\/IMG_4183.jpeg\"><img decoding=\"async\" loading=\"lazy\" width=\"4032\" height=\"3024\" src=\"https:\/\/www.ifbaiano.edu.br\/unidades\/bonfim\/files\/2024\/09\/IMG_4183.jpeg\" alt=\"\" class=\"wp-image-18936\" \/><\/a><\/figure>\n\n\n\n<figure class=\"wp-block-image size-large\"><a href=\"https:\/\/www.ifbaiano.edu.br\/unidades\/bonfim\/files\/2022\/11\/WhatsApp-Image-2022-11-08-at-16.36.38-1.jpeg\"><img decoding=\"async\" loading=\"lazy\" width=\"1280\" height=\"960\" src=\"https:\/\/www.ifbaiano.edu.br\/unidades\/bonfim\/files\/2022\/11\/WhatsApp-Image-2022-11-08-at-16.36.38-1.jpeg\" alt=\"\" class=\"wp-image-15509\" \/><\/a><\/figure>\n\n\n\n<figure class=\"wp-block-image size-large\"><a href=\"https:\/\/www.ifbaiano.edu.br\/unidades\/bonfim\/files\/2022\/11\/WhatsApp-Image-2022-11-08-at-16.36.38-3.jpeg\"><img decoding=\"async\" loading=\"lazy\" width=\"1280\" height=\"960\" src=\"https:\/\/www.ifbaiano.edu.br\/unidades\/bonfim\/files\/2022\/11\/WhatsApp-Image-2022-11-08-at-16.36.38-3.jpeg\" alt=\"\" class=\"wp-image-15511\" \/><\/a><\/figure>\n\n\n\n<figure class=\"wp-block-image size-large\"><a href=\"https:\/\/www.ifbaiano.edu.br\/unidades\/bonfim\/files\/2022\/11\/WhatsApp-Image-2022-11-08-at-16.47.34.jpeg\"><img decoding=\"async\" loading=\"lazy\" width=\"1280\" height=\"960\" src=\"https:\/\/www.ifbaiano.edu.br\/unidades\/bonfim\/files\/2022\/11\/WhatsApp-Image-2022-11-08-at-16.47.34.jpeg\" alt=\"\" class=\"wp-image-15515\" \/><\/a><\/figure>\n\n\n\n<figure class=\"wp-block-image size-large\"><a href=\"https:\/\/www.ifbaiano.edu.br\/unidades\/bonfim\/files\/2022\/11\/WhatsApp-Image-2022-11-08-at-16.36.37.jpeg\"><img decoding=\"async\" loading=\"lazy\" width=\"1280\" height=\"960\" src=\"https:\/\/www.ifbaiano.edu.br\/unidades\/bonfim\/files\/2022\/11\/WhatsApp-Image-2022-11-08-at-16.36.37.jpeg\" alt=\"\" class=\"wp-image-15513\" \/><\/a><\/figure>\n\n\n\n<figure class=\"wp-block-image size-large\"><a href=\"https:\/\/www.ifbaiano.edu.br\/unidades\/bonfim\/files\/2022\/11\/WhatsApp-Image-2022-11-08-at-16.36.38-2.jpeg\"><img decoding=\"async\" loading=\"lazy\" width=\"1280\" height=\"960\" src=\"https:\/\/www.ifbaiano.edu.br\/unidades\/bonfim\/files\/2022\/11\/WhatsApp-Image-2022-11-08-at-16.36.38-2.jpeg\" alt=\"\" class=\"wp-image-15510\" \/><\/a><\/figure>\n\n\n\n<figure class=\"wp-block-image size-large\"><a href=\"https:\/\/www.ifbaiano.edu.br\/unidades\/bonfim\/files\/2022\/11\/WhatsApp-Image-2022-11-08-at-16.36.38.jpeg\"><img decoding=\"async\" loading=\"lazy\" width=\"1280\" height=\"960\" src=\"https:\/\/www.ifbaiano.edu.br\/unidades\/bonfim\/files\/2022\/11\/WhatsApp-Image-2022-11-08-at-16.36.38.jpeg\" alt=\"\" class=\"wp-image-15508\" \/><\/a><\/figure>\n<\/figure>\n<\/div><\/div>\n<\/div><\/div>\n","protected":false},"excerpt":{"rendered":"<p>O curso T\u00e9cnico em Inform\u00e1tica formar\u00e1 profissionais aptos para atuarem em institui\u00e7\u00f5es p\u00fablicas, privadas e do terceiro setor, assim como em parques tecnol\u00f3gicos que demandem sistemas computacionais, manuten\u00e7\u00e3o de software e hardware, gerenciamento de infraestruturas de redes&nbsp;e suporte aos usu\u00e1rios, inclusive em setores de ajuda ao usu\u00e1rio (help desk). Objetivo do curso Preparar profissionais proativos [&hellip;]<\/p>\n","protected":false},"author":161,"featured_media":0,"parent":0,"menu_order":0,"comment_status":"closed","ping_status":"closed","template":"","meta":[],"_links":{"self":[{"href":"https:\/\/www.ifbaiano.edu.br\/unidades\/bonfim\/wp-json\/wp\/v2\/pages\/15265"}],"collection":[{"href":"https:\/\/www.ifbaiano.edu.br\/unidades\/bonfim\/wp-json\/wp\/v2\/pages"}],"about":[{"href":"https:\/\/www.ifbaiano.edu.br\/unidades\/bonfim\/wp-json\/wp\/v2\/types\/page"}],"author":[{"embeddable":true,"href":"https:\/\/www.ifbaiano.edu.br\/unidades\/bonfim\/wp-json\/wp\/v2\/users\/161"}],"replies":[{"embeddable":true,"href":"https:\/\/www.ifbaiano.edu.br\/unidades\/bonfim\/wp-json\/wp\/v2\/comments?post=15265"}],"version-history":[{"count":153,"href":"https:\/\/www.ifbaiano.edu.br\/unidades\/bonfim\/wp-json\/wp\/v2\/pages\/15265\/revisions"}],"predecessor-version":[{"id":23654,"href":"https:\/\/www.ifbaiano.edu.br\/unidades\/bonfim\/wp-json\/wp\/v2\/pages\/15265\/revisions\/23654"}],"wp:attachment":[{"href":"https:\/\/www.ifbaiano.edu.br\/unidades\/bonfim\/wp-json\/wp\/v2\/media?parent=15265"}],"curies":[{"name":"wp","href":"https:\/\/api.w.org\/{rel}","templated":true}]}}